{"id":14167,"date":"2025-01-13T11:17:26","date_gmt":"2025-01-13T10:17:26","guid":{"rendered":"https:\/\/hello-suns.com\/producten\/punta-2\/"},"modified":"2026-02-05T11:13:06","modified_gmt":"2026-02-05T10:13:06","slug":"punta-sessel","status":"publish","type":"product","link":"https:\/\/hello-suns.com\/de\/produkte\/punta-sessel\/","title":{"rendered":"Punta"},"content":{"rendered":"<h2 style=\"font-weight: 400;\">Ein Punkt in der Zeit<\/h2>\n<p style=\"font-weight: 400;\">Freiheit, durchatmen, eine Weile richtig entspannen. Punta macht Ihren Moment zu einem sch\u00f6nen Moment. Mit passendem Fu\u00dfhocker f\u00fcr optimale Entspannung.<\/p>\n","protected":false},"excerpt":{"rendered":"<h3 style=\"font-weight: 400;\">Sch\u00f6ner Ruhesessel in stilvollem Design<\/h3>\n<p>Mit seinem unverwechselbaren &#8216;Sechseck&#8217;-Design und dem passenden Fu\u00dfhocker ist der Sessel Punta eine Augenweide. Die sechseckige R\u00fcckenlehne verleiht ihm einen subtilen Blickfang und eine reizvolle Sitzfl\u00e4che. Das elegante Gestell ist aus massivem Edelstahl gefertigt.<\/p>\n<p>Die Sitzfl\u00e4che ist mit Seil in einem stilvollen Fischgr\u00e4tengeflecht bespannt. Dies verleiht dem Stuhl einen einzigartigen Look und eine angenehme Note. Die Kissen sind f\u00fcr optimalen Sitzkomfort gut gepolstert. Dank der Verwendung von hochwertigem Outdoor-Gewebe sind die Kissen wetterfest und farbecht, so dass der Stuhl das ganze Jahr \u00fcber im Freien stehen kann.<\/p>\n","protected":false},"featured_media":14180,"comment_status":"closed","ping_status":"closed","template":"","meta":{"_acf_changed":false},"product_brand":[],"product_cat":[619],"product_tag":[],"material":[],"class_list":{"0":"post-14167","1":"product","2":"type-product","3":"status-publish","4":"has-post-thumbnail","6":"product_cat-sessel","8":"first","9":"instock","10":"shipping-taxable","11":"product-type-simple"},"acf":[],"yoast_head":"<!-- This site is optimized with the Yoast SEO plugin v26.8 - https:\/\/yoast.com\/product\/yoast-seo-wordpress\/ -->\n<title>Entdecken Sie den Punta Loungesessel | SUNS Outdoor Lifestyle<\/title>\n<meta name=\"description\" content=\"Suchen Sie einen stilvollen Punta Lounge Chair? SUNS bietet komfortable Loungesessel mit modernem Design und langlebigen Materialien f\u00fcr Ihren Au\u00dfenbereich.\" \/>\n<meta name=\"robots\" content=\"index, follow, max-snippet:-1, max-image-preview:large, max-video-preview:-1\" \/>\n<link rel=\"canonical\" href=\"https:\/\/hello-suns.com\/de\/produkte\/punta-sessel\/\" \/>\n<meta property=\"og:locale\" content=\"de_DE\" \/>\n<meta property=\"og:type\" content=\"article\" \/>\n<meta property=\"og:title\" content=\"Entdecken Sie den Punta Loungesessel | SUNS Outdoor Lifestyle\" \/>\n<meta property=\"og:description\" content=\"Suchen Sie einen stilvollen Punta Lounge Chair? SUNS bietet komfortable Loungesessel mit modernem Design und langlebigen Materialien f\u00fcr Ihren Au\u00dfenbereich.\" \/>\n<meta property=\"og:url\" content=\"https:\/\/hello-suns.com\/de\/produkte\/punta-sessel\/\" \/>\n<meta property=\"og:site_name\" content=\"SUNS\" \/>\n<meta property=\"article:modified_time\" content=\"2026-02-05T10:13:06+00:00\" \/>\n<meta property=\"og:image\" content=\"https:\/\/hello-suns.com\/app\/uploads\/2025\/01\/01_Punta-SUNS-Relax-CS-FIW-CS-NG-Free-23-1-2500-pix-2-1.png\" \/>\n\t<meta property=\"og:image:width\" content=\"2500\" \/>\n\t<meta property=\"og:image:height\" content=\"1667\" \/>\n\t<meta property=\"og:image:type\" content=\"image\/png\" \/>\n<meta name=\"twitter:card\" content=\"summary_large_image\" \/>\n<meta name=\"twitter:label1\" content=\"Est. reading time\" \/>\n\t<meta name=\"twitter:data1\" content=\"2 minutes\" \/>\n<script type=\"application\/ld+json\" class=\"yoast-schema-graph\">{\"@context\":\"https:\/\/schema.org\",\"@graph\":[{\"@type\":\"WebPage\",\"@id\":\"https:\/\/hello-suns.com\/de\/produkte\/punta-sessel\/\",\"url\":\"https:\/\/hello-suns.com\/de\/produkte\/punta-sessel\/\",\"name\":\"Entdecken Sie den Punta Loungesessel | SUNS Outdoor Lifestyle\",\"isPartOf\":{\"@id\":\"https:\/\/hello-suns.com\/de\/#website\"},\"primaryImageOfPage\":{\"@id\":\"https:\/\/hello-suns.com\/de\/produkte\/punta-sessel\/#primaryimage\"},\"image\":{\"@id\":\"https:\/\/hello-suns.com\/de\/produkte\/punta-sessel\/#primaryimage\"},\"thumbnailUrl\":\"https:\/\/hello-suns.com\/app\/uploads\/2025\/01\/01_Punta-SUNS-Relax-CS-FIW-CS-NG-Free-23-1-2500-pix-2-1.png\",\"datePublished\":\"2025-01-13T10:17:26+00:00\",\"dateModified\":\"2026-02-05T10:13:06+00:00\",\"description\":\"Suchen Sie einen stilvollen Punta Lounge Chair? SUNS bietet komfortable Loungesessel mit modernem Design und langlebigen Materialien f\u00fcr Ihren Au\u00dfenbereich.\",\"breadcrumb\":{\"@id\":\"https:\/\/hello-suns.com\/de\/produkte\/punta-sessel\/#breadcrumb\"},\"inLanguage\":\"de-DE\",\"potentialAction\":[{\"@type\":\"ReadAction\",\"target\":[\"https:\/\/hello-suns.com\/de\/produkte\/punta-sessel\/\"]}]},{\"@type\":\"ImageObject\",\"inLanguage\":\"de-DE\",\"@id\":\"https:\/\/hello-suns.com\/de\/produkte\/punta-sessel\/#primaryimage\",\"url\":\"https:\/\/hello-suns.com\/app\/uploads\/2025\/01\/01_Punta-SUNS-Relax-CS-FIW-CS-NG-Free-23-1-2500-pix-2-1.png\",\"contentUrl\":\"https:\/\/hello-suns.com\/app\/uploads\/2025\/01\/01_Punta-SUNS-Relax-CS-FIW-CS-NG-Free-23-1-2500-pix-2-1.png\",\"width\":2500,\"height\":1667},{\"@type\":\"BreadcrumbList\",\"@id\":\"https:\/\/hello-suns.com\/de\/produkte\/punta-sessel\/#breadcrumb\",\"itemListElement\":[{\"@type\":\"ListItem\",\"position\":1,\"name\":\"\",\"item\":\"https:\/\/hello-suns.com\/de\/\"},{\"@type\":\"ListItem\",\"position\":2,\"name\":\"Produkte\",\"item\":\"https:\/\/hello-suns.com\/de\/produkte\/\"},{\"@type\":\"ListItem\",\"position\":3,\"name\":\"Punta\"}]},{\"@type\":\"WebSite\",\"@id\":\"https:\/\/hello-suns.com\/de\/#website\",\"url\":\"https:\/\/hello-suns.com\/de\/\",\"name\":\"SUNS\",\"description\":\"Outdoor Lifestyle\",\"potentialAction\":[{\"@type\":\"SearchAction\",\"target\":{\"@type\":\"EntryPoint\",\"urlTemplate\":\"https:\/\/hello-suns.com\/de\/?s={search_term_string}\"},\"query-input\":{\"@type\":\"PropertyValueSpecification\",\"valueRequired\":true,\"valueName\":\"search_term_string\"}}],\"inLanguage\":\"de-DE\"}]}<\/script>\n<!-- \/ Yoast SEO plugin. -->","yoast_head_json":{"title":"Entdecken Sie den Punta Loungesessel | SUNS Outdoor Lifestyle","description":"Suchen Sie einen stilvollen Punta Lounge Chair? SUNS bietet komfortable Loungesessel mit modernem Design und langlebigen Materialien f\u00fcr Ihren Au\u00dfenbereich.","robots":{"index":"index","follow":"follow","max-snippet":"max-snippet:-1","max-image-preview":"max-image-preview:large","max-video-preview":"max-video-preview:-1"},"canonical":"https:\/\/hello-suns.com\/de\/produkte\/punta-sessel\/","og_locale":"de_DE","og_type":"article","og_title":"Entdecken Sie den Punta Loungesessel | SUNS Outdoor Lifestyle","og_description":"Suchen Sie einen stilvollen Punta Lounge Chair? SUNS bietet komfortable Loungesessel mit modernem Design und langlebigen Materialien f\u00fcr Ihren Au\u00dfenbereich.","og_url":"https:\/\/hello-suns.com\/de\/produkte\/punta-sessel\/","og_site_name":"SUNS","article_modified_time":"2026-02-05T10:13:06+00:00","og_image":[{"width":2500,"height":1667,"url":"https:\/\/hello-suns.com\/app\/uploads\/2025\/01\/01_Punta-SUNS-Relax-CS-FIW-CS-NG-Free-23-1-2500-pix-2-1.png","type":"image\/png"}],"twitter_card":"summary_large_image","twitter_misc":{"Est. reading time":"2 minutes"},"schema":{"@context":"https:\/\/schema.org","@graph":[{"@type":"WebPage","@id":"https:\/\/hello-suns.com\/de\/produkte\/punta-sessel\/","url":"https:\/\/hello-suns.com\/de\/produkte\/punta-sessel\/","name":"Entdecken Sie den Punta Loungesessel | SUNS Outdoor Lifestyle","isPartOf":{"@id":"https:\/\/hello-suns.com\/de\/#website"},"primaryImageOfPage":{"@id":"https:\/\/hello-suns.com\/de\/produkte\/punta-sessel\/#primaryimage"},"image":{"@id":"https:\/\/hello-suns.com\/de\/produkte\/punta-sessel\/#primaryimage"},"thumbnailUrl":"https:\/\/hello-suns.com\/app\/uploads\/2025\/01\/01_Punta-SUNS-Relax-CS-FIW-CS-NG-Free-23-1-2500-pix-2-1.png","datePublished":"2025-01-13T10:17:26+00:00","dateModified":"2026-02-05T10:13:06+00:00","description":"Suchen Sie einen stilvollen Punta Lounge Chair? SUNS bietet komfortable Loungesessel mit modernem Design und langlebigen Materialien f\u00fcr Ihren Au\u00dfenbereich.","breadcrumb":{"@id":"https:\/\/hello-suns.com\/de\/produkte\/punta-sessel\/#breadcrumb"},"inLanguage":"de-DE","potentialAction":[{"@type":"ReadAction","target":["https:\/\/hello-suns.com\/de\/produkte\/punta-sessel\/"]}]},{"@type":"ImageObject","inLanguage":"de-DE","@id":"https:\/\/hello-suns.com\/de\/produkte\/punta-sessel\/#primaryimage","url":"https:\/\/hello-suns.com\/app\/uploads\/2025\/01\/01_Punta-SUNS-Relax-CS-FIW-CS-NG-Free-23-1-2500-pix-2-1.png","contentUrl":"https:\/\/hello-suns.com\/app\/uploads\/2025\/01\/01_Punta-SUNS-Relax-CS-FIW-CS-NG-Free-23-1-2500-pix-2-1.png","width":2500,"height":1667},{"@type":"BreadcrumbList","@id":"https:\/\/hello-suns.com\/de\/produkte\/punta-sessel\/#breadcrumb","itemListElement":[{"@type":"ListItem","position":1,"name":"","item":"https:\/\/hello-suns.com\/de\/"},{"@type":"ListItem","position":2,"name":"Produkte","item":"https:\/\/hello-suns.com\/de\/produkte\/"},{"@type":"ListItem","position":3,"name":"Punta"}]},{"@type":"WebSite","@id":"https:\/\/hello-suns.com\/de\/#website","url":"https:\/\/hello-suns.com\/de\/","name":"SUNS","description":"Outdoor Lifestyle","potentialAction":[{"@type":"SearchAction","target":{"@type":"EntryPoint","urlTemplate":"https:\/\/hello-suns.com\/de\/?s={search_term_string}"},"query-input":{"@type":"PropertyValueSpecification","valueRequired":true,"valueName":"search_term_string"}}],"inLanguage":"de-DE"}]}},"_links":{"self":[{"href":"https:\/\/hello-suns.com\/de\/wp-json\/wp\/v2\/product\/14167","targetHints":{"allow":["GET"]}}],"collection":[{"href":"https:\/\/hello-suns.com\/de\/wp-json\/wp\/v2\/product"}],"about":[{"href":"https:\/\/hello-suns.com\/de\/wp-json\/wp\/v2\/types\/product"}],"replies":[{"embeddable":true,"href":"https:\/\/hello-suns.com\/de\/wp-json\/wp\/v2\/comments?post=14167"}],"wp:featuredmedia":[{"embeddable":true,"href":"https:\/\/hello-suns.com\/de\/wp-json\/wp\/v2\/media\/14180"}],"wp:attachment":[{"href":"https:\/\/hello-suns.com\/de\/wp-json\/wp\/v2\/media?parent=14167"}],"wp:term":[{"taxonomy":"product_brand","embeddable":true,"href":"https:\/\/hello-suns.com\/de\/wp-json\/wp\/v2\/product_brand?post=14167"},{"taxonomy":"product_cat","embeddable":true,"href":"https:\/\/hello-suns.com\/de\/wp-json\/wp\/v2\/product_cat?post=14167"},{"taxonomy":"product_tag","embeddable":true,"href":"https:\/\/hello-suns.com\/de\/wp-json\/wp\/v2\/product_tag?post=14167"},{"taxonomy":"material","embeddable":true,"href":"https:\/\/hello-suns.com\/de\/wp-json\/wp\/v2\/material?post=14167"}],"curies":[{"name":"wp","href":"https:\/\/api.w.org\/{rel}","templated":true}]}}