{"id":14147,"date":"2025-01-13T11:21:09","date_gmt":"2025-01-13T11:21:09","guid":{"rendered":"https:\/\/hello-suns.com\/producten\/pesaro\/"},"modified":"2025-05-27T06:32:51","modified_gmt":"2025-05-27T06:32:51","slug":"pesaro-lounge-sets","status":"publish","type":"product","link":"https:\/\/hello-suns.com\/de\/produkte\/pesaro-lounge-sets\/","title":{"rendered":"Pesaro"},"content":{"rendered":"<h2 style=\"font-weight: 400;\">Finden Sie Ihre Nische<\/h2>\n<p style=\"font-weight: 400;\">SUNS Pesaro ist ein Lounge-Set mit vielen Gesichtern. Und in jeder Anordnung ist dieses Set eine Versch\u00f6nerung Ihres Gartens oder Ihrer Terrasse. Pesaro fordert Sie immer wieder zum Spielen, Experimentieren und Entdecken heraus. Kommen Sie an die Reihe und genie\u00dfen Sie den noch nie dagewesenen Sitz- und Liegekomfort.<\/p>\n","protected":false},"excerpt":{"rendered":"<h3 style=\"font-weight: 400;\">Verspielt und unf\u00f6rmig<\/h3>\n<p style=\"font-weight: 400;\">SUNS Pesaro ist ein sch\u00f6nes Loungem\u00f6bel, das die Qualit\u00e4ten eines Loungesets mit denen einer gro\u00dfz\u00fcgigen Liege kombiniert. So vielseitig kann Entspannung sein.<\/p>\n<p style=\"font-weight: 400;\">Das Gestell besteht aus industriellem Aluminium, wobei die R\u00fcckenlehne ein charakteristisches Design in einer Kombination aus Teakholz und Seil erh\u00e4lt. Dieses markante Designelement verleiht dem Set einen einzigartigen Look und einen angenehmen Sitz- und Griffkomfort. Die Polsterung von SUNS Pesaro ist besonders komfortabel. Die Kissen sind gro\u00dfz\u00fcgig gef\u00fcllt f\u00fcr ein optimales Sitz- und Liegevergn\u00fcgen. Dank der mitgelieferten losen Kissen k\u00f6nnen Sie im Handumdrehen Ihren perfekten Entspannungsplatz schaffen. Die Kissen sind mit einem hochwertigen Outdoor-Stoff bezogen, der das Lounge-Set absolut wetterfest macht.<\/p>\n","protected":false},"featured_media":14161,"comment_status":"closed","ping_status":"closed","template":"","meta":{"_acf_changed":false},"product_brand":[],"product_cat":[644],"product_tag":[],"material":[],"class_list":{"0":"post-14147","1":"product","2":"type-product","3":"status-publish","4":"has-post-thumbnail","6":"product_cat-lounge-sets","8":"first","9":"instock","10":"shipping-taxable","11":"product-type-simple"},"acf":[],"yoast_head":"<!-- This site is optimized with the Yoast SEO plugin v26.8 - https:\/\/yoast.com\/product\/yoast-seo-wordpress\/ -->\n<title>Entdecken Sie Pesaro Lounge Set | SUNS Outdoor Lifestyle<\/title>\n<meta name=\"description\" content=\"Suchen Sie ein stilvolles Pesaro Lounge-Set? SUNS bietet luxuri\u00f6se Lounge-Sets, die Komfort, Design und Haltbarkeit f\u00fcr einen eleganten Au\u00dfenbereich kombinieren.\" \/>\n<meta name=\"robots\" content=\"index, follow, max-snippet:-1, max-image-preview:large, max-video-preview:-1\" \/>\n<link rel=\"canonical\" href=\"https:\/\/hello-suns.com\/de\/produkte\/pesaro-lounge-sets\/\" \/>\n<meta property=\"og:locale\" content=\"de_DE\" \/>\n<meta property=\"og:type\" content=\"article\" \/>\n<meta property=\"og:title\" content=\"Entdecken Sie Pesaro Lounge Set | SUNS Outdoor Lifestyle\" \/>\n<meta property=\"og:description\" content=\"Suchen Sie ein stilvolles Pesaro Lounge-Set? SUNS bietet luxuri\u00f6se Lounge-Sets, die Komfort, Design und Haltbarkeit f\u00fcr einen eleganten Au\u00dfenbereich kombinieren.\" \/>\n<meta property=\"og:url\" content=\"https:\/\/hello-suns.com\/de\/produkte\/pesaro-lounge-sets\/\" \/>\n<meta property=\"og:site_name\" content=\"SUNS\" \/>\n<meta property=\"article:modified_time\" content=\"2025-05-27T06:32:51+00:00\" \/>\n<meta property=\"og:image\" content=\"https:\/\/hello-suns.com\/app\/uploads\/2025\/01\/01_Loungeset_SUNS_Pesaro_softgrey-2.png\" \/>\n\t<meta property=\"og:image:width\" content=\"2500\" \/>\n\t<meta property=\"og:image:height\" content=\"1667\" \/>\n\t<meta property=\"og:image:type\" content=\"image\/png\" \/>\n<meta name=\"twitter:card\" content=\"summary_large_image\" \/>\n<meta name=\"twitter:label1\" content=\"Est. reading time\" \/>\n\t<meta name=\"twitter:data1\" content=\"4 minutes\" \/>\n<script type=\"application\/ld+json\" class=\"yoast-schema-graph\">{\"@context\":\"https:\/\/schema.org\",\"@graph\":[{\"@type\":\"WebPage\",\"@id\":\"https:\/\/hello-suns.com\/de\/produkte\/pesaro-lounge-sets\/\",\"url\":\"https:\/\/hello-suns.com\/de\/produkte\/pesaro-lounge-sets\/\",\"name\":\"Entdecken Sie Pesaro Lounge Set | SUNS Outdoor Lifestyle\",\"isPartOf\":{\"@id\":\"https:\/\/hello-suns.com\/de\/#website\"},\"primaryImageOfPage\":{\"@id\":\"https:\/\/hello-suns.com\/de\/produkte\/pesaro-lounge-sets\/#primaryimage\"},\"image\":{\"@id\":\"https:\/\/hello-suns.com\/de\/produkte\/pesaro-lounge-sets\/#primaryimage\"},\"thumbnailUrl\":\"https:\/\/hello-suns.com\/app\/uploads\/2025\/01\/01_Loungeset_SUNS_Pesaro_softgrey-2.png\",\"datePublished\":\"2025-01-13T11:21:09+00:00\",\"dateModified\":\"2025-05-27T06:32:51+00:00\",\"description\":\"Suchen Sie ein stilvolles Pesaro Lounge-Set? SUNS bietet luxuri\u00f6se Lounge-Sets, die Komfort, Design und Haltbarkeit f\u00fcr einen eleganten Au\u00dfenbereich kombinieren.\",\"breadcrumb\":{\"@id\":\"https:\/\/hello-suns.com\/de\/produkte\/pesaro-lounge-sets\/#breadcrumb\"},\"inLanguage\":\"de-DE\",\"potentialAction\":[{\"@type\":\"ReadAction\",\"target\":[\"https:\/\/hello-suns.com\/de\/produkte\/pesaro-lounge-sets\/\"]}]},{\"@type\":\"ImageObject\",\"inLanguage\":\"de-DE\",\"@id\":\"https:\/\/hello-suns.com\/de\/produkte\/pesaro-lounge-sets\/#primaryimage\",\"url\":\"https:\/\/hello-suns.com\/app\/uploads\/2025\/01\/01_Loungeset_SUNS_Pesaro_softgrey-2.png\",\"contentUrl\":\"https:\/\/hello-suns.com\/app\/uploads\/2025\/01\/01_Loungeset_SUNS_Pesaro_softgrey-2.png\",\"width\":2500,\"height\":1667},{\"@type\":\"BreadcrumbList\",\"@id\":\"https:\/\/hello-suns.com\/de\/produkte\/pesaro-lounge-sets\/#breadcrumb\",\"itemListElement\":[{\"@type\":\"ListItem\",\"position\":1,\"name\":\"\",\"item\":\"https:\/\/hello-suns.com\/de\/\"},{\"@type\":\"ListItem\",\"position\":2,\"name\":\"Produkte\",\"item\":\"https:\/\/hello-suns.com\/de\/produkte\/\"},{\"@type\":\"ListItem\",\"position\":3,\"name\":\"Pesaro\"}]},{\"@type\":\"WebSite\",\"@id\":\"https:\/\/hello-suns.com\/de\/#website\",\"url\":\"https:\/\/hello-suns.com\/de\/\",\"name\":\"SUNS\",\"description\":\"Outdoor Lifestyle\",\"potentialAction\":[{\"@type\":\"SearchAction\",\"target\":{\"@type\":\"EntryPoint\",\"urlTemplate\":\"https:\/\/hello-suns.com\/de\/?s={search_term_string}\"},\"query-input\":{\"@type\":\"PropertyValueSpecification\",\"valueRequired\":true,\"valueName\":\"search_term_string\"}}],\"inLanguage\":\"de-DE\"}]}<\/script>\n<!-- \/ Yoast SEO plugin. -->","yoast_head_json":{"title":"Entdecken Sie Pesaro Lounge Set | SUNS Outdoor Lifestyle","description":"Suchen Sie ein stilvolles Pesaro Lounge-Set? SUNS bietet luxuri\u00f6se Lounge-Sets, die Komfort, Design und Haltbarkeit f\u00fcr einen eleganten Au\u00dfenbereich kombinieren.","robots":{"index":"index","follow":"follow","max-snippet":"max-snippet:-1","max-image-preview":"max-image-preview:large","max-video-preview":"max-video-preview:-1"},"canonical":"https:\/\/hello-suns.com\/de\/produkte\/pesaro-lounge-sets\/","og_locale":"de_DE","og_type":"article","og_title":"Entdecken Sie Pesaro Lounge Set | SUNS Outdoor Lifestyle","og_description":"Suchen Sie ein stilvolles Pesaro Lounge-Set? SUNS bietet luxuri\u00f6se Lounge-Sets, die Komfort, Design und Haltbarkeit f\u00fcr einen eleganten Au\u00dfenbereich kombinieren.","og_url":"https:\/\/hello-suns.com\/de\/produkte\/pesaro-lounge-sets\/","og_site_name":"SUNS","article_modified_time":"2025-05-27T06:32:51+00:00","og_image":[{"width":2500,"height":1667,"url":"https:\/\/hello-suns.com\/app\/uploads\/2025\/01\/01_Loungeset_SUNS_Pesaro_softgrey-2.png","type":"image\/png"}],"twitter_card":"summary_large_image","twitter_misc":{"Est. reading time":"4 minutes"},"schema":{"@context":"https:\/\/schema.org","@graph":[{"@type":"WebPage","@id":"https:\/\/hello-suns.com\/de\/produkte\/pesaro-lounge-sets\/","url":"https:\/\/hello-suns.com\/de\/produkte\/pesaro-lounge-sets\/","name":"Entdecken Sie Pesaro Lounge Set | SUNS Outdoor Lifestyle","isPartOf":{"@id":"https:\/\/hello-suns.com\/de\/#website"},"primaryImageOfPage":{"@id":"https:\/\/hello-suns.com\/de\/produkte\/pesaro-lounge-sets\/#primaryimage"},"image":{"@id":"https:\/\/hello-suns.com\/de\/produkte\/pesaro-lounge-sets\/#primaryimage"},"thumbnailUrl":"https:\/\/hello-suns.com\/app\/uploads\/2025\/01\/01_Loungeset_SUNS_Pesaro_softgrey-2.png","datePublished":"2025-01-13T11:21:09+00:00","dateModified":"2025-05-27T06:32:51+00:00","description":"Suchen Sie ein stilvolles Pesaro Lounge-Set? SUNS bietet luxuri\u00f6se Lounge-Sets, die Komfort, Design und Haltbarkeit f\u00fcr einen eleganten Au\u00dfenbereich kombinieren.","breadcrumb":{"@id":"https:\/\/hello-suns.com\/de\/produkte\/pesaro-lounge-sets\/#breadcrumb"},"inLanguage":"de-DE","potentialAction":[{"@type":"ReadAction","target":["https:\/\/hello-suns.com\/de\/produkte\/pesaro-lounge-sets\/"]}]},{"@type":"ImageObject","inLanguage":"de-DE","@id":"https:\/\/hello-suns.com\/de\/produkte\/pesaro-lounge-sets\/#primaryimage","url":"https:\/\/hello-suns.com\/app\/uploads\/2025\/01\/01_Loungeset_SUNS_Pesaro_softgrey-2.png","contentUrl":"https:\/\/hello-suns.com\/app\/uploads\/2025\/01\/01_Loungeset_SUNS_Pesaro_softgrey-2.png","width":2500,"height":1667},{"@type":"BreadcrumbList","@id":"https:\/\/hello-suns.com\/de\/produkte\/pesaro-lounge-sets\/#breadcrumb","itemListElement":[{"@type":"ListItem","position":1,"name":"","item":"https:\/\/hello-suns.com\/de\/"},{"@type":"ListItem","position":2,"name":"Produkte","item":"https:\/\/hello-suns.com\/de\/produkte\/"},{"@type":"ListItem","position":3,"name":"Pesaro"}]},{"@type":"WebSite","@id":"https:\/\/hello-suns.com\/de\/#website","url":"https:\/\/hello-suns.com\/de\/","name":"SUNS","description":"Outdoor Lifestyle","potentialAction":[{"@type":"SearchAction","target":{"@type":"EntryPoint","urlTemplate":"https:\/\/hello-suns.com\/de\/?s={search_term_string}"},"query-input":{"@type":"PropertyValueSpecification","valueRequired":true,"valueName":"search_term_string"}}],"inLanguage":"de-DE"}]}},"_links":{"self":[{"href":"https:\/\/hello-suns.com\/de\/wp-json\/wp\/v2\/product\/14147","targetHints":{"allow":["GET"]}}],"collection":[{"href":"https:\/\/hello-suns.com\/de\/wp-json\/wp\/v2\/product"}],"about":[{"href":"https:\/\/hello-suns.com\/de\/wp-json\/wp\/v2\/types\/product"}],"replies":[{"embeddable":true,"href":"https:\/\/hello-suns.com\/de\/wp-json\/wp\/v2\/comments?post=14147"}],"wp:featuredmedia":[{"embeddable":true,"href":"https:\/\/hello-suns.com\/de\/wp-json\/wp\/v2\/media\/14161"}],"wp:attachment":[{"href":"https:\/\/hello-suns.com\/de\/wp-json\/wp\/v2\/media?parent=14147"}],"wp:term":[{"taxonomy":"product_brand","embeddable":true,"href":"https:\/\/hello-suns.com\/de\/wp-json\/wp\/v2\/product_brand?post=14147"},{"taxonomy":"product_cat","embeddable":true,"href":"https:\/\/hello-suns.com\/de\/wp-json\/wp\/v2\/product_cat?post=14147"},{"taxonomy":"product_tag","embeddable":true,"href":"https:\/\/hello-suns.com\/de\/wp-json\/wp\/v2\/product_tag?post=14147"},{"taxonomy":"material","embeddable":true,"href":"https:\/\/hello-suns.com\/de\/wp-json\/wp\/v2\/material?post=14147"}],"curies":[{"name":"wp","href":"https:\/\/api.w.org\/{rel}","templated":true}]}}