{"id":14136,"date":"2025-01-13T11:24:50","date_gmt":"2025-01-13T10:24:50","guid":{"rendered":"https:\/\/hello-suns.com\/producten\/evora-aluminium-2\/"},"modified":"2026-02-03T11:18:14","modified_gmt":"2026-02-03T10:18:14","slug":"evora-aluminium-sofa-set","status":"publish","type":"product","link":"https:\/\/hello-suns.com\/de\/produkte\/evora-aluminium-sofa-set\/","title":{"rendered":"Evora | Aluminium"},"content":{"rendered":"<h2 style=\"font-weight: 400;\">Schaffen Sie Ihren eigenen Moment der Ruhe<\/h2>\n<p style=\"font-weight: 400;\">Lassen Sie sich vom Komfort und dem geschmackvollen Design des Evora angenehm \u00fcberraschen. Lassen Sie Ihrer Fantasie freien Lauf und stellen Sie sich Ihr ideales Sofaset zusammen. Schaffen Sie sich Ihren eigenen Moment der Ruhe oder teilen Sie das Gef\u00fchl von purem Luxus mit Freunden. Nichts wird Sie aufhalten.<\/p>\n","protected":false},"excerpt":{"rendered":"<h3 style=\"font-weight: 400;\">Komplett aus Aluminium, das ist Stil<\/h3>\n<p style=\"font-weight: 400;\">Die Sofagarnitur Evora ist unsere n\u00e4chste Generation von Loungem\u00f6beln, basierend auf dem beliebten Portofino-Design. Das Gestell ist aus glattem Aluminium gefertigt. Die luxuri\u00f6sen Kissen und die Sitzfl\u00e4che sind f\u00fcr optimalen Sitz-\/Liegekomfort reichlich gepolstert und mit einem hochwertigen wasserabweisenden und wetterfesten Stoff ausgestattet. Die Sofagarnitur kann mit optionalen Extras wie einer Armlehne, einem Beistelltisch und Kissen f\u00fcr die Beistelltische und Beistelltische erweitert werden.<\/p>\n<p style=\"font-weight: 400;\">Diese Sofagarnitur ist Teil des You Create Programms. Das bedeutet, dass das Evora aus verschiedenen Einzelelementen besteht, die Sie frei kombinieren k\u00f6nnen. Eine feste Ecke, einzelne B\u00e4nke, zus\u00e4tzliche Beistelltische oder nur ein loser Beistelltisch, eine Einrichtung mit einer Chaiselongue: W\u00e4hlen Sie vor allem selbst und schaffen Sie das ideale Arrangement f\u00fcr Ihren Garten oder Ihre Terrasse. Gut zu wissen: Evora ist mit Quick Dry Foam\u00ae ausgestattet. Dank eines innovativen Kerns mit offener Zellstruktur sind Kissen und Sitzfl\u00e4che schnell trocken. Machen Sie sich also keine Sorgen \u00fcber einen Regenschauer. Idee: Kombinieren Sie zwei Chaiselongues zu einem Daybed f\u00fcr maximalen Komfort.<\/p>\n","protected":false},"featured_media":13402,"comment_status":"closed","ping_status":"closed","template":"","meta":{"_acf_changed":false},"product_brand":[],"product_cat":[643,631],"product_tag":[],"material":[],"class_list":{"0":"post-14136","1":"product","2":"type-product","3":"status-publish","4":"has-post-thumbnail","6":"product_cat-sofa-sets","7":"product_cat-you-create","9":"first","10":"instock","11":"shipping-taxable","12":"product-type-simple"},"acf":[],"yoast_head":"<!-- This site is optimized with the Yoast SEO plugin v26.8 - https:\/\/yoast.com\/product\/yoast-seo-wordpress\/ -->\n<title>Entdecken Sie das Evora Sofa Set Aluminium | SUNS Outdoor Lifestyle<\/title>\n<meta name=\"description\" content=\"Suchen Sie eine evora Sofagarnitur aus Aluminium? SUNS bietet hochwertige Sofagarnituren mit elegantem Design, langlebiger Aluminiumkonstruktion und ultimativem Komfort.\" \/>\n<meta name=\"robots\" content=\"index, follow, max-snippet:-1, max-image-preview:large, max-video-preview:-1\" \/>\n<link rel=\"canonical\" href=\"https:\/\/hello-suns.com\/de\/produkte\/evora-aluminium-sofa-set\/\" \/>\n<meta property=\"og:locale\" content=\"de_DE\" \/>\n<meta property=\"og:type\" content=\"article\" \/>\n<meta property=\"og:title\" content=\"Entdecken Sie das Evora Sofa Set Aluminium | SUNS Outdoor Lifestyle\" \/>\n<meta property=\"og:description\" content=\"Suchen Sie eine evora Sofagarnitur aus Aluminium? SUNS bietet hochwertige Sofagarnituren mit elegantem Design, langlebiger Aluminiumkonstruktion und ultimativem Komfort.\" \/>\n<meta property=\"og:url\" content=\"https:\/\/hello-suns.com\/de\/produkte\/evora-aluminium-sofa-set\/\" \/>\n<meta property=\"og:site_name\" content=\"SUNS\" \/>\n<meta property=\"article:modified_time\" content=\"2026-02-03T10:18:14+00:00\" \/>\n<meta property=\"og:image\" content=\"https:\/\/hello-suns.com\/app\/uploads\/2025\/01\/Evora-Aluminium-2500_Edit-1.png\" \/>\n\t<meta property=\"og:image:width\" content=\"2500\" \/>\n\t<meta property=\"og:image:height\" content=\"1667\" \/>\n\t<meta property=\"og:image:type\" content=\"image\/png\" \/>\n<meta name=\"twitter:card\" content=\"summary_large_image\" \/>\n<meta name=\"twitter:label1\" content=\"Est. reading time\" \/>\n\t<meta name=\"twitter:data1\" content=\"5 minutes\" \/>\n<script type=\"application\/ld+json\" class=\"yoast-schema-graph\">{\"@context\":\"https:\/\/schema.org\",\"@graph\":[{\"@type\":\"WebPage\",\"@id\":\"https:\/\/hello-suns.com\/de\/produkte\/evora-aluminium-sofa-set\/\",\"url\":\"https:\/\/hello-suns.com\/de\/produkte\/evora-aluminium-sofa-set\/\",\"name\":\"Entdecken Sie das Evora Sofa Set Aluminium | SUNS Outdoor Lifestyle\",\"isPartOf\":{\"@id\":\"https:\/\/hello-suns.com\/de\/#website\"},\"primaryImageOfPage\":{\"@id\":\"https:\/\/hello-suns.com\/de\/produkte\/evora-aluminium-sofa-set\/#primaryimage\"},\"image\":{\"@id\":\"https:\/\/hello-suns.com\/de\/produkte\/evora-aluminium-sofa-set\/#primaryimage\"},\"thumbnailUrl\":\"https:\/\/hello-suns.com\/app\/uploads\/2025\/01\/Evora-Aluminium-2500_Edit-1.png\",\"datePublished\":\"2025-01-13T10:24:50+00:00\",\"dateModified\":\"2026-02-03T10:18:14+00:00\",\"description\":\"Suchen Sie eine evora Sofagarnitur aus Aluminium? SUNS bietet hochwertige Sofagarnituren mit elegantem Design, langlebiger Aluminiumkonstruktion und ultimativem Komfort.\",\"breadcrumb\":{\"@id\":\"https:\/\/hello-suns.com\/de\/produkte\/evora-aluminium-sofa-set\/#breadcrumb\"},\"inLanguage\":\"de-DE\",\"potentialAction\":[{\"@type\":\"ReadAction\",\"target\":[\"https:\/\/hello-suns.com\/de\/produkte\/evora-aluminium-sofa-set\/\"]}]},{\"@type\":\"ImageObject\",\"inLanguage\":\"de-DE\",\"@id\":\"https:\/\/hello-suns.com\/de\/produkte\/evora-aluminium-sofa-set\/#primaryimage\",\"url\":\"https:\/\/hello-suns.com\/app\/uploads\/2025\/01\/Evora-Aluminium-2500_Edit-1.png\",\"contentUrl\":\"https:\/\/hello-suns.com\/app\/uploads\/2025\/01\/Evora-Aluminium-2500_Edit-1.png\",\"width\":2500,\"height\":1667},{\"@type\":\"BreadcrumbList\",\"@id\":\"https:\/\/hello-suns.com\/de\/produkte\/evora-aluminium-sofa-set\/#breadcrumb\",\"itemListElement\":[{\"@type\":\"ListItem\",\"position\":1,\"name\":\"\",\"item\":\"https:\/\/hello-suns.com\/de\/\"},{\"@type\":\"ListItem\",\"position\":2,\"name\":\"Produkte\",\"item\":\"https:\/\/hello-suns.com\/de\/produkte\/\"},{\"@type\":\"ListItem\",\"position\":3,\"name\":\"Evora | Aluminium\"}]},{\"@type\":\"WebSite\",\"@id\":\"https:\/\/hello-suns.com\/de\/#website\",\"url\":\"https:\/\/hello-suns.com\/de\/\",\"name\":\"SUNS\",\"description\":\"Outdoor Lifestyle\",\"potentialAction\":[{\"@type\":\"SearchAction\",\"target\":{\"@type\":\"EntryPoint\",\"urlTemplate\":\"https:\/\/hello-suns.com\/de\/?s={search_term_string}\"},\"query-input\":{\"@type\":\"PropertyValueSpecification\",\"valueRequired\":true,\"valueName\":\"search_term_string\"}}],\"inLanguage\":\"de-DE\"}]}<\/script>\n<!-- \/ Yoast SEO plugin. -->","yoast_head_json":{"title":"Entdecken Sie das Evora Sofa Set Aluminium | SUNS Outdoor Lifestyle","description":"Suchen Sie eine evora Sofagarnitur aus Aluminium? SUNS bietet hochwertige Sofagarnituren mit elegantem Design, langlebiger Aluminiumkonstruktion und ultimativem Komfort.","robots":{"index":"index","follow":"follow","max-snippet":"max-snippet:-1","max-image-preview":"max-image-preview:large","max-video-preview":"max-video-preview:-1"},"canonical":"https:\/\/hello-suns.com\/de\/produkte\/evora-aluminium-sofa-set\/","og_locale":"de_DE","og_type":"article","og_title":"Entdecken Sie das Evora Sofa Set Aluminium | SUNS Outdoor Lifestyle","og_description":"Suchen Sie eine evora Sofagarnitur aus Aluminium? SUNS bietet hochwertige Sofagarnituren mit elegantem Design, langlebiger Aluminiumkonstruktion und ultimativem Komfort.","og_url":"https:\/\/hello-suns.com\/de\/produkte\/evora-aluminium-sofa-set\/","og_site_name":"SUNS","article_modified_time":"2026-02-03T10:18:14+00:00","og_image":[{"width":2500,"height":1667,"url":"https:\/\/hello-suns.com\/app\/uploads\/2025\/01\/Evora-Aluminium-2500_Edit-1.png","type":"image\/png"}],"twitter_card":"summary_large_image","twitter_misc":{"Est. reading time":"5 minutes"},"schema":{"@context":"https:\/\/schema.org","@graph":[{"@type":"WebPage","@id":"https:\/\/hello-suns.com\/de\/produkte\/evora-aluminium-sofa-set\/","url":"https:\/\/hello-suns.com\/de\/produkte\/evora-aluminium-sofa-set\/","name":"Entdecken Sie das Evora Sofa Set Aluminium | SUNS Outdoor Lifestyle","isPartOf":{"@id":"https:\/\/hello-suns.com\/de\/#website"},"primaryImageOfPage":{"@id":"https:\/\/hello-suns.com\/de\/produkte\/evora-aluminium-sofa-set\/#primaryimage"},"image":{"@id":"https:\/\/hello-suns.com\/de\/produkte\/evora-aluminium-sofa-set\/#primaryimage"},"thumbnailUrl":"https:\/\/hello-suns.com\/app\/uploads\/2025\/01\/Evora-Aluminium-2500_Edit-1.png","datePublished":"2025-01-13T10:24:50+00:00","dateModified":"2026-02-03T10:18:14+00:00","description":"Suchen Sie eine evora Sofagarnitur aus Aluminium? SUNS bietet hochwertige Sofagarnituren mit elegantem Design, langlebiger Aluminiumkonstruktion und ultimativem Komfort.","breadcrumb":{"@id":"https:\/\/hello-suns.com\/de\/produkte\/evora-aluminium-sofa-set\/#breadcrumb"},"inLanguage":"de-DE","potentialAction":[{"@type":"ReadAction","target":["https:\/\/hello-suns.com\/de\/produkte\/evora-aluminium-sofa-set\/"]}]},{"@type":"ImageObject","inLanguage":"de-DE","@id":"https:\/\/hello-suns.com\/de\/produkte\/evora-aluminium-sofa-set\/#primaryimage","url":"https:\/\/hello-suns.com\/app\/uploads\/2025\/01\/Evora-Aluminium-2500_Edit-1.png","contentUrl":"https:\/\/hello-suns.com\/app\/uploads\/2025\/01\/Evora-Aluminium-2500_Edit-1.png","width":2500,"height":1667},{"@type":"BreadcrumbList","@id":"https:\/\/hello-suns.com\/de\/produkte\/evora-aluminium-sofa-set\/#breadcrumb","itemListElement":[{"@type":"ListItem","position":1,"name":"","item":"https:\/\/hello-suns.com\/de\/"},{"@type":"ListItem","position":2,"name":"Produkte","item":"https:\/\/hello-suns.com\/de\/produkte\/"},{"@type":"ListItem","position":3,"name":"Evora | Aluminium"}]},{"@type":"WebSite","@id":"https:\/\/hello-suns.com\/de\/#website","url":"https:\/\/hello-suns.com\/de\/","name":"SUNS","description":"Outdoor Lifestyle","potentialAction":[{"@type":"SearchAction","target":{"@type":"EntryPoint","urlTemplate":"https:\/\/hello-suns.com\/de\/?s={search_term_string}"},"query-input":{"@type":"PropertyValueSpecification","valueRequired":true,"valueName":"search_term_string"}}],"inLanguage":"de-DE"}]}},"_links":{"self":[{"href":"https:\/\/hello-suns.com\/de\/wp-json\/wp\/v2\/product\/14136","targetHints":{"allow":["GET"]}}],"collection":[{"href":"https:\/\/hello-suns.com\/de\/wp-json\/wp\/v2\/product"}],"about":[{"href":"https:\/\/hello-suns.com\/de\/wp-json\/wp\/v2\/types\/product"}],"replies":[{"embeddable":true,"href":"https:\/\/hello-suns.com\/de\/wp-json\/wp\/v2\/comments?post=14136"}],"wp:featuredmedia":[{"embeddable":true,"href":"https:\/\/hello-suns.com\/de\/wp-json\/wp\/v2\/media\/13402"}],"wp:attachment":[{"href":"https:\/\/hello-suns.com\/de\/wp-json\/wp\/v2\/media?parent=14136"}],"wp:term":[{"taxonomy":"product_brand","embeddable":true,"href":"https:\/\/hello-suns.com\/de\/wp-json\/wp\/v2\/product_brand?post=14136"},{"taxonomy":"product_cat","embeddable":true,"href":"https:\/\/hello-suns.com\/de\/wp-json\/wp\/v2\/product_cat?post=14136"},{"taxonomy":"product_tag","embeddable":true,"href":"https:\/\/hello-suns.com\/de\/wp-json\/wp\/v2\/product_tag?post=14136"},{"taxonomy":"material","embeddable":true,"href":"https:\/\/hello-suns.com\/de\/wp-json\/wp\/v2\/material?post=14136"}],"curies":[{"name":"wp","href":"https:\/\/api.w.org\/{rel}","templated":true}]}}