{"id":14047,"date":"2025-01-13T12:45:46","date_gmt":"2025-01-13T11:45:46","guid":{"rendered":"https:\/\/hello-suns.com\/producten\/kota-2\/"},"modified":"2026-02-23T09:37:30","modified_gmt":"2026-02-23T08:37:30","slug":"kota-sofa-set","status":"publish","type":"product","link":"https:\/\/hello-suns.com\/de\/produkte\/kota-sofa-set\/","title":{"rendered":"Kota"},"content":{"rendered":"<h2 style=\"font-weight: 400;\">Das Spiel mit den Elementen<\/h2>\n<p style=\"font-weight: 400;\">Lassen Sie sich \u00fcberraschen von den unendlichen M\u00f6glichkeiten, die Kota zu bieten hat. Spielen Sie mit den verschiedenen Elementen und machen Sie Ihren Garten zum ultimativen Ort, an den Sie gerne zur\u00fcckkehren. Verspielt, robust, elegant oder dezent? Dieses Set ist so flexibel wie Sie selbst.<\/p>\n","protected":false},"excerpt":{"rendered":"<h3 style=\"font-weight: 400;\">Die ideale Erg\u00e4nzung<\/h3>\n<p style=\"font-weight: 400;\">Die Sofagarnitur Kota besteht aus einzelnen Sofas, die Ihnen alle Freiheiten bei der Zusammenstellung Ihres idealen Arrangements lassen. Dank der extra niedrigen Sitzfl\u00e4che bietet das Kota ein echtes Lounge-Feeling. Nicht umsonst wird diese Art von Sofa &#8216;low lounging&#8217; genannt. Dank der fest gepolsterten Sitz- und R\u00fcckenkissen bietet diese Sofagarnitur einen noch nie dagewesenen Sitzkomfort. Die Kissen bestehen au\u00dferdem aus Quick Dry Foam\u00ae, so dass die Garnitur nach einem Regenguss schnell wieder trocknet.<\/p>\n<p style=\"font-weight: 400;\">Kota ist ein modulares Set aus dem Programm You Create. Hier w\u00e4hlen Sie eine Reihe von Einzelelementen, wie z.B. zwei- oder dreisitzige Sofas, einen Beistelltisch, Beistelltische oder auch nicht, und stellen so die perfekte Einrichtung f\u00fcr Ihre Situation zusammen. Kota ist Lounging, wie es sein soll: entspanntes Sitzen mit Familie und Freunden und Genie\u00dfen Ihres Sommerabends. Kota ist auch als Lounge-Set und als Daybed erh\u00e4ltlich.<\/p>\n","protected":false},"featured_media":13382,"comment_status":"closed","ping_status":"closed","template":"","meta":{"_acf_changed":false},"product_brand":[],"product_cat":[643,631],"product_tag":[],"material":[],"class_list":{"0":"post-14047","1":"product","2":"type-product","3":"status-publish","4":"has-post-thumbnail","6":"product_cat-sofa-sets","7":"product_cat-you-create","9":"first","10":"instock","11":"shipping-taxable","12":"product-type-simple"},"acf":[],"yoast_head":"<!-- This site is optimized with the Yoast SEO plugin v26.8 - https:\/\/yoast.com\/product\/yoast-seo-wordpress\/ -->\n<title>Entdecken Sie Kota Sofa Set | SUNS Outdoor Lifestyle<\/title>\n<meta name=\"description\" content=\"Suchen Sie eine stilvolle Kota Sofagarnitur? SUNS bietet komfortable und langlebige Sofas mit modernem Design, perfekt f\u00fcr einen luxuri\u00f6sen Au\u00dfenbereich.\" \/>\n<meta name=\"robots\" content=\"index, follow, max-snippet:-1, max-image-preview:large, max-video-preview:-1\" \/>\n<link rel=\"canonical\" href=\"https:\/\/hello-suns.com\/de\/produkte\/kota-sofa-set\/\" \/>\n<meta property=\"og:locale\" content=\"de_DE\" \/>\n<meta property=\"og:type\" content=\"article\" \/>\n<meta property=\"og:title\" content=\"Entdecken Sie Kota Sofa Set | SUNS Outdoor Lifestyle\" \/>\n<meta property=\"og:description\" content=\"Suchen Sie eine stilvolle Kota Sofagarnitur? SUNS bietet komfortable und langlebige Sofas mit modernem Design, perfekt f\u00fcr einen luxuri\u00f6sen Au\u00dfenbereich.\" \/>\n<meta property=\"og:url\" content=\"https:\/\/hello-suns.com\/de\/produkte\/kota-sofa-set\/\" \/>\n<meta property=\"og:site_name\" content=\"SUNS\" \/>\n<meta property=\"article:modified_time\" content=\"2026-02-23T08:37:30+00:00\" \/>\n<meta property=\"og:image\" content=\"https:\/\/hello-suns.com\/app\/uploads\/2025\/01\/01_Kota-SUNS-Loungeset-Ibiza-TK-CS-NG-Free-23-1-2500-pix-2.png\" \/>\n\t<meta property=\"og:image:width\" content=\"2500\" \/>\n\t<meta property=\"og:image:height\" content=\"1667\" \/>\n\t<meta property=\"og:image:type\" content=\"image\/png\" \/>\n<meta name=\"twitter:card\" content=\"summary_large_image\" \/>\n<meta name=\"twitter:label1\" content=\"Est. reading time\" \/>\n\t<meta name=\"twitter:data1\" content=\"4 minutes\" \/>\n<script type=\"application\/ld+json\" class=\"yoast-schema-graph\">{\"@context\":\"https:\/\/schema.org\",\"@graph\":[{\"@type\":\"WebPage\",\"@id\":\"https:\/\/hello-suns.com\/de\/produkte\/kota-sofa-set\/\",\"url\":\"https:\/\/hello-suns.com\/de\/produkte\/kota-sofa-set\/\",\"name\":\"Entdecken Sie Kota Sofa Set | SUNS Outdoor Lifestyle\",\"isPartOf\":{\"@id\":\"https:\/\/hello-suns.com\/de\/#website\"},\"primaryImageOfPage\":{\"@id\":\"https:\/\/hello-suns.com\/de\/produkte\/kota-sofa-set\/#primaryimage\"},\"image\":{\"@id\":\"https:\/\/hello-suns.com\/de\/produkte\/kota-sofa-set\/#primaryimage\"},\"thumbnailUrl\":\"https:\/\/hello-suns.com\/app\/uploads\/2025\/01\/01_Kota-SUNS-Loungeset-Ibiza-TK-CS-NG-Free-23-1-2500-pix-2.png\",\"datePublished\":\"2025-01-13T11:45:46+00:00\",\"dateModified\":\"2026-02-23T08:37:30+00:00\",\"description\":\"Suchen Sie eine stilvolle Kota Sofagarnitur? SUNS bietet komfortable und langlebige Sofas mit modernem Design, perfekt f\u00fcr einen luxuri\u00f6sen Au\u00dfenbereich.\",\"breadcrumb\":{\"@id\":\"https:\/\/hello-suns.com\/de\/produkte\/kota-sofa-set\/#breadcrumb\"},\"inLanguage\":\"de-DE\",\"potentialAction\":[{\"@type\":\"ReadAction\",\"target\":[\"https:\/\/hello-suns.com\/de\/produkte\/kota-sofa-set\/\"]}]},{\"@type\":\"ImageObject\",\"inLanguage\":\"de-DE\",\"@id\":\"https:\/\/hello-suns.com\/de\/produkte\/kota-sofa-set\/#primaryimage\",\"url\":\"https:\/\/hello-suns.com\/app\/uploads\/2025\/01\/01_Kota-SUNS-Loungeset-Ibiza-TK-CS-NG-Free-23-1-2500-pix-2.png\",\"contentUrl\":\"https:\/\/hello-suns.com\/app\/uploads\/2025\/01\/01_Kota-SUNS-Loungeset-Ibiza-TK-CS-NG-Free-23-1-2500-pix-2.png\",\"width\":2500,\"height\":1667},{\"@type\":\"BreadcrumbList\",\"@id\":\"https:\/\/hello-suns.com\/de\/produkte\/kota-sofa-set\/#breadcrumb\",\"itemListElement\":[{\"@type\":\"ListItem\",\"position\":1,\"name\":\"\",\"item\":\"https:\/\/hello-suns.com\/de\/\"},{\"@type\":\"ListItem\",\"position\":2,\"name\":\"Produkte\",\"item\":\"https:\/\/hello-suns.com\/de\/produkte\/\"},{\"@type\":\"ListItem\",\"position\":3,\"name\":\"Kota\"}]},{\"@type\":\"WebSite\",\"@id\":\"https:\/\/hello-suns.com\/de\/#website\",\"url\":\"https:\/\/hello-suns.com\/de\/\",\"name\":\"SUNS\",\"description\":\"Outdoor Lifestyle\",\"potentialAction\":[{\"@type\":\"SearchAction\",\"target\":{\"@type\":\"EntryPoint\",\"urlTemplate\":\"https:\/\/hello-suns.com\/de\/?s={search_term_string}\"},\"query-input\":{\"@type\":\"PropertyValueSpecification\",\"valueRequired\":true,\"valueName\":\"search_term_string\"}}],\"inLanguage\":\"de-DE\"}]}<\/script>\n<!-- \/ Yoast SEO plugin. -->","yoast_head_json":{"title":"Entdecken Sie Kota Sofa Set | SUNS Outdoor Lifestyle","description":"Suchen Sie eine stilvolle Kota Sofagarnitur? SUNS bietet komfortable und langlebige Sofas mit modernem Design, perfekt f\u00fcr einen luxuri\u00f6sen Au\u00dfenbereich.","robots":{"index":"index","follow":"follow","max-snippet":"max-snippet:-1","max-image-preview":"max-image-preview:large","max-video-preview":"max-video-preview:-1"},"canonical":"https:\/\/hello-suns.com\/de\/produkte\/kota-sofa-set\/","og_locale":"de_DE","og_type":"article","og_title":"Entdecken Sie Kota Sofa Set | SUNS Outdoor Lifestyle","og_description":"Suchen Sie eine stilvolle Kota Sofagarnitur? SUNS bietet komfortable und langlebige Sofas mit modernem Design, perfekt f\u00fcr einen luxuri\u00f6sen Au\u00dfenbereich.","og_url":"https:\/\/hello-suns.com\/de\/produkte\/kota-sofa-set\/","og_site_name":"SUNS","article_modified_time":"2026-02-23T08:37:30+00:00","og_image":[{"width":2500,"height":1667,"url":"https:\/\/hello-suns.com\/app\/uploads\/2025\/01\/01_Kota-SUNS-Loungeset-Ibiza-TK-CS-NG-Free-23-1-2500-pix-2.png","type":"image\/png"}],"twitter_card":"summary_large_image","twitter_misc":{"Est. reading time":"4 minutes"},"schema":{"@context":"https:\/\/schema.org","@graph":[{"@type":"WebPage","@id":"https:\/\/hello-suns.com\/de\/produkte\/kota-sofa-set\/","url":"https:\/\/hello-suns.com\/de\/produkte\/kota-sofa-set\/","name":"Entdecken Sie Kota Sofa Set | SUNS Outdoor Lifestyle","isPartOf":{"@id":"https:\/\/hello-suns.com\/de\/#website"},"primaryImageOfPage":{"@id":"https:\/\/hello-suns.com\/de\/produkte\/kota-sofa-set\/#primaryimage"},"image":{"@id":"https:\/\/hello-suns.com\/de\/produkte\/kota-sofa-set\/#primaryimage"},"thumbnailUrl":"https:\/\/hello-suns.com\/app\/uploads\/2025\/01\/01_Kota-SUNS-Loungeset-Ibiza-TK-CS-NG-Free-23-1-2500-pix-2.png","datePublished":"2025-01-13T11:45:46+00:00","dateModified":"2026-02-23T08:37:30+00:00","description":"Suchen Sie eine stilvolle Kota Sofagarnitur? SUNS bietet komfortable und langlebige Sofas mit modernem Design, perfekt f\u00fcr einen luxuri\u00f6sen Au\u00dfenbereich.","breadcrumb":{"@id":"https:\/\/hello-suns.com\/de\/produkte\/kota-sofa-set\/#breadcrumb"},"inLanguage":"de-DE","potentialAction":[{"@type":"ReadAction","target":["https:\/\/hello-suns.com\/de\/produkte\/kota-sofa-set\/"]}]},{"@type":"ImageObject","inLanguage":"de-DE","@id":"https:\/\/hello-suns.com\/de\/produkte\/kota-sofa-set\/#primaryimage","url":"https:\/\/hello-suns.com\/app\/uploads\/2025\/01\/01_Kota-SUNS-Loungeset-Ibiza-TK-CS-NG-Free-23-1-2500-pix-2.png","contentUrl":"https:\/\/hello-suns.com\/app\/uploads\/2025\/01\/01_Kota-SUNS-Loungeset-Ibiza-TK-CS-NG-Free-23-1-2500-pix-2.png","width":2500,"height":1667},{"@type":"BreadcrumbList","@id":"https:\/\/hello-suns.com\/de\/produkte\/kota-sofa-set\/#breadcrumb","itemListElement":[{"@type":"ListItem","position":1,"name":"","item":"https:\/\/hello-suns.com\/de\/"},{"@type":"ListItem","position":2,"name":"Produkte","item":"https:\/\/hello-suns.com\/de\/produkte\/"},{"@type":"ListItem","position":3,"name":"Kota"}]},{"@type":"WebSite","@id":"https:\/\/hello-suns.com\/de\/#website","url":"https:\/\/hello-suns.com\/de\/","name":"SUNS","description":"Outdoor Lifestyle","potentialAction":[{"@type":"SearchAction","target":{"@type":"EntryPoint","urlTemplate":"https:\/\/hello-suns.com\/de\/?s={search_term_string}"},"query-input":{"@type":"PropertyValueSpecification","valueRequired":true,"valueName":"search_term_string"}}],"inLanguage":"de-DE"}]}},"_links":{"self":[{"href":"https:\/\/hello-suns.com\/de\/wp-json\/wp\/v2\/product\/14047","targetHints":{"allow":["GET"]}}],"collection":[{"href":"https:\/\/hello-suns.com\/de\/wp-json\/wp\/v2\/product"}],"about":[{"href":"https:\/\/hello-suns.com\/de\/wp-json\/wp\/v2\/types\/product"}],"replies":[{"embeddable":true,"href":"https:\/\/hello-suns.com\/de\/wp-json\/wp\/v2\/comments?post=14047"}],"wp:featuredmedia":[{"embeddable":true,"href":"https:\/\/hello-suns.com\/de\/wp-json\/wp\/v2\/media\/13382"}],"wp:attachment":[{"href":"https:\/\/hello-suns.com\/de\/wp-json\/wp\/v2\/media?parent=14047"}],"wp:term":[{"taxonomy":"product_brand","embeddable":true,"href":"https:\/\/hello-suns.com\/de\/wp-json\/wp\/v2\/product_brand?post=14047"},{"taxonomy":"product_cat","embeddable":true,"href":"https:\/\/hello-suns.com\/de\/wp-json\/wp\/v2\/product_cat?post=14047"},{"taxonomy":"product_tag","embeddable":true,"href":"https:\/\/hello-suns.com\/de\/wp-json\/wp\/v2\/product_tag?post=14047"},{"taxonomy":"material","embeddable":true,"href":"https:\/\/hello-suns.com\/de\/wp-json\/wp\/v2\/material?post=14047"}],"curies":[{"name":"wp","href":"https:\/\/api.w.org\/{rel}","templated":true}]}}