{"id":14037,"date":"2025-01-13T12:49:10","date_gmt":"2025-01-13T12:49:10","guid":{"rendered":"https:\/\/hello-suns.com\/producten\/sorrento-3\/"},"modified":"2025-05-28T13:45:39","modified_gmt":"2025-05-28T13:45:39","slug":"sorrento-sessel","status":"publish","type":"product","link":"https:\/\/hello-suns.com\/de\/produkte\/sorrento-sessel\/","title":{"rendered":"Sorrento"},"content":{"rendered":"<h2>K\u00f6stlich h\u00e4lt am l\u00e4ngsten<\/h2>\n<p>Kombinieren Sie ein elegantes Sesseldesign mit hervorragenden Materialien und das ist das Ergebnis: wunderbarer Sitzkomfort, der sich \u00fcber Jahre hinweg in Ihrem Garten sehen lassen kann. Der Sorrento Loungesessel ist ein Vergn\u00fcgen.<\/p>\n","protected":false},"excerpt":{"rendered":"<h3>Loungesessel aus Seil mit gro\u00dfz\u00fcgigen Kissen<\/h3>\n<p>Der Sorrento Loungesessel ist vielleicht der Superlativ in Sachen Sitzkomfort. Das Aluminiumgestell sorgt f\u00fcr eine solide Konstruktion. Das Seilwerk verleiht dem Set einen besonderen Reiz. Und dann sind da noch die Kissen! Die Innenseite der Kissen besteht aus Fast Dry Foam. Dadurch trocknen sie nach einem Regenguss schnell. Der hochwertige Au\u00dfenstoff ist wasserabweisend, pilzt\u00f6tend, wetterfest und f\u00fchlt sich wunderbar weich an. Loungesessel Sorrento ist auch als Sofagarnitur und Loungeset mit fester Eckanordnung oder als Loungeset mit Chaiselongue erh\u00e4ltlich.<\/p>\n","protected":false},"featured_media":14046,"comment_status":"closed","ping_status":"closed","template":"","meta":{"_acf_changed":false},"product_brand":[],"product_cat":[619],"product_tag":[],"material":[],"class_list":{"0":"post-14037","1":"product","2":"type-product","3":"status-publish","4":"has-post-thumbnail","6":"product_cat-sessel","8":"first","9":"instock","10":"shipping-taxable","11":"product-type-simple"},"acf":[],"yoast_head":"<!-- This site is optimized with the Yoast SEO plugin v26.8 - https:\/\/yoast.com\/product\/yoast-seo-wordpress\/ -->\n<title>Entdecken Sie Sorrento Loungesessel | SUNS Outdoor Lifestyle<\/title>\n<meta name=\"description\" content=\"Suchen Sie einen stilvollen Sorrento Loungesessel? SUNS bietet komfortable Loungesessel mit modernem Design und langlebiger Qualit\u00e4t f\u00fcr Ihren Au\u00dfenbereich.\" \/>\n<meta name=\"robots\" content=\"index, follow, max-snippet:-1, max-image-preview:large, max-video-preview:-1\" \/>\n<link rel=\"canonical\" href=\"https:\/\/hello-suns.com\/de\/produkte\/sorrento-sessel\/\" \/>\n<meta property=\"og:locale\" content=\"de_DE\" \/>\n<meta property=\"og:type\" content=\"article\" \/>\n<meta property=\"og:title\" content=\"Entdecken Sie Sorrento Loungesessel | SUNS Outdoor Lifestyle\" \/>\n<meta property=\"og:description\" content=\"Suchen Sie einen stilvollen Sorrento Loungesessel? SUNS bietet komfortable Loungesessel mit modernem Design und langlebiger Qualit\u00e4t f\u00fcr Ihren Au\u00dfenbereich.\" \/>\n<meta property=\"og:url\" content=\"https:\/\/hello-suns.com\/de\/produkte\/sorrento-sessel\/\" \/>\n<meta property=\"og:site_name\" content=\"SUNS\" \/>\n<meta property=\"article:modified_time\" content=\"2025-05-28T13:45:39+00:00\" \/>\n<meta property=\"og:image\" content=\"https:\/\/hello-suns.com\/app\/uploads\/2025\/01\/01_Sorrento-SUNS-Loungechair-MRG-FIW-CS-SMW-Free-22-1-2500-2-1024x683.png\" \/>\n\t<meta property=\"og:image:width\" content=\"1024\" \/>\n\t<meta property=\"og:image:height\" content=\"683\" \/>\n\t<meta property=\"og:image:type\" content=\"image\/png\" \/>\n<meta name=\"twitter:card\" content=\"summary_large_image\" \/>\n<meta name=\"twitter:label1\" content=\"Est. reading time\" \/>\n\t<meta name=\"twitter:data1\" content=\"3 minutes\" \/>\n<script type=\"application\/ld+json\" class=\"yoast-schema-graph\">{\"@context\":\"https:\/\/schema.org\",\"@graph\":[{\"@type\":\"WebPage\",\"@id\":\"https:\/\/hello-suns.com\/de\/produkte\/sorrento-sessel\/\",\"url\":\"https:\/\/hello-suns.com\/de\/produkte\/sorrento-sessel\/\",\"name\":\"Entdecken Sie Sorrento Loungesessel | SUNS Outdoor Lifestyle\",\"isPartOf\":{\"@id\":\"https:\/\/hello-suns.com\/de\/#website\"},\"primaryImageOfPage\":{\"@id\":\"https:\/\/hello-suns.com\/de\/produkte\/sorrento-sessel\/#primaryimage\"},\"image\":{\"@id\":\"https:\/\/hello-suns.com\/de\/produkte\/sorrento-sessel\/#primaryimage\"},\"thumbnailUrl\":\"https:\/\/hello-suns.com\/app\/uploads\/2025\/01\/01_Sorrento-SUNS-Loungechair-MRG-FIW-CS-SMW-Free-22-1-2500-2.png\",\"datePublished\":\"2025-01-13T12:49:10+00:00\",\"dateModified\":\"2025-05-28T13:45:39+00:00\",\"description\":\"Suchen Sie einen stilvollen Sorrento Loungesessel? SUNS bietet komfortable Loungesessel mit modernem Design und langlebiger Qualit\u00e4t f\u00fcr Ihren Au\u00dfenbereich.\",\"breadcrumb\":{\"@id\":\"https:\/\/hello-suns.com\/de\/produkte\/sorrento-sessel\/#breadcrumb\"},\"inLanguage\":\"de-DE\",\"potentialAction\":[{\"@type\":\"ReadAction\",\"target\":[\"https:\/\/hello-suns.com\/de\/produkte\/sorrento-sessel\/\"]}]},{\"@type\":\"ImageObject\",\"inLanguage\":\"de-DE\",\"@id\":\"https:\/\/hello-suns.com\/de\/produkte\/sorrento-sessel\/#primaryimage\",\"url\":\"https:\/\/hello-suns.com\/app\/uploads\/2025\/01\/01_Sorrento-SUNS-Loungechair-MRG-FIW-CS-SMW-Free-22-1-2500-2.png\",\"contentUrl\":\"https:\/\/hello-suns.com\/app\/uploads\/2025\/01\/01_Sorrento-SUNS-Loungechair-MRG-FIW-CS-SMW-Free-22-1-2500-2.png\",\"width\":2500,\"height\":1667},{\"@type\":\"BreadcrumbList\",\"@id\":\"https:\/\/hello-suns.com\/de\/produkte\/sorrento-sessel\/#breadcrumb\",\"itemListElement\":[{\"@type\":\"ListItem\",\"position\":1,\"name\":\"\",\"item\":\"https:\/\/hello-suns.com\/de\/\"},{\"@type\":\"ListItem\",\"position\":2,\"name\":\"Produkte\",\"item\":\"https:\/\/hello-suns.com\/de\/produkte\/\"},{\"@type\":\"ListItem\",\"position\":3,\"name\":\"Sorrento\"}]},{\"@type\":\"WebSite\",\"@id\":\"https:\/\/hello-suns.com\/de\/#website\",\"url\":\"https:\/\/hello-suns.com\/de\/\",\"name\":\"SUNS\",\"description\":\"Outdoor Lifestyle\",\"potentialAction\":[{\"@type\":\"SearchAction\",\"target\":{\"@type\":\"EntryPoint\",\"urlTemplate\":\"https:\/\/hello-suns.com\/de\/?s={search_term_string}\"},\"query-input\":{\"@type\":\"PropertyValueSpecification\",\"valueRequired\":true,\"valueName\":\"search_term_string\"}}],\"inLanguage\":\"de-DE\"}]}<\/script>\n<!-- \/ Yoast SEO plugin. -->","yoast_head_json":{"title":"Entdecken Sie Sorrento Loungesessel | SUNS Outdoor Lifestyle","description":"Suchen Sie einen stilvollen Sorrento Loungesessel? SUNS bietet komfortable Loungesessel mit modernem Design und langlebiger Qualit\u00e4t f\u00fcr Ihren Au\u00dfenbereich.","robots":{"index":"index","follow":"follow","max-snippet":"max-snippet:-1","max-image-preview":"max-image-preview:large","max-video-preview":"max-video-preview:-1"},"canonical":"https:\/\/hello-suns.com\/de\/produkte\/sorrento-sessel\/","og_locale":"de_DE","og_type":"article","og_title":"Entdecken Sie Sorrento Loungesessel | SUNS Outdoor Lifestyle","og_description":"Suchen Sie einen stilvollen Sorrento Loungesessel? SUNS bietet komfortable Loungesessel mit modernem Design und langlebiger Qualit\u00e4t f\u00fcr Ihren Au\u00dfenbereich.","og_url":"https:\/\/hello-suns.com\/de\/produkte\/sorrento-sessel\/","og_site_name":"SUNS","article_modified_time":"2025-05-28T13:45:39+00:00","og_image":[{"width":1024,"height":683,"url":"https:\/\/hello-suns.com\/app\/uploads\/2025\/01\/01_Sorrento-SUNS-Loungechair-MRG-FIW-CS-SMW-Free-22-1-2500-2-1024x683.png","type":"image\/png"}],"twitter_card":"summary_large_image","twitter_misc":{"Est. reading time":"3 minutes"},"schema":{"@context":"https:\/\/schema.org","@graph":[{"@type":"WebPage","@id":"https:\/\/hello-suns.com\/de\/produkte\/sorrento-sessel\/","url":"https:\/\/hello-suns.com\/de\/produkte\/sorrento-sessel\/","name":"Entdecken Sie Sorrento Loungesessel | SUNS Outdoor Lifestyle","isPartOf":{"@id":"https:\/\/hello-suns.com\/de\/#website"},"primaryImageOfPage":{"@id":"https:\/\/hello-suns.com\/de\/produkte\/sorrento-sessel\/#primaryimage"},"image":{"@id":"https:\/\/hello-suns.com\/de\/produkte\/sorrento-sessel\/#primaryimage"},"thumbnailUrl":"https:\/\/hello-suns.com\/app\/uploads\/2025\/01\/01_Sorrento-SUNS-Loungechair-MRG-FIW-CS-SMW-Free-22-1-2500-2.png","datePublished":"2025-01-13T12:49:10+00:00","dateModified":"2025-05-28T13:45:39+00:00","description":"Suchen Sie einen stilvollen Sorrento Loungesessel? SUNS bietet komfortable Loungesessel mit modernem Design und langlebiger Qualit\u00e4t f\u00fcr Ihren Au\u00dfenbereich.","breadcrumb":{"@id":"https:\/\/hello-suns.com\/de\/produkte\/sorrento-sessel\/#breadcrumb"},"inLanguage":"de-DE","potentialAction":[{"@type":"ReadAction","target":["https:\/\/hello-suns.com\/de\/produkte\/sorrento-sessel\/"]}]},{"@type":"ImageObject","inLanguage":"de-DE","@id":"https:\/\/hello-suns.com\/de\/produkte\/sorrento-sessel\/#primaryimage","url":"https:\/\/hello-suns.com\/app\/uploads\/2025\/01\/01_Sorrento-SUNS-Loungechair-MRG-FIW-CS-SMW-Free-22-1-2500-2.png","contentUrl":"https:\/\/hello-suns.com\/app\/uploads\/2025\/01\/01_Sorrento-SUNS-Loungechair-MRG-FIW-CS-SMW-Free-22-1-2500-2.png","width":2500,"height":1667},{"@type":"BreadcrumbList","@id":"https:\/\/hello-suns.com\/de\/produkte\/sorrento-sessel\/#breadcrumb","itemListElement":[{"@type":"ListItem","position":1,"name":"","item":"https:\/\/hello-suns.com\/de\/"},{"@type":"ListItem","position":2,"name":"Produkte","item":"https:\/\/hello-suns.com\/de\/produkte\/"},{"@type":"ListItem","position":3,"name":"Sorrento"}]},{"@type":"WebSite","@id":"https:\/\/hello-suns.com\/de\/#website","url":"https:\/\/hello-suns.com\/de\/","name":"SUNS","description":"Outdoor Lifestyle","potentialAction":[{"@type":"SearchAction","target":{"@type":"EntryPoint","urlTemplate":"https:\/\/hello-suns.com\/de\/?s={search_term_string}"},"query-input":{"@type":"PropertyValueSpecification","valueRequired":true,"valueName":"search_term_string"}}],"inLanguage":"de-DE"}]}},"_links":{"self":[{"href":"https:\/\/hello-suns.com\/de\/wp-json\/wp\/v2\/product\/14037","targetHints":{"allow":["GET"]}}],"collection":[{"href":"https:\/\/hello-suns.com\/de\/wp-json\/wp\/v2\/product"}],"about":[{"href":"https:\/\/hello-suns.com\/de\/wp-json\/wp\/v2\/types\/product"}],"replies":[{"embeddable":true,"href":"https:\/\/hello-suns.com\/de\/wp-json\/wp\/v2\/comments?post=14037"}],"wp:featuredmedia":[{"embeddable":true,"href":"https:\/\/hello-suns.com\/de\/wp-json\/wp\/v2\/media\/14046"}],"wp:attachment":[{"href":"https:\/\/hello-suns.com\/de\/wp-json\/wp\/v2\/media?parent=14037"}],"wp:term":[{"taxonomy":"product_brand","embeddable":true,"href":"https:\/\/hello-suns.com\/de\/wp-json\/wp\/v2\/product_brand?post=14037"},{"taxonomy":"product_cat","embeddable":true,"href":"https:\/\/hello-suns.com\/de\/wp-json\/wp\/v2\/product_cat?post=14037"},{"taxonomy":"product_tag","embeddable":true,"href":"https:\/\/hello-suns.com\/de\/wp-json\/wp\/v2\/product_tag?post=14037"},{"taxonomy":"material","embeddable":true,"href":"https:\/\/hello-suns.com\/de\/wp-json\/wp\/v2\/material?post=14037"}],"curies":[{"name":"wp","href":"https:\/\/api.w.org\/{rel}","templated":true}]}}