{"id":14023,"date":"2025-01-13T12:55:08","date_gmt":"2025-01-13T11:55:08","guid":{"rendered":"https:\/\/hello-suns.com\/producten\/stockholm-5\/"},"modified":"2025-05-28T12:35:00","modified_gmt":"2025-05-28T12:35:00","slug":"stockholm-sessel","status":"publish","type":"product","link":"https:\/\/hello-suns.com\/de\/produkte\/stockholm-sessel\/","title":{"rendered":"Stockholm"},"content":{"rendered":"<h2>Machen Sie das Faulenzen unvergesslich<\/h2>\n<p>Mit dem Stockholm Lounge Chair k\u00f6nnen Sie au\u00dfergew\u00f6hnlichen Luxus genie\u00dfen. Ohne Grenzen. Unbeschwert. Worauf warten Sie noch?<\/p>\n","protected":false},"excerpt":{"rendered":"<h3>Executive-Bestuhlung<\/h3>\n<p>Der Stockholm Loungesessel f\u00e4llt mit seinen Aluminiumbeinen sofort ins Auge. Ein Blickfang, der an den Chefsessel aus dem Sitzungssaal erinnert. Was den Sitzkomfort und die Klasse angeht, ist dieser Sessel auf jeden Fall ebenb\u00fcrtig. Die gro\u00dfz\u00fcgigen Kissen bieten einen hohen Sitzkomfort. Sie sind mit einem erstklassigen Oberstoff gepolstert, der sich wunderbar weich anf\u00fchlt. Dank der Verwendung von hochwertigen Materialien k\u00f6nnen Sie diesen Stuhl das ganze Jahr \u00fcber drau\u00dfen stehen lassen.<\/p>\n<p>Dieser Loungesessel ist in der beliebten modularen Stockholm-Produktlinie entworfen worden. Das bedeutet, dass Sie verschiedene Elemente kombinieren k\u00f6nnen, um Ihr eigenes ideales Arrangement zu schaffen. SUNS bietet verschiedene modulare Konzepte unter dem Motto: You Create. Neben diesem Loungesessel sind in derselben Produktlinie auch ein Loungeset, ein Sofaset, ein Daybed und ein Tisch mit optionaler Bank erh\u00e4ltlich.<\/p>\n","protected":false},"featured_media":14024,"comment_status":"closed","ping_status":"closed","template":"","meta":{"_acf_changed":false},"product_brand":[],"product_cat":[619],"product_tag":[],"material":[],"class_list":{"0":"post-14023","1":"product","2":"type-product","3":"status-publish","4":"has-post-thumbnail","6":"product_cat-sessel","8":"first","9":"instock","10":"shipping-taxable","11":"product-type-simple"},"acf":[],"yoast_head":"<!-- This site is optimized with the Yoast SEO plugin v26.8 - https:\/\/yoast.com\/product\/yoast-seo-wordpress\/ -->\n<title>Entdecken Sie Stockholm Loungesessel | SUNS Outdoor Lifestyle<\/title>\n<meta name=\"description\" content=\"Suchen Sie einen stilvollen Stockholmer Loungesessel? SUNS bietet komfortable Loungesessel mit modernem Design und hochwertigen Materialien f\u00fcr den Au\u00dfenbereich.\" \/>\n<meta name=\"robots\" content=\"index, follow, max-snippet:-1, max-image-preview:large, max-video-preview:-1\" \/>\n<link rel=\"canonical\" href=\"https:\/\/hello-suns.com\/de\/produkte\/stockholm-sessel\/\" \/>\n<meta property=\"og:locale\" content=\"de_DE\" \/>\n<meta property=\"og:type\" content=\"article\" \/>\n<meta property=\"og:title\" content=\"Entdecken Sie Stockholm Loungesessel | SUNS Outdoor Lifestyle\" \/>\n<meta property=\"og:description\" content=\"Suchen Sie einen stilvollen Stockholmer Loungesessel? SUNS bietet komfortable Loungesessel mit modernem Design und hochwertigen Materialien f\u00fcr den Au\u00dfenbereich.\" \/>\n<meta property=\"og:url\" content=\"https:\/\/hello-suns.com\/de\/produkte\/stockholm-sessel\/\" \/>\n<meta property=\"og:site_name\" content=\"SUNS\" \/>\n<meta property=\"article:modified_time\" content=\"2025-05-28T12:35:00+00:00\" \/>\n<meta property=\"og:image\" content=\"https:\/\/hello-suns.com\/app\/uploads\/2025\/01\/01_Loungechair_stockholm_softgrey_01_2500px-2-1-1024x683.png\" \/>\n\t<meta property=\"og:image:width\" content=\"1024\" \/>\n\t<meta property=\"og:image:height\" content=\"683\" \/>\n\t<meta property=\"og:image:type\" content=\"image\/png\" \/>\n<meta name=\"twitter:card\" content=\"summary_large_image\" \/>\n<meta name=\"twitter:label1\" content=\"Est. reading time\" \/>\n\t<meta name=\"twitter:data1\" content=\"3 minutes\" \/>\n<script type=\"application\/ld+json\" class=\"yoast-schema-graph\">{\"@context\":\"https:\/\/schema.org\",\"@graph\":[{\"@type\":\"WebPage\",\"@id\":\"https:\/\/hello-suns.com\/de\/produkte\/stockholm-sessel\/\",\"url\":\"https:\/\/hello-suns.com\/de\/produkte\/stockholm-sessel\/\",\"name\":\"Entdecken Sie Stockholm Loungesessel | SUNS Outdoor Lifestyle\",\"isPartOf\":{\"@id\":\"https:\/\/hello-suns.com\/de\/#website\"},\"primaryImageOfPage\":{\"@id\":\"https:\/\/hello-suns.com\/de\/produkte\/stockholm-sessel\/#primaryimage\"},\"image\":{\"@id\":\"https:\/\/hello-suns.com\/de\/produkte\/stockholm-sessel\/#primaryimage\"},\"thumbnailUrl\":\"https:\/\/hello-suns.com\/app\/uploads\/2025\/01\/01_Loungechair_stockholm_softgrey_01_2500px-2-1.png\",\"datePublished\":\"2025-01-13T11:55:08+00:00\",\"dateModified\":\"2025-05-28T12:35:00+00:00\",\"description\":\"Suchen Sie einen stilvollen Stockholmer Loungesessel? SUNS bietet komfortable Loungesessel mit modernem Design und hochwertigen Materialien f\u00fcr den Au\u00dfenbereich.\",\"breadcrumb\":{\"@id\":\"https:\/\/hello-suns.com\/de\/produkte\/stockholm-sessel\/#breadcrumb\"},\"inLanguage\":\"de-DE\",\"potentialAction\":[{\"@type\":\"ReadAction\",\"target\":[\"https:\/\/hello-suns.com\/de\/produkte\/stockholm-sessel\/\"]}]},{\"@type\":\"ImageObject\",\"inLanguage\":\"de-DE\",\"@id\":\"https:\/\/hello-suns.com\/de\/produkte\/stockholm-sessel\/#primaryimage\",\"url\":\"https:\/\/hello-suns.com\/app\/uploads\/2025\/01\/01_Loungechair_stockholm_softgrey_01_2500px-2-1.png\",\"contentUrl\":\"https:\/\/hello-suns.com\/app\/uploads\/2025\/01\/01_Loungechair_stockholm_softgrey_01_2500px-2-1.png\",\"width\":2500,\"height\":1667},{\"@type\":\"BreadcrumbList\",\"@id\":\"https:\/\/hello-suns.com\/de\/produkte\/stockholm-sessel\/#breadcrumb\",\"itemListElement\":[{\"@type\":\"ListItem\",\"position\":1,\"name\":\"\",\"item\":\"https:\/\/hello-suns.com\/de\/\"},{\"@type\":\"ListItem\",\"position\":2,\"name\":\"Produkte\",\"item\":\"https:\/\/hello-suns.com\/de\/produkte\/\"},{\"@type\":\"ListItem\",\"position\":3,\"name\":\"Stockholm\"}]},{\"@type\":\"WebSite\",\"@id\":\"https:\/\/hello-suns.com\/de\/#website\",\"url\":\"https:\/\/hello-suns.com\/de\/\",\"name\":\"SUNS\",\"description\":\"Outdoor Lifestyle\",\"potentialAction\":[{\"@type\":\"SearchAction\",\"target\":{\"@type\":\"EntryPoint\",\"urlTemplate\":\"https:\/\/hello-suns.com\/de\/?s={search_term_string}\"},\"query-input\":{\"@type\":\"PropertyValueSpecification\",\"valueRequired\":true,\"valueName\":\"search_term_string\"}}],\"inLanguage\":\"de-DE\"}]}<\/script>\n<!-- \/ Yoast SEO plugin. -->","yoast_head_json":{"title":"Entdecken Sie Stockholm Loungesessel | SUNS Outdoor Lifestyle","description":"Suchen Sie einen stilvollen Stockholmer Loungesessel? SUNS bietet komfortable Loungesessel mit modernem Design und hochwertigen Materialien f\u00fcr den Au\u00dfenbereich.","robots":{"index":"index","follow":"follow","max-snippet":"max-snippet:-1","max-image-preview":"max-image-preview:large","max-video-preview":"max-video-preview:-1"},"canonical":"https:\/\/hello-suns.com\/de\/produkte\/stockholm-sessel\/","og_locale":"de_DE","og_type":"article","og_title":"Entdecken Sie Stockholm Loungesessel | SUNS Outdoor Lifestyle","og_description":"Suchen Sie einen stilvollen Stockholmer Loungesessel? SUNS bietet komfortable Loungesessel mit modernem Design und hochwertigen Materialien f\u00fcr den Au\u00dfenbereich.","og_url":"https:\/\/hello-suns.com\/de\/produkte\/stockholm-sessel\/","og_site_name":"SUNS","article_modified_time":"2025-05-28T12:35:00+00:00","og_image":[{"width":1024,"height":683,"url":"https:\/\/hello-suns.com\/app\/uploads\/2025\/01\/01_Loungechair_stockholm_softgrey_01_2500px-2-1-1024x683.png","type":"image\/png"}],"twitter_card":"summary_large_image","twitter_misc":{"Est. reading time":"3 minutes"},"schema":{"@context":"https:\/\/schema.org","@graph":[{"@type":"WebPage","@id":"https:\/\/hello-suns.com\/de\/produkte\/stockholm-sessel\/","url":"https:\/\/hello-suns.com\/de\/produkte\/stockholm-sessel\/","name":"Entdecken Sie Stockholm Loungesessel | SUNS Outdoor Lifestyle","isPartOf":{"@id":"https:\/\/hello-suns.com\/de\/#website"},"primaryImageOfPage":{"@id":"https:\/\/hello-suns.com\/de\/produkte\/stockholm-sessel\/#primaryimage"},"image":{"@id":"https:\/\/hello-suns.com\/de\/produkte\/stockholm-sessel\/#primaryimage"},"thumbnailUrl":"https:\/\/hello-suns.com\/app\/uploads\/2025\/01\/01_Loungechair_stockholm_softgrey_01_2500px-2-1.png","datePublished":"2025-01-13T11:55:08+00:00","dateModified":"2025-05-28T12:35:00+00:00","description":"Suchen Sie einen stilvollen Stockholmer Loungesessel? SUNS bietet komfortable Loungesessel mit modernem Design und hochwertigen Materialien f\u00fcr den Au\u00dfenbereich.","breadcrumb":{"@id":"https:\/\/hello-suns.com\/de\/produkte\/stockholm-sessel\/#breadcrumb"},"inLanguage":"de-DE","potentialAction":[{"@type":"ReadAction","target":["https:\/\/hello-suns.com\/de\/produkte\/stockholm-sessel\/"]}]},{"@type":"ImageObject","inLanguage":"de-DE","@id":"https:\/\/hello-suns.com\/de\/produkte\/stockholm-sessel\/#primaryimage","url":"https:\/\/hello-suns.com\/app\/uploads\/2025\/01\/01_Loungechair_stockholm_softgrey_01_2500px-2-1.png","contentUrl":"https:\/\/hello-suns.com\/app\/uploads\/2025\/01\/01_Loungechair_stockholm_softgrey_01_2500px-2-1.png","width":2500,"height":1667},{"@type":"BreadcrumbList","@id":"https:\/\/hello-suns.com\/de\/produkte\/stockholm-sessel\/#breadcrumb","itemListElement":[{"@type":"ListItem","position":1,"name":"","item":"https:\/\/hello-suns.com\/de\/"},{"@type":"ListItem","position":2,"name":"Produkte","item":"https:\/\/hello-suns.com\/de\/produkte\/"},{"@type":"ListItem","position":3,"name":"Stockholm"}]},{"@type":"WebSite","@id":"https:\/\/hello-suns.com\/de\/#website","url":"https:\/\/hello-suns.com\/de\/","name":"SUNS","description":"Outdoor Lifestyle","potentialAction":[{"@type":"SearchAction","target":{"@type":"EntryPoint","urlTemplate":"https:\/\/hello-suns.com\/de\/?s={search_term_string}"},"query-input":{"@type":"PropertyValueSpecification","valueRequired":true,"valueName":"search_term_string"}}],"inLanguage":"de-DE"}]}},"_links":{"self":[{"href":"https:\/\/hello-suns.com\/de\/wp-json\/wp\/v2\/product\/14023","targetHints":{"allow":["GET"]}}],"collection":[{"href":"https:\/\/hello-suns.com\/de\/wp-json\/wp\/v2\/product"}],"about":[{"href":"https:\/\/hello-suns.com\/de\/wp-json\/wp\/v2\/types\/product"}],"replies":[{"embeddable":true,"href":"https:\/\/hello-suns.com\/de\/wp-json\/wp\/v2\/comments?post=14023"}],"wp:featuredmedia":[{"embeddable":true,"href":"https:\/\/hello-suns.com\/de\/wp-json\/wp\/v2\/media\/14024"}],"wp:attachment":[{"href":"https:\/\/hello-suns.com\/de\/wp-json\/wp\/v2\/media?parent=14023"}],"wp:term":[{"taxonomy":"product_brand","embeddable":true,"href":"https:\/\/hello-suns.com\/de\/wp-json\/wp\/v2\/product_brand?post=14023"},{"taxonomy":"product_cat","embeddable":true,"href":"https:\/\/hello-suns.com\/de\/wp-json\/wp\/v2\/product_cat?post=14023"},{"taxonomy":"product_tag","embeddable":true,"href":"https:\/\/hello-suns.com\/de\/wp-json\/wp\/v2\/product_tag?post=14023"},{"taxonomy":"material","embeddable":true,"href":"https:\/\/hello-suns.com\/de\/wp-json\/wp\/v2\/material?post=14023"}],"curies":[{"name":"wp","href":"https:\/\/api.w.org\/{rel}","templated":true}]}}