{"id":13994,"date":"2025-01-13T12:59:08","date_gmt":"2025-01-13T12:59:08","guid":{"rendered":"https:\/\/hello-suns.com\/producten\/rios\/"},"modified":"2025-05-28T09:10:56","modified_gmt":"2025-05-28T09:10:56","slug":"rios-lounge-sets","status":"publish","type":"product","link":"https:\/\/hello-suns.com\/de\/produkte\/rios-lounge-sets\/","title":{"rendered":"Rios"},"content":{"rendered":"<h2 style=\"font-weight: 400;\">Magisterielle Momente<\/h2>\n<p style=\"font-weight: 400;\">Unendliche Freude am Leben im Freien? Mit Rios verwandeln Sie Ihren Garten oder Ihre Terrasse in einen m\u00e4rchenhaften Lounge-Bereich. G\u00f6nnen Sie sich den Luxus von erstklassigem Lounge-Komfort und schaffen Sie neue Erinnerungen mit Freunden und Familie. Lassen Sie es uns unvergesslich machen!<\/p>\n","protected":false},"excerpt":{"rendered":"<h3 style=\"font-weight: 400;\">Gro\u00dfz\u00fcgiger Genuss mit einem ger\u00e4umigen Layout<\/h3>\n<p style=\"font-weight: 400;\">Rios ist das neueste Lounge-Set von SUNS und folgt nahtlos unserer bekannten Philosophie: hochwertige Materialien, auff\u00e4lliges Design, erhabener Sitzkomfort. Die Sitzelemente dieses Lounge-Sets bestehen aus 2-Sitzern links und rechts, einer Ecke und einem optionalen Mittelst\u00fcck. Wenn Sie ein ger\u00e4umiges Arrangement w\u00fcnschen, dann ist Rios das richtige Set f\u00fcr Sie.<\/p>\n<p style=\"font-weight: 400;\">Was den Sitzkomfort betrifft, l\u00e4sst dieses Set keine W\u00fcnsche offen. Die ger\u00e4umigen Kissen sind mit Quick Dry <b>Foam\u00ae<\/b> gef\u00fcllt, so dass ein Sommerregen kein Thema mehr ist. F\u00fcr die Verarbeitung wurde ein hochwertiger und herrlich weicher Boucl\u00e9-Stoff verwendet. Ein Gestell aus massivem Teakholz verleiht der Garnitur einen attraktiven Farbakzent und garantiert jahrelanges Vergn\u00fcgen. Das Lounge-Set Pico wird standardm\u00e4\u00dfig mit organisch geformten Tischen aus zertifiziertem Teakholz geliefert.<\/p>\n","protected":false},"featured_media":14022,"comment_status":"closed","ping_status":"closed","template":"","meta":{"_acf_changed":false},"product_brand":[],"product_cat":[644,631],"product_tag":[],"material":[],"class_list":{"0":"post-13994","1":"product","2":"type-product","3":"status-publish","4":"has-post-thumbnail","6":"product_cat-lounge-sets","7":"product_cat-you-create","9":"first","10":"instock","11":"shipping-taxable","12":"product-type-simple"},"acf":[],"yoast_head":"<!-- This site is optimized with the Yoast SEO plugin v26.8 - https:\/\/yoast.com\/product\/yoast-seo-wordpress\/ -->\n<title>Entdecken Sie Rios Lounge Set | SUNS Outdoor Lifestyle<\/title>\n<meta name=\"description\" content=\"Suchen Sie ein stilvolles Rios Lounge-Set? SUNS bietet komfortable und langlebige Loungesets mit elegantem Design, die perfekt f\u00fcr einen modernen Au\u00dfenbereich sind.\" \/>\n<meta name=\"robots\" content=\"index, follow, max-snippet:-1, max-image-preview:large, max-video-preview:-1\" \/>\n<link rel=\"canonical\" href=\"https:\/\/hello-suns.com\/de\/produkte\/rios-lounge-sets\/\" \/>\n<meta property=\"og:locale\" content=\"de_DE\" \/>\n<meta property=\"og:type\" content=\"article\" \/>\n<meta property=\"og:title\" content=\"Entdecken Sie Rios Lounge Set | SUNS Outdoor Lifestyle\" \/>\n<meta property=\"og:description\" content=\"Suchen Sie ein stilvolles Rios Lounge-Set? SUNS bietet komfortable und langlebige Loungesets mit elegantem Design, die perfekt f\u00fcr einen modernen Au\u00dfenbereich sind.\" \/>\n<meta property=\"og:url\" content=\"https:\/\/hello-suns.com\/de\/produkte\/rios-lounge-sets\/\" \/>\n<meta property=\"og:site_name\" content=\"SUNS\" \/>\n<meta property=\"article:modified_time\" content=\"2025-05-28T09:10:56+00:00\" \/>\n<meta property=\"og:image\" content=\"https:\/\/hello-suns.com\/app\/uploads\/2025\/01\/Rios-SUNS-loungeset6pcs-TK-Beachyboucle-Free-25-2500.png\" \/>\n\t<meta property=\"og:image:width\" content=\"2500\" \/>\n\t<meta property=\"og:image:height\" content=\"1667\" \/>\n\t<meta property=\"og:image:type\" content=\"image\/png\" \/>\n<meta name=\"twitter:card\" content=\"summary_large_image\" \/>\n<meta name=\"twitter:label1\" content=\"Est. reading time\" \/>\n\t<meta name=\"twitter:data1\" content=\"5 minutes\" \/>\n<script type=\"application\/ld+json\" class=\"yoast-schema-graph\">{\"@context\":\"https:\/\/schema.org\",\"@graph\":[{\"@type\":\"WebPage\",\"@id\":\"https:\/\/hello-suns.com\/de\/produkte\/rios-lounge-sets\/\",\"url\":\"https:\/\/hello-suns.com\/de\/produkte\/rios-lounge-sets\/\",\"name\":\"Entdecken Sie Rios Lounge Set | SUNS Outdoor Lifestyle\",\"isPartOf\":{\"@id\":\"https:\/\/hello-suns.com\/de\/#website\"},\"primaryImageOfPage\":{\"@id\":\"https:\/\/hello-suns.com\/de\/produkte\/rios-lounge-sets\/#primaryimage\"},\"image\":{\"@id\":\"https:\/\/hello-suns.com\/de\/produkte\/rios-lounge-sets\/#primaryimage\"},\"thumbnailUrl\":\"https:\/\/hello-suns.com\/app\/uploads\/2025\/01\/Rios-SUNS-loungeset6pcs-TK-Beachyboucle-Free-25-2500.png\",\"datePublished\":\"2025-01-13T12:59:08+00:00\",\"dateModified\":\"2025-05-28T09:10:56+00:00\",\"description\":\"Suchen Sie ein stilvolles Rios Lounge-Set? SUNS bietet komfortable und langlebige Loungesets mit elegantem Design, die perfekt f\u00fcr einen modernen Au\u00dfenbereich sind.\",\"breadcrumb\":{\"@id\":\"https:\/\/hello-suns.com\/de\/produkte\/rios-lounge-sets\/#breadcrumb\"},\"inLanguage\":\"de-DE\",\"potentialAction\":[{\"@type\":\"ReadAction\",\"target\":[\"https:\/\/hello-suns.com\/de\/produkte\/rios-lounge-sets\/\"]}]},{\"@type\":\"ImageObject\",\"inLanguage\":\"de-DE\",\"@id\":\"https:\/\/hello-suns.com\/de\/produkte\/rios-lounge-sets\/#primaryimage\",\"url\":\"https:\/\/hello-suns.com\/app\/uploads\/2025\/01\/Rios-SUNS-loungeset6pcs-TK-Beachyboucle-Free-25-2500.png\",\"contentUrl\":\"https:\/\/hello-suns.com\/app\/uploads\/2025\/01\/Rios-SUNS-loungeset6pcs-TK-Beachyboucle-Free-25-2500.png\",\"width\":2500,\"height\":1667},{\"@type\":\"BreadcrumbList\",\"@id\":\"https:\/\/hello-suns.com\/de\/produkte\/rios-lounge-sets\/#breadcrumb\",\"itemListElement\":[{\"@type\":\"ListItem\",\"position\":1,\"name\":\"\",\"item\":\"https:\/\/hello-suns.com\/de\/\"},{\"@type\":\"ListItem\",\"position\":2,\"name\":\"Produkte\",\"item\":\"https:\/\/hello-suns.com\/de\/produkte\/\"},{\"@type\":\"ListItem\",\"position\":3,\"name\":\"Rios\"}]},{\"@type\":\"WebSite\",\"@id\":\"https:\/\/hello-suns.com\/de\/#website\",\"url\":\"https:\/\/hello-suns.com\/de\/\",\"name\":\"SUNS\",\"description\":\"Outdoor Lifestyle\",\"potentialAction\":[{\"@type\":\"SearchAction\",\"target\":{\"@type\":\"EntryPoint\",\"urlTemplate\":\"https:\/\/hello-suns.com\/de\/?s={search_term_string}\"},\"query-input\":{\"@type\":\"PropertyValueSpecification\",\"valueRequired\":true,\"valueName\":\"search_term_string\"}}],\"inLanguage\":\"de-DE\"}]}<\/script>\n<!-- \/ Yoast SEO plugin. -->","yoast_head_json":{"title":"Entdecken Sie Rios Lounge Set | SUNS Outdoor Lifestyle","description":"Suchen Sie ein stilvolles Rios Lounge-Set? SUNS bietet komfortable und langlebige Loungesets mit elegantem Design, die perfekt f\u00fcr einen modernen Au\u00dfenbereich sind.","robots":{"index":"index","follow":"follow","max-snippet":"max-snippet:-1","max-image-preview":"max-image-preview:large","max-video-preview":"max-video-preview:-1"},"canonical":"https:\/\/hello-suns.com\/de\/produkte\/rios-lounge-sets\/","og_locale":"de_DE","og_type":"article","og_title":"Entdecken Sie Rios Lounge Set | SUNS Outdoor Lifestyle","og_description":"Suchen Sie ein stilvolles Rios Lounge-Set? SUNS bietet komfortable und langlebige Loungesets mit elegantem Design, die perfekt f\u00fcr einen modernen Au\u00dfenbereich sind.","og_url":"https:\/\/hello-suns.com\/de\/produkte\/rios-lounge-sets\/","og_site_name":"SUNS","article_modified_time":"2025-05-28T09:10:56+00:00","og_image":[{"width":2500,"height":1667,"url":"https:\/\/hello-suns.com\/app\/uploads\/2025\/01\/Rios-SUNS-loungeset6pcs-TK-Beachyboucle-Free-25-2500.png","type":"image\/png"}],"twitter_card":"summary_large_image","twitter_misc":{"Est. reading time":"5 minutes"},"schema":{"@context":"https:\/\/schema.org","@graph":[{"@type":"WebPage","@id":"https:\/\/hello-suns.com\/de\/produkte\/rios-lounge-sets\/","url":"https:\/\/hello-suns.com\/de\/produkte\/rios-lounge-sets\/","name":"Entdecken Sie Rios Lounge Set | SUNS Outdoor Lifestyle","isPartOf":{"@id":"https:\/\/hello-suns.com\/de\/#website"},"primaryImageOfPage":{"@id":"https:\/\/hello-suns.com\/de\/produkte\/rios-lounge-sets\/#primaryimage"},"image":{"@id":"https:\/\/hello-suns.com\/de\/produkte\/rios-lounge-sets\/#primaryimage"},"thumbnailUrl":"https:\/\/hello-suns.com\/app\/uploads\/2025\/01\/Rios-SUNS-loungeset6pcs-TK-Beachyboucle-Free-25-2500.png","datePublished":"2025-01-13T12:59:08+00:00","dateModified":"2025-05-28T09:10:56+00:00","description":"Suchen Sie ein stilvolles Rios Lounge-Set? SUNS bietet komfortable und langlebige Loungesets mit elegantem Design, die perfekt f\u00fcr einen modernen Au\u00dfenbereich sind.","breadcrumb":{"@id":"https:\/\/hello-suns.com\/de\/produkte\/rios-lounge-sets\/#breadcrumb"},"inLanguage":"de-DE","potentialAction":[{"@type":"ReadAction","target":["https:\/\/hello-suns.com\/de\/produkte\/rios-lounge-sets\/"]}]},{"@type":"ImageObject","inLanguage":"de-DE","@id":"https:\/\/hello-suns.com\/de\/produkte\/rios-lounge-sets\/#primaryimage","url":"https:\/\/hello-suns.com\/app\/uploads\/2025\/01\/Rios-SUNS-loungeset6pcs-TK-Beachyboucle-Free-25-2500.png","contentUrl":"https:\/\/hello-suns.com\/app\/uploads\/2025\/01\/Rios-SUNS-loungeset6pcs-TK-Beachyboucle-Free-25-2500.png","width":2500,"height":1667},{"@type":"BreadcrumbList","@id":"https:\/\/hello-suns.com\/de\/produkte\/rios-lounge-sets\/#breadcrumb","itemListElement":[{"@type":"ListItem","position":1,"name":"","item":"https:\/\/hello-suns.com\/de\/"},{"@type":"ListItem","position":2,"name":"Produkte","item":"https:\/\/hello-suns.com\/de\/produkte\/"},{"@type":"ListItem","position":3,"name":"Rios"}]},{"@type":"WebSite","@id":"https:\/\/hello-suns.com\/de\/#website","url":"https:\/\/hello-suns.com\/de\/","name":"SUNS","description":"Outdoor Lifestyle","potentialAction":[{"@type":"SearchAction","target":{"@type":"EntryPoint","urlTemplate":"https:\/\/hello-suns.com\/de\/?s={search_term_string}"},"query-input":{"@type":"PropertyValueSpecification","valueRequired":true,"valueName":"search_term_string"}}],"inLanguage":"de-DE"}]}},"_links":{"self":[{"href":"https:\/\/hello-suns.com\/de\/wp-json\/wp\/v2\/product\/13994","targetHints":{"allow":["GET"]}}],"collection":[{"href":"https:\/\/hello-suns.com\/de\/wp-json\/wp\/v2\/product"}],"about":[{"href":"https:\/\/hello-suns.com\/de\/wp-json\/wp\/v2\/types\/product"}],"replies":[{"embeddable":true,"href":"https:\/\/hello-suns.com\/de\/wp-json\/wp\/v2\/comments?post=13994"}],"wp:featuredmedia":[{"embeddable":true,"href":"https:\/\/hello-suns.com\/de\/wp-json\/wp\/v2\/media\/14022"}],"wp:attachment":[{"href":"https:\/\/hello-suns.com\/de\/wp-json\/wp\/v2\/media?parent=13994"}],"wp:term":[{"taxonomy":"product_brand","embeddable":true,"href":"https:\/\/hello-suns.com\/de\/wp-json\/wp\/v2\/product_brand?post=13994"},{"taxonomy":"product_cat","embeddable":true,"href":"https:\/\/hello-suns.com\/de\/wp-json\/wp\/v2\/product_cat?post=13994"},{"taxonomy":"product_tag","embeddable":true,"href":"https:\/\/hello-suns.com\/de\/wp-json\/wp\/v2\/product_tag?post=13994"},{"taxonomy":"material","embeddable":true,"href":"https:\/\/hello-suns.com\/de\/wp-json\/wp\/v2\/material?post=13994"}],"curies":[{"name":"wp","href":"https:\/\/api.w.org\/{rel}","templated":true}]}}