{"id":13976,"date":"2025-01-13T13:05:18","date_gmt":"2025-01-13T13:05:18","guid":{"rendered":"https:\/\/hello-suns.com\/producten\/nappa-3\/"},"modified":"2025-06-19T09:16:02","modified_gmt":"2025-06-19T09:16:02","slug":"nappa-sofa-set","status":"publish","type":"product","link":"https:\/\/hello-suns.com\/de\/produkte\/nappa-sofa-set\/","title":{"rendered":"Nappa"},"content":{"rendered":"<h2 style=\"font-weight: 400;\">Stil ist nie aus der Mode<\/h2>\n<p style=\"font-weight: 400;\">Die Versch\u00f6nerung Ihres Au\u00dfenbereichs muss nicht kompliziert sein. Mit der Sofagarnitur Nappa bringen Sie zeitlose Klassiker in Ihren Garten oder auf Ihre Terrasse und kombinieren stilvolles Design mit modernem Sitzkomfort. Herrliche Sommerabende sind garantiert.<\/p>\n","protected":false},"excerpt":{"rendered":"<h3 style=\"font-weight: 400;\">Auffallend elegant<\/h3>\n<p style=\"font-weight: 400;\">Der Stuhl SUNS Nappa war die Inspiration f\u00fcr diese neue Sofagarnitur. Das Design ist auffallend elegant und die hochwertigen, seilgeflochtenen Sitze (knotweave) bieten angenehmen Sitzkomfort.<\/p>\n<p style=\"font-weight: 400;\">Die Gestelle des 2-Sitzer-Sofas und der Sessel sind aus robustem Aluminium gefertigt, so dass dieses Set einiges aushalten kann. Die sch\u00f6nen Kissen sind mit einem hochwertigen, wasserabweisenden Oberstoff bezogen und mit Fast Dry Foam gef\u00fcllt. Sowohl das Gestell als auch die Kissen sind in verschiedenen Farben erh\u00e4ltlich, die sich hervorragend miteinander kombinieren lassen. SUNS Nappa kann problemlos mit Beistelltischen aus den SUNS-Kollektionen kombiniert werden.<\/p>\n","protected":false},"featured_media":13384,"comment_status":"closed","ping_status":"closed","template":"","meta":{"_acf_changed":false},"product_brand":[],"product_cat":[643],"product_tag":[],"material":[],"class_list":{"0":"post-13976","1":"product","2":"type-product","3":"status-publish","4":"has-post-thumbnail","6":"product_cat-sofa-sets","8":"first","9":"instock","10":"shipping-taxable","11":"product-type-simple"},"acf":[],"yoast_head":"<!-- This site is optimized with the Yoast SEO plugin v26.8 - https:\/\/yoast.com\/product\/yoast-seo-wordpress\/ -->\n<title>Entdecken Sie das Nappa Sofa Set | SUNS Outdoor Lifestyle<\/title>\n<meta name=\"description\" content=\"Suchen Sie ein stilvolles Nappa-Sofa-Set? SUNS bietet luxuri\u00f6se Sofagarnituren, die Komfort, Haltbarkeit und modernes Design f\u00fcr einen eleganten Au\u00dfenbereich kombinieren.\" \/>\n<meta name=\"robots\" content=\"index, follow, max-snippet:-1, max-image-preview:large, max-video-preview:-1\" \/>\n<link rel=\"canonical\" href=\"https:\/\/hello-suns.com\/de\/produkte\/nappa-sofa-set\/\" \/>\n<meta property=\"og:locale\" content=\"de_DE\" \/>\n<meta property=\"og:type\" content=\"article\" \/>\n<meta property=\"og:title\" content=\"Entdecken Sie das Nappa Sofa Set | SUNS Outdoor Lifestyle\" \/>\n<meta property=\"og:description\" content=\"Suchen Sie ein stilvolles Nappa-Sofa-Set? SUNS bietet luxuri\u00f6se Sofagarnituren, die Komfort, Haltbarkeit und modernes Design f\u00fcr einen eleganten Au\u00dfenbereich kombinieren.\" \/>\n<meta property=\"og:url\" content=\"https:\/\/hello-suns.com\/de\/produkte\/nappa-sofa-set\/\" \/>\n<meta property=\"og:site_name\" content=\"SUNS\" \/>\n<meta property=\"article:modified_time\" content=\"2025-06-19T09:16:02+00:00\" \/>\n<meta property=\"og:image\" content=\"https:\/\/hello-suns.com\/app\/uploads\/2025\/01\/01_Nappa-SUNS-Sofaset-CS-NG-free-25-2500-4-1024x683.png\" \/>\n\t<meta property=\"og:image:width\" content=\"1024\" \/>\n\t<meta property=\"og:image:height\" content=\"683\" \/>\n\t<meta property=\"og:image:type\" content=\"image\/png\" \/>\n<meta name=\"twitter:card\" content=\"summary_large_image\" \/>\n<meta name=\"twitter:label1\" content=\"Est. reading time\" \/>\n\t<meta name=\"twitter:data1\" content=\"3 minutes\" \/>\n<script type=\"application\/ld+json\" class=\"yoast-schema-graph\">{\"@context\":\"https:\/\/schema.org\",\"@graph\":[{\"@type\":\"WebPage\",\"@id\":\"https:\/\/hello-suns.com\/de\/produkte\/nappa-sofa-set\/\",\"url\":\"https:\/\/hello-suns.com\/de\/produkte\/nappa-sofa-set\/\",\"name\":\"Entdecken Sie das Nappa Sofa Set | SUNS Outdoor Lifestyle\",\"isPartOf\":{\"@id\":\"https:\/\/hello-suns.com\/de\/#website\"},\"primaryImageOfPage\":{\"@id\":\"https:\/\/hello-suns.com\/de\/produkte\/nappa-sofa-set\/#primaryimage\"},\"image\":{\"@id\":\"https:\/\/hello-suns.com\/de\/produkte\/nappa-sofa-set\/#primaryimage\"},\"thumbnailUrl\":\"https:\/\/hello-suns.com\/app\/uploads\/2025\/01\/01_Nappa-SUNS-Sofaset-CS-NG-free-25-2500-4.png\",\"datePublished\":\"2025-01-13T13:05:18+00:00\",\"dateModified\":\"2025-06-19T09:16:02+00:00\",\"description\":\"Suchen Sie ein stilvolles Nappa-Sofa-Set? SUNS bietet luxuri\u00f6se Sofagarnituren, die Komfort, Haltbarkeit und modernes Design f\u00fcr einen eleganten Au\u00dfenbereich kombinieren.\",\"breadcrumb\":{\"@id\":\"https:\/\/hello-suns.com\/de\/produkte\/nappa-sofa-set\/#breadcrumb\"},\"inLanguage\":\"de-DE\",\"potentialAction\":[{\"@type\":\"ReadAction\",\"target\":[\"https:\/\/hello-suns.com\/de\/produkte\/nappa-sofa-set\/\"]}]},{\"@type\":\"ImageObject\",\"inLanguage\":\"de-DE\",\"@id\":\"https:\/\/hello-suns.com\/de\/produkte\/nappa-sofa-set\/#primaryimage\",\"url\":\"https:\/\/hello-suns.com\/app\/uploads\/2025\/01\/01_Nappa-SUNS-Sofaset-CS-NG-free-25-2500-4.png\",\"contentUrl\":\"https:\/\/hello-suns.com\/app\/uploads\/2025\/01\/01_Nappa-SUNS-Sofaset-CS-NG-free-25-2500-4.png\",\"width\":2500,\"height\":1667},{\"@type\":\"BreadcrumbList\",\"@id\":\"https:\/\/hello-suns.com\/de\/produkte\/nappa-sofa-set\/#breadcrumb\",\"itemListElement\":[{\"@type\":\"ListItem\",\"position\":1,\"name\":\"\",\"item\":\"https:\/\/hello-suns.com\/de\/\"},{\"@type\":\"ListItem\",\"position\":2,\"name\":\"Produkte\",\"item\":\"https:\/\/hello-suns.com\/de\/produkte\/\"},{\"@type\":\"ListItem\",\"position\":3,\"name\":\"Nappa\"}]},{\"@type\":\"WebSite\",\"@id\":\"https:\/\/hello-suns.com\/de\/#website\",\"url\":\"https:\/\/hello-suns.com\/de\/\",\"name\":\"SUNS\",\"description\":\"Outdoor Lifestyle\",\"potentialAction\":[{\"@type\":\"SearchAction\",\"target\":{\"@type\":\"EntryPoint\",\"urlTemplate\":\"https:\/\/hello-suns.com\/de\/?s={search_term_string}\"},\"query-input\":{\"@type\":\"PropertyValueSpecification\",\"valueRequired\":true,\"valueName\":\"search_term_string\"}}],\"inLanguage\":\"de-DE\"}]}<\/script>\n<!-- \/ Yoast SEO plugin. -->","yoast_head_json":{"title":"Entdecken Sie das Nappa Sofa Set | SUNS Outdoor Lifestyle","description":"Suchen Sie ein stilvolles Nappa-Sofa-Set? SUNS bietet luxuri\u00f6se Sofagarnituren, die Komfort, Haltbarkeit und modernes Design f\u00fcr einen eleganten Au\u00dfenbereich kombinieren.","robots":{"index":"index","follow":"follow","max-snippet":"max-snippet:-1","max-image-preview":"max-image-preview:large","max-video-preview":"max-video-preview:-1"},"canonical":"https:\/\/hello-suns.com\/de\/produkte\/nappa-sofa-set\/","og_locale":"de_DE","og_type":"article","og_title":"Entdecken Sie das Nappa Sofa Set | SUNS Outdoor Lifestyle","og_description":"Suchen Sie ein stilvolles Nappa-Sofa-Set? SUNS bietet luxuri\u00f6se Sofagarnituren, die Komfort, Haltbarkeit und modernes Design f\u00fcr einen eleganten Au\u00dfenbereich kombinieren.","og_url":"https:\/\/hello-suns.com\/de\/produkte\/nappa-sofa-set\/","og_site_name":"SUNS","article_modified_time":"2025-06-19T09:16:02+00:00","og_image":[{"width":1024,"height":683,"url":"https:\/\/hello-suns.com\/app\/uploads\/2025\/01\/01_Nappa-SUNS-Sofaset-CS-NG-free-25-2500-4-1024x683.png","type":"image\/png"}],"twitter_card":"summary_large_image","twitter_misc":{"Est. reading time":"3 minutes"},"schema":{"@context":"https:\/\/schema.org","@graph":[{"@type":"WebPage","@id":"https:\/\/hello-suns.com\/de\/produkte\/nappa-sofa-set\/","url":"https:\/\/hello-suns.com\/de\/produkte\/nappa-sofa-set\/","name":"Entdecken Sie das Nappa Sofa Set | SUNS Outdoor Lifestyle","isPartOf":{"@id":"https:\/\/hello-suns.com\/de\/#website"},"primaryImageOfPage":{"@id":"https:\/\/hello-suns.com\/de\/produkte\/nappa-sofa-set\/#primaryimage"},"image":{"@id":"https:\/\/hello-suns.com\/de\/produkte\/nappa-sofa-set\/#primaryimage"},"thumbnailUrl":"https:\/\/hello-suns.com\/app\/uploads\/2025\/01\/01_Nappa-SUNS-Sofaset-CS-NG-free-25-2500-4.png","datePublished":"2025-01-13T13:05:18+00:00","dateModified":"2025-06-19T09:16:02+00:00","description":"Suchen Sie ein stilvolles Nappa-Sofa-Set? SUNS bietet luxuri\u00f6se Sofagarnituren, die Komfort, Haltbarkeit und modernes Design f\u00fcr einen eleganten Au\u00dfenbereich kombinieren.","breadcrumb":{"@id":"https:\/\/hello-suns.com\/de\/produkte\/nappa-sofa-set\/#breadcrumb"},"inLanguage":"de-DE","potentialAction":[{"@type":"ReadAction","target":["https:\/\/hello-suns.com\/de\/produkte\/nappa-sofa-set\/"]}]},{"@type":"ImageObject","inLanguage":"de-DE","@id":"https:\/\/hello-suns.com\/de\/produkte\/nappa-sofa-set\/#primaryimage","url":"https:\/\/hello-suns.com\/app\/uploads\/2025\/01\/01_Nappa-SUNS-Sofaset-CS-NG-free-25-2500-4.png","contentUrl":"https:\/\/hello-suns.com\/app\/uploads\/2025\/01\/01_Nappa-SUNS-Sofaset-CS-NG-free-25-2500-4.png","width":2500,"height":1667},{"@type":"BreadcrumbList","@id":"https:\/\/hello-suns.com\/de\/produkte\/nappa-sofa-set\/#breadcrumb","itemListElement":[{"@type":"ListItem","position":1,"name":"","item":"https:\/\/hello-suns.com\/de\/"},{"@type":"ListItem","position":2,"name":"Produkte","item":"https:\/\/hello-suns.com\/de\/produkte\/"},{"@type":"ListItem","position":3,"name":"Nappa"}]},{"@type":"WebSite","@id":"https:\/\/hello-suns.com\/de\/#website","url":"https:\/\/hello-suns.com\/de\/","name":"SUNS","description":"Outdoor Lifestyle","potentialAction":[{"@type":"SearchAction","target":{"@type":"EntryPoint","urlTemplate":"https:\/\/hello-suns.com\/de\/?s={search_term_string}"},"query-input":{"@type":"PropertyValueSpecification","valueRequired":true,"valueName":"search_term_string"}}],"inLanguage":"de-DE"}]}},"_links":{"self":[{"href":"https:\/\/hello-suns.com\/de\/wp-json\/wp\/v2\/product\/13976","targetHints":{"allow":["GET"]}}],"collection":[{"href":"https:\/\/hello-suns.com\/de\/wp-json\/wp\/v2\/product"}],"about":[{"href":"https:\/\/hello-suns.com\/de\/wp-json\/wp\/v2\/types\/product"}],"replies":[{"embeddable":true,"href":"https:\/\/hello-suns.com\/de\/wp-json\/wp\/v2\/comments?post=13976"}],"wp:featuredmedia":[{"embeddable":true,"href":"https:\/\/hello-suns.com\/de\/wp-json\/wp\/v2\/media\/13384"}],"wp:attachment":[{"href":"https:\/\/hello-suns.com\/de\/wp-json\/wp\/v2\/media?parent=13976"}],"wp:term":[{"taxonomy":"product_brand","embeddable":true,"href":"https:\/\/hello-suns.com\/de\/wp-json\/wp\/v2\/product_brand?post=13976"},{"taxonomy":"product_cat","embeddable":true,"href":"https:\/\/hello-suns.com\/de\/wp-json\/wp\/v2\/product_cat?post=13976"},{"taxonomy":"product_tag","embeddable":true,"href":"https:\/\/hello-suns.com\/de\/wp-json\/wp\/v2\/product_tag?post=13976"},{"taxonomy":"material","embeddable":true,"href":"https:\/\/hello-suns.com\/de\/wp-json\/wp\/v2\/material?post=13976"}],"curies":[{"name":"wp","href":"https:\/\/api.w.org\/{rel}","templated":true}]}}