{"id":13974,"date":"2025-01-13T13:34:01","date_gmt":"2025-01-13T13:34:01","guid":{"rendered":"https:\/\/hello-suns.com\/producten\/termoli-lounge\/"},"modified":"2025-06-04T11:43:06","modified_gmt":"2025-06-04T11:43:06","slug":"termoli-sessel","status":"publish","type":"product","link":"https:\/\/hello-suns.com\/de\/produkte\/termoli-sessel\/","title":{"rendered":"Termoli | lounge"},"content":{"rendered":"<h2>Zeitloser Stil, endloser Luxus<\/h2>\n<p>Der Termoli Lounge Chair l\u00e4sst sich mit einem Wort beschreiben: zeitlos. Nehmen Sie Platz und sehen Sie selbst, wie herrlich es ist, die Zeit zu vergessen.<\/p>\n","protected":false},"excerpt":{"rendered":"<h3>Rang und Ber\u00fchrung<\/h3>\n<p>Der Loungesessel Termoli verdankt sein stilvolles Aussehen der sch\u00f6nen Verwendung von schr\u00e4gem Teakholz, den starken Ecklinien und der bequemen Sitzposition. Die Kissen dieses sch\u00f6nen Sessels sind mit einem schnelltrocknenden Kern ausgestattet und mit einem hochwertigen Au\u00dfenstoff bezogen. Dank dieser hochwertigen Materialien kann Termoli 12 Monate im Jahr im Freien bleiben. Aus der Termoli-Produktlinie sind auch ein Lounge-Set und ein Sofa-Set mit einzelnen Sesseln und einem Sofa erh\u00e4ltlich, eine stilvolle Wahl. Optimale Entspannung? Dann w\u00e4hlen Sie die Liege.<\/p>\n","protected":false},"featured_media":13984,"comment_status":"closed","ping_status":"closed","template":"","meta":{"_acf_changed":false},"product_brand":[],"product_cat":[619],"product_tag":[],"material":[],"class_list":{"0":"post-13974","1":"product","2":"type-product","3":"status-publish","4":"has-post-thumbnail","6":"product_cat-sessel","8":"first","9":"instock","10":"shipping-taxable","11":"product-type-simple"},"acf":[],"yoast_head":"<!-- This site is optimized with the Yoast SEO plugin v26.8 - https:\/\/yoast.com\/product\/yoast-seo-wordpress\/ -->\n<title>Entdecken Sie Termoli Loungesessel | SUNS Outdoor Lifestyle<\/title>\n<meta name=\"description\" content=\"Suchen Sie einen stilvollen Termoli-Loungesessel? SUNS bietet komfortable Loungesessel mit modernem Design, ideal f\u00fcr einen luxuri\u00f6sen und entspannenden Garten.\" \/>\n<meta name=\"robots\" content=\"index, follow, max-snippet:-1, max-image-preview:large, max-video-preview:-1\" \/>\n<link rel=\"canonical\" href=\"https:\/\/hello-suns.com\/de\/produkte\/termoli-sessel\/\" \/>\n<meta property=\"og:locale\" content=\"de_DE\" \/>\n<meta property=\"og:type\" content=\"article\" \/>\n<meta property=\"og:title\" content=\"Entdecken Sie Termoli Loungesessel | SUNS Outdoor Lifestyle\" \/>\n<meta property=\"og:description\" content=\"Suchen Sie einen stilvollen Termoli-Loungesessel? SUNS bietet komfortable Loungesessel mit modernem Design, ideal f\u00fcr einen luxuri\u00f6sen und entspannenden Garten.\" \/>\n<meta property=\"og:url\" content=\"https:\/\/hello-suns.com\/de\/produkte\/termoli-sessel\/\" \/>\n<meta property=\"og:site_name\" content=\"SUNS\" \/>\n<meta property=\"article:modified_time\" content=\"2025-06-04T11:43:06+00:00\" \/>\n<meta property=\"og:image\" content=\"https:\/\/hello-suns.com\/app\/uploads\/2025\/01\/01_Termoli-SUNS-Sofaset-TK-NG-Free-23-2.png\" \/>\n\t<meta property=\"og:image:width\" content=\"2500\" \/>\n\t<meta property=\"og:image:height\" content=\"1667\" \/>\n\t<meta property=\"og:image:type\" content=\"image\/png\" \/>\n<meta name=\"twitter:card\" content=\"summary_large_image\" \/>\n<meta name=\"twitter:label1\" content=\"Est. reading time\" \/>\n\t<meta name=\"twitter:data1\" content=\"3 minutes\" \/>\n<script type=\"application\/ld+json\" class=\"yoast-schema-graph\">{\"@context\":\"https:\/\/schema.org\",\"@graph\":[{\"@type\":\"WebPage\",\"@id\":\"https:\/\/hello-suns.com\/de\/produkte\/termoli-sessel\/\",\"url\":\"https:\/\/hello-suns.com\/de\/produkte\/termoli-sessel\/\",\"name\":\"Entdecken Sie Termoli Loungesessel | SUNS Outdoor Lifestyle\",\"isPartOf\":{\"@id\":\"https:\/\/hello-suns.com\/de\/#website\"},\"primaryImageOfPage\":{\"@id\":\"https:\/\/hello-suns.com\/de\/produkte\/termoli-sessel\/#primaryimage\"},\"image\":{\"@id\":\"https:\/\/hello-suns.com\/de\/produkte\/termoli-sessel\/#primaryimage\"},\"thumbnailUrl\":\"https:\/\/hello-suns.com\/app\/uploads\/2025\/01\/01_Termoli-SUNS-Sofaset-TK-NG-Free-23-2.png\",\"datePublished\":\"2025-01-13T13:34:01+00:00\",\"dateModified\":\"2025-06-04T11:43:06+00:00\",\"description\":\"Suchen Sie einen stilvollen Termoli-Loungesessel? SUNS bietet komfortable Loungesessel mit modernem Design, ideal f\u00fcr einen luxuri\u00f6sen und entspannenden Garten.\",\"breadcrumb\":{\"@id\":\"https:\/\/hello-suns.com\/de\/produkte\/termoli-sessel\/#breadcrumb\"},\"inLanguage\":\"de-DE\",\"potentialAction\":[{\"@type\":\"ReadAction\",\"target\":[\"https:\/\/hello-suns.com\/de\/produkte\/termoli-sessel\/\"]}]},{\"@type\":\"ImageObject\",\"inLanguage\":\"de-DE\",\"@id\":\"https:\/\/hello-suns.com\/de\/produkte\/termoli-sessel\/#primaryimage\",\"url\":\"https:\/\/hello-suns.com\/app\/uploads\/2025\/01\/01_Termoli-SUNS-Sofaset-TK-NG-Free-23-2.png\",\"contentUrl\":\"https:\/\/hello-suns.com\/app\/uploads\/2025\/01\/01_Termoli-SUNS-Sofaset-TK-NG-Free-23-2.png\",\"width\":2500,\"height\":1667},{\"@type\":\"BreadcrumbList\",\"@id\":\"https:\/\/hello-suns.com\/de\/produkte\/termoli-sessel\/#breadcrumb\",\"itemListElement\":[{\"@type\":\"ListItem\",\"position\":1,\"name\":\"\",\"item\":\"https:\/\/hello-suns.com\/de\/\"},{\"@type\":\"ListItem\",\"position\":2,\"name\":\"Produkte\",\"item\":\"https:\/\/hello-suns.com\/de\/produkte\/\"},{\"@type\":\"ListItem\",\"position\":3,\"name\":\"Termoli | lounge\"}]},{\"@type\":\"WebSite\",\"@id\":\"https:\/\/hello-suns.com\/de\/#website\",\"url\":\"https:\/\/hello-suns.com\/de\/\",\"name\":\"SUNS\",\"description\":\"Outdoor Lifestyle\",\"potentialAction\":[{\"@type\":\"SearchAction\",\"target\":{\"@type\":\"EntryPoint\",\"urlTemplate\":\"https:\/\/hello-suns.com\/de\/?s={search_term_string}\"},\"query-input\":{\"@type\":\"PropertyValueSpecification\",\"valueRequired\":true,\"valueName\":\"search_term_string\"}}],\"inLanguage\":\"de-DE\"}]}<\/script>\n<!-- \/ Yoast SEO plugin. -->","yoast_head_json":{"title":"Entdecken Sie Termoli Loungesessel | SUNS Outdoor Lifestyle","description":"Suchen Sie einen stilvollen Termoli-Loungesessel? SUNS bietet komfortable Loungesessel mit modernem Design, ideal f\u00fcr einen luxuri\u00f6sen und entspannenden Garten.","robots":{"index":"index","follow":"follow","max-snippet":"max-snippet:-1","max-image-preview":"max-image-preview:large","max-video-preview":"max-video-preview:-1"},"canonical":"https:\/\/hello-suns.com\/de\/produkte\/termoli-sessel\/","og_locale":"de_DE","og_type":"article","og_title":"Entdecken Sie Termoli Loungesessel | SUNS Outdoor Lifestyle","og_description":"Suchen Sie einen stilvollen Termoli-Loungesessel? SUNS bietet komfortable Loungesessel mit modernem Design, ideal f\u00fcr einen luxuri\u00f6sen und entspannenden Garten.","og_url":"https:\/\/hello-suns.com\/de\/produkte\/termoli-sessel\/","og_site_name":"SUNS","article_modified_time":"2025-06-04T11:43:06+00:00","og_image":[{"width":2500,"height":1667,"url":"https:\/\/hello-suns.com\/app\/uploads\/2025\/01\/01_Termoli-SUNS-Sofaset-TK-NG-Free-23-2.png","type":"image\/png"}],"twitter_card":"summary_large_image","twitter_misc":{"Est. reading time":"3 minutes"},"schema":{"@context":"https:\/\/schema.org","@graph":[{"@type":"WebPage","@id":"https:\/\/hello-suns.com\/de\/produkte\/termoli-sessel\/","url":"https:\/\/hello-suns.com\/de\/produkte\/termoli-sessel\/","name":"Entdecken Sie Termoli Loungesessel | SUNS Outdoor Lifestyle","isPartOf":{"@id":"https:\/\/hello-suns.com\/de\/#website"},"primaryImageOfPage":{"@id":"https:\/\/hello-suns.com\/de\/produkte\/termoli-sessel\/#primaryimage"},"image":{"@id":"https:\/\/hello-suns.com\/de\/produkte\/termoli-sessel\/#primaryimage"},"thumbnailUrl":"https:\/\/hello-suns.com\/app\/uploads\/2025\/01\/01_Termoli-SUNS-Sofaset-TK-NG-Free-23-2.png","datePublished":"2025-01-13T13:34:01+00:00","dateModified":"2025-06-04T11:43:06+00:00","description":"Suchen Sie einen stilvollen Termoli-Loungesessel? SUNS bietet komfortable Loungesessel mit modernem Design, ideal f\u00fcr einen luxuri\u00f6sen und entspannenden Garten.","breadcrumb":{"@id":"https:\/\/hello-suns.com\/de\/produkte\/termoli-sessel\/#breadcrumb"},"inLanguage":"de-DE","potentialAction":[{"@type":"ReadAction","target":["https:\/\/hello-suns.com\/de\/produkte\/termoli-sessel\/"]}]},{"@type":"ImageObject","inLanguage":"de-DE","@id":"https:\/\/hello-suns.com\/de\/produkte\/termoli-sessel\/#primaryimage","url":"https:\/\/hello-suns.com\/app\/uploads\/2025\/01\/01_Termoli-SUNS-Sofaset-TK-NG-Free-23-2.png","contentUrl":"https:\/\/hello-suns.com\/app\/uploads\/2025\/01\/01_Termoli-SUNS-Sofaset-TK-NG-Free-23-2.png","width":2500,"height":1667},{"@type":"BreadcrumbList","@id":"https:\/\/hello-suns.com\/de\/produkte\/termoli-sessel\/#breadcrumb","itemListElement":[{"@type":"ListItem","position":1,"name":"","item":"https:\/\/hello-suns.com\/de\/"},{"@type":"ListItem","position":2,"name":"Produkte","item":"https:\/\/hello-suns.com\/de\/produkte\/"},{"@type":"ListItem","position":3,"name":"Termoli | lounge"}]},{"@type":"WebSite","@id":"https:\/\/hello-suns.com\/de\/#website","url":"https:\/\/hello-suns.com\/de\/","name":"SUNS","description":"Outdoor Lifestyle","potentialAction":[{"@type":"SearchAction","target":{"@type":"EntryPoint","urlTemplate":"https:\/\/hello-suns.com\/de\/?s={search_term_string}"},"query-input":{"@type":"PropertyValueSpecification","valueRequired":true,"valueName":"search_term_string"}}],"inLanguage":"de-DE"}]}},"_links":{"self":[{"href":"https:\/\/hello-suns.com\/de\/wp-json\/wp\/v2\/product\/13974","targetHints":{"allow":["GET"]}}],"collection":[{"href":"https:\/\/hello-suns.com\/de\/wp-json\/wp\/v2\/product"}],"about":[{"href":"https:\/\/hello-suns.com\/de\/wp-json\/wp\/v2\/types\/product"}],"replies":[{"embeddable":true,"href":"https:\/\/hello-suns.com\/de\/wp-json\/wp\/v2\/comments?post=13974"}],"wp:featuredmedia":[{"embeddable":true,"href":"https:\/\/hello-suns.com\/de\/wp-json\/wp\/v2\/media\/13984"}],"wp:attachment":[{"href":"https:\/\/hello-suns.com\/de\/wp-json\/wp\/v2\/media?parent=13974"}],"wp:term":[{"taxonomy":"product_brand","embeddable":true,"href":"https:\/\/hello-suns.com\/de\/wp-json\/wp\/v2\/product_brand?post=13974"},{"taxonomy":"product_cat","embeddable":true,"href":"https:\/\/hello-suns.com\/de\/wp-json\/wp\/v2\/product_cat?post=13974"},{"taxonomy":"product_tag","embeddable":true,"href":"https:\/\/hello-suns.com\/de\/wp-json\/wp\/v2\/product_tag?post=13974"},{"taxonomy":"material","embeddable":true,"href":"https:\/\/hello-suns.com\/de\/wp-json\/wp\/v2\/material?post=13974"}],"curies":[{"name":"wp","href":"https:\/\/api.w.org\/{rel}","templated":true}]}}