{"id":13963,"date":"2025-01-13T13:13:27","date_gmt":"2025-01-13T12:13:27","guid":{"rendered":"https:\/\/hello-suns.com\/producten\/nardo-aluminium-2\/"},"modified":"2026-02-23T10:59:46","modified_gmt":"2026-02-23T09:59:46","slug":"nardo-aluminium-sofa-set","status":"publish","type":"product","link":"https:\/\/hello-suns.com\/de\/produkte\/nardo-aluminium-sofa-set\/","title":{"rendered":"Nardo | Aluminium"},"content":{"rendered":"<h2 style=\"font-weight: 400;\">Au\u00dfergew\u00f6hnlich in seiner Einfachheit<\/h2>\n<p style=\"font-weight: 400;\">Die allerh\u00f6chste Qualit\u00e4t kann sich in purer Einfachheit ausdr\u00fccken. Die Sofagarnitur Nardo aus Aluminium beweist, dass optimaler Komfort, schlankes Design und authentische Accessoires nicht unbedingt aufwendig sein m\u00fcssen. Entdecken Sie selbst, wie unaufdringlicher Luxus zu endlosem Vergn\u00fcgen wird.<\/p>\n","protected":false},"excerpt":{"rendered":"<h3 style=\"font-weight: 400;\">Setzen Sie auf den industriellen Look<\/h3>\n<p style=\"font-weight: 400;\">Die Sofagarnitur Nardo &#8211; Aluminium ist die stilvolle Erweiterung der beliebten Produktlinie Nardo. Diese Sofagarnitur besteht aus einem Gestell aus industriellem Aluminium. Die markanten, klammerf\u00f6rmigen Beine sorgen f\u00fcr eine robuste Optik und eine felsenfeste Konstruktion. Die R\u00fcckenlehnen sind mit unserer innovativen Kissenbefestigung ausgestattet. Dank der Schlaufe an den Kissen und dem Holzstab geh\u00f6rt das l\u00e4stige Verrutschen der Kissen der Vergangenheit an. Die Kissen sind mit einem hochwertigen, wetterfesten Stoff bezogen. Der Beistelltisch erg\u00e4nzt nahtlos das elegante Design.<\/p>\n<p style=\"font-weight: 400;\">Nardo ist ein Blickfang mit \u00e4u\u00dferst bequemen Sitzgelegenheiten. Dank des You-Create-Prinzips k\u00f6nnen Sie mit Nardo die ideale Einrichtung f\u00fcr Ihren Garten oder Ihre Terrasse schaffen. Nardo ist als Lounge-Set (mit fester Ecke) oder als Sofa-Set erh\u00e4ltlich. Innerhalb der Nardo-Produktlinie bieten wir diese Sofagarnitur auch in einer Kombination aus Teak und Aluminium an.<\/p>\n","protected":false},"featured_media":13404,"comment_status":"closed","ping_status":"closed","template":"","meta":{"_acf_changed":false},"product_brand":[],"product_cat":[643,631],"product_tag":[],"material":[],"class_list":{"0":"post-13963","1":"product","2":"type-product","3":"status-publish","4":"has-post-thumbnail","6":"product_cat-sofa-sets","7":"product_cat-you-create","9":"first","10":"instock","11":"shipping-taxable","12":"product-type-simple"},"acf":[],"yoast_head":"<!-- This site is optimized with the Yoast SEO plugin v26.8 - https:\/\/yoast.com\/product\/yoast-seo-wordpress\/ -->\n<title>Entdecken Sie Nardo Aluminium Sofa Set | SUNS Outdoor Lifestyle<\/title>\n<meta name=\"description\" content=\"Suchen Sie ein stilvolles nardo Aluminium-Sofa-Set? SUNS bietet luxuri\u00f6se Sofagarnituren aus robustem Aluminium mit modernem Design und ultimativem Komfort.\" \/>\n<meta name=\"robots\" content=\"index, follow, max-snippet:-1, max-image-preview:large, max-video-preview:-1\" \/>\n<link rel=\"canonical\" href=\"https:\/\/hello-suns.com\/de\/produkte\/nardo-aluminium-sofa-set\/\" \/>\n<meta property=\"og:locale\" content=\"de_DE\" \/>\n<meta property=\"og:type\" content=\"article\" \/>\n<meta property=\"og:title\" content=\"Entdecken Sie Nardo Aluminium Sofa Set | SUNS Outdoor Lifestyle\" \/>\n<meta property=\"og:description\" content=\"Suchen Sie ein stilvolles nardo Aluminium-Sofa-Set? SUNS bietet luxuri\u00f6se Sofagarnituren aus robustem Aluminium mit modernem Design und ultimativem Komfort.\" \/>\n<meta property=\"og:url\" content=\"https:\/\/hello-suns.com\/de\/produkte\/nardo-aluminium-sofa-set\/\" \/>\n<meta property=\"og:site_name\" content=\"SUNS\" \/>\n<meta property=\"article:modified_time\" content=\"2026-02-23T09:59:46+00:00\" \/>\n<meta property=\"og:image\" content=\"https:\/\/hello-suns.com\/app\/uploads\/2025\/01\/Nardo-SUNS-Sofaset-MB-NMW-Free-1-2.png\" \/>\n\t<meta property=\"og:image:width\" content=\"2500\" \/>\n\t<meta property=\"og:image:height\" content=\"1667\" \/>\n\t<meta property=\"og:image:type\" content=\"image\/png\" \/>\n<meta name=\"twitter:card\" content=\"summary_large_image\" \/>\n<meta name=\"twitter:label1\" content=\"Est. reading time\" \/>\n\t<meta name=\"twitter:data1\" content=\"3 minutes\" \/>\n<script type=\"application\/ld+json\" class=\"yoast-schema-graph\">{\"@context\":\"https:\/\/schema.org\",\"@graph\":[{\"@type\":\"WebPage\",\"@id\":\"https:\/\/hello-suns.com\/de\/produkte\/nardo-aluminium-sofa-set\/\",\"url\":\"https:\/\/hello-suns.com\/de\/produkte\/nardo-aluminium-sofa-set\/\",\"name\":\"Entdecken Sie Nardo Aluminium Sofa Set | SUNS Outdoor Lifestyle\",\"isPartOf\":{\"@id\":\"https:\/\/hello-suns.com\/de\/#website\"},\"primaryImageOfPage\":{\"@id\":\"https:\/\/hello-suns.com\/de\/produkte\/nardo-aluminium-sofa-set\/#primaryimage\"},\"image\":{\"@id\":\"https:\/\/hello-suns.com\/de\/produkte\/nardo-aluminium-sofa-set\/#primaryimage\"},\"thumbnailUrl\":\"https:\/\/hello-suns.com\/app\/uploads\/2025\/01\/Nardo-SUNS-Sofaset-MB-NMW-Free-1-2.png\",\"datePublished\":\"2025-01-13T12:13:27+00:00\",\"dateModified\":\"2026-02-23T09:59:46+00:00\",\"description\":\"Suchen Sie ein stilvolles nardo Aluminium-Sofa-Set? SUNS bietet luxuri\u00f6se Sofagarnituren aus robustem Aluminium mit modernem Design und ultimativem Komfort.\",\"breadcrumb\":{\"@id\":\"https:\/\/hello-suns.com\/de\/produkte\/nardo-aluminium-sofa-set\/#breadcrumb\"},\"inLanguage\":\"de-DE\",\"potentialAction\":[{\"@type\":\"ReadAction\",\"target\":[\"https:\/\/hello-suns.com\/de\/produkte\/nardo-aluminium-sofa-set\/\"]}]},{\"@type\":\"ImageObject\",\"inLanguage\":\"de-DE\",\"@id\":\"https:\/\/hello-suns.com\/de\/produkte\/nardo-aluminium-sofa-set\/#primaryimage\",\"url\":\"https:\/\/hello-suns.com\/app\/uploads\/2025\/01\/Nardo-SUNS-Sofaset-MB-NMW-Free-1-2.png\",\"contentUrl\":\"https:\/\/hello-suns.com\/app\/uploads\/2025\/01\/Nardo-SUNS-Sofaset-MB-NMW-Free-1-2.png\",\"width\":2500,\"height\":1667},{\"@type\":\"BreadcrumbList\",\"@id\":\"https:\/\/hello-suns.com\/de\/produkte\/nardo-aluminium-sofa-set\/#breadcrumb\",\"itemListElement\":[{\"@type\":\"ListItem\",\"position\":1,\"name\":\"\",\"item\":\"https:\/\/hello-suns.com\/de\/\"},{\"@type\":\"ListItem\",\"position\":2,\"name\":\"Produkte\",\"item\":\"https:\/\/hello-suns.com\/de\/produkte\/\"},{\"@type\":\"ListItem\",\"position\":3,\"name\":\"Nardo | Aluminium\"}]},{\"@type\":\"WebSite\",\"@id\":\"https:\/\/hello-suns.com\/de\/#website\",\"url\":\"https:\/\/hello-suns.com\/de\/\",\"name\":\"SUNS\",\"description\":\"Outdoor Lifestyle\",\"potentialAction\":[{\"@type\":\"SearchAction\",\"target\":{\"@type\":\"EntryPoint\",\"urlTemplate\":\"https:\/\/hello-suns.com\/de\/?s={search_term_string}\"},\"query-input\":{\"@type\":\"PropertyValueSpecification\",\"valueRequired\":true,\"valueName\":\"search_term_string\"}}],\"inLanguage\":\"de-DE\"}]}<\/script>\n<!-- \/ Yoast SEO plugin. -->","yoast_head_json":{"title":"Entdecken Sie Nardo Aluminium Sofa Set | SUNS Outdoor Lifestyle","description":"Suchen Sie ein stilvolles nardo Aluminium-Sofa-Set? SUNS bietet luxuri\u00f6se Sofagarnituren aus robustem Aluminium mit modernem Design und ultimativem Komfort.","robots":{"index":"index","follow":"follow","max-snippet":"max-snippet:-1","max-image-preview":"max-image-preview:large","max-video-preview":"max-video-preview:-1"},"canonical":"https:\/\/hello-suns.com\/de\/produkte\/nardo-aluminium-sofa-set\/","og_locale":"de_DE","og_type":"article","og_title":"Entdecken Sie Nardo Aluminium Sofa Set | SUNS Outdoor Lifestyle","og_description":"Suchen Sie ein stilvolles nardo Aluminium-Sofa-Set? SUNS bietet luxuri\u00f6se Sofagarnituren aus robustem Aluminium mit modernem Design und ultimativem Komfort.","og_url":"https:\/\/hello-suns.com\/de\/produkte\/nardo-aluminium-sofa-set\/","og_site_name":"SUNS","article_modified_time":"2026-02-23T09:59:46+00:00","og_image":[{"width":2500,"height":1667,"url":"https:\/\/hello-suns.com\/app\/uploads\/2025\/01\/Nardo-SUNS-Sofaset-MB-NMW-Free-1-2.png","type":"image\/png"}],"twitter_card":"summary_large_image","twitter_misc":{"Est. reading time":"3 minutes"},"schema":{"@context":"https:\/\/schema.org","@graph":[{"@type":"WebPage","@id":"https:\/\/hello-suns.com\/de\/produkte\/nardo-aluminium-sofa-set\/","url":"https:\/\/hello-suns.com\/de\/produkte\/nardo-aluminium-sofa-set\/","name":"Entdecken Sie Nardo Aluminium Sofa Set | SUNS Outdoor Lifestyle","isPartOf":{"@id":"https:\/\/hello-suns.com\/de\/#website"},"primaryImageOfPage":{"@id":"https:\/\/hello-suns.com\/de\/produkte\/nardo-aluminium-sofa-set\/#primaryimage"},"image":{"@id":"https:\/\/hello-suns.com\/de\/produkte\/nardo-aluminium-sofa-set\/#primaryimage"},"thumbnailUrl":"https:\/\/hello-suns.com\/app\/uploads\/2025\/01\/Nardo-SUNS-Sofaset-MB-NMW-Free-1-2.png","datePublished":"2025-01-13T12:13:27+00:00","dateModified":"2026-02-23T09:59:46+00:00","description":"Suchen Sie ein stilvolles nardo Aluminium-Sofa-Set? SUNS bietet luxuri\u00f6se Sofagarnituren aus robustem Aluminium mit modernem Design und ultimativem Komfort.","breadcrumb":{"@id":"https:\/\/hello-suns.com\/de\/produkte\/nardo-aluminium-sofa-set\/#breadcrumb"},"inLanguage":"de-DE","potentialAction":[{"@type":"ReadAction","target":["https:\/\/hello-suns.com\/de\/produkte\/nardo-aluminium-sofa-set\/"]}]},{"@type":"ImageObject","inLanguage":"de-DE","@id":"https:\/\/hello-suns.com\/de\/produkte\/nardo-aluminium-sofa-set\/#primaryimage","url":"https:\/\/hello-suns.com\/app\/uploads\/2025\/01\/Nardo-SUNS-Sofaset-MB-NMW-Free-1-2.png","contentUrl":"https:\/\/hello-suns.com\/app\/uploads\/2025\/01\/Nardo-SUNS-Sofaset-MB-NMW-Free-1-2.png","width":2500,"height":1667},{"@type":"BreadcrumbList","@id":"https:\/\/hello-suns.com\/de\/produkte\/nardo-aluminium-sofa-set\/#breadcrumb","itemListElement":[{"@type":"ListItem","position":1,"name":"","item":"https:\/\/hello-suns.com\/de\/"},{"@type":"ListItem","position":2,"name":"Produkte","item":"https:\/\/hello-suns.com\/de\/produkte\/"},{"@type":"ListItem","position":3,"name":"Nardo | Aluminium"}]},{"@type":"WebSite","@id":"https:\/\/hello-suns.com\/de\/#website","url":"https:\/\/hello-suns.com\/de\/","name":"SUNS","description":"Outdoor Lifestyle","potentialAction":[{"@type":"SearchAction","target":{"@type":"EntryPoint","urlTemplate":"https:\/\/hello-suns.com\/de\/?s={search_term_string}"},"query-input":{"@type":"PropertyValueSpecification","valueRequired":true,"valueName":"search_term_string"}}],"inLanguage":"de-DE"}]}},"_links":{"self":[{"href":"https:\/\/hello-suns.com\/de\/wp-json\/wp\/v2\/product\/13963","targetHints":{"allow":["GET"]}}],"collection":[{"href":"https:\/\/hello-suns.com\/de\/wp-json\/wp\/v2\/product"}],"about":[{"href":"https:\/\/hello-suns.com\/de\/wp-json\/wp\/v2\/types\/product"}],"replies":[{"embeddable":true,"href":"https:\/\/hello-suns.com\/de\/wp-json\/wp\/v2\/comments?post=13963"}],"wp:featuredmedia":[{"embeddable":true,"href":"https:\/\/hello-suns.com\/de\/wp-json\/wp\/v2\/media\/13404"}],"wp:attachment":[{"href":"https:\/\/hello-suns.com\/de\/wp-json\/wp\/v2\/media?parent=13963"}],"wp:term":[{"taxonomy":"product_brand","embeddable":true,"href":"https:\/\/hello-suns.com\/de\/wp-json\/wp\/v2\/product_brand?post=13963"},{"taxonomy":"product_cat","embeddable":true,"href":"https:\/\/hello-suns.com\/de\/wp-json\/wp\/v2\/product_cat?post=13963"},{"taxonomy":"product_tag","embeddable":true,"href":"https:\/\/hello-suns.com\/de\/wp-json\/wp\/v2\/product_tag?post=13963"},{"taxonomy":"material","embeddable":true,"href":"https:\/\/hello-suns.com\/de\/wp-json\/wp\/v2\/material?post=13963"}],"curies":[{"name":"wp","href":"https:\/\/api.w.org\/{rel}","templated":true}]}}