{"id":13821,"date":"2025-01-13T13:58:55","date_gmt":"2025-01-13T13:58:55","guid":{"rendered":"https:\/\/hello-suns.com\/producten\/sorrento-2\/"},"modified":"2025-05-28T09:16:05","modified_gmt":"2025-05-28T09:16:05","slug":"sorrento-lounge-sets","status":"publish","type":"product","link":"https:\/\/hello-suns.com\/de\/produkte\/sorrento-lounge-sets\/","title":{"rendered":"Sorrento"},"content":{"rendered":"<h2 style=\"font-weight: 400;\">Einladender Komfort<\/h2>\n<p style=\"font-weight: 400;\">Erleben Sie den ultimativen Komfort von Sorrento. Lassen Sie sich von diesem raffinierten Design umarmen und genie\u00dfen Sie eine Stilikone, die Ihnen die besten Momente im Freien beschert.<\/p>\n","protected":false},"excerpt":{"rendered":"<h3 style=\"font-weight: 400;\">Einzigartiges Loungeset im Seilwerk-Design mit sehr bequemen Kissen<\/h3>\n<p style=\"font-weight: 400;\">Das Loungeset Sorrento vereint Einfachheit, Komfort und Eleganz in optima forma. Die Basis sorgt f\u00fcr eine sehr solide Konstruktion. Das Seilwerk in stilvollem Fischgr\u00e4tengeflecht verleiht dem Set einen einzigartigen Look. Und dann sind da noch die Kissen! Sorrento bietet einen noch nie dagewesenen Sitzkomfort. Das Innere der reich gepolsterten Kissen besteht aus einem hochwertigen, schnell trocknenden Kern. Die Polsterung der Kissen besteht aus einem erstklassigen Au\u00dfenstoff: wasserabweisend, fungizid und wetterfest. Er f\u00fchlt sich weich an und ist herrlich bequem. Sorrento ist auch als Sofa-Set oder Lounge-Set mit Chaiselongue erh\u00e4ltlich.<\/p>\n","protected":false},"featured_media":13860,"comment_status":"closed","ping_status":"closed","template":"","meta":{"_acf_changed":false},"product_brand":[],"product_cat":[644,631],"product_tag":[],"material":[],"class_list":{"0":"post-13821","1":"product","2":"type-product","3":"status-publish","4":"has-post-thumbnail","6":"product_cat-lounge-sets","7":"product_cat-you-create","9":"first","10":"instock","11":"shipping-taxable","12":"product-type-simple"},"acf":[],"yoast_head":"<!-- This site is optimized with the Yoast SEO plugin v26.8 - https:\/\/yoast.com\/product\/yoast-seo-wordpress\/ -->\n<title>Entdecken Sie Sorrento Lounge Set | SUNS Outdoor Lifestyle<\/title>\n<meta name=\"description\" content=\"Suchen Sie ein stilvolles Sorrento Lounge-Set? SUNS bietet luxuri\u00f6se und bequeme Lounge-Sets mit schlichtem Design, perfekt f\u00fcr einen modernen Au\u00dfenbereich.\" \/>\n<meta name=\"robots\" content=\"index, follow, max-snippet:-1, max-image-preview:large, max-video-preview:-1\" \/>\n<link rel=\"canonical\" href=\"https:\/\/hello-suns.com\/de\/produkte\/sorrento-lounge-sets\/\" \/>\n<meta property=\"og:locale\" content=\"de_DE\" \/>\n<meta property=\"og:type\" content=\"article\" \/>\n<meta property=\"og:title\" content=\"Entdecken Sie Sorrento Lounge Set | SUNS Outdoor Lifestyle\" \/>\n<meta property=\"og:description\" content=\"Suchen Sie ein stilvolles Sorrento Lounge-Set? SUNS bietet luxuri\u00f6se und bequeme Lounge-Sets mit schlichtem Design, perfekt f\u00fcr einen modernen Au\u00dfenbereich.\" \/>\n<meta property=\"og:url\" content=\"https:\/\/hello-suns.com\/de\/produkte\/sorrento-lounge-sets\/\" \/>\n<meta property=\"og:site_name\" content=\"SUNS\" \/>\n<meta property=\"article:modified_time\" content=\"2025-05-28T09:16:05+00:00\" \/>\n<meta property=\"og:image\" content=\"https:\/\/hello-suns.com\/app\/uploads\/2025\/01\/01_Sorrento_Loungeset_SUNS-3.png\" \/>\n\t<meta property=\"og:image:width\" content=\"1920\" \/>\n\t<meta property=\"og:image:height\" content=\"1280\" \/>\n\t<meta property=\"og:image:type\" content=\"image\/png\" \/>\n<meta name=\"twitter:card\" content=\"summary_large_image\" \/>\n<meta name=\"twitter:label1\" content=\"Est. reading time\" \/>\n\t<meta name=\"twitter:data1\" content=\"7 minutes\" \/>\n<script type=\"application\/ld+json\" class=\"yoast-schema-graph\">{\"@context\":\"https:\/\/schema.org\",\"@graph\":[{\"@type\":\"WebPage\",\"@id\":\"https:\/\/hello-suns.com\/de\/produkte\/sorrento-lounge-sets\/\",\"url\":\"https:\/\/hello-suns.com\/de\/produkte\/sorrento-lounge-sets\/\",\"name\":\"Entdecken Sie Sorrento Lounge Set | SUNS Outdoor Lifestyle\",\"isPartOf\":{\"@id\":\"https:\/\/hello-suns.com\/de\/#website\"},\"primaryImageOfPage\":{\"@id\":\"https:\/\/hello-suns.com\/de\/produkte\/sorrento-lounge-sets\/#primaryimage\"},\"image\":{\"@id\":\"https:\/\/hello-suns.com\/de\/produkte\/sorrento-lounge-sets\/#primaryimage\"},\"thumbnailUrl\":\"https:\/\/hello-suns.com\/app\/uploads\/2025\/01\/01_Sorrento_Loungeset_SUNS-3.png\",\"datePublished\":\"2025-01-13T13:58:55+00:00\",\"dateModified\":\"2025-05-28T09:16:05+00:00\",\"description\":\"Suchen Sie ein stilvolles Sorrento Lounge-Set? SUNS bietet luxuri\u00f6se und bequeme Lounge-Sets mit schlichtem Design, perfekt f\u00fcr einen modernen Au\u00dfenbereich.\",\"breadcrumb\":{\"@id\":\"https:\/\/hello-suns.com\/de\/produkte\/sorrento-lounge-sets\/#breadcrumb\"},\"inLanguage\":\"de-DE\",\"potentialAction\":[{\"@type\":\"ReadAction\",\"target\":[\"https:\/\/hello-suns.com\/de\/produkte\/sorrento-lounge-sets\/\"]}]},{\"@type\":\"ImageObject\",\"inLanguage\":\"de-DE\",\"@id\":\"https:\/\/hello-suns.com\/de\/produkte\/sorrento-lounge-sets\/#primaryimage\",\"url\":\"https:\/\/hello-suns.com\/app\/uploads\/2025\/01\/01_Sorrento_Loungeset_SUNS-3.png\",\"contentUrl\":\"https:\/\/hello-suns.com\/app\/uploads\/2025\/01\/01_Sorrento_Loungeset_SUNS-3.png\",\"width\":1920,\"height\":1280},{\"@type\":\"BreadcrumbList\",\"@id\":\"https:\/\/hello-suns.com\/de\/produkte\/sorrento-lounge-sets\/#breadcrumb\",\"itemListElement\":[{\"@type\":\"ListItem\",\"position\":1,\"name\":\"\",\"item\":\"https:\/\/hello-suns.com\/de\/\"},{\"@type\":\"ListItem\",\"position\":2,\"name\":\"Produkte\",\"item\":\"https:\/\/hello-suns.com\/de\/produkte\/\"},{\"@type\":\"ListItem\",\"position\":3,\"name\":\"Sorrento\"}]},{\"@type\":\"WebSite\",\"@id\":\"https:\/\/hello-suns.com\/de\/#website\",\"url\":\"https:\/\/hello-suns.com\/de\/\",\"name\":\"SUNS\",\"description\":\"Outdoor Lifestyle\",\"potentialAction\":[{\"@type\":\"SearchAction\",\"target\":{\"@type\":\"EntryPoint\",\"urlTemplate\":\"https:\/\/hello-suns.com\/de\/?s={search_term_string}\"},\"query-input\":{\"@type\":\"PropertyValueSpecification\",\"valueRequired\":true,\"valueName\":\"search_term_string\"}}],\"inLanguage\":\"de-DE\"}]}<\/script>\n<!-- \/ Yoast SEO plugin. -->","yoast_head_json":{"title":"Entdecken Sie Sorrento Lounge Set | SUNS Outdoor Lifestyle","description":"Suchen Sie ein stilvolles Sorrento Lounge-Set? SUNS bietet luxuri\u00f6se und bequeme Lounge-Sets mit schlichtem Design, perfekt f\u00fcr einen modernen Au\u00dfenbereich.","robots":{"index":"index","follow":"follow","max-snippet":"max-snippet:-1","max-image-preview":"max-image-preview:large","max-video-preview":"max-video-preview:-1"},"canonical":"https:\/\/hello-suns.com\/de\/produkte\/sorrento-lounge-sets\/","og_locale":"de_DE","og_type":"article","og_title":"Entdecken Sie Sorrento Lounge Set | SUNS Outdoor Lifestyle","og_description":"Suchen Sie ein stilvolles Sorrento Lounge-Set? SUNS bietet luxuri\u00f6se und bequeme Lounge-Sets mit schlichtem Design, perfekt f\u00fcr einen modernen Au\u00dfenbereich.","og_url":"https:\/\/hello-suns.com\/de\/produkte\/sorrento-lounge-sets\/","og_site_name":"SUNS","article_modified_time":"2025-05-28T09:16:05+00:00","og_image":[{"width":1920,"height":1280,"url":"https:\/\/hello-suns.com\/app\/uploads\/2025\/01\/01_Sorrento_Loungeset_SUNS-3.png","type":"image\/png"}],"twitter_card":"summary_large_image","twitter_misc":{"Est. reading time":"7 minutes"},"schema":{"@context":"https:\/\/schema.org","@graph":[{"@type":"WebPage","@id":"https:\/\/hello-suns.com\/de\/produkte\/sorrento-lounge-sets\/","url":"https:\/\/hello-suns.com\/de\/produkte\/sorrento-lounge-sets\/","name":"Entdecken Sie Sorrento Lounge Set | SUNS Outdoor Lifestyle","isPartOf":{"@id":"https:\/\/hello-suns.com\/de\/#website"},"primaryImageOfPage":{"@id":"https:\/\/hello-suns.com\/de\/produkte\/sorrento-lounge-sets\/#primaryimage"},"image":{"@id":"https:\/\/hello-suns.com\/de\/produkte\/sorrento-lounge-sets\/#primaryimage"},"thumbnailUrl":"https:\/\/hello-suns.com\/app\/uploads\/2025\/01\/01_Sorrento_Loungeset_SUNS-3.png","datePublished":"2025-01-13T13:58:55+00:00","dateModified":"2025-05-28T09:16:05+00:00","description":"Suchen Sie ein stilvolles Sorrento Lounge-Set? SUNS bietet luxuri\u00f6se und bequeme Lounge-Sets mit schlichtem Design, perfekt f\u00fcr einen modernen Au\u00dfenbereich.","breadcrumb":{"@id":"https:\/\/hello-suns.com\/de\/produkte\/sorrento-lounge-sets\/#breadcrumb"},"inLanguage":"de-DE","potentialAction":[{"@type":"ReadAction","target":["https:\/\/hello-suns.com\/de\/produkte\/sorrento-lounge-sets\/"]}]},{"@type":"ImageObject","inLanguage":"de-DE","@id":"https:\/\/hello-suns.com\/de\/produkte\/sorrento-lounge-sets\/#primaryimage","url":"https:\/\/hello-suns.com\/app\/uploads\/2025\/01\/01_Sorrento_Loungeset_SUNS-3.png","contentUrl":"https:\/\/hello-suns.com\/app\/uploads\/2025\/01\/01_Sorrento_Loungeset_SUNS-3.png","width":1920,"height":1280},{"@type":"BreadcrumbList","@id":"https:\/\/hello-suns.com\/de\/produkte\/sorrento-lounge-sets\/#breadcrumb","itemListElement":[{"@type":"ListItem","position":1,"name":"","item":"https:\/\/hello-suns.com\/de\/"},{"@type":"ListItem","position":2,"name":"Produkte","item":"https:\/\/hello-suns.com\/de\/produkte\/"},{"@type":"ListItem","position":3,"name":"Sorrento"}]},{"@type":"WebSite","@id":"https:\/\/hello-suns.com\/de\/#website","url":"https:\/\/hello-suns.com\/de\/","name":"SUNS","description":"Outdoor Lifestyle","potentialAction":[{"@type":"SearchAction","target":{"@type":"EntryPoint","urlTemplate":"https:\/\/hello-suns.com\/de\/?s={search_term_string}"},"query-input":{"@type":"PropertyValueSpecification","valueRequired":true,"valueName":"search_term_string"}}],"inLanguage":"de-DE"}]}},"_links":{"self":[{"href":"https:\/\/hello-suns.com\/de\/wp-json\/wp\/v2\/product\/13821","targetHints":{"allow":["GET"]}}],"collection":[{"href":"https:\/\/hello-suns.com\/de\/wp-json\/wp\/v2\/product"}],"about":[{"href":"https:\/\/hello-suns.com\/de\/wp-json\/wp\/v2\/types\/product"}],"replies":[{"embeddable":true,"href":"https:\/\/hello-suns.com\/de\/wp-json\/wp\/v2\/comments?post=13821"}],"wp:featuredmedia":[{"embeddable":true,"href":"https:\/\/hello-suns.com\/de\/wp-json\/wp\/v2\/media\/13860"}],"wp:attachment":[{"href":"https:\/\/hello-suns.com\/de\/wp-json\/wp\/v2\/media?parent=13821"}],"wp:term":[{"taxonomy":"product_brand","embeddable":true,"href":"https:\/\/hello-suns.com\/de\/wp-json\/wp\/v2\/product_brand?post=13821"},{"taxonomy":"product_cat","embeddable":true,"href":"https:\/\/hello-suns.com\/de\/wp-json\/wp\/v2\/product_cat?post=13821"},{"taxonomy":"product_tag","embeddable":true,"href":"https:\/\/hello-suns.com\/de\/wp-json\/wp\/v2\/product_tag?post=13821"},{"taxonomy":"material","embeddable":true,"href":"https:\/\/hello-suns.com\/de\/wp-json\/wp\/v2\/material?post=13821"}],"curies":[{"name":"wp","href":"https:\/\/api.w.org\/{rel}","templated":true}]}}