{"id":13820,"date":"2025-01-13T13:38:53","date_gmt":"2025-01-13T12:38:53","guid":{"rendered":"https:\/\/hello-suns.com\/producten\/nardo-teakholz-2\/"},"modified":"2026-02-23T10:22:06","modified_gmt":"2026-02-23T09:22:06","slug":"nardo-teak-sofa-set","status":"publish","type":"product","link":"https:\/\/hello-suns.com\/de\/produkte\/nardo-teak-sofa-set\/","title":{"rendered":"Nardo | Teak"},"content":{"rendered":"<h3 style=\"font-weight: 400;\">G\u00f6nnen Sie sich das Lounge-Feeling<\/h3>\n<p style=\"font-weight: 400;\">Mit der Sofagarnitur Nardo beginnt intensives Vergn\u00fcgen in Ihrem eigenen Garten. Nehmen Sie Platz, nutzen Sie den Moment und erleben Sie den wunderbaren Komfort, denn Nardo l\u00e4dt Sie ein, sich von Kopf bis Fu\u00df zu entspannen. Das ist wahres Faulenzen.<\/p>\n","protected":false},"excerpt":{"rendered":"<h3 style=\"font-weight: 400;\">Nur die allerbesten Materialien<\/h3>\n<p style=\"font-weight: 400;\">Nardo ist eine stilvolle Sofagarnitur aus beschichtetem Aluminium und robustem Teakholz. Teakholz bildet die robuste und witterungsbest\u00e4ndige Basis dieser Garnitur. Die Beine aus Aluminium sorgen f\u00fcr das robuste Aussehen und die solide Konstruktion. Die R\u00fcckenlehnen sind ebenfalls aus Aluminium gefertigt und in der gleichen Farbe wie das Gestell beschichtet. Nardo verf\u00fcgt \u00fcber unsere innovative Kissenbefestigung. Dank der Schlaufe an den Kissen und dem Holzstab geh\u00f6rt das l\u00e4stige Verrutschen der Kissen der Vergangenheit an. F\u00fcr zus\u00e4tzlichen Komfort k\u00f6nnen Sie die Sofagarnitur mit optionalen Armlehnen erweitern.<\/p>\n<p style=\"font-weight: 400;\">Nardo ist ein echter Blickfang und eine \u00e4u\u00dferst komfortable Sofagarnitur. Die Kissen bestehen aus einem hochwertigen, wetterfesten Stoff, so dass Sie lange Freude daran haben werden.<\/p>\n","protected":false},"featured_media":13822,"comment_status":"closed","ping_status":"closed","template":"","meta":{"_acf_changed":false},"product_brand":[],"product_cat":[643,631],"product_tag":[],"material":[],"class_list":{"0":"post-13820","1":"product","2":"type-product","3":"status-publish","4":"has-post-thumbnail","6":"product_cat-sofa-sets","7":"product_cat-you-create","9":"first","10":"instock","11":"shipping-taxable","12":"product-type-simple"},"acf":[],"yoast_head":"<!-- This site is optimized with the Yoast SEO plugin v26.8 - https:\/\/yoast.com\/product\/yoast-seo-wordpress\/ -->\n<title>Entdecken Sie Nardo Teak Sofa Set | SUNS Outdoor Lifestyle<\/title>\n<meta name=\"description\" content=\"Suchen Sie eine stilvolle Sofagarnitur aus Teakholz von Nardo? SUNS bietet luxuri\u00f6se Sofagarnituren mit eleganter Teakholzkonstruktion, kombiniert mit modernem Design und Komfort.\" \/>\n<meta name=\"robots\" content=\"index, follow, max-snippet:-1, max-image-preview:large, max-video-preview:-1\" \/>\n<link rel=\"canonical\" href=\"https:\/\/hello-suns.com\/de\/produkte\/nardo-teak-sofa-set\/\" \/>\n<meta property=\"og:locale\" content=\"de_DE\" \/>\n<meta property=\"og:type\" content=\"article\" \/>\n<meta property=\"og:title\" content=\"Entdecken Sie Nardo Teak Sofa Set | SUNS Outdoor Lifestyle\" \/>\n<meta property=\"og:description\" content=\"Suchen Sie eine stilvolle Sofagarnitur aus Teakholz von Nardo? SUNS bietet luxuri\u00f6se Sofagarnituren mit eleganter Teakholzkonstruktion, kombiniert mit modernem Design und Komfort.\" \/>\n<meta property=\"og:url\" content=\"https:\/\/hello-suns.com\/de\/produkte\/nardo-teak-sofa-set\/\" \/>\n<meta property=\"og:site_name\" content=\"SUNS\" \/>\n<meta property=\"article:modified_time\" content=\"2026-02-23T09:22:06+00:00\" \/>\n<meta property=\"og:image\" content=\"https:\/\/hello-suns.com\/app\/uploads\/2025\/01\/Nardo-SUNS-Sofaset-MRG-NMW-Free-20-1_TBG.png\" \/>\n\t<meta property=\"og:image:width\" content=\"2500\" \/>\n\t<meta property=\"og:image:height\" content=\"1667\" \/>\n\t<meta property=\"og:image:type\" content=\"image\/png\" \/>\n<meta name=\"twitter:card\" content=\"summary_large_image\" \/>\n<meta name=\"twitter:label1\" content=\"Est. reading time\" \/>\n\t<meta name=\"twitter:data1\" content=\"4 minutes\" \/>\n<script type=\"application\/ld+json\" class=\"yoast-schema-graph\">{\"@context\":\"https:\/\/schema.org\",\"@graph\":[{\"@type\":\"WebPage\",\"@id\":\"https:\/\/hello-suns.com\/de\/produkte\/nardo-teak-sofa-set\/\",\"url\":\"https:\/\/hello-suns.com\/de\/produkte\/nardo-teak-sofa-set\/\",\"name\":\"Entdecken Sie Nardo Teak Sofa Set | SUNS Outdoor Lifestyle\",\"isPartOf\":{\"@id\":\"https:\/\/hello-suns.com\/de\/#website\"},\"primaryImageOfPage\":{\"@id\":\"https:\/\/hello-suns.com\/de\/produkte\/nardo-teak-sofa-set\/#primaryimage\"},\"image\":{\"@id\":\"https:\/\/hello-suns.com\/de\/produkte\/nardo-teak-sofa-set\/#primaryimage\"},\"thumbnailUrl\":\"https:\/\/hello-suns.com\/app\/uploads\/2025\/01\/Nardo-SUNS-Sofaset-MRG-NMW-Free-20-1_TBG.png\",\"datePublished\":\"2025-01-13T12:38:53+00:00\",\"dateModified\":\"2026-02-23T09:22:06+00:00\",\"description\":\"Suchen Sie eine stilvolle Sofagarnitur aus Teakholz von Nardo? SUNS bietet luxuri\u00f6se Sofagarnituren mit eleganter Teakholzkonstruktion, kombiniert mit modernem Design und Komfort.\",\"breadcrumb\":{\"@id\":\"https:\/\/hello-suns.com\/de\/produkte\/nardo-teak-sofa-set\/#breadcrumb\"},\"inLanguage\":\"de-DE\",\"potentialAction\":[{\"@type\":\"ReadAction\",\"target\":[\"https:\/\/hello-suns.com\/de\/produkte\/nardo-teak-sofa-set\/\"]}]},{\"@type\":\"ImageObject\",\"inLanguage\":\"de-DE\",\"@id\":\"https:\/\/hello-suns.com\/de\/produkte\/nardo-teak-sofa-set\/#primaryimage\",\"url\":\"https:\/\/hello-suns.com\/app\/uploads\/2025\/01\/Nardo-SUNS-Sofaset-MRG-NMW-Free-20-1_TBG.png\",\"contentUrl\":\"https:\/\/hello-suns.com\/app\/uploads\/2025\/01\/Nardo-SUNS-Sofaset-MRG-NMW-Free-20-1_TBG.png\",\"width\":2500,\"height\":1667},{\"@type\":\"BreadcrumbList\",\"@id\":\"https:\/\/hello-suns.com\/de\/produkte\/nardo-teak-sofa-set\/#breadcrumb\",\"itemListElement\":[{\"@type\":\"ListItem\",\"position\":1,\"name\":\"\",\"item\":\"https:\/\/hello-suns.com\/de\/\"},{\"@type\":\"ListItem\",\"position\":2,\"name\":\"Produkte\",\"item\":\"https:\/\/hello-suns.com\/de\/produkte\/\"},{\"@type\":\"ListItem\",\"position\":3,\"name\":\"Nardo | Teak\"}]},{\"@type\":\"WebSite\",\"@id\":\"https:\/\/hello-suns.com\/de\/#website\",\"url\":\"https:\/\/hello-suns.com\/de\/\",\"name\":\"SUNS\",\"description\":\"Outdoor Lifestyle\",\"potentialAction\":[{\"@type\":\"SearchAction\",\"target\":{\"@type\":\"EntryPoint\",\"urlTemplate\":\"https:\/\/hello-suns.com\/de\/?s={search_term_string}\"},\"query-input\":{\"@type\":\"PropertyValueSpecification\",\"valueRequired\":true,\"valueName\":\"search_term_string\"}}],\"inLanguage\":\"de-DE\"}]}<\/script>\n<!-- \/ Yoast SEO plugin. -->","yoast_head_json":{"title":"Entdecken Sie Nardo Teak Sofa Set | SUNS Outdoor Lifestyle","description":"Suchen Sie eine stilvolle Sofagarnitur aus Teakholz von Nardo? SUNS bietet luxuri\u00f6se Sofagarnituren mit eleganter Teakholzkonstruktion, kombiniert mit modernem Design und Komfort.","robots":{"index":"index","follow":"follow","max-snippet":"max-snippet:-1","max-image-preview":"max-image-preview:large","max-video-preview":"max-video-preview:-1"},"canonical":"https:\/\/hello-suns.com\/de\/produkte\/nardo-teak-sofa-set\/","og_locale":"de_DE","og_type":"article","og_title":"Entdecken Sie Nardo Teak Sofa Set | SUNS Outdoor Lifestyle","og_description":"Suchen Sie eine stilvolle Sofagarnitur aus Teakholz von Nardo? SUNS bietet luxuri\u00f6se Sofagarnituren mit eleganter Teakholzkonstruktion, kombiniert mit modernem Design und Komfort.","og_url":"https:\/\/hello-suns.com\/de\/produkte\/nardo-teak-sofa-set\/","og_site_name":"SUNS","article_modified_time":"2026-02-23T09:22:06+00:00","og_image":[{"width":2500,"height":1667,"url":"https:\/\/hello-suns.com\/app\/uploads\/2025\/01\/Nardo-SUNS-Sofaset-MRG-NMW-Free-20-1_TBG.png","type":"image\/png"}],"twitter_card":"summary_large_image","twitter_misc":{"Est. reading time":"4 minutes"},"schema":{"@context":"https:\/\/schema.org","@graph":[{"@type":"WebPage","@id":"https:\/\/hello-suns.com\/de\/produkte\/nardo-teak-sofa-set\/","url":"https:\/\/hello-suns.com\/de\/produkte\/nardo-teak-sofa-set\/","name":"Entdecken Sie Nardo Teak Sofa Set | SUNS Outdoor Lifestyle","isPartOf":{"@id":"https:\/\/hello-suns.com\/de\/#website"},"primaryImageOfPage":{"@id":"https:\/\/hello-suns.com\/de\/produkte\/nardo-teak-sofa-set\/#primaryimage"},"image":{"@id":"https:\/\/hello-suns.com\/de\/produkte\/nardo-teak-sofa-set\/#primaryimage"},"thumbnailUrl":"https:\/\/hello-suns.com\/app\/uploads\/2025\/01\/Nardo-SUNS-Sofaset-MRG-NMW-Free-20-1_TBG.png","datePublished":"2025-01-13T12:38:53+00:00","dateModified":"2026-02-23T09:22:06+00:00","description":"Suchen Sie eine stilvolle Sofagarnitur aus Teakholz von Nardo? SUNS bietet luxuri\u00f6se Sofagarnituren mit eleganter Teakholzkonstruktion, kombiniert mit modernem Design und Komfort.","breadcrumb":{"@id":"https:\/\/hello-suns.com\/de\/produkte\/nardo-teak-sofa-set\/#breadcrumb"},"inLanguage":"de-DE","potentialAction":[{"@type":"ReadAction","target":["https:\/\/hello-suns.com\/de\/produkte\/nardo-teak-sofa-set\/"]}]},{"@type":"ImageObject","inLanguage":"de-DE","@id":"https:\/\/hello-suns.com\/de\/produkte\/nardo-teak-sofa-set\/#primaryimage","url":"https:\/\/hello-suns.com\/app\/uploads\/2025\/01\/Nardo-SUNS-Sofaset-MRG-NMW-Free-20-1_TBG.png","contentUrl":"https:\/\/hello-suns.com\/app\/uploads\/2025\/01\/Nardo-SUNS-Sofaset-MRG-NMW-Free-20-1_TBG.png","width":2500,"height":1667},{"@type":"BreadcrumbList","@id":"https:\/\/hello-suns.com\/de\/produkte\/nardo-teak-sofa-set\/#breadcrumb","itemListElement":[{"@type":"ListItem","position":1,"name":"","item":"https:\/\/hello-suns.com\/de\/"},{"@type":"ListItem","position":2,"name":"Produkte","item":"https:\/\/hello-suns.com\/de\/produkte\/"},{"@type":"ListItem","position":3,"name":"Nardo | Teak"}]},{"@type":"WebSite","@id":"https:\/\/hello-suns.com\/de\/#website","url":"https:\/\/hello-suns.com\/de\/","name":"SUNS","description":"Outdoor Lifestyle","potentialAction":[{"@type":"SearchAction","target":{"@type":"EntryPoint","urlTemplate":"https:\/\/hello-suns.com\/de\/?s={search_term_string}"},"query-input":{"@type":"PropertyValueSpecification","valueRequired":true,"valueName":"search_term_string"}}],"inLanguage":"de-DE"}]}},"_links":{"self":[{"href":"https:\/\/hello-suns.com\/de\/wp-json\/wp\/v2\/product\/13820","targetHints":{"allow":["GET"]}}],"collection":[{"href":"https:\/\/hello-suns.com\/de\/wp-json\/wp\/v2\/product"}],"about":[{"href":"https:\/\/hello-suns.com\/de\/wp-json\/wp\/v2\/types\/product"}],"replies":[{"embeddable":true,"href":"https:\/\/hello-suns.com\/de\/wp-json\/wp\/v2\/comments?post=13820"}],"wp:featuredmedia":[{"embeddable":true,"href":"https:\/\/hello-suns.com\/de\/wp-json\/wp\/v2\/media\/13822"}],"wp:attachment":[{"href":"https:\/\/hello-suns.com\/de\/wp-json\/wp\/v2\/media?parent=13820"}],"wp:term":[{"taxonomy":"product_brand","embeddable":true,"href":"https:\/\/hello-suns.com\/de\/wp-json\/wp\/v2\/product_brand?post=13820"},{"taxonomy":"product_cat","embeddable":true,"href":"https:\/\/hello-suns.com\/de\/wp-json\/wp\/v2\/product_cat?post=13820"},{"taxonomy":"product_tag","embeddable":true,"href":"https:\/\/hello-suns.com\/de\/wp-json\/wp\/v2\/product_tag?post=13820"},{"taxonomy":"material","embeddable":true,"href":"https:\/\/hello-suns.com\/de\/wp-json\/wp\/v2\/material?post=13820"}],"curies":[{"name":"wp","href":"https:\/\/api.w.org\/{rel}","templated":true}]}}