{"id":13784,"date":"2025-01-13T14:07:10","date_gmt":"2025-01-13T13:07:10","guid":{"rendered":"https:\/\/hello-suns.com\/producten\/sato-4\/"},"modified":"2025-06-19T10:19:54","modified_gmt":"2025-06-19T10:19:54","slug":"sato-sofa-set","status":"publish","type":"product","link":"https:\/\/hello-suns.com\/de\/produkte\/sato-sofa-set\/","title":{"rendered":"Sato"},"content":{"rendered":"<h2 style=\"font-weight: 400;\">Ihr Geschmack ist nie fertig<\/h2>\n<p style=\"font-weight: 400;\">Leben hei\u00dft, sich zu entwickeln. Ihr Geschmack ist nie fertig. Bleiben Sie innovativ und \u00fcberraschen Sie sich selbst mit neuen Erkenntnissen. SUNS hat sich diesen Gedanken zur Aufgabe gemacht und h\u00f6rt nie auf zu innovieren. Die SUNS Sato Sofagarnitur ist ein eindrucksvolles Beispiel daf\u00fcr. Lernen Sie die Sato Kollektion kennen und entdecken Sie das neue Vergn\u00fcgen.<\/p>\n","protected":false},"excerpt":{"rendered":"<h3 style=\"font-weight: 400;\">Geflochtene R\u00fcckenlehne als ultimativer Blickfang<\/h3>\n<p style=\"font-weight: 400;\">F\u00fcr die Sato-Linie hat SUNS eine neue Veredelungstechnik f\u00fcr den R\u00fcckenbereich von B\u00e4nken (Zweisitzern) und St\u00fchlen entwickelt. Das Ergebnis ist ein wundersch\u00f6nes Geflecht, das optimalen Halt bietet und gleichzeitig den Sitzm\u00f6beln ihren eigenen Charakter verleiht. Das Beste aus zwei Welten! Die gro\u00dfz\u00fcgigen Kissen und gewebten R\u00fcckenlehnen sind mit Quick Dry Foam\u00ae gef\u00fcllt, einem speziell entwickelten Schaumstoff, der dank seiner offenen Struktur schnell trocknet. Die Polsterung besteht aus einem hochwertigen Oberstoff, der wasserabweisend, wetterfest und leicht zu reinigen ist. Das verspielte Gestell ist komplett aus hochwertigem Aluminium gefertigt. Die Kombination aus hochwertigen Materialien macht das Sato Sofaset besonders langlebig. Sie k\u00f6nnen die Garnitur also getrost drau\u00dfen stehen lassen.<\/p>\n<p style=\"font-weight: 400;\">Die Sato Sofagarnitur l\u00e4sst sich leicht mit SUNS Beistelltischen kombinieren, wie dem SUNS Termoli oder Conico. Die SUNS Sato Kollektion umfasst auch einen Stuhl, einen niedrigen Esszimmerstuhl und eine Liege.<\/p>\n","protected":false},"featured_media":13387,"comment_status":"closed","ping_status":"closed","template":"","meta":{"_acf_changed":false},"product_brand":[],"product_cat":[643],"product_tag":[],"material":[],"class_list":{"0":"post-13784","1":"product","2":"type-product","3":"status-publish","4":"has-post-thumbnail","6":"product_cat-sofa-sets","8":"first","9":"instock","10":"shipping-taxable","11":"product-type-simple"},"acf":[],"yoast_head":"<!-- This site is optimized with the Yoast SEO plugin v26.8 - https:\/\/yoast.com\/product\/yoast-seo-wordpress\/ -->\n<title>Entdecken Sie Sato Sofaset | SUNS Outdoor Lifestyle<\/title>\n<meta name=\"description\" content=\"Suchen Sie eine stilvolle Sota Sofagarnitur? SUNS bietet komfortable Sofagarnituren mit modernem Design und strapazierf\u00e4higen Materialien, perfekt f\u00fcr einen luxuri\u00f6sen Au\u00dfenbereich.\" \/>\n<meta name=\"robots\" content=\"index, follow, max-snippet:-1, max-image-preview:large, max-video-preview:-1\" \/>\n<link rel=\"canonical\" href=\"https:\/\/hello-suns.com\/de\/produkte\/sato-sofa-set\/\" \/>\n<meta property=\"og:locale\" content=\"de_DE\" \/>\n<meta property=\"og:type\" content=\"article\" \/>\n<meta property=\"og:title\" content=\"Entdecken Sie Sato Sofaset | SUNS Outdoor Lifestyle\" \/>\n<meta property=\"og:description\" content=\"Suchen Sie eine stilvolle Sota Sofagarnitur? SUNS bietet komfortable Sofagarnituren mit modernem Design und strapazierf\u00e4higen Materialien, perfekt f\u00fcr einen luxuri\u00f6sen Au\u00dfenbereich.\" \/>\n<meta property=\"og:url\" content=\"https:\/\/hello-suns.com\/de\/produkte\/sato-sofa-set\/\" \/>\n<meta property=\"og:site_name\" content=\"SUNS\" \/>\n<meta property=\"article:modified_time\" content=\"2025-06-19T10:19:54+00:00\" \/>\n<meta property=\"og:image\" content=\"https:\/\/hello-suns.com\/app\/uploads\/2025\/01\/01_Sato-SUNS-Sofaset-CS-NG-free-25-2-2500-2.png\" \/>\n\t<meta property=\"og:image:width\" content=\"2500\" \/>\n\t<meta property=\"og:image:height\" content=\"1667\" \/>\n\t<meta property=\"og:image:type\" content=\"image\/png\" \/>\n<meta name=\"twitter:card\" content=\"summary_large_image\" \/>\n<meta name=\"twitter:label1\" content=\"Est. reading time\" \/>\n\t<meta name=\"twitter:data1\" content=\"3 minutes\" \/>\n<script type=\"application\/ld+json\" class=\"yoast-schema-graph\">{\"@context\":\"https:\/\/schema.org\",\"@graph\":[{\"@type\":\"WebPage\",\"@id\":\"https:\/\/hello-suns.com\/de\/produkte\/sato-sofa-set\/\",\"url\":\"https:\/\/hello-suns.com\/de\/produkte\/sato-sofa-set\/\",\"name\":\"Entdecken Sie Sato Sofaset | SUNS Outdoor Lifestyle\",\"isPartOf\":{\"@id\":\"https:\/\/hello-suns.com\/de\/#website\"},\"primaryImageOfPage\":{\"@id\":\"https:\/\/hello-suns.com\/de\/produkte\/sato-sofa-set\/#primaryimage\"},\"image\":{\"@id\":\"https:\/\/hello-suns.com\/de\/produkte\/sato-sofa-set\/#primaryimage\"},\"thumbnailUrl\":\"https:\/\/hello-suns.com\/app\/uploads\/2025\/01\/01_Sato-SUNS-Sofaset-CS-NG-free-25-2-2500-2.png\",\"datePublished\":\"2025-01-13T13:07:10+00:00\",\"dateModified\":\"2025-06-19T10:19:54+00:00\",\"description\":\"Suchen Sie eine stilvolle Sota Sofagarnitur? SUNS bietet komfortable Sofagarnituren mit modernem Design und strapazierf\u00e4higen Materialien, perfekt f\u00fcr einen luxuri\u00f6sen Au\u00dfenbereich.\",\"breadcrumb\":{\"@id\":\"https:\/\/hello-suns.com\/de\/produkte\/sato-sofa-set\/#breadcrumb\"},\"inLanguage\":\"de-DE\",\"potentialAction\":[{\"@type\":\"ReadAction\",\"target\":[\"https:\/\/hello-suns.com\/de\/produkte\/sato-sofa-set\/\"]}]},{\"@type\":\"ImageObject\",\"inLanguage\":\"de-DE\",\"@id\":\"https:\/\/hello-suns.com\/de\/produkte\/sato-sofa-set\/#primaryimage\",\"url\":\"https:\/\/hello-suns.com\/app\/uploads\/2025\/01\/01_Sato-SUNS-Sofaset-CS-NG-free-25-2-2500-2.png\",\"contentUrl\":\"https:\/\/hello-suns.com\/app\/uploads\/2025\/01\/01_Sato-SUNS-Sofaset-CS-NG-free-25-2-2500-2.png\",\"width\":2500,\"height\":1667},{\"@type\":\"BreadcrumbList\",\"@id\":\"https:\/\/hello-suns.com\/de\/produkte\/sato-sofa-set\/#breadcrumb\",\"itemListElement\":[{\"@type\":\"ListItem\",\"position\":1,\"name\":\"\",\"item\":\"https:\/\/hello-suns.com\/de\/\"},{\"@type\":\"ListItem\",\"position\":2,\"name\":\"Produkte\",\"item\":\"https:\/\/hello-suns.com\/de\/produkte\/\"},{\"@type\":\"ListItem\",\"position\":3,\"name\":\"Sato\"}]},{\"@type\":\"WebSite\",\"@id\":\"https:\/\/hello-suns.com\/de\/#website\",\"url\":\"https:\/\/hello-suns.com\/de\/\",\"name\":\"SUNS\",\"description\":\"Outdoor Lifestyle\",\"potentialAction\":[{\"@type\":\"SearchAction\",\"target\":{\"@type\":\"EntryPoint\",\"urlTemplate\":\"https:\/\/hello-suns.com\/de\/?s={search_term_string}\"},\"query-input\":{\"@type\":\"PropertyValueSpecification\",\"valueRequired\":true,\"valueName\":\"search_term_string\"}}],\"inLanguage\":\"de-DE\"}]}<\/script>\n<!-- \/ Yoast SEO plugin. -->","yoast_head_json":{"title":"Entdecken Sie Sato Sofaset | SUNS Outdoor Lifestyle","description":"Suchen Sie eine stilvolle Sota Sofagarnitur? SUNS bietet komfortable Sofagarnituren mit modernem Design und strapazierf\u00e4higen Materialien, perfekt f\u00fcr einen luxuri\u00f6sen Au\u00dfenbereich.","robots":{"index":"index","follow":"follow","max-snippet":"max-snippet:-1","max-image-preview":"max-image-preview:large","max-video-preview":"max-video-preview:-1"},"canonical":"https:\/\/hello-suns.com\/de\/produkte\/sato-sofa-set\/","og_locale":"de_DE","og_type":"article","og_title":"Entdecken Sie Sato Sofaset | SUNS Outdoor Lifestyle","og_description":"Suchen Sie eine stilvolle Sota Sofagarnitur? SUNS bietet komfortable Sofagarnituren mit modernem Design und strapazierf\u00e4higen Materialien, perfekt f\u00fcr einen luxuri\u00f6sen Au\u00dfenbereich.","og_url":"https:\/\/hello-suns.com\/de\/produkte\/sato-sofa-set\/","og_site_name":"SUNS","article_modified_time":"2025-06-19T10:19:54+00:00","og_image":[{"width":2500,"height":1667,"url":"https:\/\/hello-suns.com\/app\/uploads\/2025\/01\/01_Sato-SUNS-Sofaset-CS-NG-free-25-2-2500-2.png","type":"image\/png"}],"twitter_card":"summary_large_image","twitter_misc":{"Est. reading time":"3 minutes"},"schema":{"@context":"https:\/\/schema.org","@graph":[{"@type":"WebPage","@id":"https:\/\/hello-suns.com\/de\/produkte\/sato-sofa-set\/","url":"https:\/\/hello-suns.com\/de\/produkte\/sato-sofa-set\/","name":"Entdecken Sie Sato Sofaset | SUNS Outdoor Lifestyle","isPartOf":{"@id":"https:\/\/hello-suns.com\/de\/#website"},"primaryImageOfPage":{"@id":"https:\/\/hello-suns.com\/de\/produkte\/sato-sofa-set\/#primaryimage"},"image":{"@id":"https:\/\/hello-suns.com\/de\/produkte\/sato-sofa-set\/#primaryimage"},"thumbnailUrl":"https:\/\/hello-suns.com\/app\/uploads\/2025\/01\/01_Sato-SUNS-Sofaset-CS-NG-free-25-2-2500-2.png","datePublished":"2025-01-13T13:07:10+00:00","dateModified":"2025-06-19T10:19:54+00:00","description":"Suchen Sie eine stilvolle Sota Sofagarnitur? SUNS bietet komfortable Sofagarnituren mit modernem Design und strapazierf\u00e4higen Materialien, perfekt f\u00fcr einen luxuri\u00f6sen Au\u00dfenbereich.","breadcrumb":{"@id":"https:\/\/hello-suns.com\/de\/produkte\/sato-sofa-set\/#breadcrumb"},"inLanguage":"de-DE","potentialAction":[{"@type":"ReadAction","target":["https:\/\/hello-suns.com\/de\/produkte\/sato-sofa-set\/"]}]},{"@type":"ImageObject","inLanguage":"de-DE","@id":"https:\/\/hello-suns.com\/de\/produkte\/sato-sofa-set\/#primaryimage","url":"https:\/\/hello-suns.com\/app\/uploads\/2025\/01\/01_Sato-SUNS-Sofaset-CS-NG-free-25-2-2500-2.png","contentUrl":"https:\/\/hello-suns.com\/app\/uploads\/2025\/01\/01_Sato-SUNS-Sofaset-CS-NG-free-25-2-2500-2.png","width":2500,"height":1667},{"@type":"BreadcrumbList","@id":"https:\/\/hello-suns.com\/de\/produkte\/sato-sofa-set\/#breadcrumb","itemListElement":[{"@type":"ListItem","position":1,"name":"","item":"https:\/\/hello-suns.com\/de\/"},{"@type":"ListItem","position":2,"name":"Produkte","item":"https:\/\/hello-suns.com\/de\/produkte\/"},{"@type":"ListItem","position":3,"name":"Sato"}]},{"@type":"WebSite","@id":"https:\/\/hello-suns.com\/de\/#website","url":"https:\/\/hello-suns.com\/de\/","name":"SUNS","description":"Outdoor Lifestyle","potentialAction":[{"@type":"SearchAction","target":{"@type":"EntryPoint","urlTemplate":"https:\/\/hello-suns.com\/de\/?s={search_term_string}"},"query-input":{"@type":"PropertyValueSpecification","valueRequired":true,"valueName":"search_term_string"}}],"inLanguage":"de-DE"}]}},"_links":{"self":[{"href":"https:\/\/hello-suns.com\/de\/wp-json\/wp\/v2\/product\/13784","targetHints":{"allow":["GET"]}}],"collection":[{"href":"https:\/\/hello-suns.com\/de\/wp-json\/wp\/v2\/product"}],"about":[{"href":"https:\/\/hello-suns.com\/de\/wp-json\/wp\/v2\/types\/product"}],"replies":[{"embeddable":true,"href":"https:\/\/hello-suns.com\/de\/wp-json\/wp\/v2\/comments?post=13784"}],"wp:featuredmedia":[{"embeddable":true,"href":"https:\/\/hello-suns.com\/de\/wp-json\/wp\/v2\/media\/13387"}],"wp:attachment":[{"href":"https:\/\/hello-suns.com\/de\/wp-json\/wp\/v2\/media?parent=13784"}],"wp:term":[{"taxonomy":"product_brand","embeddable":true,"href":"https:\/\/hello-suns.com\/de\/wp-json\/wp\/v2\/product_brand?post=13784"},{"taxonomy":"product_cat","embeddable":true,"href":"https:\/\/hello-suns.com\/de\/wp-json\/wp\/v2\/product_cat?post=13784"},{"taxonomy":"product_tag","embeddable":true,"href":"https:\/\/hello-suns.com\/de\/wp-json\/wp\/v2\/product_tag?post=13784"},{"taxonomy":"material","embeddable":true,"href":"https:\/\/hello-suns.com\/de\/wp-json\/wp\/v2\/material?post=13784"}],"curies":[{"name":"wp","href":"https:\/\/api.w.org\/{rel}","templated":true}]}}