{"id":13783,"date":"2025-01-13T13:49:09","date_gmt":"2025-01-13T12:49:09","guid":{"rendered":"https:\/\/hello-suns.com\/producten\/portofino-2\/"},"modified":"2026-02-04T10:03:48","modified_gmt":"2026-02-04T09:03:48","slug":"portofino-sofa-set","status":"publish","type":"product","link":"https:\/\/hello-suns.com\/de\/produkte\/portofino-sofa-set\/","title":{"rendered":"Portofino"},"content":{"rendered":"<h2 style=\"font-weight: 400;\">Au\u00dferhalb Ihrer Komfortzone<\/h2>\n<p style=\"font-weight: 400;\">Wagen Sie es, Ihren Garten oder Ihre Terrasse mit anderen Augen zu sehen und schaffen Sie mit SUNS einen au\u00dfergew\u00f6hnlichen Ort, den Sie Ihr Zuhause nennen k\u00f6nnen. Portofino unterstreicht Ihre Kreativit\u00e4t und Ihren einzigartigen Geschmack mit einer Kombination aus klarem Design, hochwertigen Materialien und modernen Farboptionen. Ungew\u00f6hnlich, unverzichtbar vom ersten Tag an.<\/p>\n","protected":false},"excerpt":{"rendered":"<h2 style=\"font-weight: 400;\">Der Luxus der Kombination<\/h2>\n<p style=\"font-weight: 400;\">Dieses ger\u00e4umige Low-Lounging-Sofa besteht aus einem eleganten und robusten Gestell, das vollst\u00e4ndig aus Teakholz gefertigt ist. Diese Holzart ist stark, hat eine warme Ausstrahlung und ist \u00e4u\u00dferst witterungsbest\u00e4ndig. Die fest gepolsterten Kissen sorgen f\u00fcr angenehmen Sitzkomfort. Verrutschende Kissen geh\u00f6ren der Vergangenheit an. Dank der cleveren Kissenbefestigung bleiben die Kissen immer fest an ihrem Platz. Die Sofagarnitur ist Teil des You Create Programms. Das bedeutet, dass die Garnitur aus einzelnen Elementen besteht, die Sie nach Belieben kombinieren k\u00f6nnen. Stellen Sie zum Beispiel eine Eckgruppe zusammen und f\u00fcgen Sie Beistelltische hinzu. Zur Garnitur geh\u00f6rt auch ein passender Beistelltisch ganz aus Teakholz, oder Sie entscheiden sich f\u00fcr optionale Armlehnen und Kissen. Die Portofino-Serie ist auch als Lounge-Set (mit fester Eckanordnung) und als Tagesbett erh\u00e4ltlich.<\/p>\n","protected":false},"featured_media":13385,"comment_status":"closed","ping_status":"closed","template":"","meta":{"_acf_changed":false},"product_brand":[],"product_cat":[643,631],"product_tag":[],"material":[],"class_list":{"0":"post-13783","1":"product","2":"type-product","3":"status-publish","4":"has-post-thumbnail","6":"product_cat-sofa-sets","7":"product_cat-you-create","9":"first","10":"instock","11":"shipping-taxable","12":"product-type-simple"},"acf":[],"yoast_head":"<!-- This site is optimized with the Yoast SEO plugin v26.8 - https:\/\/yoast.com\/product\/yoast-seo-wordpress\/ -->\n<title>Entdecken Sie Portofino Sofa Set | SUNS Outdoor Lifestyle<\/title>\n<meta name=\"description\" content=\"Suchen Sie ein stilvolles Portofino-Sofa-Set? SUNS bietet komfortable und langlebige Sofas mit einem modernen Design f\u00fcr einen luxuri\u00f6sen Au\u00dfenbereich.\" \/>\n<meta name=\"robots\" content=\"index, follow, max-snippet:-1, max-image-preview:large, max-video-preview:-1\" \/>\n<link rel=\"canonical\" href=\"https:\/\/hello-suns.com\/de\/produkte\/portofino-sofa-set\/\" \/>\n<meta property=\"og:locale\" content=\"de_DE\" \/>\n<meta property=\"og:type\" content=\"article\" \/>\n<meta property=\"og:title\" content=\"Entdecken Sie Portofino Sofa Set | SUNS Outdoor Lifestyle\" \/>\n<meta property=\"og:description\" content=\"Suchen Sie ein stilvolles Portofino-Sofa-Set? SUNS bietet komfortable und langlebige Sofas mit einem modernen Design f\u00fcr einen luxuri\u00f6sen Au\u00dfenbereich.\" \/>\n<meta property=\"og:url\" content=\"https:\/\/hello-suns.com\/de\/produkte\/portofino-sofa-set\/\" \/>\n<meta property=\"og:site_name\" content=\"SUNS\" \/>\n<meta property=\"article:modified_time\" content=\"2026-02-04T09:03:48+00:00\" \/>\n<meta property=\"og:image\" content=\"https:\/\/hello-suns.com\/app\/uploads\/2025\/01\/01_Portofino-SUNS-Loungeset-Ibiza-CS-NG-Free-23-1-2500-pix-3.png\" \/>\n\t<meta property=\"og:image:width\" content=\"2500\" \/>\n\t<meta property=\"og:image:height\" content=\"1667\" \/>\n\t<meta property=\"og:image:type\" content=\"image\/png\" \/>\n<meta name=\"twitter:card\" content=\"summary_large_image\" \/>\n<meta name=\"twitter:label1\" content=\"Est. reading time\" \/>\n\t<meta name=\"twitter:data1\" content=\"6 minutes\" \/>\n<script type=\"application\/ld+json\" class=\"yoast-schema-graph\">{\"@context\":\"https:\/\/schema.org\",\"@graph\":[{\"@type\":\"WebPage\",\"@id\":\"https:\/\/hello-suns.com\/de\/produkte\/portofino-sofa-set\/\",\"url\":\"https:\/\/hello-suns.com\/de\/produkte\/portofino-sofa-set\/\",\"name\":\"Entdecken Sie Portofino Sofa Set | SUNS Outdoor Lifestyle\",\"isPartOf\":{\"@id\":\"https:\/\/hello-suns.com\/de\/#website\"},\"primaryImageOfPage\":{\"@id\":\"https:\/\/hello-suns.com\/de\/produkte\/portofino-sofa-set\/#primaryimage\"},\"image\":{\"@id\":\"https:\/\/hello-suns.com\/de\/produkte\/portofino-sofa-set\/#primaryimage\"},\"thumbnailUrl\":\"https:\/\/hello-suns.com\/app\/uploads\/2025\/01\/01_Portofino-SUNS-Loungeset-Ibiza-CS-NG-Free-23-1-2500-pix-3.png\",\"datePublished\":\"2025-01-13T12:49:09+00:00\",\"dateModified\":\"2026-02-04T09:03:48+00:00\",\"description\":\"Suchen Sie ein stilvolles Portofino-Sofa-Set? SUNS bietet komfortable und langlebige Sofas mit einem modernen Design f\u00fcr einen luxuri\u00f6sen Au\u00dfenbereich.\",\"breadcrumb\":{\"@id\":\"https:\/\/hello-suns.com\/de\/produkte\/portofino-sofa-set\/#breadcrumb\"},\"inLanguage\":\"de-DE\",\"potentialAction\":[{\"@type\":\"ReadAction\",\"target\":[\"https:\/\/hello-suns.com\/de\/produkte\/portofino-sofa-set\/\"]}]},{\"@type\":\"ImageObject\",\"inLanguage\":\"de-DE\",\"@id\":\"https:\/\/hello-suns.com\/de\/produkte\/portofino-sofa-set\/#primaryimage\",\"url\":\"https:\/\/hello-suns.com\/app\/uploads\/2025\/01\/01_Portofino-SUNS-Loungeset-Ibiza-CS-NG-Free-23-1-2500-pix-3.png\",\"contentUrl\":\"https:\/\/hello-suns.com\/app\/uploads\/2025\/01\/01_Portofino-SUNS-Loungeset-Ibiza-CS-NG-Free-23-1-2500-pix-3.png\",\"width\":2500,\"height\":1667},{\"@type\":\"BreadcrumbList\",\"@id\":\"https:\/\/hello-suns.com\/de\/produkte\/portofino-sofa-set\/#breadcrumb\",\"itemListElement\":[{\"@type\":\"ListItem\",\"position\":1,\"name\":\"\",\"item\":\"https:\/\/hello-suns.com\/de\/\"},{\"@type\":\"ListItem\",\"position\":2,\"name\":\"Produkte\",\"item\":\"https:\/\/hello-suns.com\/de\/produkte\/\"},{\"@type\":\"ListItem\",\"position\":3,\"name\":\"Portofino\"}]},{\"@type\":\"WebSite\",\"@id\":\"https:\/\/hello-suns.com\/de\/#website\",\"url\":\"https:\/\/hello-suns.com\/de\/\",\"name\":\"SUNS\",\"description\":\"Outdoor Lifestyle\",\"potentialAction\":[{\"@type\":\"SearchAction\",\"target\":{\"@type\":\"EntryPoint\",\"urlTemplate\":\"https:\/\/hello-suns.com\/de\/?s={search_term_string}\"},\"query-input\":{\"@type\":\"PropertyValueSpecification\",\"valueRequired\":true,\"valueName\":\"search_term_string\"}}],\"inLanguage\":\"de-DE\"}]}<\/script>\n<!-- \/ Yoast SEO plugin. -->","yoast_head_json":{"title":"Entdecken Sie Portofino Sofa Set | SUNS Outdoor Lifestyle","description":"Suchen Sie ein stilvolles Portofino-Sofa-Set? SUNS bietet komfortable und langlebige Sofas mit einem modernen Design f\u00fcr einen luxuri\u00f6sen Au\u00dfenbereich.","robots":{"index":"index","follow":"follow","max-snippet":"max-snippet:-1","max-image-preview":"max-image-preview:large","max-video-preview":"max-video-preview:-1"},"canonical":"https:\/\/hello-suns.com\/de\/produkte\/portofino-sofa-set\/","og_locale":"de_DE","og_type":"article","og_title":"Entdecken Sie Portofino Sofa Set | SUNS Outdoor Lifestyle","og_description":"Suchen Sie ein stilvolles Portofino-Sofa-Set? SUNS bietet komfortable und langlebige Sofas mit einem modernen Design f\u00fcr einen luxuri\u00f6sen Au\u00dfenbereich.","og_url":"https:\/\/hello-suns.com\/de\/produkte\/portofino-sofa-set\/","og_site_name":"SUNS","article_modified_time":"2026-02-04T09:03:48+00:00","og_image":[{"width":2500,"height":1667,"url":"https:\/\/hello-suns.com\/app\/uploads\/2025\/01\/01_Portofino-SUNS-Loungeset-Ibiza-CS-NG-Free-23-1-2500-pix-3.png","type":"image\/png"}],"twitter_card":"summary_large_image","twitter_misc":{"Est. reading time":"6 minutes"},"schema":{"@context":"https:\/\/schema.org","@graph":[{"@type":"WebPage","@id":"https:\/\/hello-suns.com\/de\/produkte\/portofino-sofa-set\/","url":"https:\/\/hello-suns.com\/de\/produkte\/portofino-sofa-set\/","name":"Entdecken Sie Portofino Sofa Set | SUNS Outdoor Lifestyle","isPartOf":{"@id":"https:\/\/hello-suns.com\/de\/#website"},"primaryImageOfPage":{"@id":"https:\/\/hello-suns.com\/de\/produkte\/portofino-sofa-set\/#primaryimage"},"image":{"@id":"https:\/\/hello-suns.com\/de\/produkte\/portofino-sofa-set\/#primaryimage"},"thumbnailUrl":"https:\/\/hello-suns.com\/app\/uploads\/2025\/01\/01_Portofino-SUNS-Loungeset-Ibiza-CS-NG-Free-23-1-2500-pix-3.png","datePublished":"2025-01-13T12:49:09+00:00","dateModified":"2026-02-04T09:03:48+00:00","description":"Suchen Sie ein stilvolles Portofino-Sofa-Set? SUNS bietet komfortable und langlebige Sofas mit einem modernen Design f\u00fcr einen luxuri\u00f6sen Au\u00dfenbereich.","breadcrumb":{"@id":"https:\/\/hello-suns.com\/de\/produkte\/portofino-sofa-set\/#breadcrumb"},"inLanguage":"de-DE","potentialAction":[{"@type":"ReadAction","target":["https:\/\/hello-suns.com\/de\/produkte\/portofino-sofa-set\/"]}]},{"@type":"ImageObject","inLanguage":"de-DE","@id":"https:\/\/hello-suns.com\/de\/produkte\/portofino-sofa-set\/#primaryimage","url":"https:\/\/hello-suns.com\/app\/uploads\/2025\/01\/01_Portofino-SUNS-Loungeset-Ibiza-CS-NG-Free-23-1-2500-pix-3.png","contentUrl":"https:\/\/hello-suns.com\/app\/uploads\/2025\/01\/01_Portofino-SUNS-Loungeset-Ibiza-CS-NG-Free-23-1-2500-pix-3.png","width":2500,"height":1667},{"@type":"BreadcrumbList","@id":"https:\/\/hello-suns.com\/de\/produkte\/portofino-sofa-set\/#breadcrumb","itemListElement":[{"@type":"ListItem","position":1,"name":"","item":"https:\/\/hello-suns.com\/de\/"},{"@type":"ListItem","position":2,"name":"Produkte","item":"https:\/\/hello-suns.com\/de\/produkte\/"},{"@type":"ListItem","position":3,"name":"Portofino"}]},{"@type":"WebSite","@id":"https:\/\/hello-suns.com\/de\/#website","url":"https:\/\/hello-suns.com\/de\/","name":"SUNS","description":"Outdoor Lifestyle","potentialAction":[{"@type":"SearchAction","target":{"@type":"EntryPoint","urlTemplate":"https:\/\/hello-suns.com\/de\/?s={search_term_string}"},"query-input":{"@type":"PropertyValueSpecification","valueRequired":true,"valueName":"search_term_string"}}],"inLanguage":"de-DE"}]}},"_links":{"self":[{"href":"https:\/\/hello-suns.com\/de\/wp-json\/wp\/v2\/product\/13783","targetHints":{"allow":["GET"]}}],"collection":[{"href":"https:\/\/hello-suns.com\/de\/wp-json\/wp\/v2\/product"}],"about":[{"href":"https:\/\/hello-suns.com\/de\/wp-json\/wp\/v2\/types\/product"}],"replies":[{"embeddable":true,"href":"https:\/\/hello-suns.com\/de\/wp-json\/wp\/v2\/comments?post=13783"}],"wp:featuredmedia":[{"embeddable":true,"href":"https:\/\/hello-suns.com\/de\/wp-json\/wp\/v2\/media\/13385"}],"wp:attachment":[{"href":"https:\/\/hello-suns.com\/de\/wp-json\/wp\/v2\/media?parent=13783"}],"wp:term":[{"taxonomy":"product_brand","embeddable":true,"href":"https:\/\/hello-suns.com\/de\/wp-json\/wp\/v2\/product_brand?post=13783"},{"taxonomy":"product_cat","embeddable":true,"href":"https:\/\/hello-suns.com\/de\/wp-json\/wp\/v2\/product_cat?post=13783"},{"taxonomy":"product_tag","embeddable":true,"href":"https:\/\/hello-suns.com\/de\/wp-json\/wp\/v2\/product_tag?post=13783"},{"taxonomy":"material","embeddable":true,"href":"https:\/\/hello-suns.com\/de\/wp-json\/wp\/v2\/material?post=13783"}],"curies":[{"name":"wp","href":"https:\/\/api.w.org\/{rel}","templated":true}]}}