{"id":13768,"date":"2025-01-13T14:07:29","date_gmt":"2025-01-13T14:07:29","guid":{"rendered":"https:\/\/hello-suns.com\/producten\/vittoria-3\/"},"modified":"2025-05-28T13:14:13","modified_gmt":"2025-05-28T13:14:13","slug":"vittoria-sessel","status":"publish","type":"product","link":"https:\/\/hello-suns.com\/de\/produkte\/vittoria-sessel\/","title":{"rendered":"Vittoria"},"content":{"rendered":"<h2>Design mit nat\u00fcrlichen Reizen<\/h2>\n<p>Vittoria schafft ein ausgewogenes Gleichgewicht zwischen stilvollem Design und einem nat\u00fcrlichen Touch. Genie\u00dfen Sie endlosen Sitzkomfort und charmante runde Formen. Entspannen Sie sich mit Stil.<\/p>\n","protected":false},"excerpt":{"rendered":"<h3>Gem\u00fctliche Lounge<\/h3>\n<p>Der Loungesessel Vittoria ist ein sch\u00f6ner Sessel f\u00fcr einen endlosen Sommer. Das Gestell aus Teakholz macht den Sessel stilvoll und dennoch robust. Die Armlehnen haben raffinierte Details wie eine elegante Kurve. Gleichzeitig kommt der nat\u00fcrliche Charakter des Holzes sch\u00f6n zur Geltung. SUNS zeichnet sich auch durch seinen Sitzkomfort aus. Sitz- und R\u00fcckenkissen sind reichhaltig gepolstert, was f\u00fcr guten Halt und einen weichen Griff sorgt. Die Farbgebung macht es einfach, diesen Sessel mit verschiedenen M\u00f6belst\u00fccken aus der SUNS-Kollektion zu kombinieren. Innerhalb der Produktlinie Vittoria ist auch ein Sofaset erh\u00e4ltlich. Auf diese Weise schaffen Sie eine ausgewogene Linie in Ihrem Garten oder auf Ihrer Terrasse.<\/p>\n","protected":false},"featured_media":13782,"comment_status":"closed","ping_status":"closed","template":"","meta":{"_acf_changed":false},"product_brand":[],"product_cat":[619],"product_tag":[],"material":[],"class_list":{"0":"post-13768","1":"product","2":"type-product","3":"status-publish","4":"has-post-thumbnail","6":"product_cat-sessel","8":"first","9":"instock","10":"shipping-taxable","11":"product-type-simple"},"acf":[],"yoast_head":"<!-- This site is optimized with the Yoast SEO plugin v26.8 - https:\/\/yoast.com\/product\/yoast-seo-wordpress\/ -->\n<title>Entdecken Sie Vittoria Lounge Chair | SUNS Outdoor Lifestyle<\/title>\n<meta name=\"description\" content=\"Suchen Sie einen stilvollen Vittoria Loungesessel? SUNS bietet komfortable Loungesessel mit einem eleganten Design f\u00fcr einen luxuri\u00f6sen und entspannenden Au\u00dfenbereich.\" \/>\n<meta name=\"robots\" content=\"index, follow, max-snippet:-1, max-image-preview:large, max-video-preview:-1\" \/>\n<link rel=\"canonical\" href=\"https:\/\/hello-suns.com\/de\/produkte\/vittoria-sessel\/\" \/>\n<meta property=\"og:locale\" content=\"de_DE\" \/>\n<meta property=\"og:type\" content=\"article\" \/>\n<meta property=\"og:title\" content=\"Entdecken Sie Vittoria Lounge Chair | SUNS Outdoor Lifestyle\" \/>\n<meta property=\"og:description\" content=\"Suchen Sie einen stilvollen Vittoria Loungesessel? SUNS bietet komfortable Loungesessel mit einem eleganten Design f\u00fcr einen luxuri\u00f6sen und entspannenden Au\u00dfenbereich.\" \/>\n<meta property=\"og:url\" content=\"https:\/\/hello-suns.com\/de\/produkte\/vittoria-sessel\/\" \/>\n<meta property=\"og:site_name\" content=\"SUNS\" \/>\n<meta property=\"article:modified_time\" content=\"2025-05-28T13:14:13+00:00\" \/>\n<meta property=\"og:image\" content=\"https:\/\/hello-suns.com\/app\/uploads\/2025\/01\/01_Loungechair_SUNS_Vittoria_big_cushion-2500-pix-2.png\" \/>\n\t<meta property=\"og:image:width\" content=\"2500\" \/>\n\t<meta property=\"og:image:height\" content=\"1667\" \/>\n\t<meta property=\"og:image:type\" content=\"image\/png\" \/>\n<meta name=\"twitter:card\" content=\"summary_large_image\" \/>\n<meta name=\"twitter:label1\" content=\"Est. reading time\" \/>\n\t<meta name=\"twitter:data1\" content=\"3 minutes\" \/>\n<script type=\"application\/ld+json\" class=\"yoast-schema-graph\">{\"@context\":\"https:\/\/schema.org\",\"@graph\":[{\"@type\":\"WebPage\",\"@id\":\"https:\/\/hello-suns.com\/de\/produkte\/vittoria-sessel\/\",\"url\":\"https:\/\/hello-suns.com\/de\/produkte\/vittoria-sessel\/\",\"name\":\"Entdecken Sie Vittoria Lounge Chair | SUNS Outdoor Lifestyle\",\"isPartOf\":{\"@id\":\"https:\/\/hello-suns.com\/de\/#website\"},\"primaryImageOfPage\":{\"@id\":\"https:\/\/hello-suns.com\/de\/produkte\/vittoria-sessel\/#primaryimage\"},\"image\":{\"@id\":\"https:\/\/hello-suns.com\/de\/produkte\/vittoria-sessel\/#primaryimage\"},\"thumbnailUrl\":\"https:\/\/hello-suns.com\/app\/uploads\/2025\/01\/01_Loungechair_SUNS_Vittoria_big_cushion-2500-pix-2.png\",\"datePublished\":\"2025-01-13T14:07:29+00:00\",\"dateModified\":\"2025-05-28T13:14:13+00:00\",\"description\":\"Suchen Sie einen stilvollen Vittoria Loungesessel? SUNS bietet komfortable Loungesessel mit einem eleganten Design f\u00fcr einen luxuri\u00f6sen und entspannenden Au\u00dfenbereich.\",\"breadcrumb\":{\"@id\":\"https:\/\/hello-suns.com\/de\/produkte\/vittoria-sessel\/#breadcrumb\"},\"inLanguage\":\"de-DE\",\"potentialAction\":[{\"@type\":\"ReadAction\",\"target\":[\"https:\/\/hello-suns.com\/de\/produkte\/vittoria-sessel\/\"]}]},{\"@type\":\"ImageObject\",\"inLanguage\":\"de-DE\",\"@id\":\"https:\/\/hello-suns.com\/de\/produkte\/vittoria-sessel\/#primaryimage\",\"url\":\"https:\/\/hello-suns.com\/app\/uploads\/2025\/01\/01_Loungechair_SUNS_Vittoria_big_cushion-2500-pix-2.png\",\"contentUrl\":\"https:\/\/hello-suns.com\/app\/uploads\/2025\/01\/01_Loungechair_SUNS_Vittoria_big_cushion-2500-pix-2.png\",\"width\":2500,\"height\":1667},{\"@type\":\"BreadcrumbList\",\"@id\":\"https:\/\/hello-suns.com\/de\/produkte\/vittoria-sessel\/#breadcrumb\",\"itemListElement\":[{\"@type\":\"ListItem\",\"position\":1,\"name\":\"\",\"item\":\"https:\/\/hello-suns.com\/de\/\"},{\"@type\":\"ListItem\",\"position\":2,\"name\":\"Produkte\",\"item\":\"https:\/\/hello-suns.com\/de\/produkte\/\"},{\"@type\":\"ListItem\",\"position\":3,\"name\":\"Vittoria\"}]},{\"@type\":\"WebSite\",\"@id\":\"https:\/\/hello-suns.com\/de\/#website\",\"url\":\"https:\/\/hello-suns.com\/de\/\",\"name\":\"SUNS\",\"description\":\"Outdoor Lifestyle\",\"potentialAction\":[{\"@type\":\"SearchAction\",\"target\":{\"@type\":\"EntryPoint\",\"urlTemplate\":\"https:\/\/hello-suns.com\/de\/?s={search_term_string}\"},\"query-input\":{\"@type\":\"PropertyValueSpecification\",\"valueRequired\":true,\"valueName\":\"search_term_string\"}}],\"inLanguage\":\"de-DE\"}]}<\/script>\n<!-- \/ Yoast SEO plugin. -->","yoast_head_json":{"title":"Entdecken Sie Vittoria Lounge Chair | SUNS Outdoor Lifestyle","description":"Suchen Sie einen stilvollen Vittoria Loungesessel? SUNS bietet komfortable Loungesessel mit einem eleganten Design f\u00fcr einen luxuri\u00f6sen und entspannenden Au\u00dfenbereich.","robots":{"index":"index","follow":"follow","max-snippet":"max-snippet:-1","max-image-preview":"max-image-preview:large","max-video-preview":"max-video-preview:-1"},"canonical":"https:\/\/hello-suns.com\/de\/produkte\/vittoria-sessel\/","og_locale":"de_DE","og_type":"article","og_title":"Entdecken Sie Vittoria Lounge Chair | SUNS Outdoor Lifestyle","og_description":"Suchen Sie einen stilvollen Vittoria Loungesessel? SUNS bietet komfortable Loungesessel mit einem eleganten Design f\u00fcr einen luxuri\u00f6sen und entspannenden Au\u00dfenbereich.","og_url":"https:\/\/hello-suns.com\/de\/produkte\/vittoria-sessel\/","og_site_name":"SUNS","article_modified_time":"2025-05-28T13:14:13+00:00","og_image":[{"width":2500,"height":1667,"url":"https:\/\/hello-suns.com\/app\/uploads\/2025\/01\/01_Loungechair_SUNS_Vittoria_big_cushion-2500-pix-2.png","type":"image\/png"}],"twitter_card":"summary_large_image","twitter_misc":{"Est. reading time":"3 minutes"},"schema":{"@context":"https:\/\/schema.org","@graph":[{"@type":"WebPage","@id":"https:\/\/hello-suns.com\/de\/produkte\/vittoria-sessel\/","url":"https:\/\/hello-suns.com\/de\/produkte\/vittoria-sessel\/","name":"Entdecken Sie Vittoria Lounge Chair | SUNS Outdoor Lifestyle","isPartOf":{"@id":"https:\/\/hello-suns.com\/de\/#website"},"primaryImageOfPage":{"@id":"https:\/\/hello-suns.com\/de\/produkte\/vittoria-sessel\/#primaryimage"},"image":{"@id":"https:\/\/hello-suns.com\/de\/produkte\/vittoria-sessel\/#primaryimage"},"thumbnailUrl":"https:\/\/hello-suns.com\/app\/uploads\/2025\/01\/01_Loungechair_SUNS_Vittoria_big_cushion-2500-pix-2.png","datePublished":"2025-01-13T14:07:29+00:00","dateModified":"2025-05-28T13:14:13+00:00","description":"Suchen Sie einen stilvollen Vittoria Loungesessel? SUNS bietet komfortable Loungesessel mit einem eleganten Design f\u00fcr einen luxuri\u00f6sen und entspannenden Au\u00dfenbereich.","breadcrumb":{"@id":"https:\/\/hello-suns.com\/de\/produkte\/vittoria-sessel\/#breadcrumb"},"inLanguage":"de-DE","potentialAction":[{"@type":"ReadAction","target":["https:\/\/hello-suns.com\/de\/produkte\/vittoria-sessel\/"]}]},{"@type":"ImageObject","inLanguage":"de-DE","@id":"https:\/\/hello-suns.com\/de\/produkte\/vittoria-sessel\/#primaryimage","url":"https:\/\/hello-suns.com\/app\/uploads\/2025\/01\/01_Loungechair_SUNS_Vittoria_big_cushion-2500-pix-2.png","contentUrl":"https:\/\/hello-suns.com\/app\/uploads\/2025\/01\/01_Loungechair_SUNS_Vittoria_big_cushion-2500-pix-2.png","width":2500,"height":1667},{"@type":"BreadcrumbList","@id":"https:\/\/hello-suns.com\/de\/produkte\/vittoria-sessel\/#breadcrumb","itemListElement":[{"@type":"ListItem","position":1,"name":"","item":"https:\/\/hello-suns.com\/de\/"},{"@type":"ListItem","position":2,"name":"Produkte","item":"https:\/\/hello-suns.com\/de\/produkte\/"},{"@type":"ListItem","position":3,"name":"Vittoria"}]},{"@type":"WebSite","@id":"https:\/\/hello-suns.com\/de\/#website","url":"https:\/\/hello-suns.com\/de\/","name":"SUNS","description":"Outdoor Lifestyle","potentialAction":[{"@type":"SearchAction","target":{"@type":"EntryPoint","urlTemplate":"https:\/\/hello-suns.com\/de\/?s={search_term_string}"},"query-input":{"@type":"PropertyValueSpecification","valueRequired":true,"valueName":"search_term_string"}}],"inLanguage":"de-DE"}]}},"_links":{"self":[{"href":"https:\/\/hello-suns.com\/de\/wp-json\/wp\/v2\/product\/13768","targetHints":{"allow":["GET"]}}],"collection":[{"href":"https:\/\/hello-suns.com\/de\/wp-json\/wp\/v2\/product"}],"about":[{"href":"https:\/\/hello-suns.com\/de\/wp-json\/wp\/v2\/types\/product"}],"replies":[{"embeddable":true,"href":"https:\/\/hello-suns.com\/de\/wp-json\/wp\/v2\/comments?post=13768"}],"wp:featuredmedia":[{"embeddable":true,"href":"https:\/\/hello-suns.com\/de\/wp-json\/wp\/v2\/media\/13782"}],"wp:attachment":[{"href":"https:\/\/hello-suns.com\/de\/wp-json\/wp\/v2\/media?parent=13768"}],"wp:term":[{"taxonomy":"product_brand","embeddable":true,"href":"https:\/\/hello-suns.com\/de\/wp-json\/wp\/v2\/product_brand?post=13768"},{"taxonomy":"product_cat","embeddable":true,"href":"https:\/\/hello-suns.com\/de\/wp-json\/wp\/v2\/product_cat?post=13768"},{"taxonomy":"product_tag","embeddable":true,"href":"https:\/\/hello-suns.com\/de\/wp-json\/wp\/v2\/product_tag?post=13768"},{"taxonomy":"material","embeddable":true,"href":"https:\/\/hello-suns.com\/de\/wp-json\/wp\/v2\/material?post=13768"}],"curies":[{"name":"wp","href":"https:\/\/api.w.org\/{rel}","templated":true}]}}