{"id":13687,"date":"2025-01-13T15:26:41","date_gmt":"2025-01-13T15:26:41","guid":{"rendered":"https:\/\/hello-suns.com\/producten\/termoli-5\/"},"modified":"2025-05-27T07:49:12","modified_gmt":"2025-05-27T07:49:12","slug":"termoli-lounge-sets","status":"publish","type":"product","link":"https:\/\/hello-suns.com\/de\/produkte\/termoli-lounge-sets\/","title":{"rendered":"Termoli"},"content":{"rendered":"<h2 style=\"font-weight: 400;\">Zeitloser Stil, endloser Luxus<\/h2>\n<p style=\"font-weight: 400;\">Mit einem scharfen Auge f\u00fcr Details und einem Schwerpunkt auf Komfort und Entspannung hat SUNS das Termoli Lounge-Set entworfen. Das Ergebnis ist ein stilvolles Ensemble, das sich mit einem Wort beschreiben l\u00e4sst: zeitlos. Nehmen Sie Platz und erleben Sie selbst, wie Sie die Zeit vergessen.<\/p>\n","protected":false},"excerpt":{"rendered":"<h3 style=\"font-weight: 400;\">Rang und Ber\u00fchrung<\/h3>\n<p style=\"font-weight: 400;\">Dieses Loungeset verdankt sein stilvolles Aussehen der eleganten Verwendung von Teakholz, den starken Ecklinien und der bequemen Sitzposition mit einer Chaiselongue als angenehmes Extra. Termoli l\u00e4sst sich leicht mit Kissen oder Plaids versch\u00f6nern. Die Beistelltische aus Teakholz f\u00fcgen sich mit ihren eleganten Beinen nahtlos in das Design ein. Termoli ist eine Garnitur, die dank der reichlich gepolsterten Sitz- und R\u00fcckenkissen un\u00fcbertroffenen Sitzkomfort bietet. Die Kissen sind mit einem schnelltrocknenden Kern ausgestattet und mit dem hochwertigen Au\u00dfenstoff bezogen. Dank dieser hochwertigen Materialien kann das Lounge-Set Termoli zw\u00f6lf Monate im Jahr im Freien stehen.<\/p>\n<p style=\"font-weight: 400;\">Gut zu wissen ist, dass Termoli ein YOU CREATE Produkt ist. Das bedeutet, dass die Produktlinie aus einzelnen Elementen besteht, die Sie nach Belieben kombinieren k\u00f6nnen. Ein 2,5-sitziges Sofa, ein Loungesessel, eine Chaiselongue, ein Arrangement mit oder ohne Armlehnen: Stellen Sie selbst das ideale Arrangement f\u00fcr Ihren Garten oder Ihre Terrasse zusammen. Termoli ist auch als Sofagarnitur mit separaten St\u00fchlen und Sofa erh\u00e4ltlich, eine stilvolle Wahl. Optimale Entspannung? Dann w\u00e4hlen Sie die Termoli-Liege.<\/p>\n","protected":false},"featured_media":13688,"comment_status":"closed","ping_status":"closed","template":"","meta":{"_acf_changed":false},"product_brand":[],"product_cat":[644],"product_tag":[],"material":[],"class_list":{"0":"post-13687","1":"product","2":"type-product","3":"status-publish","4":"has-post-thumbnail","6":"product_cat-lounge-sets","8":"first","9":"instock","10":"shipping-taxable","11":"product-type-simple"},"acf":[],"yoast_head":"<!-- This site is optimized with the Yoast SEO plugin v26.8 - https:\/\/yoast.com\/product\/yoast-seo-wordpress\/ -->\n<title>Entdecken Sie Termoli Lounge Set | SUNS Outdoor Lifestyle<\/title>\n<meta name=\"description\" content=\"Suchen Sie nach einem stilvollen Termoli-Lounge-Set? SUNS bietet moderne und bequeme Lounge-Sets mit langlebigen Materialien f\u00fcr ein luxuri\u00f6ses Outdoor-Erlebnis.\" \/>\n<meta name=\"robots\" content=\"index, follow, max-snippet:-1, max-image-preview:large, max-video-preview:-1\" \/>\n<link rel=\"canonical\" href=\"https:\/\/hello-suns.com\/de\/produkte\/termoli-lounge-sets\/\" \/>\n<meta property=\"og:locale\" content=\"de_DE\" \/>\n<meta property=\"og:type\" content=\"article\" \/>\n<meta property=\"og:title\" content=\"Entdecken Sie Termoli Lounge Set | SUNS Outdoor Lifestyle\" \/>\n<meta property=\"og:description\" content=\"Suchen Sie nach einem stilvollen Termoli-Lounge-Set? SUNS bietet moderne und bequeme Lounge-Sets mit langlebigen Materialien f\u00fcr ein luxuri\u00f6ses Outdoor-Erlebnis.\" \/>\n<meta property=\"og:url\" content=\"https:\/\/hello-suns.com\/de\/produkte\/termoli-lounge-sets\/\" \/>\n<meta property=\"og:site_name\" content=\"SUNS\" \/>\n<meta property=\"article:modified_time\" content=\"2025-05-27T07:49:12+00:00\" \/>\n<meta property=\"og:image\" content=\"https:\/\/hello-suns.com\/app\/uploads\/2025\/01\/01_Chaiselongueset_SUNS_Termoli_teaktop-2500-pix-4.png\" \/>\n\t<meta property=\"og:image:width\" content=\"2500\" \/>\n\t<meta property=\"og:image:height\" content=\"1667\" \/>\n\t<meta property=\"og:image:type\" content=\"image\/png\" \/>\n<meta name=\"twitter:card\" content=\"summary_large_image\" \/>\n<meta name=\"twitter:label1\" content=\"Est. reading time\" \/>\n\t<meta name=\"twitter:data1\" content=\"7 minutes\" \/>\n<script type=\"application\/ld+json\" class=\"yoast-schema-graph\">{\"@context\":\"https:\/\/schema.org\",\"@graph\":[{\"@type\":\"WebPage\",\"@id\":\"https:\/\/hello-suns.com\/de\/produkte\/termoli-lounge-sets\/\",\"url\":\"https:\/\/hello-suns.com\/de\/produkte\/termoli-lounge-sets\/\",\"name\":\"Entdecken Sie Termoli Lounge Set | SUNS Outdoor Lifestyle\",\"isPartOf\":{\"@id\":\"https:\/\/hello-suns.com\/de\/#website\"},\"primaryImageOfPage\":{\"@id\":\"https:\/\/hello-suns.com\/de\/produkte\/termoli-lounge-sets\/#primaryimage\"},\"image\":{\"@id\":\"https:\/\/hello-suns.com\/de\/produkte\/termoli-lounge-sets\/#primaryimage\"},\"thumbnailUrl\":\"https:\/\/hello-suns.com\/app\/uploads\/2025\/01\/01_Chaiselongueset_SUNS_Termoli_teaktop-2500-pix-4.png\",\"datePublished\":\"2025-01-13T15:26:41+00:00\",\"dateModified\":\"2025-05-27T07:49:12+00:00\",\"description\":\"Suchen Sie nach einem stilvollen Termoli-Lounge-Set? SUNS bietet moderne und bequeme Lounge-Sets mit langlebigen Materialien f\u00fcr ein luxuri\u00f6ses Outdoor-Erlebnis.\",\"breadcrumb\":{\"@id\":\"https:\/\/hello-suns.com\/de\/produkte\/termoli-lounge-sets\/#breadcrumb\"},\"inLanguage\":\"de-DE\",\"potentialAction\":[{\"@type\":\"ReadAction\",\"target\":[\"https:\/\/hello-suns.com\/de\/produkte\/termoli-lounge-sets\/\"]}]},{\"@type\":\"ImageObject\",\"inLanguage\":\"de-DE\",\"@id\":\"https:\/\/hello-suns.com\/de\/produkte\/termoli-lounge-sets\/#primaryimage\",\"url\":\"https:\/\/hello-suns.com\/app\/uploads\/2025\/01\/01_Chaiselongueset_SUNS_Termoli_teaktop-2500-pix-4.png\",\"contentUrl\":\"https:\/\/hello-suns.com\/app\/uploads\/2025\/01\/01_Chaiselongueset_SUNS_Termoli_teaktop-2500-pix-4.png\",\"width\":2500,\"height\":1667},{\"@type\":\"BreadcrumbList\",\"@id\":\"https:\/\/hello-suns.com\/de\/produkte\/termoli-lounge-sets\/#breadcrumb\",\"itemListElement\":[{\"@type\":\"ListItem\",\"position\":1,\"name\":\"\",\"item\":\"https:\/\/hello-suns.com\/de\/\"},{\"@type\":\"ListItem\",\"position\":2,\"name\":\"Produkte\",\"item\":\"https:\/\/hello-suns.com\/de\/produkte\/\"},{\"@type\":\"ListItem\",\"position\":3,\"name\":\"Termoli\"}]},{\"@type\":\"WebSite\",\"@id\":\"https:\/\/hello-suns.com\/de\/#website\",\"url\":\"https:\/\/hello-suns.com\/de\/\",\"name\":\"SUNS\",\"description\":\"Outdoor Lifestyle\",\"potentialAction\":[{\"@type\":\"SearchAction\",\"target\":{\"@type\":\"EntryPoint\",\"urlTemplate\":\"https:\/\/hello-suns.com\/de\/?s={search_term_string}\"},\"query-input\":{\"@type\":\"PropertyValueSpecification\",\"valueRequired\":true,\"valueName\":\"search_term_string\"}}],\"inLanguage\":\"de-DE\"}]}<\/script>\n<!-- \/ Yoast SEO plugin. -->","yoast_head_json":{"title":"Entdecken Sie Termoli Lounge Set | SUNS Outdoor Lifestyle","description":"Suchen Sie nach einem stilvollen Termoli-Lounge-Set? SUNS bietet moderne und bequeme Lounge-Sets mit langlebigen Materialien f\u00fcr ein luxuri\u00f6ses Outdoor-Erlebnis.","robots":{"index":"index","follow":"follow","max-snippet":"max-snippet:-1","max-image-preview":"max-image-preview:large","max-video-preview":"max-video-preview:-1"},"canonical":"https:\/\/hello-suns.com\/de\/produkte\/termoli-lounge-sets\/","og_locale":"de_DE","og_type":"article","og_title":"Entdecken Sie Termoli Lounge Set | SUNS Outdoor Lifestyle","og_description":"Suchen Sie nach einem stilvollen Termoli-Lounge-Set? SUNS bietet moderne und bequeme Lounge-Sets mit langlebigen Materialien f\u00fcr ein luxuri\u00f6ses Outdoor-Erlebnis.","og_url":"https:\/\/hello-suns.com\/de\/produkte\/termoli-lounge-sets\/","og_site_name":"SUNS","article_modified_time":"2025-05-27T07:49:12+00:00","og_image":[{"width":2500,"height":1667,"url":"https:\/\/hello-suns.com\/app\/uploads\/2025\/01\/01_Chaiselongueset_SUNS_Termoli_teaktop-2500-pix-4.png","type":"image\/png"}],"twitter_card":"summary_large_image","twitter_misc":{"Est. reading time":"7 minutes"},"schema":{"@context":"https:\/\/schema.org","@graph":[{"@type":"WebPage","@id":"https:\/\/hello-suns.com\/de\/produkte\/termoli-lounge-sets\/","url":"https:\/\/hello-suns.com\/de\/produkte\/termoli-lounge-sets\/","name":"Entdecken Sie Termoli Lounge Set | SUNS Outdoor Lifestyle","isPartOf":{"@id":"https:\/\/hello-suns.com\/de\/#website"},"primaryImageOfPage":{"@id":"https:\/\/hello-suns.com\/de\/produkte\/termoli-lounge-sets\/#primaryimage"},"image":{"@id":"https:\/\/hello-suns.com\/de\/produkte\/termoli-lounge-sets\/#primaryimage"},"thumbnailUrl":"https:\/\/hello-suns.com\/app\/uploads\/2025\/01\/01_Chaiselongueset_SUNS_Termoli_teaktop-2500-pix-4.png","datePublished":"2025-01-13T15:26:41+00:00","dateModified":"2025-05-27T07:49:12+00:00","description":"Suchen Sie nach einem stilvollen Termoli-Lounge-Set? SUNS bietet moderne und bequeme Lounge-Sets mit langlebigen Materialien f\u00fcr ein luxuri\u00f6ses Outdoor-Erlebnis.","breadcrumb":{"@id":"https:\/\/hello-suns.com\/de\/produkte\/termoli-lounge-sets\/#breadcrumb"},"inLanguage":"de-DE","potentialAction":[{"@type":"ReadAction","target":["https:\/\/hello-suns.com\/de\/produkte\/termoli-lounge-sets\/"]}]},{"@type":"ImageObject","inLanguage":"de-DE","@id":"https:\/\/hello-suns.com\/de\/produkte\/termoli-lounge-sets\/#primaryimage","url":"https:\/\/hello-suns.com\/app\/uploads\/2025\/01\/01_Chaiselongueset_SUNS_Termoli_teaktop-2500-pix-4.png","contentUrl":"https:\/\/hello-suns.com\/app\/uploads\/2025\/01\/01_Chaiselongueset_SUNS_Termoli_teaktop-2500-pix-4.png","width":2500,"height":1667},{"@type":"BreadcrumbList","@id":"https:\/\/hello-suns.com\/de\/produkte\/termoli-lounge-sets\/#breadcrumb","itemListElement":[{"@type":"ListItem","position":1,"name":"","item":"https:\/\/hello-suns.com\/de\/"},{"@type":"ListItem","position":2,"name":"Produkte","item":"https:\/\/hello-suns.com\/de\/produkte\/"},{"@type":"ListItem","position":3,"name":"Termoli"}]},{"@type":"WebSite","@id":"https:\/\/hello-suns.com\/de\/#website","url":"https:\/\/hello-suns.com\/de\/","name":"SUNS","description":"Outdoor Lifestyle","potentialAction":[{"@type":"SearchAction","target":{"@type":"EntryPoint","urlTemplate":"https:\/\/hello-suns.com\/de\/?s={search_term_string}"},"query-input":{"@type":"PropertyValueSpecification","valueRequired":true,"valueName":"search_term_string"}}],"inLanguage":"de-DE"}]}},"_links":{"self":[{"href":"https:\/\/hello-suns.com\/de\/wp-json\/wp\/v2\/product\/13687","targetHints":{"allow":["GET"]}}],"collection":[{"href":"https:\/\/hello-suns.com\/de\/wp-json\/wp\/v2\/product"}],"about":[{"href":"https:\/\/hello-suns.com\/de\/wp-json\/wp\/v2\/types\/product"}],"replies":[{"embeddable":true,"href":"https:\/\/hello-suns.com\/de\/wp-json\/wp\/v2\/comments?post=13687"}],"wp:featuredmedia":[{"embeddable":true,"href":"https:\/\/hello-suns.com\/de\/wp-json\/wp\/v2\/media\/13688"}],"wp:attachment":[{"href":"https:\/\/hello-suns.com\/de\/wp-json\/wp\/v2\/media?parent=13687"}],"wp:term":[{"taxonomy":"product_brand","embeddable":true,"href":"https:\/\/hello-suns.com\/de\/wp-json\/wp\/v2\/product_brand?post=13687"},{"taxonomy":"product_cat","embeddable":true,"href":"https:\/\/hello-suns.com\/de\/wp-json\/wp\/v2\/product_cat?post=13687"},{"taxonomy":"product_tag","embeddable":true,"href":"https:\/\/hello-suns.com\/de\/wp-json\/wp\/v2\/product_tag?post=13687"},{"taxonomy":"material","embeddable":true,"href":"https:\/\/hello-suns.com\/de\/wp-json\/wp\/v2\/material?post=13687"}],"curies":[{"name":"wp","href":"https:\/\/api.w.org\/{rel}","templated":true}]}}