{"id":13645,"date":"2025-01-13T15:51:48","date_gmt":"2025-01-13T15:51:48","guid":{"rendered":"https:\/\/hello-suns.com\/producten\/tosca-4\/"},"modified":"2025-05-27T07:53:30","modified_gmt":"2025-05-27T07:53:30","slug":"tosca-lounge-sets","status":"publish","type":"product","link":"https:\/\/hello-suns.com\/de\/produkte\/tosca-lounge-sets\/","title":{"rendered":"Tosca"},"content":{"rendered":"<h2 style=\"font-weight: 400;\">Romantisch faulenzen<\/h2>\n<p style=\"font-weight: 400;\">Tosca ist eine stilvolle Erscheinung. Sein charmant-eleganter Rahmen, der mit spielerisch geflochtenen Seilen bespannt ist, verweist subtil auf M\u00f6beldesigns aus der Zeit der Romantik. Die gro\u00dfz\u00fcgige Polsterung unterstreicht den Komfort.<\/p>\n","protected":false},"excerpt":{"rendered":"<h3 style=\"font-weight: 400;\">Charmantes Lounge-Set mit Seilwerk<\/h3>\n<p style=\"font-weight: 400;\">Tosca ist ein elegantes und \u00e4u\u00dferst bequemes Lounge-Set. Der Sitz neigt sich dezent nach hinten und sorgt f\u00fcr ein angenehm entspanntes Sitzen. Tosca bedeutet Entspannung in optima forma. Das leicht nostalgische Design macht dieses Lounge-Set zu einem Blickfang auf jeder Terrasse. Der schlanke Aluminiumrahmen ist mit hochwertigem Tauwerk in einem verspielten Geflecht bespannt. Dies verleiht ihm einen charmanten Look, der durch die nat\u00fcrliche, sanfte Farbgebung voll zur Geltung kommt. Das Set wird standardm\u00e4\u00dfig mit zwei runden Beistelltischen mit einer Tischplatte aus gesintertem Stein geliefert. Dank der hochwertigen, wetterfesten Materialien kann Tosca das ganze Jahr \u00fcber im Freien stehen. Tosca ist auch als Sofagarnitur mit separaten St\u00fchlen und Loungesofa erh\u00e4ltlich.<\/p>\n","protected":false},"featured_media":13652,"comment_status":"closed","ping_status":"closed","template":"","meta":{"_acf_changed":false},"product_brand":[],"product_cat":[644],"product_tag":[],"material":[],"class_list":{"0":"post-13645","1":"product","2":"type-product","3":"status-publish","4":"has-post-thumbnail","6":"product_cat-lounge-sets","8":"first","9":"instock","10":"shipping-taxable","11":"product-type-simple"},"acf":[],"yoast_head":"<!-- This site is optimized with the Yoast SEO plugin v26.8 - https:\/\/yoast.com\/product\/yoast-seo-wordpress\/ -->\n<title>Entdecken Sie Tosca Lounge Set | SUNS Outdoor Lifestyle<\/title>\n<meta name=\"description\" content=\"Suchen Sie ein stilvolles Tosca Lounge-Set? SUNS bietet luxuri\u00f6se Lounge-Sets mit modernem Design und ultimativem Komfort, perfekt f\u00fcr einen eleganten Au\u00dfenbereich.\" \/>\n<meta name=\"robots\" content=\"index, follow, max-snippet:-1, max-image-preview:large, max-video-preview:-1\" \/>\n<link rel=\"canonical\" href=\"https:\/\/hello-suns.com\/de\/produkte\/tosca-lounge-sets\/\" \/>\n<meta property=\"og:locale\" content=\"de_DE\" \/>\n<meta property=\"og:type\" content=\"article\" \/>\n<meta property=\"og:title\" content=\"Entdecken Sie Tosca Lounge Set | SUNS Outdoor Lifestyle\" \/>\n<meta property=\"og:description\" content=\"Suchen Sie ein stilvolles Tosca Lounge-Set? SUNS bietet luxuri\u00f6se Lounge-Sets mit modernem Design und ultimativem Komfort, perfekt f\u00fcr einen eleganten Au\u00dfenbereich.\" \/>\n<meta property=\"og:url\" content=\"https:\/\/hello-suns.com\/de\/produkte\/tosca-lounge-sets\/\" \/>\n<meta property=\"og:site_name\" content=\"SUNS\" \/>\n<meta property=\"article:modified_time\" content=\"2025-05-27T07:53:30+00:00\" \/>\n<meta property=\"og:image\" content=\"https:\/\/hello-suns.com\/app\/uploads\/2025\/01\/01_Tosca-Nova-SUNS-6pcsloungeset-CS-NMW-Free-25-2500-4.png\" \/>\n\t<meta property=\"og:image:width\" content=\"2500\" \/>\n\t<meta property=\"og:image:height\" content=\"1667\" \/>\n\t<meta property=\"og:image:type\" content=\"image\/png\" \/>\n<meta name=\"twitter:card\" content=\"summary_large_image\" \/>\n<meta name=\"twitter:label1\" content=\"Est. reading time\" \/>\n\t<meta name=\"twitter:data1\" content=\"5 minutes\" \/>\n<script type=\"application\/ld+json\" class=\"yoast-schema-graph\">{\"@context\":\"https:\/\/schema.org\",\"@graph\":[{\"@type\":\"WebPage\",\"@id\":\"https:\/\/hello-suns.com\/de\/produkte\/tosca-lounge-sets\/\",\"url\":\"https:\/\/hello-suns.com\/de\/produkte\/tosca-lounge-sets\/\",\"name\":\"Entdecken Sie Tosca Lounge Set | SUNS Outdoor Lifestyle\",\"isPartOf\":{\"@id\":\"https:\/\/hello-suns.com\/de\/#website\"},\"primaryImageOfPage\":{\"@id\":\"https:\/\/hello-suns.com\/de\/produkte\/tosca-lounge-sets\/#primaryimage\"},\"image\":{\"@id\":\"https:\/\/hello-suns.com\/de\/produkte\/tosca-lounge-sets\/#primaryimage\"},\"thumbnailUrl\":\"https:\/\/hello-suns.com\/app\/uploads\/2025\/01\/01_Tosca-Nova-SUNS-6pcsloungeset-CS-NMW-Free-25-2500-4.png\",\"datePublished\":\"2025-01-13T15:51:48+00:00\",\"dateModified\":\"2025-05-27T07:53:30+00:00\",\"description\":\"Suchen Sie ein stilvolles Tosca Lounge-Set? SUNS bietet luxuri\u00f6se Lounge-Sets mit modernem Design und ultimativem Komfort, perfekt f\u00fcr einen eleganten Au\u00dfenbereich.\",\"breadcrumb\":{\"@id\":\"https:\/\/hello-suns.com\/de\/produkte\/tosca-lounge-sets\/#breadcrumb\"},\"inLanguage\":\"de-DE\",\"potentialAction\":[{\"@type\":\"ReadAction\",\"target\":[\"https:\/\/hello-suns.com\/de\/produkte\/tosca-lounge-sets\/\"]}]},{\"@type\":\"ImageObject\",\"inLanguage\":\"de-DE\",\"@id\":\"https:\/\/hello-suns.com\/de\/produkte\/tosca-lounge-sets\/#primaryimage\",\"url\":\"https:\/\/hello-suns.com\/app\/uploads\/2025\/01\/01_Tosca-Nova-SUNS-6pcsloungeset-CS-NMW-Free-25-2500-4.png\",\"contentUrl\":\"https:\/\/hello-suns.com\/app\/uploads\/2025\/01\/01_Tosca-Nova-SUNS-6pcsloungeset-CS-NMW-Free-25-2500-4.png\",\"width\":2500,\"height\":1667},{\"@type\":\"BreadcrumbList\",\"@id\":\"https:\/\/hello-suns.com\/de\/produkte\/tosca-lounge-sets\/#breadcrumb\",\"itemListElement\":[{\"@type\":\"ListItem\",\"position\":1,\"name\":\"\",\"item\":\"https:\/\/hello-suns.com\/de\/\"},{\"@type\":\"ListItem\",\"position\":2,\"name\":\"Produkte\",\"item\":\"https:\/\/hello-suns.com\/de\/produkte\/\"},{\"@type\":\"ListItem\",\"position\":3,\"name\":\"Tosca\"}]},{\"@type\":\"WebSite\",\"@id\":\"https:\/\/hello-suns.com\/de\/#website\",\"url\":\"https:\/\/hello-suns.com\/de\/\",\"name\":\"SUNS\",\"description\":\"Outdoor Lifestyle\",\"potentialAction\":[{\"@type\":\"SearchAction\",\"target\":{\"@type\":\"EntryPoint\",\"urlTemplate\":\"https:\/\/hello-suns.com\/de\/?s={search_term_string}\"},\"query-input\":{\"@type\":\"PropertyValueSpecification\",\"valueRequired\":true,\"valueName\":\"search_term_string\"}}],\"inLanguage\":\"de-DE\"}]}<\/script>\n<!-- \/ Yoast SEO plugin. -->","yoast_head_json":{"title":"Entdecken Sie Tosca Lounge Set | SUNS Outdoor Lifestyle","description":"Suchen Sie ein stilvolles Tosca Lounge-Set? SUNS bietet luxuri\u00f6se Lounge-Sets mit modernem Design und ultimativem Komfort, perfekt f\u00fcr einen eleganten Au\u00dfenbereich.","robots":{"index":"index","follow":"follow","max-snippet":"max-snippet:-1","max-image-preview":"max-image-preview:large","max-video-preview":"max-video-preview:-1"},"canonical":"https:\/\/hello-suns.com\/de\/produkte\/tosca-lounge-sets\/","og_locale":"de_DE","og_type":"article","og_title":"Entdecken Sie Tosca Lounge Set | SUNS Outdoor Lifestyle","og_description":"Suchen Sie ein stilvolles Tosca Lounge-Set? SUNS bietet luxuri\u00f6se Lounge-Sets mit modernem Design und ultimativem Komfort, perfekt f\u00fcr einen eleganten Au\u00dfenbereich.","og_url":"https:\/\/hello-suns.com\/de\/produkte\/tosca-lounge-sets\/","og_site_name":"SUNS","article_modified_time":"2025-05-27T07:53:30+00:00","og_image":[{"width":2500,"height":1667,"url":"https:\/\/hello-suns.com\/app\/uploads\/2025\/01\/01_Tosca-Nova-SUNS-6pcsloungeset-CS-NMW-Free-25-2500-4.png","type":"image\/png"}],"twitter_card":"summary_large_image","twitter_misc":{"Est. reading time":"5 minutes"},"schema":{"@context":"https:\/\/schema.org","@graph":[{"@type":"WebPage","@id":"https:\/\/hello-suns.com\/de\/produkte\/tosca-lounge-sets\/","url":"https:\/\/hello-suns.com\/de\/produkte\/tosca-lounge-sets\/","name":"Entdecken Sie Tosca Lounge Set | SUNS Outdoor Lifestyle","isPartOf":{"@id":"https:\/\/hello-suns.com\/de\/#website"},"primaryImageOfPage":{"@id":"https:\/\/hello-suns.com\/de\/produkte\/tosca-lounge-sets\/#primaryimage"},"image":{"@id":"https:\/\/hello-suns.com\/de\/produkte\/tosca-lounge-sets\/#primaryimage"},"thumbnailUrl":"https:\/\/hello-suns.com\/app\/uploads\/2025\/01\/01_Tosca-Nova-SUNS-6pcsloungeset-CS-NMW-Free-25-2500-4.png","datePublished":"2025-01-13T15:51:48+00:00","dateModified":"2025-05-27T07:53:30+00:00","description":"Suchen Sie ein stilvolles Tosca Lounge-Set? SUNS bietet luxuri\u00f6se Lounge-Sets mit modernem Design und ultimativem Komfort, perfekt f\u00fcr einen eleganten Au\u00dfenbereich.","breadcrumb":{"@id":"https:\/\/hello-suns.com\/de\/produkte\/tosca-lounge-sets\/#breadcrumb"},"inLanguage":"de-DE","potentialAction":[{"@type":"ReadAction","target":["https:\/\/hello-suns.com\/de\/produkte\/tosca-lounge-sets\/"]}]},{"@type":"ImageObject","inLanguage":"de-DE","@id":"https:\/\/hello-suns.com\/de\/produkte\/tosca-lounge-sets\/#primaryimage","url":"https:\/\/hello-suns.com\/app\/uploads\/2025\/01\/01_Tosca-Nova-SUNS-6pcsloungeset-CS-NMW-Free-25-2500-4.png","contentUrl":"https:\/\/hello-suns.com\/app\/uploads\/2025\/01\/01_Tosca-Nova-SUNS-6pcsloungeset-CS-NMW-Free-25-2500-4.png","width":2500,"height":1667},{"@type":"BreadcrumbList","@id":"https:\/\/hello-suns.com\/de\/produkte\/tosca-lounge-sets\/#breadcrumb","itemListElement":[{"@type":"ListItem","position":1,"name":"","item":"https:\/\/hello-suns.com\/de\/"},{"@type":"ListItem","position":2,"name":"Produkte","item":"https:\/\/hello-suns.com\/de\/produkte\/"},{"@type":"ListItem","position":3,"name":"Tosca"}]},{"@type":"WebSite","@id":"https:\/\/hello-suns.com\/de\/#website","url":"https:\/\/hello-suns.com\/de\/","name":"SUNS","description":"Outdoor Lifestyle","potentialAction":[{"@type":"SearchAction","target":{"@type":"EntryPoint","urlTemplate":"https:\/\/hello-suns.com\/de\/?s={search_term_string}"},"query-input":{"@type":"PropertyValueSpecification","valueRequired":true,"valueName":"search_term_string"}}],"inLanguage":"de-DE"}]}},"_links":{"self":[{"href":"https:\/\/hello-suns.com\/de\/wp-json\/wp\/v2\/product\/13645","targetHints":{"allow":["GET"]}}],"collection":[{"href":"https:\/\/hello-suns.com\/de\/wp-json\/wp\/v2\/product"}],"about":[{"href":"https:\/\/hello-suns.com\/de\/wp-json\/wp\/v2\/types\/product"}],"replies":[{"embeddable":true,"href":"https:\/\/hello-suns.com\/de\/wp-json\/wp\/v2\/comments?post=13645"}],"wp:featuredmedia":[{"embeddable":true,"href":"https:\/\/hello-suns.com\/de\/wp-json\/wp\/v2\/media\/13652"}],"wp:attachment":[{"href":"https:\/\/hello-suns.com\/de\/wp-json\/wp\/v2\/media?parent=13645"}],"wp:term":[{"taxonomy":"product_brand","embeddable":true,"href":"https:\/\/hello-suns.com\/de\/wp-json\/wp\/v2\/product_brand?post=13645"},{"taxonomy":"product_cat","embeddable":true,"href":"https:\/\/hello-suns.com\/de\/wp-json\/wp\/v2\/product_cat?post=13645"},{"taxonomy":"product_tag","embeddable":true,"href":"https:\/\/hello-suns.com\/de\/wp-json\/wp\/v2\/product_tag?post=13645"},{"taxonomy":"material","embeddable":true,"href":"https:\/\/hello-suns.com\/de\/wp-json\/wp\/v2\/material?post=13645"}],"curies":[{"name":"wp","href":"https:\/\/api.w.org\/{rel}","templated":true}]}}