{"id":13608,"date":"2025-01-14T09:57:44","date_gmt":"2025-01-14T08:57:44","guid":{"rendered":"https:\/\/hello-suns.com\/producten\/stockholm-3\/"},"modified":"2026-02-19T12:19:33","modified_gmt":"2026-02-19T11:19:33","slug":"stockholm-sofa-set","status":"publish","type":"product","link":"https:\/\/hello-suns.com\/de\/produkte\/stockholm-sofa-set\/","title":{"rendered":"Stockholm"},"content":{"rendered":"<h2 style=\"font-weight: 400;\">Unvergessliche Momente schaffen<\/h2>\n<p style=\"font-weight: 400;\">Machen Sie Ihren Garten zu Ihrer urbanen Oase, in der Sie entspannen, Abstand von der Alltagshektik gewinnen und neue Erinnerungen schaffen k\u00f6nnen. Mit der Sofagarnitur Stockholm k\u00f6nnen Sie au\u00dfergew\u00f6hnlichen Luxus genie\u00dfen. Ohne Grenzen. Unbeschwert. Worauf warten Sie noch?<\/p>\n","protected":false},"excerpt":{"rendered":"<h3 style=\"font-weight: 400;\">Flink und einladend<\/h3>\n<p style=\"font-weight: 400;\">So wie Sie auf einem hervorragenden Sofa in Ihrem Wohnzimmer sitzen, so sitzen auch die Stockholm Sofas: wie angegossen. Diese Sofagarnitur hat einen robusten Aluminiumrahmen mit elegant geschwungenen F\u00fc\u00dfen und verf\u00fcgt \u00fcber extradicke Armlehnen und Kissen f\u00fcr unvergleichlichen Sitzkomfort. Die Kissen sind aus wasserabweisendem Stoff gefertigt und k\u00f6nnen problemlos einen Regenschauer \u00fcberstehen. Zu dem Set geh\u00f6rt ein passender Beistelltisch, der bei Bedarf mit einem Tisch mit Aluminiumplatte kombiniert werden kann.<\/p>\n<p style=\"font-weight: 400;\">Stockholm ist eine modulare Sofagarnitur. Das bedeutet, dass Sie verschiedene Elemente kombinieren k\u00f6nnen, um Ihre eigene ideale Einrichtung zu schaffen. SUNS bietet verschiedene modulare Konzepte unter dem Motto: YOU CREATE. Die Garnitur ist auch als Loungeset mit einer festen Eckanordnung erh\u00e4ltlich. Au\u00dferdem bietet die Stockholm-Linie ein passendes Daybed und einen Tisch. Verrutschende Kissen geh\u00f6ren der Vergangenheit an. Die Kissen werden mit einer Schlaufe und einem Holzstab an der R\u00fcckenlehne fixiert. Die Verwendung von hochwertigem Material und das unverwechselbare Design machen Stockholm zu einer idealen Sofagarnitur f\u00fcr jede Situation.<\/p>\n","protected":false},"featured_media":55181,"comment_status":"closed","ping_status":"closed","template":"","meta":{"_acf_changed":false},"product_brand":[],"product_cat":[643,631],"product_tag":[],"material":[],"class_list":{"0":"post-13608","1":"product","2":"type-product","3":"status-publish","4":"has-post-thumbnail","6":"product_cat-sofa-sets","7":"product_cat-you-create","9":"first","10":"instock","11":"shipping-taxable","12":"product-type-simple"},"acf":[],"yoast_head":"<!-- This site is optimized with the Yoast SEO plugin v26.8 - https:\/\/yoast.com\/product\/yoast-seo-wordpress\/ -->\n<title>Entdecken Sie Stockholm Sofaset | SUNS Gartenm\u00f6bel<\/title>\n<meta name=\"description\" content=\"Suchen Sie eine stilvolle Stockholmer Sofagarnitur? SUNS bietet komfortable und langlebige Sofas mit elegantem Design f\u00fcr ein modernes und luxuri\u00f6ses Outdoor-Erlebnis.\" \/>\n<meta name=\"robots\" content=\"index, follow, max-snippet:-1, max-image-preview:large, max-video-preview:-1\" \/>\n<link rel=\"canonical\" href=\"https:\/\/hello-suns.com\/de\/produkte\/stockholm-sofa-set\/\" \/>\n<meta property=\"og:locale\" content=\"de_DE\" \/>\n<meta property=\"og:type\" content=\"article\" \/>\n<meta property=\"og:title\" content=\"Entdecken Sie Stockholm Sofaset | SUNS Gartenm\u00f6bel\" \/>\n<meta property=\"og:description\" content=\"Suchen Sie eine stilvolle Stockholmer Sofagarnitur? SUNS bietet komfortable und langlebige Sofas mit elegantem Design f\u00fcr ein modernes und luxuri\u00f6ses Outdoor-Erlebnis.\" \/>\n<meta property=\"og:url\" content=\"https:\/\/hello-suns.com\/de\/produkte\/stockholm-sofa-set\/\" \/>\n<meta property=\"og:site_name\" content=\"SUNS\" \/>\n<meta property=\"article:modified_time\" content=\"2026-02-19T11:19:33+00:00\" \/>\n<meta property=\"og:image\" content=\"https:\/\/hello-suns.com\/app\/uploads\/2025\/01\/Stockholm-SUNS-Sofaset-MRG-SMW-Free-21-4.png\" \/>\n\t<meta property=\"og:image:width\" content=\"2500\" \/>\n\t<meta property=\"og:image:height\" content=\"1667\" \/>\n\t<meta property=\"og:image:type\" content=\"image\/png\" \/>\n<meta name=\"twitter:card\" content=\"summary_large_image\" \/>\n<meta name=\"twitter:label1\" content=\"Est. reading time\" \/>\n\t<meta name=\"twitter:data1\" content=\"4 minutes\" \/>\n<script type=\"application\/ld+json\" class=\"yoast-schema-graph\">{\"@context\":\"https:\/\/schema.org\",\"@graph\":[{\"@type\":\"WebPage\",\"@id\":\"https:\/\/hello-suns.com\/de\/produkte\/stockholm-sofa-set\/\",\"url\":\"https:\/\/hello-suns.com\/de\/produkte\/stockholm-sofa-set\/\",\"name\":\"Entdecken Sie Stockholm Sofaset | SUNS Gartenm\u00f6bel\",\"isPartOf\":{\"@id\":\"https:\/\/hello-suns.com\/de\/#website\"},\"primaryImageOfPage\":{\"@id\":\"https:\/\/hello-suns.com\/de\/produkte\/stockholm-sofa-set\/#primaryimage\"},\"image\":{\"@id\":\"https:\/\/hello-suns.com\/de\/produkte\/stockholm-sofa-set\/#primaryimage\"},\"thumbnailUrl\":\"https:\/\/hello-suns.com\/app\/uploads\/2025\/01\/Stockholm-SUNS-Sofaset-MRG-SMW-Free-21-4.png\",\"datePublished\":\"2025-01-14T08:57:44+00:00\",\"dateModified\":\"2026-02-19T11:19:33+00:00\",\"description\":\"Suchen Sie eine stilvolle Stockholmer Sofagarnitur? SUNS bietet komfortable und langlebige Sofas mit elegantem Design f\u00fcr ein modernes und luxuri\u00f6ses Outdoor-Erlebnis.\",\"breadcrumb\":{\"@id\":\"https:\/\/hello-suns.com\/de\/produkte\/stockholm-sofa-set\/#breadcrumb\"},\"inLanguage\":\"de-DE\",\"potentialAction\":[{\"@type\":\"ReadAction\",\"target\":[\"https:\/\/hello-suns.com\/de\/produkte\/stockholm-sofa-set\/\"]}]},{\"@type\":\"ImageObject\",\"inLanguage\":\"de-DE\",\"@id\":\"https:\/\/hello-suns.com\/de\/produkte\/stockholm-sofa-set\/#primaryimage\",\"url\":\"https:\/\/hello-suns.com\/app\/uploads\/2025\/01\/Stockholm-SUNS-Sofaset-MRG-SMW-Free-21-4.png\",\"contentUrl\":\"https:\/\/hello-suns.com\/app\/uploads\/2025\/01\/Stockholm-SUNS-Sofaset-MRG-SMW-Free-21-4.png\",\"width\":2500,\"height\":1667},{\"@type\":\"BreadcrumbList\",\"@id\":\"https:\/\/hello-suns.com\/de\/produkte\/stockholm-sofa-set\/#breadcrumb\",\"itemListElement\":[{\"@type\":\"ListItem\",\"position\":1,\"name\":\"\",\"item\":\"https:\/\/hello-suns.com\/de\/\"},{\"@type\":\"ListItem\",\"position\":2,\"name\":\"Produkte\",\"item\":\"https:\/\/hello-suns.com\/de\/produkte\/\"},{\"@type\":\"ListItem\",\"position\":3,\"name\":\"Stockholm\"}]},{\"@type\":\"WebSite\",\"@id\":\"https:\/\/hello-suns.com\/de\/#website\",\"url\":\"https:\/\/hello-suns.com\/de\/\",\"name\":\"SUNS\",\"description\":\"Outdoor Lifestyle\",\"potentialAction\":[{\"@type\":\"SearchAction\",\"target\":{\"@type\":\"EntryPoint\",\"urlTemplate\":\"https:\/\/hello-suns.com\/de\/?s={search_term_string}\"},\"query-input\":{\"@type\":\"PropertyValueSpecification\",\"valueRequired\":true,\"valueName\":\"search_term_string\"}}],\"inLanguage\":\"de-DE\"}]}<\/script>\n<!-- \/ Yoast SEO plugin. -->","yoast_head_json":{"title":"Entdecken Sie Stockholm Sofaset | SUNS Gartenm\u00f6bel","description":"Suchen Sie eine stilvolle Stockholmer Sofagarnitur? SUNS bietet komfortable und langlebige Sofas mit elegantem Design f\u00fcr ein modernes und luxuri\u00f6ses Outdoor-Erlebnis.","robots":{"index":"index","follow":"follow","max-snippet":"max-snippet:-1","max-image-preview":"max-image-preview:large","max-video-preview":"max-video-preview:-1"},"canonical":"https:\/\/hello-suns.com\/de\/produkte\/stockholm-sofa-set\/","og_locale":"de_DE","og_type":"article","og_title":"Entdecken Sie Stockholm Sofaset | SUNS Gartenm\u00f6bel","og_description":"Suchen Sie eine stilvolle Stockholmer Sofagarnitur? SUNS bietet komfortable und langlebige Sofas mit elegantem Design f\u00fcr ein modernes und luxuri\u00f6ses Outdoor-Erlebnis.","og_url":"https:\/\/hello-suns.com\/de\/produkte\/stockholm-sofa-set\/","og_site_name":"SUNS","article_modified_time":"2026-02-19T11:19:33+00:00","og_image":[{"width":2500,"height":1667,"url":"https:\/\/hello-suns.com\/app\/uploads\/2025\/01\/Stockholm-SUNS-Sofaset-MRG-SMW-Free-21-4.png","type":"image\/png"}],"twitter_card":"summary_large_image","twitter_misc":{"Est. reading time":"4 minutes"},"schema":{"@context":"https:\/\/schema.org","@graph":[{"@type":"WebPage","@id":"https:\/\/hello-suns.com\/de\/produkte\/stockholm-sofa-set\/","url":"https:\/\/hello-suns.com\/de\/produkte\/stockholm-sofa-set\/","name":"Entdecken Sie Stockholm Sofaset | SUNS Gartenm\u00f6bel","isPartOf":{"@id":"https:\/\/hello-suns.com\/de\/#website"},"primaryImageOfPage":{"@id":"https:\/\/hello-suns.com\/de\/produkte\/stockholm-sofa-set\/#primaryimage"},"image":{"@id":"https:\/\/hello-suns.com\/de\/produkte\/stockholm-sofa-set\/#primaryimage"},"thumbnailUrl":"https:\/\/hello-suns.com\/app\/uploads\/2025\/01\/Stockholm-SUNS-Sofaset-MRG-SMW-Free-21-4.png","datePublished":"2025-01-14T08:57:44+00:00","dateModified":"2026-02-19T11:19:33+00:00","description":"Suchen Sie eine stilvolle Stockholmer Sofagarnitur? SUNS bietet komfortable und langlebige Sofas mit elegantem Design f\u00fcr ein modernes und luxuri\u00f6ses Outdoor-Erlebnis.","breadcrumb":{"@id":"https:\/\/hello-suns.com\/de\/produkte\/stockholm-sofa-set\/#breadcrumb"},"inLanguage":"de-DE","potentialAction":[{"@type":"ReadAction","target":["https:\/\/hello-suns.com\/de\/produkte\/stockholm-sofa-set\/"]}]},{"@type":"ImageObject","inLanguage":"de-DE","@id":"https:\/\/hello-suns.com\/de\/produkte\/stockholm-sofa-set\/#primaryimage","url":"https:\/\/hello-suns.com\/app\/uploads\/2025\/01\/Stockholm-SUNS-Sofaset-MRG-SMW-Free-21-4.png","contentUrl":"https:\/\/hello-suns.com\/app\/uploads\/2025\/01\/Stockholm-SUNS-Sofaset-MRG-SMW-Free-21-4.png","width":2500,"height":1667},{"@type":"BreadcrumbList","@id":"https:\/\/hello-suns.com\/de\/produkte\/stockholm-sofa-set\/#breadcrumb","itemListElement":[{"@type":"ListItem","position":1,"name":"","item":"https:\/\/hello-suns.com\/de\/"},{"@type":"ListItem","position":2,"name":"Produkte","item":"https:\/\/hello-suns.com\/de\/produkte\/"},{"@type":"ListItem","position":3,"name":"Stockholm"}]},{"@type":"WebSite","@id":"https:\/\/hello-suns.com\/de\/#website","url":"https:\/\/hello-suns.com\/de\/","name":"SUNS","description":"Outdoor Lifestyle","potentialAction":[{"@type":"SearchAction","target":{"@type":"EntryPoint","urlTemplate":"https:\/\/hello-suns.com\/de\/?s={search_term_string}"},"query-input":{"@type":"PropertyValueSpecification","valueRequired":true,"valueName":"search_term_string"}}],"inLanguage":"de-DE"}]}},"_links":{"self":[{"href":"https:\/\/hello-suns.com\/de\/wp-json\/wp\/v2\/product\/13608","targetHints":{"allow":["GET"]}}],"collection":[{"href":"https:\/\/hello-suns.com\/de\/wp-json\/wp\/v2\/product"}],"about":[{"href":"https:\/\/hello-suns.com\/de\/wp-json\/wp\/v2\/types\/product"}],"replies":[{"embeddable":true,"href":"https:\/\/hello-suns.com\/de\/wp-json\/wp\/v2\/comments?post=13608"}],"wp:featuredmedia":[{"embeddable":true,"href":"https:\/\/hello-suns.com\/de\/wp-json\/wp\/v2\/media\/55181"}],"wp:attachment":[{"href":"https:\/\/hello-suns.com\/de\/wp-json\/wp\/v2\/media?parent=13608"}],"wp:term":[{"taxonomy":"product_brand","embeddable":true,"href":"https:\/\/hello-suns.com\/de\/wp-json\/wp\/v2\/product_brand?post=13608"},{"taxonomy":"product_cat","embeddable":true,"href":"https:\/\/hello-suns.com\/de\/wp-json\/wp\/v2\/product_cat?post=13608"},{"taxonomy":"product_tag","embeddable":true,"href":"https:\/\/hello-suns.com\/de\/wp-json\/wp\/v2\/product_tag?post=13608"},{"taxonomy":"material","embeddable":true,"href":"https:\/\/hello-suns.com\/de\/wp-json\/wp\/v2\/material?post=13608"}],"curies":[{"name":"wp","href":"https:\/\/api.w.org\/{rel}","templated":true}]}}