{"id":13558,"date":"2025-01-14T07:06:37","date_gmt":"2025-01-14T06:06:37","guid":{"rendered":"https:\/\/hello-suns.com\/producten\/volar-2\/"},"modified":"2026-02-05T09:44:41","modified_gmt":"2026-02-05T08:44:41","slug":"volar-lounge-sets","status":"publish","type":"product","link":"https:\/\/hello-suns.com\/de\/produkte\/volar-lounge-sets\/","title":{"rendered":"Volar"},"content":{"rendered":"<h2 style=\"font-weight: 400;\">Volar, ein Synonym f\u00fcr Freiheit<\/h2>\n<p style=\"font-weight: 400;\">Erleben Sie den puren Luxus eines Lounge-Sets, das so vielseitig ist wie Sie selbst. Suns Volar bietet viele Kombinationsm\u00f6glichkeiten und passt sich ganz Ihren Vorlieben an, ohne Kompromisse bei Qualit\u00e4t und Sitzkomfort einzugehen. Apropos Synergie.<\/p>\n","protected":false},"excerpt":{"rendered":"<h3 style=\"font-weight: 400;\">Gro\u00dfz\u00fcgiger Sitzkomfort nach Ma\u00df<\/h3>\n<p style=\"font-weight: 400;\">Das Loungeset Volar ist Genuss in Reinkultur. Ein charakteristisches Merkmal ist die gro\u00dfz\u00fcgige Polsterung, die selbst einer gro\u00dfen Gruppe den n\u00f6tigen (Sitz-)Komfort bietet. Arm- und R\u00fcckenlehnen sind mit der gleichen luxuri\u00f6sen Polsterstruktur ausgestattet. Volar ist mit einem hochwertigen, strapazierf\u00e4higen Au\u00dfenstoff \u00fcberzogen. Dieser Stoff ist wetter- und wasserfest, farbecht und f\u00fchlt sich au\u00dfergew\u00f6hnlich weich an. Volar hat au\u00dferdem einen innovativen Kern aus Quick Dry Foam\u00ae, so dass diese Garnitur das ganze Jahr \u00fcber im Freien bleiben kann. Die Lounge-Elemente stehen auf einem Gestell aus hochwertigem Industriealuminium. Dieses dickere Qualit\u00e4tsaluminium verleiht der Garnitur eine solide Konstruktion und eine lange Lebensdauer. Dieses Set ist auch als Sofaset erh\u00e4ltlich, mit separaten Sofas und\/oder Loungesesseln f\u00fcr einen stilvollen Touch.<\/p>\n<p style=\"font-weight: 400;\">Volar ist Teil des You Create Programms. Das bedeutet, dass diese Produktlinie aus verschiedenen Einzelelementen besteht, die Sie nach Ihrem eigenen Geschmack kombinieren k\u00f6nnen. Eine feste Ecke, ein L-Teil mit linker oder rechter Armlehne, ein Mittelst\u00fcck f\u00fcr zus\u00e4tzliche L\u00e4nge, ein separates 3-Sitzer-Sofa oder ein Loungesessel, ein kleiner oder gro\u00dfer Beistelltisch: Volar ist ein Synonym f\u00fcr Freiheit. Entscheiden Sie sich f\u00fcr das ideale Arrangement f\u00fcr Ihren Garten oder Ihre Terrasse.<\/p>\n","protected":false},"featured_media":13601,"comment_status":"closed","ping_status":"closed","template":"","meta":{"_acf_changed":false},"product_brand":[],"product_cat":[644,631],"product_tag":[],"material":[],"class_list":{"0":"post-13558","1":"product","2":"type-product","3":"status-publish","4":"has-post-thumbnail","6":"product_cat-lounge-sets","7":"product_cat-you-create","9":"first","10":"instock","11":"shipping-taxable","12":"product-type-simple"},"acf":[],"yoast_head":"<!-- This site is optimized with the Yoast SEO plugin v26.8 - https:\/\/yoast.com\/product\/yoast-seo-wordpress\/ -->\n<title>Entdecken Sie Volar Lounge Set | SUNS Outdoor Lifestyle<\/title>\n<meta name=\"description\" content=\"Suchen Sie nach einem stilvollen Volar-Lounge-Set? SUNS bietet luxuri\u00f6se Lounge-Sets mit modernem Design und ultimativem Komfort, perfekt zum Entspannen im Freien.\" \/>\n<meta name=\"robots\" content=\"index, follow, max-snippet:-1, max-image-preview:large, max-video-preview:-1\" \/>\n<link rel=\"canonical\" href=\"https:\/\/hello-suns.com\/de\/produkte\/volar-lounge-sets\/\" \/>\n<meta property=\"og:locale\" content=\"de_DE\" \/>\n<meta property=\"og:type\" content=\"article\" \/>\n<meta property=\"og:title\" content=\"Entdecken Sie Volar Lounge Set | SUNS Outdoor Lifestyle\" \/>\n<meta property=\"og:description\" content=\"Suchen Sie nach einem stilvollen Volar-Lounge-Set? SUNS bietet luxuri\u00f6se Lounge-Sets mit modernem Design und ultimativem Komfort, perfekt zum Entspannen im Freien.\" \/>\n<meta property=\"og:url\" content=\"https:\/\/hello-suns.com\/de\/produkte\/volar-lounge-sets\/\" \/>\n<meta property=\"og:site_name\" content=\"SUNS\" \/>\n<meta property=\"article:modified_time\" content=\"2026-02-05T08:44:41+00:00\" \/>\n<meta property=\"og:image\" content=\"https:\/\/hello-suns.com\/app\/uploads\/2025\/01\/01_Loungeset_SUNS_Volar_5pcs_black_ashbrown_blacktop_big_cushion-2500-pix-3.png\" \/>\n\t<meta property=\"og:image:width\" content=\"2500\" \/>\n\t<meta property=\"og:image:height\" content=\"1667\" \/>\n\t<meta property=\"og:image:type\" content=\"image\/png\" \/>\n<meta name=\"twitter:card\" content=\"summary_large_image\" \/>\n<meta name=\"twitter:label1\" content=\"Est. reading time\" \/>\n\t<meta name=\"twitter:data1\" content=\"6 minutes\" \/>\n<script type=\"application\/ld+json\" class=\"yoast-schema-graph\">{\"@context\":\"https:\/\/schema.org\",\"@graph\":[{\"@type\":\"WebPage\",\"@id\":\"https:\/\/hello-suns.com\/de\/produkte\/volar-lounge-sets\/\",\"url\":\"https:\/\/hello-suns.com\/de\/produkte\/volar-lounge-sets\/\",\"name\":\"Entdecken Sie Volar Lounge Set | SUNS Outdoor Lifestyle\",\"isPartOf\":{\"@id\":\"https:\/\/hello-suns.com\/de\/#website\"},\"primaryImageOfPage\":{\"@id\":\"https:\/\/hello-suns.com\/de\/produkte\/volar-lounge-sets\/#primaryimage\"},\"image\":{\"@id\":\"https:\/\/hello-suns.com\/de\/produkte\/volar-lounge-sets\/#primaryimage\"},\"thumbnailUrl\":\"https:\/\/hello-suns.com\/app\/uploads\/2025\/01\/01_Loungeset_SUNS_Volar_5pcs_black_ashbrown_blacktop_big_cushion-2500-pix-3.png\",\"datePublished\":\"2025-01-14T06:06:37+00:00\",\"dateModified\":\"2026-02-05T08:44:41+00:00\",\"description\":\"Suchen Sie nach einem stilvollen Volar-Lounge-Set? SUNS bietet luxuri\u00f6se Lounge-Sets mit modernem Design und ultimativem Komfort, perfekt zum Entspannen im Freien.\",\"breadcrumb\":{\"@id\":\"https:\/\/hello-suns.com\/de\/produkte\/volar-lounge-sets\/#breadcrumb\"},\"inLanguage\":\"de-DE\",\"potentialAction\":[{\"@type\":\"ReadAction\",\"target\":[\"https:\/\/hello-suns.com\/de\/produkte\/volar-lounge-sets\/\"]}]},{\"@type\":\"ImageObject\",\"inLanguage\":\"de-DE\",\"@id\":\"https:\/\/hello-suns.com\/de\/produkte\/volar-lounge-sets\/#primaryimage\",\"url\":\"https:\/\/hello-suns.com\/app\/uploads\/2025\/01\/01_Loungeset_SUNS_Volar_5pcs_black_ashbrown_blacktop_big_cushion-2500-pix-3.png\",\"contentUrl\":\"https:\/\/hello-suns.com\/app\/uploads\/2025\/01\/01_Loungeset_SUNS_Volar_5pcs_black_ashbrown_blacktop_big_cushion-2500-pix-3.png\",\"width\":2500,\"height\":1667},{\"@type\":\"BreadcrumbList\",\"@id\":\"https:\/\/hello-suns.com\/de\/produkte\/volar-lounge-sets\/#breadcrumb\",\"itemListElement\":[{\"@type\":\"ListItem\",\"position\":1,\"name\":\"\",\"item\":\"https:\/\/hello-suns.com\/de\/\"},{\"@type\":\"ListItem\",\"position\":2,\"name\":\"Produkte\",\"item\":\"https:\/\/hello-suns.com\/de\/produkte\/\"},{\"@type\":\"ListItem\",\"position\":3,\"name\":\"Volar\"}]},{\"@type\":\"WebSite\",\"@id\":\"https:\/\/hello-suns.com\/de\/#website\",\"url\":\"https:\/\/hello-suns.com\/de\/\",\"name\":\"SUNS\",\"description\":\"Outdoor Lifestyle\",\"potentialAction\":[{\"@type\":\"SearchAction\",\"target\":{\"@type\":\"EntryPoint\",\"urlTemplate\":\"https:\/\/hello-suns.com\/de\/?s={search_term_string}\"},\"query-input\":{\"@type\":\"PropertyValueSpecification\",\"valueRequired\":true,\"valueName\":\"search_term_string\"}}],\"inLanguage\":\"de-DE\"}]}<\/script>\n<!-- \/ Yoast SEO plugin. -->","yoast_head_json":{"title":"Entdecken Sie Volar Lounge Set | SUNS Outdoor Lifestyle","description":"Suchen Sie nach einem stilvollen Volar-Lounge-Set? SUNS bietet luxuri\u00f6se Lounge-Sets mit modernem Design und ultimativem Komfort, perfekt zum Entspannen im Freien.","robots":{"index":"index","follow":"follow","max-snippet":"max-snippet:-1","max-image-preview":"max-image-preview:large","max-video-preview":"max-video-preview:-1"},"canonical":"https:\/\/hello-suns.com\/de\/produkte\/volar-lounge-sets\/","og_locale":"de_DE","og_type":"article","og_title":"Entdecken Sie Volar Lounge Set | SUNS Outdoor Lifestyle","og_description":"Suchen Sie nach einem stilvollen Volar-Lounge-Set? SUNS bietet luxuri\u00f6se Lounge-Sets mit modernem Design und ultimativem Komfort, perfekt zum Entspannen im Freien.","og_url":"https:\/\/hello-suns.com\/de\/produkte\/volar-lounge-sets\/","og_site_name":"SUNS","article_modified_time":"2026-02-05T08:44:41+00:00","og_image":[{"width":2500,"height":1667,"url":"https:\/\/hello-suns.com\/app\/uploads\/2025\/01\/01_Loungeset_SUNS_Volar_5pcs_black_ashbrown_blacktop_big_cushion-2500-pix-3.png","type":"image\/png"}],"twitter_card":"summary_large_image","twitter_misc":{"Est. reading time":"6 minutes"},"schema":{"@context":"https:\/\/schema.org","@graph":[{"@type":"WebPage","@id":"https:\/\/hello-suns.com\/de\/produkte\/volar-lounge-sets\/","url":"https:\/\/hello-suns.com\/de\/produkte\/volar-lounge-sets\/","name":"Entdecken Sie Volar Lounge Set | SUNS Outdoor Lifestyle","isPartOf":{"@id":"https:\/\/hello-suns.com\/de\/#website"},"primaryImageOfPage":{"@id":"https:\/\/hello-suns.com\/de\/produkte\/volar-lounge-sets\/#primaryimage"},"image":{"@id":"https:\/\/hello-suns.com\/de\/produkte\/volar-lounge-sets\/#primaryimage"},"thumbnailUrl":"https:\/\/hello-suns.com\/app\/uploads\/2025\/01\/01_Loungeset_SUNS_Volar_5pcs_black_ashbrown_blacktop_big_cushion-2500-pix-3.png","datePublished":"2025-01-14T06:06:37+00:00","dateModified":"2026-02-05T08:44:41+00:00","description":"Suchen Sie nach einem stilvollen Volar-Lounge-Set? SUNS bietet luxuri\u00f6se Lounge-Sets mit modernem Design und ultimativem Komfort, perfekt zum Entspannen im Freien.","breadcrumb":{"@id":"https:\/\/hello-suns.com\/de\/produkte\/volar-lounge-sets\/#breadcrumb"},"inLanguage":"de-DE","potentialAction":[{"@type":"ReadAction","target":["https:\/\/hello-suns.com\/de\/produkte\/volar-lounge-sets\/"]}]},{"@type":"ImageObject","inLanguage":"de-DE","@id":"https:\/\/hello-suns.com\/de\/produkte\/volar-lounge-sets\/#primaryimage","url":"https:\/\/hello-suns.com\/app\/uploads\/2025\/01\/01_Loungeset_SUNS_Volar_5pcs_black_ashbrown_blacktop_big_cushion-2500-pix-3.png","contentUrl":"https:\/\/hello-suns.com\/app\/uploads\/2025\/01\/01_Loungeset_SUNS_Volar_5pcs_black_ashbrown_blacktop_big_cushion-2500-pix-3.png","width":2500,"height":1667},{"@type":"BreadcrumbList","@id":"https:\/\/hello-suns.com\/de\/produkte\/volar-lounge-sets\/#breadcrumb","itemListElement":[{"@type":"ListItem","position":1,"name":"","item":"https:\/\/hello-suns.com\/de\/"},{"@type":"ListItem","position":2,"name":"Produkte","item":"https:\/\/hello-suns.com\/de\/produkte\/"},{"@type":"ListItem","position":3,"name":"Volar"}]},{"@type":"WebSite","@id":"https:\/\/hello-suns.com\/de\/#website","url":"https:\/\/hello-suns.com\/de\/","name":"SUNS","description":"Outdoor Lifestyle","potentialAction":[{"@type":"SearchAction","target":{"@type":"EntryPoint","urlTemplate":"https:\/\/hello-suns.com\/de\/?s={search_term_string}"},"query-input":{"@type":"PropertyValueSpecification","valueRequired":true,"valueName":"search_term_string"}}],"inLanguage":"de-DE"}]}},"_links":{"self":[{"href":"https:\/\/hello-suns.com\/de\/wp-json\/wp\/v2\/product\/13558","targetHints":{"allow":["GET"]}}],"collection":[{"href":"https:\/\/hello-suns.com\/de\/wp-json\/wp\/v2\/product"}],"about":[{"href":"https:\/\/hello-suns.com\/de\/wp-json\/wp\/v2\/types\/product"}],"replies":[{"embeddable":true,"href":"https:\/\/hello-suns.com\/de\/wp-json\/wp\/v2\/comments?post=13558"}],"wp:featuredmedia":[{"embeddable":true,"href":"https:\/\/hello-suns.com\/de\/wp-json\/wp\/v2\/media\/13601"}],"wp:attachment":[{"href":"https:\/\/hello-suns.com\/de\/wp-json\/wp\/v2\/media?parent=13558"}],"wp:term":[{"taxonomy":"product_brand","embeddable":true,"href":"https:\/\/hello-suns.com\/de\/wp-json\/wp\/v2\/product_brand?post=13558"},{"taxonomy":"product_cat","embeddable":true,"href":"https:\/\/hello-suns.com\/de\/wp-json\/wp\/v2\/product_cat?post=13558"},{"taxonomy":"product_tag","embeddable":true,"href":"https:\/\/hello-suns.com\/de\/wp-json\/wp\/v2\/product_tag?post=13558"},{"taxonomy":"material","embeddable":true,"href":"https:\/\/hello-suns.com\/de\/wp-json\/wp\/v2\/material?post=13558"}],"curies":[{"name":"wp","href":"https:\/\/api.w.org\/{rel}","templated":true}]}}