{"id":13542,"date":"2025-01-14T10:18:33","date_gmt":"2025-01-14T10:18:33","guid":{"rendered":"https:\/\/hello-suns.com\/producten\/termoli-4\/"},"modified":"2025-06-19T09:46:18","modified_gmt":"2025-06-19T09:46:18","slug":"termoli-sofa-set","status":"publish","type":"product","link":"https:\/\/hello-suns.com\/de\/produkte\/termoli-sofa-set\/","title":{"rendered":"Termoli"},"content":{"rendered":"<h2 style=\"font-weight: 400;\">Zeitloser Stil, endloser Luxus<\/h2>\n<p style=\"font-weight: 400;\">Mit einem scharfen Auge f\u00fcrs Detail und dem Schwerpunkt auf Komfort und Entspannung hat SUNS die Sofagarnitur Termoli entworfen. Das Ergebnis ist ein stilvolles Ensemble, das sich mit einem Wort beschreiben l\u00e4sst: zeitlos. Nehmen Sie Platz und erleben Sie selbst, wie Sie die Zeit v\u00f6llig vergessen.<\/p>\n","protected":false},"excerpt":{"rendered":"<h3 style=\"font-weight: 400;\">Rang und Ber\u00fchrung<\/h3>\n<p style=\"font-weight: 400;\">Diese Sofagarnitur verdankt ihr stilvolles Aussehen der eleganten Verwendung von schr\u00e4gem Teakholz, den starken Ecklinien und der bequemen Sitzposition, mit einer Chaiselongue als angenehmes Extra. SUNS Termoli kann leicht mit Kissen oder Plaids aufgepeppt werden, um einen zus\u00e4tzlichen Retro-Look zu erzeugen. Die Beistelltische aus Teakholz f\u00fcgen sich mit ihren dekorativen Beinen nahtlos in das Design ein. SUNS Termoli ist ein Set, das dank der reich gepolsterten Sitz- und R\u00fcckenkissen einen un\u00fcbertroffenen Sitzkomfort bietet. Die Kissen sind mit einem schnelltrocknenden Kern ausgestattet und mit einem hochwertigen Au\u00dfenstoff ummantelt. Dank dieser hochwertigen Materialien kann die Sofagarnitur Termoli zw\u00f6lf Monate im Jahr im Freien stehen.<\/p>\n<p style=\"font-weight: 400;\">Gut zu wissen ist, dass SUNS Termoli ein YOU CREATE Produkt ist. Das bedeutet, dass die Produktlinie aus einzelnen Elementen besteht, die Sie nach Belieben kombinieren k\u00f6nnen. Ein 2,5-Sitzer-Sofa, ein Loungesessel, eine Chaiselongue, ein Arrangement mit oder ohne Armlehnen: Stellen Sie selbst das ideale Arrangement f\u00fcr Ihren Garten oder Ihre Terrasse zusammen. So k\u00f6nnen Sie mit SUNS Termoli auch ganz einfach ein Lounge-Set mit Chaiselongue zusammenstellen, eine stilvolle Wahl. Optimale Entspannung? Dann w\u00e4hlen Sie die Termoli-Liege.<\/p>\n","protected":false},"featured_media":13394,"comment_status":"closed","ping_status":"closed","template":"","meta":{"_acf_changed":false},"product_brand":[],"product_cat":[643],"product_tag":[],"material":[],"class_list":{"0":"post-13542","1":"product","2":"type-product","3":"status-publish","4":"has-post-thumbnail","6":"product_cat-sofa-sets","8":"first","9":"instock","10":"shipping-taxable","11":"product-type-simple"},"acf":[],"yoast_head":"<!-- This site is optimized with the Yoast SEO plugin v26.8 - https:\/\/yoast.com\/product\/yoast-seo-wordpress\/ -->\n<title>Entdecken Sie die Termoli Sofagarnitur | SUNS Outdoor Lifestyle<\/title>\n<meta name=\"description\" content=\"Suchen Sie nach einem stilvollen Termoli-Sofa-Set? SUNS bietet luxuri\u00f6se Sofagarnituren mit elegantem Design und ultimativem Komfort, perfekt f\u00fcr einen modernen Au\u00dfenbereich.\" \/>\n<meta name=\"robots\" content=\"index, follow, max-snippet:-1, max-image-preview:large, max-video-preview:-1\" \/>\n<link rel=\"canonical\" href=\"https:\/\/hello-suns.com\/de\/produkte\/termoli-sofa-set\/\" \/>\n<meta property=\"og:locale\" content=\"de_DE\" \/>\n<meta property=\"og:type\" content=\"article\" \/>\n<meta property=\"og:title\" content=\"Entdecken Sie die Termoli Sofagarnitur | SUNS Outdoor Lifestyle\" \/>\n<meta property=\"og:description\" content=\"Suchen Sie nach einem stilvollen Termoli-Sofa-Set? SUNS bietet luxuri\u00f6se Sofagarnituren mit elegantem Design und ultimativem Komfort, perfekt f\u00fcr einen modernen Au\u00dfenbereich.\" \/>\n<meta property=\"og:url\" content=\"https:\/\/hello-suns.com\/de\/produkte\/termoli-sofa-set\/\" \/>\n<meta property=\"og:site_name\" content=\"SUNS\" \/>\n<meta property=\"article:modified_time\" content=\"2025-06-19T09:46:18+00:00\" \/>\n<meta property=\"og:image\" content=\"https:\/\/hello-suns.com\/app\/uploads\/2025\/01\/01_Sofaset_SUNS_Termoli_teak-2500-pix-3.png\" \/>\n\t<meta property=\"og:image:width\" content=\"2500\" \/>\n\t<meta property=\"og:image:height\" content=\"1667\" \/>\n\t<meta property=\"og:image:type\" content=\"image\/png\" \/>\n<meta name=\"twitter:card\" content=\"summary_large_image\" \/>\n<meta name=\"twitter:label1\" content=\"Est. reading time\" \/>\n\t<meta name=\"twitter:data1\" content=\"6 minutes\" \/>\n<script type=\"application\/ld+json\" class=\"yoast-schema-graph\">{\"@context\":\"https:\/\/schema.org\",\"@graph\":[{\"@type\":\"WebPage\",\"@id\":\"https:\/\/hello-suns.com\/de\/produkte\/termoli-sofa-set\/\",\"url\":\"https:\/\/hello-suns.com\/de\/produkte\/termoli-sofa-set\/\",\"name\":\"Entdecken Sie die Termoli Sofagarnitur | SUNS Outdoor Lifestyle\",\"isPartOf\":{\"@id\":\"https:\/\/hello-suns.com\/de\/#website\"},\"primaryImageOfPage\":{\"@id\":\"https:\/\/hello-suns.com\/de\/produkte\/termoli-sofa-set\/#primaryimage\"},\"image\":{\"@id\":\"https:\/\/hello-suns.com\/de\/produkte\/termoli-sofa-set\/#primaryimage\"},\"thumbnailUrl\":\"https:\/\/hello-suns.com\/app\/uploads\/2025\/01\/01_Sofaset_SUNS_Termoli_teak-2500-pix-3.png\",\"datePublished\":\"2025-01-14T10:18:33+00:00\",\"dateModified\":\"2025-06-19T09:46:18+00:00\",\"description\":\"Suchen Sie nach einem stilvollen Termoli-Sofa-Set? SUNS bietet luxuri\u00f6se Sofagarnituren mit elegantem Design und ultimativem Komfort, perfekt f\u00fcr einen modernen Au\u00dfenbereich.\",\"breadcrumb\":{\"@id\":\"https:\/\/hello-suns.com\/de\/produkte\/termoli-sofa-set\/#breadcrumb\"},\"inLanguage\":\"de-DE\",\"potentialAction\":[{\"@type\":\"ReadAction\",\"target\":[\"https:\/\/hello-suns.com\/de\/produkte\/termoli-sofa-set\/\"]}]},{\"@type\":\"ImageObject\",\"inLanguage\":\"de-DE\",\"@id\":\"https:\/\/hello-suns.com\/de\/produkte\/termoli-sofa-set\/#primaryimage\",\"url\":\"https:\/\/hello-suns.com\/app\/uploads\/2025\/01\/01_Sofaset_SUNS_Termoli_teak-2500-pix-3.png\",\"contentUrl\":\"https:\/\/hello-suns.com\/app\/uploads\/2025\/01\/01_Sofaset_SUNS_Termoli_teak-2500-pix-3.png\",\"width\":2500,\"height\":1667},{\"@type\":\"BreadcrumbList\",\"@id\":\"https:\/\/hello-suns.com\/de\/produkte\/termoli-sofa-set\/#breadcrumb\",\"itemListElement\":[{\"@type\":\"ListItem\",\"position\":1,\"name\":\"\",\"item\":\"https:\/\/hello-suns.com\/de\/\"},{\"@type\":\"ListItem\",\"position\":2,\"name\":\"Produkte\",\"item\":\"https:\/\/hello-suns.com\/de\/produkte\/\"},{\"@type\":\"ListItem\",\"position\":3,\"name\":\"Termoli\"}]},{\"@type\":\"WebSite\",\"@id\":\"https:\/\/hello-suns.com\/de\/#website\",\"url\":\"https:\/\/hello-suns.com\/de\/\",\"name\":\"SUNS\",\"description\":\"Outdoor Lifestyle\",\"potentialAction\":[{\"@type\":\"SearchAction\",\"target\":{\"@type\":\"EntryPoint\",\"urlTemplate\":\"https:\/\/hello-suns.com\/de\/?s={search_term_string}\"},\"query-input\":{\"@type\":\"PropertyValueSpecification\",\"valueRequired\":true,\"valueName\":\"search_term_string\"}}],\"inLanguage\":\"de-DE\"}]}<\/script>\n<!-- \/ Yoast SEO plugin. -->","yoast_head_json":{"title":"Entdecken Sie die Termoli Sofagarnitur | SUNS Outdoor Lifestyle","description":"Suchen Sie nach einem stilvollen Termoli-Sofa-Set? SUNS bietet luxuri\u00f6se Sofagarnituren mit elegantem Design und ultimativem Komfort, perfekt f\u00fcr einen modernen Au\u00dfenbereich.","robots":{"index":"index","follow":"follow","max-snippet":"max-snippet:-1","max-image-preview":"max-image-preview:large","max-video-preview":"max-video-preview:-1"},"canonical":"https:\/\/hello-suns.com\/de\/produkte\/termoli-sofa-set\/","og_locale":"de_DE","og_type":"article","og_title":"Entdecken Sie die Termoli Sofagarnitur | SUNS Outdoor Lifestyle","og_description":"Suchen Sie nach einem stilvollen Termoli-Sofa-Set? SUNS bietet luxuri\u00f6se Sofagarnituren mit elegantem Design und ultimativem Komfort, perfekt f\u00fcr einen modernen Au\u00dfenbereich.","og_url":"https:\/\/hello-suns.com\/de\/produkte\/termoli-sofa-set\/","og_site_name":"SUNS","article_modified_time":"2025-06-19T09:46:18+00:00","og_image":[{"width":2500,"height":1667,"url":"https:\/\/hello-suns.com\/app\/uploads\/2025\/01\/01_Sofaset_SUNS_Termoli_teak-2500-pix-3.png","type":"image\/png"}],"twitter_card":"summary_large_image","twitter_misc":{"Est. reading time":"6 minutes"},"schema":{"@context":"https:\/\/schema.org","@graph":[{"@type":"WebPage","@id":"https:\/\/hello-suns.com\/de\/produkte\/termoli-sofa-set\/","url":"https:\/\/hello-suns.com\/de\/produkte\/termoli-sofa-set\/","name":"Entdecken Sie die Termoli Sofagarnitur | SUNS Outdoor Lifestyle","isPartOf":{"@id":"https:\/\/hello-suns.com\/de\/#website"},"primaryImageOfPage":{"@id":"https:\/\/hello-suns.com\/de\/produkte\/termoli-sofa-set\/#primaryimage"},"image":{"@id":"https:\/\/hello-suns.com\/de\/produkte\/termoli-sofa-set\/#primaryimage"},"thumbnailUrl":"https:\/\/hello-suns.com\/app\/uploads\/2025\/01\/01_Sofaset_SUNS_Termoli_teak-2500-pix-3.png","datePublished":"2025-01-14T10:18:33+00:00","dateModified":"2025-06-19T09:46:18+00:00","description":"Suchen Sie nach einem stilvollen Termoli-Sofa-Set? SUNS bietet luxuri\u00f6se Sofagarnituren mit elegantem Design und ultimativem Komfort, perfekt f\u00fcr einen modernen Au\u00dfenbereich.","breadcrumb":{"@id":"https:\/\/hello-suns.com\/de\/produkte\/termoli-sofa-set\/#breadcrumb"},"inLanguage":"de-DE","potentialAction":[{"@type":"ReadAction","target":["https:\/\/hello-suns.com\/de\/produkte\/termoli-sofa-set\/"]}]},{"@type":"ImageObject","inLanguage":"de-DE","@id":"https:\/\/hello-suns.com\/de\/produkte\/termoli-sofa-set\/#primaryimage","url":"https:\/\/hello-suns.com\/app\/uploads\/2025\/01\/01_Sofaset_SUNS_Termoli_teak-2500-pix-3.png","contentUrl":"https:\/\/hello-suns.com\/app\/uploads\/2025\/01\/01_Sofaset_SUNS_Termoli_teak-2500-pix-3.png","width":2500,"height":1667},{"@type":"BreadcrumbList","@id":"https:\/\/hello-suns.com\/de\/produkte\/termoli-sofa-set\/#breadcrumb","itemListElement":[{"@type":"ListItem","position":1,"name":"","item":"https:\/\/hello-suns.com\/de\/"},{"@type":"ListItem","position":2,"name":"Produkte","item":"https:\/\/hello-suns.com\/de\/produkte\/"},{"@type":"ListItem","position":3,"name":"Termoli"}]},{"@type":"WebSite","@id":"https:\/\/hello-suns.com\/de\/#website","url":"https:\/\/hello-suns.com\/de\/","name":"SUNS","description":"Outdoor Lifestyle","potentialAction":[{"@type":"SearchAction","target":{"@type":"EntryPoint","urlTemplate":"https:\/\/hello-suns.com\/de\/?s={search_term_string}"},"query-input":{"@type":"PropertyValueSpecification","valueRequired":true,"valueName":"search_term_string"}}],"inLanguage":"de-DE"}]}},"_links":{"self":[{"href":"https:\/\/hello-suns.com\/de\/wp-json\/wp\/v2\/product\/13542","targetHints":{"allow":["GET"]}}],"collection":[{"href":"https:\/\/hello-suns.com\/de\/wp-json\/wp\/v2\/product"}],"about":[{"href":"https:\/\/hello-suns.com\/de\/wp-json\/wp\/v2\/types\/product"}],"replies":[{"embeddable":true,"href":"https:\/\/hello-suns.com\/de\/wp-json\/wp\/v2\/comments?post=13542"}],"wp:featuredmedia":[{"embeddable":true,"href":"https:\/\/hello-suns.com\/de\/wp-json\/wp\/v2\/media\/13394"}],"wp:attachment":[{"href":"https:\/\/hello-suns.com\/de\/wp-json\/wp\/v2\/media?parent=13542"}],"wp:term":[{"taxonomy":"product_brand","embeddable":true,"href":"https:\/\/hello-suns.com\/de\/wp-json\/wp\/v2\/product_brand?post=13542"},{"taxonomy":"product_cat","embeddable":true,"href":"https:\/\/hello-suns.com\/de\/wp-json\/wp\/v2\/product_cat?post=13542"},{"taxonomy":"product_tag","embeddable":true,"href":"https:\/\/hello-suns.com\/de\/wp-json\/wp\/v2\/product_tag?post=13542"},{"taxonomy":"material","embeddable":true,"href":"https:\/\/hello-suns.com\/de\/wp-json\/wp\/v2\/material?post=13542"}],"curies":[{"name":"wp","href":"https:\/\/api.w.org\/{rel}","templated":true}]}}