{"id":13523,"date":"2025-01-14T11:12:27","date_gmt":"2025-01-14T11:12:27","guid":{"rendered":"https:\/\/hello-suns.com\/producten\/vittoria-2\/"},"modified":"2025-06-19T11:48:00","modified_gmt":"2025-06-19T11:48:00","slug":"vittoria-sofa-set","status":"publish","type":"product","link":"https:\/\/hello-suns.com\/de\/produkte\/vittoria-sofa-set\/","title":{"rendered":"Vittoria"},"content":{"rendered":"<h2 style=\"font-weight: 400;\">Design mit nat\u00fcrlichen Reizen<\/h2>\n<p style=\"font-weight: 400;\">Vittoria schafft ein ausgewogenes Gleichgewicht zwischen stilvollem Design und einem nat\u00fcrlichen Touch. Genie\u00dfen Sie endlosen Sitzkomfort und charmante runde Formen. Schaffen Sie Ihren idealen Lounge-Bereich und entspannen Sie sich stilvoll.<\/p>\n","protected":false},"excerpt":{"rendered":"<h3 style=\"font-weight: 400;\">Charmante Sofagarnitur mit raffinierten Details<\/h3>\n<p style=\"font-weight: 400;\">Das Sofa-Set Vittoria ist eine Augenweide. Der Teakholzrahmen in organischen Formen macht das Set stilvoll und dennoch robust. Die Armlehnen haben raffinierte Details und einen eleganten Schwung. Gleichzeitig kommt der nat\u00fcrliche Charakter des Holzes sch\u00f6n zur Geltung.<\/p>\n<p style=\"font-weight: 400;\">Der Vittoria zeichnet sich auch durch seinen Sitzkomfort aus. Die Sitze und Kissen sind reichlich gepolstert und bieten guten Halt und einen weichen Griff. Mit den zus\u00e4tzlichen R\u00fcckenkissen k\u00f6nnen Sie ganz einfach Ihren idealen Sitzplatz kreieren. Diese Sofagarnitur besteht aus einem separaten 3-Sitzer-Sofa und 2 Sesseln. Der passende Beistelltisch vervollst\u00e4ndigt das Bild. Dieser Tisch hat eine Platte aus Neolith\u00ae, einem \u00e4u\u00dferst witterungsbest\u00e4ndigen Material mit einer eleganten marmor\u00e4hnlichen Optik. Dank der Verwendung hochwertiger Materialien kann die Sofagarnitur Vittoria das ganze Jahr \u00fcber im Freien bleiben.<\/p>\n","protected":false},"featured_media":13396,"comment_status":"closed","ping_status":"closed","template":"","meta":{"_acf_changed":false},"product_brand":[],"product_cat":[643],"product_tag":[],"material":[],"class_list":{"0":"post-13523","1":"product","2":"type-product","3":"status-publish","4":"has-post-thumbnail","6":"product_cat-sofa-sets","8":"first","9":"instock","10":"shipping-taxable","11":"product-type-simple"},"acf":[],"yoast_head":"<!-- This site is optimized with the Yoast SEO plugin v26.8 - https:\/\/yoast.com\/product\/yoast-seo-wordpress\/ -->\n<title>Entdecken Sie Vittoria Sofa Set | SUNS Outdoor Lifestyle<\/title>\n<meta name=\"description\" content=\"Suchen Sie eine stilvolle Vittoria Sofagarnitur? SUNS bietet luxuri\u00f6se Sofagarnituren mit modernem Design und hohem Komfort, ideal f\u00fcr ein elegantes Outdoor-Erlebnis.\" \/>\n<meta name=\"robots\" content=\"index, follow, max-snippet:-1, max-image-preview:large, max-video-preview:-1\" \/>\n<link rel=\"canonical\" href=\"https:\/\/hello-suns.com\/de\/produkte\/vittoria-sofa-set\/\" \/>\n<meta property=\"og:locale\" content=\"de_DE\" \/>\n<meta property=\"og:type\" content=\"article\" \/>\n<meta property=\"og:title\" content=\"Entdecken Sie Vittoria Sofa Set | SUNS Outdoor Lifestyle\" \/>\n<meta property=\"og:description\" content=\"Suchen Sie eine stilvolle Vittoria Sofagarnitur? SUNS bietet luxuri\u00f6se Sofagarnituren mit modernem Design und hohem Komfort, ideal f\u00fcr ein elegantes Outdoor-Erlebnis.\" \/>\n<meta property=\"og:url\" content=\"https:\/\/hello-suns.com\/de\/produkte\/vittoria-sofa-set\/\" \/>\n<meta property=\"og:site_name\" content=\"SUNS\" \/>\n<meta property=\"article:modified_time\" content=\"2025-06-19T11:48:00+00:00\" \/>\n<meta property=\"og:image\" content=\"https:\/\/hello-suns.com\/app\/uploads\/2025\/01\/01_Sofaset_SUNS_Vittoria-2500-pix-4-1024x683.png\" \/>\n\t<meta property=\"og:image:width\" content=\"1024\" \/>\n\t<meta property=\"og:image:height\" content=\"683\" \/>\n\t<meta property=\"og:image:type\" content=\"image\/png\" \/>\n<meta name=\"twitter:card\" content=\"summary_large_image\" \/>\n<meta name=\"twitter:label1\" content=\"Est. reading time\" \/>\n\t<meta name=\"twitter:data1\" content=\"4 minutes\" \/>\n<script type=\"application\/ld+json\" class=\"yoast-schema-graph\">{\"@context\":\"https:\/\/schema.org\",\"@graph\":[{\"@type\":\"WebPage\",\"@id\":\"https:\/\/hello-suns.com\/de\/produkte\/vittoria-sofa-set\/\",\"url\":\"https:\/\/hello-suns.com\/de\/produkte\/vittoria-sofa-set\/\",\"name\":\"Entdecken Sie Vittoria Sofa Set | SUNS Outdoor Lifestyle\",\"isPartOf\":{\"@id\":\"https:\/\/hello-suns.com\/de\/#website\"},\"primaryImageOfPage\":{\"@id\":\"https:\/\/hello-suns.com\/de\/produkte\/vittoria-sofa-set\/#primaryimage\"},\"image\":{\"@id\":\"https:\/\/hello-suns.com\/de\/produkte\/vittoria-sofa-set\/#primaryimage\"},\"thumbnailUrl\":\"https:\/\/hello-suns.com\/app\/uploads\/2025\/01\/01_Sofaset_SUNS_Vittoria-2500-pix-4.png\",\"datePublished\":\"2025-01-14T11:12:27+00:00\",\"dateModified\":\"2025-06-19T11:48:00+00:00\",\"description\":\"Suchen Sie eine stilvolle Vittoria Sofagarnitur? SUNS bietet luxuri\u00f6se Sofagarnituren mit modernem Design und hohem Komfort, ideal f\u00fcr ein elegantes Outdoor-Erlebnis.\",\"breadcrumb\":{\"@id\":\"https:\/\/hello-suns.com\/de\/produkte\/vittoria-sofa-set\/#breadcrumb\"},\"inLanguage\":\"de-DE\",\"potentialAction\":[{\"@type\":\"ReadAction\",\"target\":[\"https:\/\/hello-suns.com\/de\/produkte\/vittoria-sofa-set\/\"]}]},{\"@type\":\"ImageObject\",\"inLanguage\":\"de-DE\",\"@id\":\"https:\/\/hello-suns.com\/de\/produkte\/vittoria-sofa-set\/#primaryimage\",\"url\":\"https:\/\/hello-suns.com\/app\/uploads\/2025\/01\/01_Sofaset_SUNS_Vittoria-2500-pix-4.png\",\"contentUrl\":\"https:\/\/hello-suns.com\/app\/uploads\/2025\/01\/01_Sofaset_SUNS_Vittoria-2500-pix-4.png\",\"width\":2500,\"height\":1667},{\"@type\":\"BreadcrumbList\",\"@id\":\"https:\/\/hello-suns.com\/de\/produkte\/vittoria-sofa-set\/#breadcrumb\",\"itemListElement\":[{\"@type\":\"ListItem\",\"position\":1,\"name\":\"\",\"item\":\"https:\/\/hello-suns.com\/de\/\"},{\"@type\":\"ListItem\",\"position\":2,\"name\":\"Produkte\",\"item\":\"https:\/\/hello-suns.com\/de\/produkte\/\"},{\"@type\":\"ListItem\",\"position\":3,\"name\":\"Vittoria\"}]},{\"@type\":\"WebSite\",\"@id\":\"https:\/\/hello-suns.com\/de\/#website\",\"url\":\"https:\/\/hello-suns.com\/de\/\",\"name\":\"SUNS\",\"description\":\"Outdoor Lifestyle\",\"potentialAction\":[{\"@type\":\"SearchAction\",\"target\":{\"@type\":\"EntryPoint\",\"urlTemplate\":\"https:\/\/hello-suns.com\/de\/?s={search_term_string}\"},\"query-input\":{\"@type\":\"PropertyValueSpecification\",\"valueRequired\":true,\"valueName\":\"search_term_string\"}}],\"inLanguage\":\"de-DE\"}]}<\/script>\n<!-- \/ Yoast SEO plugin. -->","yoast_head_json":{"title":"Entdecken Sie Vittoria Sofa Set | SUNS Outdoor Lifestyle","description":"Suchen Sie eine stilvolle Vittoria Sofagarnitur? SUNS bietet luxuri\u00f6se Sofagarnituren mit modernem Design und hohem Komfort, ideal f\u00fcr ein elegantes Outdoor-Erlebnis.","robots":{"index":"index","follow":"follow","max-snippet":"max-snippet:-1","max-image-preview":"max-image-preview:large","max-video-preview":"max-video-preview:-1"},"canonical":"https:\/\/hello-suns.com\/de\/produkte\/vittoria-sofa-set\/","og_locale":"de_DE","og_type":"article","og_title":"Entdecken Sie Vittoria Sofa Set | SUNS Outdoor Lifestyle","og_description":"Suchen Sie eine stilvolle Vittoria Sofagarnitur? SUNS bietet luxuri\u00f6se Sofagarnituren mit modernem Design und hohem Komfort, ideal f\u00fcr ein elegantes Outdoor-Erlebnis.","og_url":"https:\/\/hello-suns.com\/de\/produkte\/vittoria-sofa-set\/","og_site_name":"SUNS","article_modified_time":"2025-06-19T11:48:00+00:00","og_image":[{"width":1024,"height":683,"url":"https:\/\/hello-suns.com\/app\/uploads\/2025\/01\/01_Sofaset_SUNS_Vittoria-2500-pix-4-1024x683.png","type":"image\/png"}],"twitter_card":"summary_large_image","twitter_misc":{"Est. reading time":"4 minutes"},"schema":{"@context":"https:\/\/schema.org","@graph":[{"@type":"WebPage","@id":"https:\/\/hello-suns.com\/de\/produkte\/vittoria-sofa-set\/","url":"https:\/\/hello-suns.com\/de\/produkte\/vittoria-sofa-set\/","name":"Entdecken Sie Vittoria Sofa Set | SUNS Outdoor Lifestyle","isPartOf":{"@id":"https:\/\/hello-suns.com\/de\/#website"},"primaryImageOfPage":{"@id":"https:\/\/hello-suns.com\/de\/produkte\/vittoria-sofa-set\/#primaryimage"},"image":{"@id":"https:\/\/hello-suns.com\/de\/produkte\/vittoria-sofa-set\/#primaryimage"},"thumbnailUrl":"https:\/\/hello-suns.com\/app\/uploads\/2025\/01\/01_Sofaset_SUNS_Vittoria-2500-pix-4.png","datePublished":"2025-01-14T11:12:27+00:00","dateModified":"2025-06-19T11:48:00+00:00","description":"Suchen Sie eine stilvolle Vittoria Sofagarnitur? SUNS bietet luxuri\u00f6se Sofagarnituren mit modernem Design und hohem Komfort, ideal f\u00fcr ein elegantes Outdoor-Erlebnis.","breadcrumb":{"@id":"https:\/\/hello-suns.com\/de\/produkte\/vittoria-sofa-set\/#breadcrumb"},"inLanguage":"de-DE","potentialAction":[{"@type":"ReadAction","target":["https:\/\/hello-suns.com\/de\/produkte\/vittoria-sofa-set\/"]}]},{"@type":"ImageObject","inLanguage":"de-DE","@id":"https:\/\/hello-suns.com\/de\/produkte\/vittoria-sofa-set\/#primaryimage","url":"https:\/\/hello-suns.com\/app\/uploads\/2025\/01\/01_Sofaset_SUNS_Vittoria-2500-pix-4.png","contentUrl":"https:\/\/hello-suns.com\/app\/uploads\/2025\/01\/01_Sofaset_SUNS_Vittoria-2500-pix-4.png","width":2500,"height":1667},{"@type":"BreadcrumbList","@id":"https:\/\/hello-suns.com\/de\/produkte\/vittoria-sofa-set\/#breadcrumb","itemListElement":[{"@type":"ListItem","position":1,"name":"","item":"https:\/\/hello-suns.com\/de\/"},{"@type":"ListItem","position":2,"name":"Produkte","item":"https:\/\/hello-suns.com\/de\/produkte\/"},{"@type":"ListItem","position":3,"name":"Vittoria"}]},{"@type":"WebSite","@id":"https:\/\/hello-suns.com\/de\/#website","url":"https:\/\/hello-suns.com\/de\/","name":"SUNS","description":"Outdoor Lifestyle","potentialAction":[{"@type":"SearchAction","target":{"@type":"EntryPoint","urlTemplate":"https:\/\/hello-suns.com\/de\/?s={search_term_string}"},"query-input":{"@type":"PropertyValueSpecification","valueRequired":true,"valueName":"search_term_string"}}],"inLanguage":"de-DE"}]}},"_links":{"self":[{"href":"https:\/\/hello-suns.com\/de\/wp-json\/wp\/v2\/product\/13523","targetHints":{"allow":["GET"]}}],"collection":[{"href":"https:\/\/hello-suns.com\/de\/wp-json\/wp\/v2\/product"}],"about":[{"href":"https:\/\/hello-suns.com\/de\/wp-json\/wp\/v2\/types\/product"}],"replies":[{"embeddable":true,"href":"https:\/\/hello-suns.com\/de\/wp-json\/wp\/v2\/comments?post=13523"}],"wp:featuredmedia":[{"embeddable":true,"href":"https:\/\/hello-suns.com\/de\/wp-json\/wp\/v2\/media\/13396"}],"wp:attachment":[{"href":"https:\/\/hello-suns.com\/de\/wp-json\/wp\/v2\/media?parent=13523"}],"wp:term":[{"taxonomy":"product_brand","embeddable":true,"href":"https:\/\/hello-suns.com\/de\/wp-json\/wp\/v2\/product_brand?post=13523"},{"taxonomy":"product_cat","embeddable":true,"href":"https:\/\/hello-suns.com\/de\/wp-json\/wp\/v2\/product_cat?post=13523"},{"taxonomy":"product_tag","embeddable":true,"href":"https:\/\/hello-suns.com\/de\/wp-json\/wp\/v2\/product_tag?post=13523"},{"taxonomy":"material","embeddable":true,"href":"https:\/\/hello-suns.com\/de\/wp-json\/wp\/v2\/material?post=13523"}],"curies":[{"name":"wp","href":"https:\/\/api.w.org\/{rel}","templated":true}]}}