{"id":13501,"date":"2025-01-14T11:21:38","date_gmt":"2025-01-14T10:21:38","guid":{"rendered":"https:\/\/hello-suns.com\/producten\/volar\/"},"modified":"2025-06-19T11:56:23","modified_gmt":"2025-06-19T11:56:23","slug":"volar-sofa-set","status":"publish","type":"product","link":"https:\/\/hello-suns.com\/de\/produkte\/volar-sofa-set\/","title":{"rendered":"Volar"},"content":{"rendered":"<h2 style=\"font-weight: 400;\">Volar, ein Synonym f\u00fcr Freiheit<\/h2>\n<p style=\"font-weight: 400;\">Erleben Sie den puren Luxus einer Sofagarnitur, die so vielseitig ist wie Sie selbst. Volar bietet viele Kombinationsm\u00f6glichkeiten und passt sich ganz Ihren Vorlieben an, ohne Kompromisse bei Qualit\u00e4t und Sitzkomfort einzugehen. Lassen Sie Ihrem pers\u00f6nlichen Geschmack freien Lauf.V<\/p>\n","protected":false},"excerpt":{"rendered":"<h3 style=\"font-weight: 400;\">Gro\u00dfz\u00fcgiger Sitzkomfort nach Ma\u00df<\/h3>\n<p style=\"font-weight: 400;\">Sofaset Volar ist Ihre ultimative Sitzgelegenheit. Ein charakteristisches Merkmal ist die gro\u00dfz\u00fcgige Polsterung, die Sie normalerweise nur in Innenr\u00e4umen finden. Das verleiht Volar ein warmes und komfortables Aussehen. Die Garnitur steht auf einem Gestell aus hochwertigem Industriealuminium. Dieses dickere Qualit\u00e4tsaluminium verleiht der Garnitur eine solide Konstruktion und eine lange Lebensdauer. Die Sitz- und R\u00fcckenkissen sind f\u00fcr optimalen Sitzkomfort reichlich gepolstert. Arm- und R\u00fcckenlehnen weisen die gleiche luxuri\u00f6se Polsterstruktur und Polsterung auf wie die Kissen. Volar ist au\u00dferdem komplett mit einem hochwertigen Oberstoff bezogen. Dieser Stoff ist wetter- und wasserfest, farbecht und f\u00fchlt sich herrlich weich an. Volar hat au\u00dferdem einen innovativen Kern aus Quick Dry Foam\u00ae, so dass die Garnitur das ganze Jahr \u00fcber im Freien bleiben kann und die Sitzfl\u00e4che schnell trocknet.<\/p>\n<p style=\"font-weight: 400;\">Dieses Set gibt es auch in der Variante Volar Lounge Set, mit einer festen Ecke f\u00fcr eine besonders warme und gem\u00fctliche Atmosph\u00e4re. Volar ist Teil des YOU CREATE Programms. Das bedeutet, dass die Produktlinie aus verschiedenen Einzelelementen besteht, die Sie nach Lust und Laune kombinieren k\u00f6nnen. Eine feste Ecke, ein L-Teil mit linken oder rechten Armlehnen, ein Mittelst\u00fcck f\u00fcr zus\u00e4tzliche L\u00e4nge, ein separates 3-Sitzer-Sofa oder ein Loungesessel, ein kleiner oder gro\u00dfer Beistelltisch, ein Arrangement mit oder ohne Armlehnen: Es liegt ganz bei Ihnen.<\/p>\n","protected":false},"featured_media":13397,"comment_status":"closed","ping_status":"closed","template":"","meta":{"_acf_changed":false},"product_brand":[],"product_cat":[643,631],"product_tag":[],"material":[],"class_list":{"0":"post-13501","1":"product","2":"type-product","3":"status-publish","4":"has-post-thumbnail","6":"product_cat-sofa-sets","7":"product_cat-you-create","9":"first","10":"instock","11":"shipping-taxable","12":"product-type-simple"},"acf":[],"yoast_head":"<!-- This site is optimized with the Yoast SEO plugin v26.8 - https:\/\/yoast.com\/product\/yoast-seo-wordpress\/ -->\n<title>Entdecken Sie Volar Stuhl | SUNS Outdoor Lifestyle<\/title>\n<meta name=\"description\" content=\"Suchen Sie eine stilvolle Volarsofa-Garnitur? SUNS bietet moderne Sofagarnituren mit hohem Komfort und langlebigem Design, perfekt f\u00fcr Ihre luxuri\u00f6se Umgebung im Freien.\" \/>\n<meta name=\"robots\" content=\"index, follow, max-snippet:-1, max-image-preview:large, max-video-preview:-1\" \/>\n<link rel=\"canonical\" href=\"https:\/\/hello-suns.com\/de\/produkte\/volar-sofa-set\/\" \/>\n<meta property=\"og:locale\" content=\"de_DE\" \/>\n<meta property=\"og:type\" content=\"article\" \/>\n<meta property=\"og:title\" content=\"Entdecken Sie Volar Stuhl | SUNS Outdoor Lifestyle\" \/>\n<meta property=\"og:description\" content=\"Suchen Sie eine stilvolle Volarsofa-Garnitur? SUNS bietet moderne Sofagarnituren mit hohem Komfort und langlebigem Design, perfekt f\u00fcr Ihre luxuri\u00f6se Umgebung im Freien.\" \/>\n<meta property=\"og:url\" content=\"https:\/\/hello-suns.com\/de\/produkte\/volar-sofa-set\/\" \/>\n<meta property=\"og:site_name\" content=\"SUNS\" \/>\n<meta property=\"article:modified_time\" content=\"2025-06-19T11:56:23+00:00\" \/>\n<meta property=\"og:image\" content=\"https:\/\/hello-suns.com\/app\/uploads\/2025\/01\/01_Sofaset_SUNS_Volar_black_ashbrown_blacktop-2500-pix-2-1024x683.png\" \/>\n\t<meta property=\"og:image:width\" content=\"1024\" \/>\n\t<meta property=\"og:image:height\" content=\"683\" \/>\n\t<meta property=\"og:image:type\" content=\"image\/png\" \/>\n<meta name=\"twitter:card\" content=\"summary_large_image\" \/>\n<meta name=\"twitter:label1\" content=\"Est. reading time\" \/>\n\t<meta name=\"twitter:data1\" content=\"6 minutes\" \/>\n<script type=\"application\/ld+json\" class=\"yoast-schema-graph\">{\"@context\":\"https:\/\/schema.org\",\"@graph\":[{\"@type\":\"WebPage\",\"@id\":\"https:\/\/hello-suns.com\/de\/produkte\/volar-sofa-set\/\",\"url\":\"https:\/\/hello-suns.com\/de\/produkte\/volar-sofa-set\/\",\"name\":\"Entdecken Sie Volar Stuhl | SUNS Outdoor Lifestyle\",\"isPartOf\":{\"@id\":\"https:\/\/hello-suns.com\/de\/#website\"},\"primaryImageOfPage\":{\"@id\":\"https:\/\/hello-suns.com\/de\/produkte\/volar-sofa-set\/#primaryimage\"},\"image\":{\"@id\":\"https:\/\/hello-suns.com\/de\/produkte\/volar-sofa-set\/#primaryimage\"},\"thumbnailUrl\":\"https:\/\/hello-suns.com\/app\/uploads\/2025\/01\/01_Sofaset_SUNS_Volar_black_ashbrown_blacktop-2500-pix-2.png\",\"datePublished\":\"2025-01-14T10:21:38+00:00\",\"dateModified\":\"2025-06-19T11:56:23+00:00\",\"description\":\"Suchen Sie eine stilvolle Volarsofa-Garnitur? SUNS bietet moderne Sofagarnituren mit hohem Komfort und langlebigem Design, perfekt f\u00fcr Ihre luxuri\u00f6se Umgebung im Freien.\",\"breadcrumb\":{\"@id\":\"https:\/\/hello-suns.com\/de\/produkte\/volar-sofa-set\/#breadcrumb\"},\"inLanguage\":\"de-DE\",\"potentialAction\":[{\"@type\":\"ReadAction\",\"target\":[\"https:\/\/hello-suns.com\/de\/produkte\/volar-sofa-set\/\"]}]},{\"@type\":\"ImageObject\",\"inLanguage\":\"de-DE\",\"@id\":\"https:\/\/hello-suns.com\/de\/produkte\/volar-sofa-set\/#primaryimage\",\"url\":\"https:\/\/hello-suns.com\/app\/uploads\/2025\/01\/01_Sofaset_SUNS_Volar_black_ashbrown_blacktop-2500-pix-2.png\",\"contentUrl\":\"https:\/\/hello-suns.com\/app\/uploads\/2025\/01\/01_Sofaset_SUNS_Volar_black_ashbrown_blacktop-2500-pix-2.png\",\"width\":2500,\"height\":1667},{\"@type\":\"BreadcrumbList\",\"@id\":\"https:\/\/hello-suns.com\/de\/produkte\/volar-sofa-set\/#breadcrumb\",\"itemListElement\":[{\"@type\":\"ListItem\",\"position\":1,\"name\":\"\",\"item\":\"https:\/\/hello-suns.com\/de\/\"},{\"@type\":\"ListItem\",\"position\":2,\"name\":\"Produkte\",\"item\":\"https:\/\/hello-suns.com\/de\/produkte\/\"},{\"@type\":\"ListItem\",\"position\":3,\"name\":\"Volar\"}]},{\"@type\":\"WebSite\",\"@id\":\"https:\/\/hello-suns.com\/de\/#website\",\"url\":\"https:\/\/hello-suns.com\/de\/\",\"name\":\"SUNS\",\"description\":\"Outdoor Lifestyle\",\"potentialAction\":[{\"@type\":\"SearchAction\",\"target\":{\"@type\":\"EntryPoint\",\"urlTemplate\":\"https:\/\/hello-suns.com\/de\/?s={search_term_string}\"},\"query-input\":{\"@type\":\"PropertyValueSpecification\",\"valueRequired\":true,\"valueName\":\"search_term_string\"}}],\"inLanguage\":\"de-DE\"}]}<\/script>\n<!-- \/ Yoast SEO plugin. -->","yoast_head_json":{"title":"Entdecken Sie Volar Stuhl | SUNS Outdoor Lifestyle","description":"Suchen Sie eine stilvolle Volarsofa-Garnitur? SUNS bietet moderne Sofagarnituren mit hohem Komfort und langlebigem Design, perfekt f\u00fcr Ihre luxuri\u00f6se Umgebung im Freien.","robots":{"index":"index","follow":"follow","max-snippet":"max-snippet:-1","max-image-preview":"max-image-preview:large","max-video-preview":"max-video-preview:-1"},"canonical":"https:\/\/hello-suns.com\/de\/produkte\/volar-sofa-set\/","og_locale":"de_DE","og_type":"article","og_title":"Entdecken Sie Volar Stuhl | SUNS Outdoor Lifestyle","og_description":"Suchen Sie eine stilvolle Volarsofa-Garnitur? SUNS bietet moderne Sofagarnituren mit hohem Komfort und langlebigem Design, perfekt f\u00fcr Ihre luxuri\u00f6se Umgebung im Freien.","og_url":"https:\/\/hello-suns.com\/de\/produkte\/volar-sofa-set\/","og_site_name":"SUNS","article_modified_time":"2025-06-19T11:56:23+00:00","og_image":[{"width":1024,"height":683,"url":"https:\/\/hello-suns.com\/app\/uploads\/2025\/01\/01_Sofaset_SUNS_Volar_black_ashbrown_blacktop-2500-pix-2-1024x683.png","type":"image\/png"}],"twitter_card":"summary_large_image","twitter_misc":{"Est. reading time":"6 minutes"},"schema":{"@context":"https:\/\/schema.org","@graph":[{"@type":"WebPage","@id":"https:\/\/hello-suns.com\/de\/produkte\/volar-sofa-set\/","url":"https:\/\/hello-suns.com\/de\/produkte\/volar-sofa-set\/","name":"Entdecken Sie Volar Stuhl | SUNS Outdoor Lifestyle","isPartOf":{"@id":"https:\/\/hello-suns.com\/de\/#website"},"primaryImageOfPage":{"@id":"https:\/\/hello-suns.com\/de\/produkte\/volar-sofa-set\/#primaryimage"},"image":{"@id":"https:\/\/hello-suns.com\/de\/produkte\/volar-sofa-set\/#primaryimage"},"thumbnailUrl":"https:\/\/hello-suns.com\/app\/uploads\/2025\/01\/01_Sofaset_SUNS_Volar_black_ashbrown_blacktop-2500-pix-2.png","datePublished":"2025-01-14T10:21:38+00:00","dateModified":"2025-06-19T11:56:23+00:00","description":"Suchen Sie eine stilvolle Volarsofa-Garnitur? SUNS bietet moderne Sofagarnituren mit hohem Komfort und langlebigem Design, perfekt f\u00fcr Ihre luxuri\u00f6se Umgebung im Freien.","breadcrumb":{"@id":"https:\/\/hello-suns.com\/de\/produkte\/volar-sofa-set\/#breadcrumb"},"inLanguage":"de-DE","potentialAction":[{"@type":"ReadAction","target":["https:\/\/hello-suns.com\/de\/produkte\/volar-sofa-set\/"]}]},{"@type":"ImageObject","inLanguage":"de-DE","@id":"https:\/\/hello-suns.com\/de\/produkte\/volar-sofa-set\/#primaryimage","url":"https:\/\/hello-suns.com\/app\/uploads\/2025\/01\/01_Sofaset_SUNS_Volar_black_ashbrown_blacktop-2500-pix-2.png","contentUrl":"https:\/\/hello-suns.com\/app\/uploads\/2025\/01\/01_Sofaset_SUNS_Volar_black_ashbrown_blacktop-2500-pix-2.png","width":2500,"height":1667},{"@type":"BreadcrumbList","@id":"https:\/\/hello-suns.com\/de\/produkte\/volar-sofa-set\/#breadcrumb","itemListElement":[{"@type":"ListItem","position":1,"name":"","item":"https:\/\/hello-suns.com\/de\/"},{"@type":"ListItem","position":2,"name":"Produkte","item":"https:\/\/hello-suns.com\/de\/produkte\/"},{"@type":"ListItem","position":3,"name":"Volar"}]},{"@type":"WebSite","@id":"https:\/\/hello-suns.com\/de\/#website","url":"https:\/\/hello-suns.com\/de\/","name":"SUNS","description":"Outdoor Lifestyle","potentialAction":[{"@type":"SearchAction","target":{"@type":"EntryPoint","urlTemplate":"https:\/\/hello-suns.com\/de\/?s={search_term_string}"},"query-input":{"@type":"PropertyValueSpecification","valueRequired":true,"valueName":"search_term_string"}}],"inLanguage":"de-DE"}]}},"_links":{"self":[{"href":"https:\/\/hello-suns.com\/de\/wp-json\/wp\/v2\/product\/13501","targetHints":{"allow":["GET"]}}],"collection":[{"href":"https:\/\/hello-suns.com\/de\/wp-json\/wp\/v2\/product"}],"about":[{"href":"https:\/\/hello-suns.com\/de\/wp-json\/wp\/v2\/types\/product"}],"replies":[{"embeddable":true,"href":"https:\/\/hello-suns.com\/de\/wp-json\/wp\/v2\/comments?post=13501"}],"wp:featuredmedia":[{"embeddable":true,"href":"https:\/\/hello-suns.com\/de\/wp-json\/wp\/v2\/media\/13397"}],"wp:attachment":[{"href":"https:\/\/hello-suns.com\/de\/wp-json\/wp\/v2\/media?parent=13501"}],"wp:term":[{"taxonomy":"product_brand","embeddable":true,"href":"https:\/\/hello-suns.com\/de\/wp-json\/wp\/v2\/product_brand?post=13501"},{"taxonomy":"product_cat","embeddable":true,"href":"https:\/\/hello-suns.com\/de\/wp-json\/wp\/v2\/product_cat?post=13501"},{"taxonomy":"product_tag","embeddable":true,"href":"https:\/\/hello-suns.com\/de\/wp-json\/wp\/v2\/product_tag?post=13501"},{"taxonomy":"material","embeddable":true,"href":"https:\/\/hello-suns.com\/de\/wp-json\/wp\/v2\/material?post=13501"}],"curies":[{"name":"wp","href":"https:\/\/api.w.org\/{rel}","templated":true}]}}