{"id":13466,"date":"2025-01-14T12:33:09","date_gmt":"2025-01-14T12:33:09","guid":{"rendered":"https:\/\/hello-suns.com\/producten\/santorin-3\/"},"modified":"2025-06-19T09:59:56","modified_gmt":"2025-06-19T09:59:56","slug":"santorin-sofa-set","status":"publish","type":"product","link":"https:\/\/hello-suns.com\/de\/produkte\/santorin-sofa-set\/","title":{"rendered":"Santorini"},"content":{"rendered":"<h2 style=\"font-weight: 400;\">Wo die totale Entspannung beginnt<\/h2>\n<p style=\"font-weight: 400;\">Die Sofagarnitur Santorini bietet unbestreitbar perfekten Sitzkomfort. Ideal f\u00fcr endlose, sonnenverw\u00f6hnte Tage. Oder Abende. Oder N\u00e4chte. Weil Sie die Zeit vergessen, wenn Sie im Moment sind.<\/p>\n","protected":false},"excerpt":{"rendered":"<h3 style=\"font-weight: 400;\">Sofagarnitur mit auff\u00e4lligem Seilwerk<\/h3>\n<p style=\"font-weight: 400;\">Die Sofagarnitur Santorini vervollst\u00e4ndigt Ihr Sitzerlebnis. Dieses Set erinnert an die romantischen 1950er Jahre und besteht aus einem ger\u00e4umigen Dreisitzer-Sofa, zwei Loungesesseln, zwei Beistelltischen und einem luxuri\u00f6sen Hocker. Ein wirklich besonderes Set. Die charmante Form und das raffinierte Seilgeflecht der einzelnen Sitze sind auff\u00e4llig. Das hochwertige Seilgeflecht in der R\u00fcckenlehne und den Armlehnen ist ein modisches Geflecht, das eine Sofagarnitur mit eigenem Charakter schafft.<\/p>\n<p style=\"font-weight: 400;\">Die bequemen Kissen sind, wie Sie es von SUNS erwarten w\u00fcrden, langlebig, wetterfest und pflegeleicht. Das Gleiche gilt nat\u00fcrlich auch f\u00fcr den starken Aluminiumrahmen. Der optionale Hocker passt dazu. Die Beistelltische haben jeweils eine Tischplatte aus gesintertem Stein: kratzfest und extrem langlebig. In der Produktlinie Santorini ist auch ein Stuhl erh\u00e4ltlich.<\/p>\n","protected":false},"featured_media":13386,"comment_status":"closed","ping_status":"closed","template":"","meta":{"_acf_changed":false},"product_brand":[],"product_cat":[643],"product_tag":[],"material":[],"class_list":{"0":"post-13466","1":"product","2":"type-product","3":"status-publish","4":"has-post-thumbnail","6":"product_cat-sofa-sets","8":"first","9":"instock","10":"shipping-taxable","11":"product-type-simple"},"acf":[],"yoast_head":"<!-- This site is optimized with the Yoast SEO plugin v26.8 - https:\/\/yoast.com\/product\/yoast-seo-wordpress\/ -->\n<title>Entdecken Sie die Sofagarnitur Santorini | SUNS Outdoor Lifestyle<\/title>\n<meta name=\"description\" content=\"Suchen Sie eine stilvolle santorini Sofagarnitur? SUNS bietet luxuri\u00f6se und bequeme Sofagarnituren mit modernem Design, perfekt f\u00fcr eine elegante Umgebung im Freien.\" \/>\n<meta name=\"robots\" content=\"index, follow, max-snippet:-1, max-image-preview:large, max-video-preview:-1\" \/>\n<link rel=\"canonical\" href=\"https:\/\/hello-suns.com\/de\/produkte\/santorin-sofa-set\/\" \/>\n<meta property=\"og:locale\" content=\"de_DE\" \/>\n<meta property=\"og:type\" content=\"article\" \/>\n<meta property=\"og:title\" content=\"Entdecken Sie die Sofagarnitur Santorini | SUNS Outdoor Lifestyle\" \/>\n<meta property=\"og:description\" content=\"Suchen Sie eine stilvolle santorini Sofagarnitur? SUNS bietet luxuri\u00f6se und bequeme Sofagarnituren mit modernem Design, perfekt f\u00fcr eine elegante Umgebung im Freien.\" \/>\n<meta property=\"og:url\" content=\"https:\/\/hello-suns.com\/de\/produkte\/santorin-sofa-set\/\" \/>\n<meta property=\"og:site_name\" content=\"SUNS\" \/>\n<meta property=\"article:modified_time\" content=\"2025-06-19T09:59:56+00:00\" \/>\n<meta property=\"og:image\" content=\"https:\/\/hello-suns.com\/app\/uploads\/2025\/01\/01_Santorini-SUNS-Sofaset-CS-NMW-Free-25-2500-4-1024x683.png\" \/>\n\t<meta property=\"og:image:width\" content=\"1024\" \/>\n\t<meta property=\"og:image:height\" content=\"683\" \/>\n\t<meta property=\"og:image:type\" content=\"image\/png\" \/>\n<meta name=\"twitter:card\" content=\"summary_large_image\" \/>\n<meta name=\"twitter:label1\" content=\"Est. reading time\" \/>\n\t<meta name=\"twitter:data1\" content=\"4 minutes\" \/>\n<script type=\"application\/ld+json\" class=\"yoast-schema-graph\">{\"@context\":\"https:\/\/schema.org\",\"@graph\":[{\"@type\":\"WebPage\",\"@id\":\"https:\/\/hello-suns.com\/de\/produkte\/santorin-sofa-set\/\",\"url\":\"https:\/\/hello-suns.com\/de\/produkte\/santorin-sofa-set\/\",\"name\":\"Entdecken Sie die Sofagarnitur Santorini | SUNS Outdoor Lifestyle\",\"isPartOf\":{\"@id\":\"https:\/\/hello-suns.com\/de\/#website\"},\"primaryImageOfPage\":{\"@id\":\"https:\/\/hello-suns.com\/de\/produkte\/santorin-sofa-set\/#primaryimage\"},\"image\":{\"@id\":\"https:\/\/hello-suns.com\/de\/produkte\/santorin-sofa-set\/#primaryimage\"},\"thumbnailUrl\":\"https:\/\/hello-suns.com\/app\/uploads\/2025\/01\/01_Santorini-SUNS-Sofaset-CS-NMW-Free-25-2500-4.png\",\"datePublished\":\"2025-01-14T12:33:09+00:00\",\"dateModified\":\"2025-06-19T09:59:56+00:00\",\"description\":\"Suchen Sie eine stilvolle santorini Sofagarnitur? SUNS bietet luxuri\u00f6se und bequeme Sofagarnituren mit modernem Design, perfekt f\u00fcr eine elegante Umgebung im Freien.\",\"breadcrumb\":{\"@id\":\"https:\/\/hello-suns.com\/de\/produkte\/santorin-sofa-set\/#breadcrumb\"},\"inLanguage\":\"de-DE\",\"potentialAction\":[{\"@type\":\"ReadAction\",\"target\":[\"https:\/\/hello-suns.com\/de\/produkte\/santorin-sofa-set\/\"]}]},{\"@type\":\"ImageObject\",\"inLanguage\":\"de-DE\",\"@id\":\"https:\/\/hello-suns.com\/de\/produkte\/santorin-sofa-set\/#primaryimage\",\"url\":\"https:\/\/hello-suns.com\/app\/uploads\/2025\/01\/01_Santorini-SUNS-Sofaset-CS-NMW-Free-25-2500-4.png\",\"contentUrl\":\"https:\/\/hello-suns.com\/app\/uploads\/2025\/01\/01_Santorini-SUNS-Sofaset-CS-NMW-Free-25-2500-4.png\",\"width\":2500,\"height\":1667},{\"@type\":\"BreadcrumbList\",\"@id\":\"https:\/\/hello-suns.com\/de\/produkte\/santorin-sofa-set\/#breadcrumb\",\"itemListElement\":[{\"@type\":\"ListItem\",\"position\":1,\"name\":\"\",\"item\":\"https:\/\/hello-suns.com\/de\/\"},{\"@type\":\"ListItem\",\"position\":2,\"name\":\"Produkte\",\"item\":\"https:\/\/hello-suns.com\/de\/produkte\/\"},{\"@type\":\"ListItem\",\"position\":3,\"name\":\"Santorini\"}]},{\"@type\":\"WebSite\",\"@id\":\"https:\/\/hello-suns.com\/de\/#website\",\"url\":\"https:\/\/hello-suns.com\/de\/\",\"name\":\"SUNS\",\"description\":\"Outdoor Lifestyle\",\"potentialAction\":[{\"@type\":\"SearchAction\",\"target\":{\"@type\":\"EntryPoint\",\"urlTemplate\":\"https:\/\/hello-suns.com\/de\/?s={search_term_string}\"},\"query-input\":{\"@type\":\"PropertyValueSpecification\",\"valueRequired\":true,\"valueName\":\"search_term_string\"}}],\"inLanguage\":\"de-DE\"}]}<\/script>\n<!-- \/ Yoast SEO plugin. -->","yoast_head_json":{"title":"Entdecken Sie die Sofagarnitur Santorini | SUNS Outdoor Lifestyle","description":"Suchen Sie eine stilvolle santorini Sofagarnitur? SUNS bietet luxuri\u00f6se und bequeme Sofagarnituren mit modernem Design, perfekt f\u00fcr eine elegante Umgebung im Freien.","robots":{"index":"index","follow":"follow","max-snippet":"max-snippet:-1","max-image-preview":"max-image-preview:large","max-video-preview":"max-video-preview:-1"},"canonical":"https:\/\/hello-suns.com\/de\/produkte\/santorin-sofa-set\/","og_locale":"de_DE","og_type":"article","og_title":"Entdecken Sie die Sofagarnitur Santorini | SUNS Outdoor Lifestyle","og_description":"Suchen Sie eine stilvolle santorini Sofagarnitur? SUNS bietet luxuri\u00f6se und bequeme Sofagarnituren mit modernem Design, perfekt f\u00fcr eine elegante Umgebung im Freien.","og_url":"https:\/\/hello-suns.com\/de\/produkte\/santorin-sofa-set\/","og_site_name":"SUNS","article_modified_time":"2025-06-19T09:59:56+00:00","og_image":[{"width":1024,"height":683,"url":"https:\/\/hello-suns.com\/app\/uploads\/2025\/01\/01_Santorini-SUNS-Sofaset-CS-NMW-Free-25-2500-4-1024x683.png","type":"image\/png"}],"twitter_card":"summary_large_image","twitter_misc":{"Est. reading time":"4 minutes"},"schema":{"@context":"https:\/\/schema.org","@graph":[{"@type":"WebPage","@id":"https:\/\/hello-suns.com\/de\/produkte\/santorin-sofa-set\/","url":"https:\/\/hello-suns.com\/de\/produkte\/santorin-sofa-set\/","name":"Entdecken Sie die Sofagarnitur Santorini | SUNS Outdoor Lifestyle","isPartOf":{"@id":"https:\/\/hello-suns.com\/de\/#website"},"primaryImageOfPage":{"@id":"https:\/\/hello-suns.com\/de\/produkte\/santorin-sofa-set\/#primaryimage"},"image":{"@id":"https:\/\/hello-suns.com\/de\/produkte\/santorin-sofa-set\/#primaryimage"},"thumbnailUrl":"https:\/\/hello-suns.com\/app\/uploads\/2025\/01\/01_Santorini-SUNS-Sofaset-CS-NMW-Free-25-2500-4.png","datePublished":"2025-01-14T12:33:09+00:00","dateModified":"2025-06-19T09:59:56+00:00","description":"Suchen Sie eine stilvolle santorini Sofagarnitur? SUNS bietet luxuri\u00f6se und bequeme Sofagarnituren mit modernem Design, perfekt f\u00fcr eine elegante Umgebung im Freien.","breadcrumb":{"@id":"https:\/\/hello-suns.com\/de\/produkte\/santorin-sofa-set\/#breadcrumb"},"inLanguage":"de-DE","potentialAction":[{"@type":"ReadAction","target":["https:\/\/hello-suns.com\/de\/produkte\/santorin-sofa-set\/"]}]},{"@type":"ImageObject","inLanguage":"de-DE","@id":"https:\/\/hello-suns.com\/de\/produkte\/santorin-sofa-set\/#primaryimage","url":"https:\/\/hello-suns.com\/app\/uploads\/2025\/01\/01_Santorini-SUNS-Sofaset-CS-NMW-Free-25-2500-4.png","contentUrl":"https:\/\/hello-suns.com\/app\/uploads\/2025\/01\/01_Santorini-SUNS-Sofaset-CS-NMW-Free-25-2500-4.png","width":2500,"height":1667},{"@type":"BreadcrumbList","@id":"https:\/\/hello-suns.com\/de\/produkte\/santorin-sofa-set\/#breadcrumb","itemListElement":[{"@type":"ListItem","position":1,"name":"","item":"https:\/\/hello-suns.com\/de\/"},{"@type":"ListItem","position":2,"name":"Produkte","item":"https:\/\/hello-suns.com\/de\/produkte\/"},{"@type":"ListItem","position":3,"name":"Santorini"}]},{"@type":"WebSite","@id":"https:\/\/hello-suns.com\/de\/#website","url":"https:\/\/hello-suns.com\/de\/","name":"SUNS","description":"Outdoor Lifestyle","potentialAction":[{"@type":"SearchAction","target":{"@type":"EntryPoint","urlTemplate":"https:\/\/hello-suns.com\/de\/?s={search_term_string}"},"query-input":{"@type":"PropertyValueSpecification","valueRequired":true,"valueName":"search_term_string"}}],"inLanguage":"de-DE"}]}},"_links":{"self":[{"href":"https:\/\/hello-suns.com\/de\/wp-json\/wp\/v2\/product\/13466","targetHints":{"allow":["GET"]}}],"collection":[{"href":"https:\/\/hello-suns.com\/de\/wp-json\/wp\/v2\/product"}],"about":[{"href":"https:\/\/hello-suns.com\/de\/wp-json\/wp\/v2\/types\/product"}],"replies":[{"embeddable":true,"href":"https:\/\/hello-suns.com\/de\/wp-json\/wp\/v2\/comments?post=13466"}],"wp:featuredmedia":[{"embeddable":true,"href":"https:\/\/hello-suns.com\/de\/wp-json\/wp\/v2\/media\/13386"}],"wp:attachment":[{"href":"https:\/\/hello-suns.com\/de\/wp-json\/wp\/v2\/media?parent=13466"}],"wp:term":[{"taxonomy":"product_brand","embeddable":true,"href":"https:\/\/hello-suns.com\/de\/wp-json\/wp\/v2\/product_brand?post=13466"},{"taxonomy":"product_cat","embeddable":true,"href":"https:\/\/hello-suns.com\/de\/wp-json\/wp\/v2\/product_cat?post=13466"},{"taxonomy":"product_tag","embeddable":true,"href":"https:\/\/hello-suns.com\/de\/wp-json\/wp\/v2\/product_tag?post=13466"},{"taxonomy":"material","embeddable":true,"href":"https:\/\/hello-suns.com\/de\/wp-json\/wp\/v2\/material?post=13466"}],"curies":[{"name":"wp","href":"https:\/\/api.w.org\/{rel}","templated":true}]}}