{"id":13439,"date":"2025-01-14T14:59:01","date_gmt":"2025-01-14T13:59:01","guid":{"rendered":"https:\/\/hello-suns.com\/producten\/foglio\/"},"modified":"2025-05-15T14:59:39","modified_gmt":"2025-05-15T14:59:39","slug":"foglio-tabletts","status":"publish","type":"product","link":"https:\/\/hello-suns.com\/de\/produkte\/foglio-tabletts\/","title":{"rendered":"Foglio"},"content":{"rendered":"<h2 style=\"font-weight: 400;\"><span class=\"TextRun SCXW58842965 BCX0\" lang=\"NL-NL\" xml:lang=\"NL-NL\" data-contrast=\"auto\"><span class=\"NormalTextRun SpellingErrorV2Themed SCXW58842965 BCX0\">Gr\u00f6\u00dfe<\/span> <span class=\"NormalTextRun SpellingErrorV2Themed SCXW58842965 BCX0\">Angelegenheiten<\/span><\/span><\/h2>\n<p style=\"font-weight: 400;\"><span class=\"TextRun SCXW202276697 BCX0\" lang=\"NL-NL\" xml:lang=\"NL-NL\" data-contrast=\"auto\"><span class=\"NormalTextRun SCXW202276697 BCX0\">Machen Sie es sich so einfach wie m\u00f6glich und w\u00e4hlen Sie ein Tablett in der richtigen Gr\u00f6\u00dfe. <\/span><\/span><\/p>\n","protected":false},"excerpt":{"rendered":"<h3><span class=\"TextRun SCXW209155231 BCX0\" lang=\"NL-NL\" xml:lang=\"NL-NL\" data-contrast=\"none\"><span class=\"NormalTextRun SCXW209155231 BCX0\">Stabiler Tischbegleiter<\/span><\/span><\/h3>\n<p><span data-contrast=\"auto\">Tray Foglio ist ein gro\u00dfz\u00fcgiges und luxuri\u00f6ses Tablett aus hochwertigem Aluminium mit Griffen aus Teakholz. Diese stilvolle Erg\u00e4nzung f\u00fcr Ihren Terrassen- oder Beistelltisch ist in drei Farben und drei verschiedenen Gr\u00f6\u00dfen erh\u00e4ltlich. <\/span> <span data-contrast=\"auto\">Die Serviertabletts von SUNS sind extrem stabil und lassen sich <\/span><span data-contrast=\"auto\">nicht leicht verbiegen.Die Farbe wird mit einer Pulverbeschichtung aufgetragen, die f\u00fcr einen hochwertigen Look und eine lange Lebensdauer sorgt. Die Farben sind sorgf\u00e4ltig ausgew\u00e4hlt und passen zu den Farben und Details der anderen Produkte der SUNS-Kollektion.<\/span> <span data-contrast=\"auto\">Dank der gro\u00dfen Abmessungen eignen sich die Tabletts als Serviertablett oder auf einem Beistelltisch oder Hocker als Tischplatte.<\/span><\/p>\n","protected":false},"featured_media":13440,"comment_status":"closed","ping_status":"closed","template":"","meta":{"_acf_changed":false},"product_brand":[],"product_cat":[626,627],"product_tag":[],"material":[],"class_list":{"0":"post-13439","1":"product","2":"type-product","3":"status-publish","4":"has-post-thumbnail","6":"product_cat-styling-de","7":"product_cat-tabletts","9":"first","10":"instock","11":"shipping-taxable","12":"product-type-simple"},"acf":[],"yoast_head":"<!-- This site is optimized with the Yoast SEO plugin v26.8 - https:\/\/yoast.com\/product\/yoast-seo-wordpress\/ -->\n<title>Entdecken Sie Foglio Tablett | SUNS Outdoor Lifestyle<\/title>\n<meta name=\"description\" content=\"Suchen Sie ein stilvolles Foglio-Tablett? suns bietet elegante und langlebige Tabletts, die perfektes Design und Funktionalit\u00e4t vereinen.\" \/>\n<meta name=\"robots\" content=\"index, follow, max-snippet:-1, max-image-preview:large, max-video-preview:-1\" \/>\n<link rel=\"canonical\" href=\"https:\/\/hello-suns.com\/de\/produkte\/foglio-tabletts\/\" \/>\n<meta property=\"og:locale\" content=\"de_DE\" \/>\n<meta property=\"og:type\" content=\"article\" \/>\n<meta property=\"og:title\" content=\"Entdecken Sie Foglio Tablett | SUNS Outdoor Lifestyle\" \/>\n<meta property=\"og:description\" content=\"Suchen Sie ein stilvolles Foglio-Tablett? suns bietet elegante und langlebige Tabletts, die perfektes Design und Funktionalit\u00e4t vereinen.\" \/>\n<meta property=\"og:url\" content=\"https:\/\/hello-suns.com\/de\/produkte\/foglio-tabletts\/\" \/>\n<meta property=\"og:site_name\" content=\"SUNS\" \/>\n<meta property=\"article:modified_time\" content=\"2025-05-15T14:59:39+00:00\" \/>\n<meta property=\"og:image\" content=\"https:\/\/hello-suns.com\/app\/uploads\/2025\/01\/Butlertray_SUNS_M_camelsand-2500-pix.png\" \/>\n\t<meta property=\"og:image:width\" content=\"2500\" \/>\n\t<meta property=\"og:image:height\" content=\"1667\" \/>\n\t<meta property=\"og:image:type\" content=\"image\/png\" \/>\n<meta name=\"twitter:card\" content=\"summary_large_image\" \/>\n<meta name=\"twitter:label1\" content=\"Est. reading time\" \/>\n\t<meta name=\"twitter:data1\" content=\"3 minutes\" \/>\n<script type=\"application\/ld+json\" class=\"yoast-schema-graph\">{\"@context\":\"https:\/\/schema.org\",\"@graph\":[{\"@type\":\"WebPage\",\"@id\":\"https:\/\/hello-suns.com\/de\/produkte\/foglio-tabletts\/\",\"url\":\"https:\/\/hello-suns.com\/de\/produkte\/foglio-tabletts\/\",\"name\":\"Entdecken Sie Foglio Tablett | SUNS Outdoor Lifestyle\",\"isPartOf\":{\"@id\":\"https:\/\/hello-suns.com\/de\/#website\"},\"primaryImageOfPage\":{\"@id\":\"https:\/\/hello-suns.com\/de\/produkte\/foglio-tabletts\/#primaryimage\"},\"image\":{\"@id\":\"https:\/\/hello-suns.com\/de\/produkte\/foglio-tabletts\/#primaryimage\"},\"thumbnailUrl\":\"https:\/\/hello-suns.com\/app\/uploads\/2025\/01\/Butlertray_SUNS_M_camelsand-2500-pix.png\",\"datePublished\":\"2025-01-14T13:59:01+00:00\",\"dateModified\":\"2025-05-15T14:59:39+00:00\",\"description\":\"Suchen Sie ein stilvolles Foglio-Tablett? suns bietet elegante und langlebige Tabletts, die perfektes Design und Funktionalit\u00e4t vereinen.\",\"breadcrumb\":{\"@id\":\"https:\/\/hello-suns.com\/de\/produkte\/foglio-tabletts\/#breadcrumb\"},\"inLanguage\":\"de-DE\",\"potentialAction\":[{\"@type\":\"ReadAction\",\"target\":[\"https:\/\/hello-suns.com\/de\/produkte\/foglio-tabletts\/\"]}]},{\"@type\":\"ImageObject\",\"inLanguage\":\"de-DE\",\"@id\":\"https:\/\/hello-suns.com\/de\/produkte\/foglio-tabletts\/#primaryimage\",\"url\":\"https:\/\/hello-suns.com\/app\/uploads\/2025\/01\/Butlertray_SUNS_M_camelsand-2500-pix.png\",\"contentUrl\":\"https:\/\/hello-suns.com\/app\/uploads\/2025\/01\/Butlertray_SUNS_M_camelsand-2500-pix.png\",\"width\":2500,\"height\":1667},{\"@type\":\"BreadcrumbList\",\"@id\":\"https:\/\/hello-suns.com\/de\/produkte\/foglio-tabletts\/#breadcrumb\",\"itemListElement\":[{\"@type\":\"ListItem\",\"position\":1,\"name\":\"\",\"item\":\"https:\/\/hello-suns.com\/de\/\"},{\"@type\":\"ListItem\",\"position\":2,\"name\":\"Produkte\",\"item\":\"https:\/\/hello-suns.com\/de\/produkte\/\"},{\"@type\":\"ListItem\",\"position\":3,\"name\":\"Foglio\"}]},{\"@type\":\"WebSite\",\"@id\":\"https:\/\/hello-suns.com\/de\/#website\",\"url\":\"https:\/\/hello-suns.com\/de\/\",\"name\":\"SUNS\",\"description\":\"Outdoor Lifestyle\",\"potentialAction\":[{\"@type\":\"SearchAction\",\"target\":{\"@type\":\"EntryPoint\",\"urlTemplate\":\"https:\/\/hello-suns.com\/de\/?s={search_term_string}\"},\"query-input\":{\"@type\":\"PropertyValueSpecification\",\"valueRequired\":true,\"valueName\":\"search_term_string\"}}],\"inLanguage\":\"de-DE\"}]}<\/script>\n<!-- \/ Yoast SEO plugin. -->","yoast_head_json":{"title":"Entdecken Sie Foglio Tablett | SUNS Outdoor Lifestyle","description":"Suchen Sie ein stilvolles Foglio-Tablett? suns bietet elegante und langlebige Tabletts, die perfektes Design und Funktionalit\u00e4t vereinen.","robots":{"index":"index","follow":"follow","max-snippet":"max-snippet:-1","max-image-preview":"max-image-preview:large","max-video-preview":"max-video-preview:-1"},"canonical":"https:\/\/hello-suns.com\/de\/produkte\/foglio-tabletts\/","og_locale":"de_DE","og_type":"article","og_title":"Entdecken Sie Foglio Tablett | SUNS Outdoor Lifestyle","og_description":"Suchen Sie ein stilvolles Foglio-Tablett? suns bietet elegante und langlebige Tabletts, die perfektes Design und Funktionalit\u00e4t vereinen.","og_url":"https:\/\/hello-suns.com\/de\/produkte\/foglio-tabletts\/","og_site_name":"SUNS","article_modified_time":"2025-05-15T14:59:39+00:00","og_image":[{"width":2500,"height":1667,"url":"https:\/\/hello-suns.com\/app\/uploads\/2025\/01\/Butlertray_SUNS_M_camelsand-2500-pix.png","type":"image\/png"}],"twitter_card":"summary_large_image","twitter_misc":{"Est. reading time":"3 minutes"},"schema":{"@context":"https:\/\/schema.org","@graph":[{"@type":"WebPage","@id":"https:\/\/hello-suns.com\/de\/produkte\/foglio-tabletts\/","url":"https:\/\/hello-suns.com\/de\/produkte\/foglio-tabletts\/","name":"Entdecken Sie Foglio Tablett | SUNS Outdoor Lifestyle","isPartOf":{"@id":"https:\/\/hello-suns.com\/de\/#website"},"primaryImageOfPage":{"@id":"https:\/\/hello-suns.com\/de\/produkte\/foglio-tabletts\/#primaryimage"},"image":{"@id":"https:\/\/hello-suns.com\/de\/produkte\/foglio-tabletts\/#primaryimage"},"thumbnailUrl":"https:\/\/hello-suns.com\/app\/uploads\/2025\/01\/Butlertray_SUNS_M_camelsand-2500-pix.png","datePublished":"2025-01-14T13:59:01+00:00","dateModified":"2025-05-15T14:59:39+00:00","description":"Suchen Sie ein stilvolles Foglio-Tablett? suns bietet elegante und langlebige Tabletts, die perfektes Design und Funktionalit\u00e4t vereinen.","breadcrumb":{"@id":"https:\/\/hello-suns.com\/de\/produkte\/foglio-tabletts\/#breadcrumb"},"inLanguage":"de-DE","potentialAction":[{"@type":"ReadAction","target":["https:\/\/hello-suns.com\/de\/produkte\/foglio-tabletts\/"]}]},{"@type":"ImageObject","inLanguage":"de-DE","@id":"https:\/\/hello-suns.com\/de\/produkte\/foglio-tabletts\/#primaryimage","url":"https:\/\/hello-suns.com\/app\/uploads\/2025\/01\/Butlertray_SUNS_M_camelsand-2500-pix.png","contentUrl":"https:\/\/hello-suns.com\/app\/uploads\/2025\/01\/Butlertray_SUNS_M_camelsand-2500-pix.png","width":2500,"height":1667},{"@type":"BreadcrumbList","@id":"https:\/\/hello-suns.com\/de\/produkte\/foglio-tabletts\/#breadcrumb","itemListElement":[{"@type":"ListItem","position":1,"name":"","item":"https:\/\/hello-suns.com\/de\/"},{"@type":"ListItem","position":2,"name":"Produkte","item":"https:\/\/hello-suns.com\/de\/produkte\/"},{"@type":"ListItem","position":3,"name":"Foglio"}]},{"@type":"WebSite","@id":"https:\/\/hello-suns.com\/de\/#website","url":"https:\/\/hello-suns.com\/de\/","name":"SUNS","description":"Outdoor Lifestyle","potentialAction":[{"@type":"SearchAction","target":{"@type":"EntryPoint","urlTemplate":"https:\/\/hello-suns.com\/de\/?s={search_term_string}"},"query-input":{"@type":"PropertyValueSpecification","valueRequired":true,"valueName":"search_term_string"}}],"inLanguage":"de-DE"}]}},"_links":{"self":[{"href":"https:\/\/hello-suns.com\/de\/wp-json\/wp\/v2\/product\/13439","targetHints":{"allow":["GET"]}}],"collection":[{"href":"https:\/\/hello-suns.com\/de\/wp-json\/wp\/v2\/product"}],"about":[{"href":"https:\/\/hello-suns.com\/de\/wp-json\/wp\/v2\/types\/product"}],"replies":[{"embeddable":true,"href":"https:\/\/hello-suns.com\/de\/wp-json\/wp\/v2\/comments?post=13439"}],"wp:featuredmedia":[{"embeddable":true,"href":"https:\/\/hello-suns.com\/de\/wp-json\/wp\/v2\/media\/13440"}],"wp:attachment":[{"href":"https:\/\/hello-suns.com\/de\/wp-json\/wp\/v2\/media?parent=13439"}],"wp:term":[{"taxonomy":"product_brand","embeddable":true,"href":"https:\/\/hello-suns.com\/de\/wp-json\/wp\/v2\/product_brand?post=13439"},{"taxonomy":"product_cat","embeddable":true,"href":"https:\/\/hello-suns.com\/de\/wp-json\/wp\/v2\/product_cat?post=13439"},{"taxonomy":"product_tag","embeddable":true,"href":"https:\/\/hello-suns.com\/de\/wp-json\/wp\/v2\/product_tag?post=13439"},{"taxonomy":"material","embeddable":true,"href":"https:\/\/hello-suns.com\/de\/wp-json\/wp\/v2\/material?post=13439"}],"curies":[{"name":"wp","href":"https:\/\/api.w.org\/{rel}","templated":true}]}}