{"id":13421,"date":"2025-01-14T12:47:08","date_gmt":"2025-01-14T11:47:08","guid":{"rendered":"https:\/\/hello-suns.com\/producten\/pico-rios\/"},"modified":"2026-03-02T12:55:45","modified_gmt":"2026-03-02T11:55:45","slug":"pico-rios-beistelltisch","status":"publish","type":"product","link":"https:\/\/hello-suns.com\/de\/produkte\/pico-rios-beistelltisch\/","title":{"rendered":"Pico &#8211; Rios"},"content":{"rendered":"<h2>Komfort f\u00fcr die Beine<\/h2>\n<p>Ein Beistelltisch ist oft nur ein Detail. Bis Pico &#8211; Rios den Raum definiert. <\/p>\n","protected":false},"excerpt":{"rendered":"<h3>Tisch mit organischem Design<\/h3>\n<div>\n<p>Der Beistelltisch Pico &#8211; Rios folgt den flie\u00dfenden Linien des Pico Lounge-Sets. Das runde Design f\u00fcgt sich nahtlos in den Charakter der Kollektion ein und verleiht dem Garten oder der Terrasse ein stilvolles Gleichgewicht. Pico &#8211; Rios ist in zwei Gr\u00f6\u00dfen erh\u00e4ltlich, die einzeln oder als Set eine stilvolle Einheit bilden.  <\/p>\n<\/div>\n<div>\n<p>Neu ist die Wahl der Oberfl\u00e4che: nat\u00fcrliches Teakholz oder hochwertiges Aluminium in Champagne. So k\u00f6nnen Sie Pico &#8211; Rios in dem Look zusammenstellen, der zu Ihrem Au\u00dfenbereich passt. <\/p>\n<\/div>\n<div>\n<p>Der Beistelltisch Pico &#8211; Rios l\u00e4sst sich perfekt mit den anderen Lounge- und Sofasets von SUNS kombinieren.<\/p>\n<\/div>\n","protected":false},"featured_media":13426,"comment_status":"closed","ping_status":"closed","template":"","meta":{"_acf_changed":false},"product_brand":[],"product_cat":[626,642],"product_tag":[],"material":[],"class_list":{"0":"post-13421","1":"product","2":"type-product","3":"status-publish","4":"has-post-thumbnail","6":"product_cat-styling-de","7":"product_cat-beistelltische","9":"first","10":"instock","11":"shipping-taxable","12":"product-type-simple"},"acf":[],"yoast_head":"<!-- This site is optimized with the Yoast SEO plugin v26.8 - https:\/\/yoast.com\/product\/yoast-seo-wordpress\/ -->\n<title>Entdecken Sie Pico Rios Beistelltisch | SUNS Gartenm\u00f6bel<\/title>\n<meta name=\"description\" content=\"Suchen Sie einen stilvollen Pico Rios Beistelltisch? SUNS bietet moderne und langlebige Beistelltische, die Design und Funktionalit\u00e4t f\u00fcr Ihren Garten vereinen\" \/>\n<meta name=\"robots\" content=\"index, follow, max-snippet:-1, max-image-preview:large, max-video-preview:-1\" \/>\n<link rel=\"canonical\" href=\"https:\/\/hello-suns.com\/de\/produkte\/pico-rios-beistelltisch\/\" \/>\n<meta property=\"og:locale\" content=\"de_DE\" \/>\n<meta property=\"og:type\" content=\"article\" \/>\n<meta property=\"og:title\" content=\"Entdecken Sie Pico Rios Beistelltisch | SUNS Gartenm\u00f6bel\" \/>\n<meta property=\"og:description\" content=\"Suchen Sie einen stilvollen Pico Rios Beistelltisch? SUNS bietet moderne und langlebige Beistelltische, die Design und Funktionalit\u00e4t f\u00fcr Ihren Garten vereinen\" \/>\n<meta property=\"og:url\" content=\"https:\/\/hello-suns.com\/de\/produkte\/pico-rios-beistelltisch\/\" \/>\n<meta property=\"og:site_name\" content=\"SUNS\" \/>\n<meta property=\"article:modified_time\" content=\"2026-03-02T11:55:45+00:00\" \/>\n<meta property=\"og:image\" content=\"https:\/\/hello-suns.com\/app\/uploads\/2025\/01\/01_Pico-Rios-SUNS-loungetableset-TK-free-25-2500.png\" \/>\n\t<meta property=\"og:image:width\" content=\"2500\" \/>\n\t<meta property=\"og:image:height\" content=\"1667\" \/>\n\t<meta property=\"og:image:type\" content=\"image\/png\" \/>\n<meta name=\"twitter:card\" content=\"summary_large_image\" \/>\n<meta name=\"twitter:label1\" content=\"Est. reading time\" \/>\n\t<meta name=\"twitter:data1\" content=\"3 minutes\" \/>\n<script type=\"application\/ld+json\" class=\"yoast-schema-graph\">{\"@context\":\"https:\/\/schema.org\",\"@graph\":[{\"@type\":\"WebPage\",\"@id\":\"https:\/\/hello-suns.com\/de\/produkte\/pico-rios-beistelltisch\/\",\"url\":\"https:\/\/hello-suns.com\/de\/produkte\/pico-rios-beistelltisch\/\",\"name\":\"Entdecken Sie Pico Rios Beistelltisch | SUNS Gartenm\u00f6bel\",\"isPartOf\":{\"@id\":\"https:\/\/hello-suns.com\/de\/#website\"},\"primaryImageOfPage\":{\"@id\":\"https:\/\/hello-suns.com\/de\/produkte\/pico-rios-beistelltisch\/#primaryimage\"},\"image\":{\"@id\":\"https:\/\/hello-suns.com\/de\/produkte\/pico-rios-beistelltisch\/#primaryimage\"},\"thumbnailUrl\":\"https:\/\/hello-suns.com\/app\/uploads\/2025\/01\/01_Pico-Rios-SUNS-loungetableset-TK-free-25-2500.png\",\"datePublished\":\"2025-01-14T11:47:08+00:00\",\"dateModified\":\"2026-03-02T11:55:45+00:00\",\"description\":\"Suchen Sie einen stilvollen Pico Rios Beistelltisch? SUNS bietet moderne und langlebige Beistelltische, die Design und Funktionalit\u00e4t f\u00fcr Ihren Garten vereinen\",\"breadcrumb\":{\"@id\":\"https:\/\/hello-suns.com\/de\/produkte\/pico-rios-beistelltisch\/#breadcrumb\"},\"inLanguage\":\"de-DE\",\"potentialAction\":[{\"@type\":\"ReadAction\",\"target\":[\"https:\/\/hello-suns.com\/de\/produkte\/pico-rios-beistelltisch\/\"]}]},{\"@type\":\"ImageObject\",\"inLanguage\":\"de-DE\",\"@id\":\"https:\/\/hello-suns.com\/de\/produkte\/pico-rios-beistelltisch\/#primaryimage\",\"url\":\"https:\/\/hello-suns.com\/app\/uploads\/2025\/01\/01_Pico-Rios-SUNS-loungetableset-TK-free-25-2500.png\",\"contentUrl\":\"https:\/\/hello-suns.com\/app\/uploads\/2025\/01\/01_Pico-Rios-SUNS-loungetableset-TK-free-25-2500.png\",\"width\":2500,\"height\":1667},{\"@type\":\"BreadcrumbList\",\"@id\":\"https:\/\/hello-suns.com\/de\/produkte\/pico-rios-beistelltisch\/#breadcrumb\",\"itemListElement\":[{\"@type\":\"ListItem\",\"position\":1,\"name\":\"\",\"item\":\"https:\/\/hello-suns.com\/de\/\"},{\"@type\":\"ListItem\",\"position\":2,\"name\":\"Produkte\",\"item\":\"https:\/\/hello-suns.com\/de\/produkte\/\"},{\"@type\":\"ListItem\",\"position\":3,\"name\":\"Pico &#8211; Rios\"}]},{\"@type\":\"WebSite\",\"@id\":\"https:\/\/hello-suns.com\/de\/#website\",\"url\":\"https:\/\/hello-suns.com\/de\/\",\"name\":\"SUNS\",\"description\":\"Outdoor Lifestyle\",\"potentialAction\":[{\"@type\":\"SearchAction\",\"target\":{\"@type\":\"EntryPoint\",\"urlTemplate\":\"https:\/\/hello-suns.com\/de\/?s={search_term_string}\"},\"query-input\":{\"@type\":\"PropertyValueSpecification\",\"valueRequired\":true,\"valueName\":\"search_term_string\"}}],\"inLanguage\":\"de-DE\"}]}<\/script>\n<!-- \/ Yoast SEO plugin. -->","yoast_head_json":{"title":"Entdecken Sie Pico Rios Beistelltisch | SUNS Gartenm\u00f6bel","description":"Suchen Sie einen stilvollen Pico Rios Beistelltisch? SUNS bietet moderne und langlebige Beistelltische, die Design und Funktionalit\u00e4t f\u00fcr Ihren Garten vereinen","robots":{"index":"index","follow":"follow","max-snippet":"max-snippet:-1","max-image-preview":"max-image-preview:large","max-video-preview":"max-video-preview:-1"},"canonical":"https:\/\/hello-suns.com\/de\/produkte\/pico-rios-beistelltisch\/","og_locale":"de_DE","og_type":"article","og_title":"Entdecken Sie Pico Rios Beistelltisch | SUNS Gartenm\u00f6bel","og_description":"Suchen Sie einen stilvollen Pico Rios Beistelltisch? SUNS bietet moderne und langlebige Beistelltische, die Design und Funktionalit\u00e4t f\u00fcr Ihren Garten vereinen","og_url":"https:\/\/hello-suns.com\/de\/produkte\/pico-rios-beistelltisch\/","og_site_name":"SUNS","article_modified_time":"2026-03-02T11:55:45+00:00","og_image":[{"width":2500,"height":1667,"url":"https:\/\/hello-suns.com\/app\/uploads\/2025\/01\/01_Pico-Rios-SUNS-loungetableset-TK-free-25-2500.png","type":"image\/png"}],"twitter_card":"summary_large_image","twitter_misc":{"Est. reading time":"3 minutes"},"schema":{"@context":"https:\/\/schema.org","@graph":[{"@type":"WebPage","@id":"https:\/\/hello-suns.com\/de\/produkte\/pico-rios-beistelltisch\/","url":"https:\/\/hello-suns.com\/de\/produkte\/pico-rios-beistelltisch\/","name":"Entdecken Sie Pico Rios Beistelltisch | SUNS Gartenm\u00f6bel","isPartOf":{"@id":"https:\/\/hello-suns.com\/de\/#website"},"primaryImageOfPage":{"@id":"https:\/\/hello-suns.com\/de\/produkte\/pico-rios-beistelltisch\/#primaryimage"},"image":{"@id":"https:\/\/hello-suns.com\/de\/produkte\/pico-rios-beistelltisch\/#primaryimage"},"thumbnailUrl":"https:\/\/hello-suns.com\/app\/uploads\/2025\/01\/01_Pico-Rios-SUNS-loungetableset-TK-free-25-2500.png","datePublished":"2025-01-14T11:47:08+00:00","dateModified":"2026-03-02T11:55:45+00:00","description":"Suchen Sie einen stilvollen Pico Rios Beistelltisch? SUNS bietet moderne und langlebige Beistelltische, die Design und Funktionalit\u00e4t f\u00fcr Ihren Garten vereinen","breadcrumb":{"@id":"https:\/\/hello-suns.com\/de\/produkte\/pico-rios-beistelltisch\/#breadcrumb"},"inLanguage":"de-DE","potentialAction":[{"@type":"ReadAction","target":["https:\/\/hello-suns.com\/de\/produkte\/pico-rios-beistelltisch\/"]}]},{"@type":"ImageObject","inLanguage":"de-DE","@id":"https:\/\/hello-suns.com\/de\/produkte\/pico-rios-beistelltisch\/#primaryimage","url":"https:\/\/hello-suns.com\/app\/uploads\/2025\/01\/01_Pico-Rios-SUNS-loungetableset-TK-free-25-2500.png","contentUrl":"https:\/\/hello-suns.com\/app\/uploads\/2025\/01\/01_Pico-Rios-SUNS-loungetableset-TK-free-25-2500.png","width":2500,"height":1667},{"@type":"BreadcrumbList","@id":"https:\/\/hello-suns.com\/de\/produkte\/pico-rios-beistelltisch\/#breadcrumb","itemListElement":[{"@type":"ListItem","position":1,"name":"","item":"https:\/\/hello-suns.com\/de\/"},{"@type":"ListItem","position":2,"name":"Produkte","item":"https:\/\/hello-suns.com\/de\/produkte\/"},{"@type":"ListItem","position":3,"name":"Pico &#8211; Rios"}]},{"@type":"WebSite","@id":"https:\/\/hello-suns.com\/de\/#website","url":"https:\/\/hello-suns.com\/de\/","name":"SUNS","description":"Outdoor Lifestyle","potentialAction":[{"@type":"SearchAction","target":{"@type":"EntryPoint","urlTemplate":"https:\/\/hello-suns.com\/de\/?s={search_term_string}"},"query-input":{"@type":"PropertyValueSpecification","valueRequired":true,"valueName":"search_term_string"}}],"inLanguage":"de-DE"}]}},"_links":{"self":[{"href":"https:\/\/hello-suns.com\/de\/wp-json\/wp\/v2\/product\/13421","targetHints":{"allow":["GET"]}}],"collection":[{"href":"https:\/\/hello-suns.com\/de\/wp-json\/wp\/v2\/product"}],"about":[{"href":"https:\/\/hello-suns.com\/de\/wp-json\/wp\/v2\/types\/product"}],"replies":[{"embeddable":true,"href":"https:\/\/hello-suns.com\/de\/wp-json\/wp\/v2\/comments?post=13421"}],"wp:featuredmedia":[{"embeddable":true,"href":"https:\/\/hello-suns.com\/de\/wp-json\/wp\/v2\/media\/13426"}],"wp:attachment":[{"href":"https:\/\/hello-suns.com\/de\/wp-json\/wp\/v2\/media?parent=13421"}],"wp:term":[{"taxonomy":"product_brand","embeddable":true,"href":"https:\/\/hello-suns.com\/de\/wp-json\/wp\/v2\/product_brand?post=13421"},{"taxonomy":"product_cat","embeddable":true,"href":"https:\/\/hello-suns.com\/de\/wp-json\/wp\/v2\/product_cat?post=13421"},{"taxonomy":"product_tag","embeddable":true,"href":"https:\/\/hello-suns.com\/de\/wp-json\/wp\/v2\/product_tag?post=13421"},{"taxonomy":"material","embeddable":true,"href":"https:\/\/hello-suns.com\/de\/wp-json\/wp\/v2\/material?post=13421"}],"curies":[{"name":"wp","href":"https:\/\/api.w.org\/{rel}","templated":true}]}}