{"id":13326,"date":"2025-01-14T13:43:05","date_gmt":"2025-01-14T13:43:05","guid":{"rendered":"https:\/\/hello-suns.com\/producten\/kota-u-foermig\/"},"modified":"2025-05-15T14:16:39","modified_gmt":"2025-05-15T14:16:39","slug":"kota-u-foermig-beistelltisch","status":"publish","type":"product","link":"https:\/\/hello-suns.com\/de\/produkte\/kota-u-foermig-beistelltisch\/","title":{"rendered":"Kota | u-f\u00f6rmig"},"content":{"rendered":"<h2 class=\"p1\">Immer in Reichweite<\/h2>\n<p style=\"font-weight: 400;\">Ein Beistelltisch, der sich immer als n\u00fctzlich erweist &#8211; f\u00fcr ein Getr\u00e4nk, ein Buch oder etwas S\u00fc\u00dfes.<\/p>\n","protected":false},"excerpt":{"rendered":"<h3 class=\"p1\">Intelligentes Design, optimaler Komfort<\/h3>\n<p style=\"font-weight: 400;\">Der Kota Beistelltisch in U-Form ist eine stilvolle und praktische Erg\u00e4nzung f\u00fcr Ihr Lounge-Set. Dank seines intelligenten Designs schieben Sie den Tisch einfach \u00fcber den Sitz oder die Armlehne Ihres Sofas. So haben Sie immer eine robuste Ablagefl\u00e4che in Reichweite. Hergestellt aus hochwertigem Teakholz in Kombination mit Aluminium und perfekt zu kombinieren mit verschiedenen SUNS Lounge- und Gartenm\u00f6beln. Erh\u00e4ltlich in verschiedenen Gr\u00f6\u00dfen. Wie die anderen Produkte der Kota-Kollektion ist auch dieser Tisch vollkommen wetterfest und kann das ganze Jahr \u00fcber drau\u00dfen stehen bleiben.<\/p>\n","protected":false},"featured_media":13332,"comment_status":"closed","ping_status":"closed","template":"","meta":{"_acf_changed":false},"product_brand":[],"product_cat":[626,642],"product_tag":[],"material":[],"class_list":{"0":"post-13326","1":"product","2":"type-product","3":"status-publish","4":"has-post-thumbnail","6":"product_cat-styling-de","7":"product_cat-beistelltische","9":"first","10":"instock","11":"shipping-taxable","12":"product-type-simple"},"acf":[],"yoast_head":"<!-- This site is optimized with the Yoast SEO plugin v26.8 - https:\/\/yoast.com\/product\/yoast-seo-wordpress\/ -->\n<title>Entdecken Sie Kota U-Shape Beistelltisch | SUNS Outdoor Lifestyle<\/title>\n<meta name=\"description\" content=\"Suchen Sie einen stilvollen Kota U-Shape Beistelltisch? SUNS bietet praktische und langlebige Beistelltische mit einem einzigartigen Design.\" \/>\n<meta name=\"robots\" content=\"index, follow, max-snippet:-1, max-image-preview:large, max-video-preview:-1\" \/>\n<link rel=\"canonical\" href=\"https:\/\/hello-suns.com\/de\/produkte\/kota-u-foermig-beistelltisch\/\" \/>\n<meta property=\"og:locale\" content=\"de_DE\" \/>\n<meta property=\"og:type\" content=\"article\" \/>\n<meta property=\"og:title\" content=\"Entdecken Sie Kota U-Shape Beistelltisch | SUNS Outdoor Lifestyle\" \/>\n<meta property=\"og:description\" content=\"Suchen Sie einen stilvollen Kota U-Shape Beistelltisch? SUNS bietet praktische und langlebige Beistelltische mit einem einzigartigen Design.\" \/>\n<meta property=\"og:url\" content=\"https:\/\/hello-suns.com\/de\/produkte\/kota-u-foermig-beistelltisch\/\" \/>\n<meta property=\"og:site_name\" content=\"SUNS\" \/>\n<meta property=\"article:modified_time\" content=\"2025-05-15T14:16:39+00:00\" \/>\n<meta property=\"og:image\" content=\"https:\/\/hello-suns.com\/app\/uploads\/2025\/01\/kota_sidetable_1500px-2.png\" \/>\n\t<meta property=\"og:image:width\" content=\"2510\" \/>\n\t<meta property=\"og:image:height\" content=\"1667\" \/>\n\t<meta property=\"og:image:type\" content=\"image\/png\" \/>\n<meta name=\"twitter:card\" content=\"summary_large_image\" \/>\n<meta name=\"twitter:label1\" content=\"Est. reading time\" \/>\n\t<meta name=\"twitter:data1\" content=\"2 minutes\" \/>\n<script type=\"application\/ld+json\" class=\"yoast-schema-graph\">{\"@context\":\"https:\/\/schema.org\",\"@graph\":[{\"@type\":\"WebPage\",\"@id\":\"https:\/\/hello-suns.com\/de\/produkte\/kota-u-foermig-beistelltisch\/\",\"url\":\"https:\/\/hello-suns.com\/de\/produkte\/kota-u-foermig-beistelltisch\/\",\"name\":\"Entdecken Sie Kota U-Shape Beistelltisch | SUNS Outdoor Lifestyle\",\"isPartOf\":{\"@id\":\"https:\/\/hello-suns.com\/de\/#website\"},\"primaryImageOfPage\":{\"@id\":\"https:\/\/hello-suns.com\/de\/produkte\/kota-u-foermig-beistelltisch\/#primaryimage\"},\"image\":{\"@id\":\"https:\/\/hello-suns.com\/de\/produkte\/kota-u-foermig-beistelltisch\/#primaryimage\"},\"thumbnailUrl\":\"https:\/\/hello-suns.com\/app\/uploads\/2025\/01\/kota_sidetable_1500px-2.png\",\"datePublished\":\"2025-01-14T13:43:05+00:00\",\"dateModified\":\"2025-05-15T14:16:39+00:00\",\"description\":\"Suchen Sie einen stilvollen Kota U-Shape Beistelltisch? SUNS bietet praktische und langlebige Beistelltische mit einem einzigartigen Design.\",\"breadcrumb\":{\"@id\":\"https:\/\/hello-suns.com\/de\/produkte\/kota-u-foermig-beistelltisch\/#breadcrumb\"},\"inLanguage\":\"de-DE\",\"potentialAction\":[{\"@type\":\"ReadAction\",\"target\":[\"https:\/\/hello-suns.com\/de\/produkte\/kota-u-foermig-beistelltisch\/\"]}]},{\"@type\":\"ImageObject\",\"inLanguage\":\"de-DE\",\"@id\":\"https:\/\/hello-suns.com\/de\/produkte\/kota-u-foermig-beistelltisch\/#primaryimage\",\"url\":\"https:\/\/hello-suns.com\/app\/uploads\/2025\/01\/kota_sidetable_1500px-2.png\",\"contentUrl\":\"https:\/\/hello-suns.com\/app\/uploads\/2025\/01\/kota_sidetable_1500px-2.png\",\"width\":2510,\"height\":1667},{\"@type\":\"BreadcrumbList\",\"@id\":\"https:\/\/hello-suns.com\/de\/produkte\/kota-u-foermig-beistelltisch\/#breadcrumb\",\"itemListElement\":[{\"@type\":\"ListItem\",\"position\":1,\"name\":\"\",\"item\":\"https:\/\/hello-suns.com\/de\/\"},{\"@type\":\"ListItem\",\"position\":2,\"name\":\"Produkte\",\"item\":\"https:\/\/hello-suns.com\/de\/produkte\/\"},{\"@type\":\"ListItem\",\"position\":3,\"name\":\"Kota | u-f\u00f6rmig\"}]},{\"@type\":\"WebSite\",\"@id\":\"https:\/\/hello-suns.com\/de\/#website\",\"url\":\"https:\/\/hello-suns.com\/de\/\",\"name\":\"SUNS\",\"description\":\"Outdoor Lifestyle\",\"potentialAction\":[{\"@type\":\"SearchAction\",\"target\":{\"@type\":\"EntryPoint\",\"urlTemplate\":\"https:\/\/hello-suns.com\/de\/?s={search_term_string}\"},\"query-input\":{\"@type\":\"PropertyValueSpecification\",\"valueRequired\":true,\"valueName\":\"search_term_string\"}}],\"inLanguage\":\"de-DE\"}]}<\/script>\n<!-- \/ Yoast SEO plugin. -->","yoast_head_json":{"title":"Entdecken Sie Kota U-Shape Beistelltisch | SUNS Outdoor Lifestyle","description":"Suchen Sie einen stilvollen Kota U-Shape Beistelltisch? SUNS bietet praktische und langlebige Beistelltische mit einem einzigartigen Design.","robots":{"index":"index","follow":"follow","max-snippet":"max-snippet:-1","max-image-preview":"max-image-preview:large","max-video-preview":"max-video-preview:-1"},"canonical":"https:\/\/hello-suns.com\/de\/produkte\/kota-u-foermig-beistelltisch\/","og_locale":"de_DE","og_type":"article","og_title":"Entdecken Sie Kota U-Shape Beistelltisch | SUNS Outdoor Lifestyle","og_description":"Suchen Sie einen stilvollen Kota U-Shape Beistelltisch? SUNS bietet praktische und langlebige Beistelltische mit einem einzigartigen Design.","og_url":"https:\/\/hello-suns.com\/de\/produkte\/kota-u-foermig-beistelltisch\/","og_site_name":"SUNS","article_modified_time":"2025-05-15T14:16:39+00:00","og_image":[{"width":2510,"height":1667,"url":"https:\/\/hello-suns.com\/app\/uploads\/2025\/01\/kota_sidetable_1500px-2.png","type":"image\/png"}],"twitter_card":"summary_large_image","twitter_misc":{"Est. reading time":"2 minutes"},"schema":{"@context":"https:\/\/schema.org","@graph":[{"@type":"WebPage","@id":"https:\/\/hello-suns.com\/de\/produkte\/kota-u-foermig-beistelltisch\/","url":"https:\/\/hello-suns.com\/de\/produkte\/kota-u-foermig-beistelltisch\/","name":"Entdecken Sie Kota U-Shape Beistelltisch | SUNS Outdoor Lifestyle","isPartOf":{"@id":"https:\/\/hello-suns.com\/de\/#website"},"primaryImageOfPage":{"@id":"https:\/\/hello-suns.com\/de\/produkte\/kota-u-foermig-beistelltisch\/#primaryimage"},"image":{"@id":"https:\/\/hello-suns.com\/de\/produkte\/kota-u-foermig-beistelltisch\/#primaryimage"},"thumbnailUrl":"https:\/\/hello-suns.com\/app\/uploads\/2025\/01\/kota_sidetable_1500px-2.png","datePublished":"2025-01-14T13:43:05+00:00","dateModified":"2025-05-15T14:16:39+00:00","description":"Suchen Sie einen stilvollen Kota U-Shape Beistelltisch? SUNS bietet praktische und langlebige Beistelltische mit einem einzigartigen Design.","breadcrumb":{"@id":"https:\/\/hello-suns.com\/de\/produkte\/kota-u-foermig-beistelltisch\/#breadcrumb"},"inLanguage":"de-DE","potentialAction":[{"@type":"ReadAction","target":["https:\/\/hello-suns.com\/de\/produkte\/kota-u-foermig-beistelltisch\/"]}]},{"@type":"ImageObject","inLanguage":"de-DE","@id":"https:\/\/hello-suns.com\/de\/produkte\/kota-u-foermig-beistelltisch\/#primaryimage","url":"https:\/\/hello-suns.com\/app\/uploads\/2025\/01\/kota_sidetable_1500px-2.png","contentUrl":"https:\/\/hello-suns.com\/app\/uploads\/2025\/01\/kota_sidetable_1500px-2.png","width":2510,"height":1667},{"@type":"BreadcrumbList","@id":"https:\/\/hello-suns.com\/de\/produkte\/kota-u-foermig-beistelltisch\/#breadcrumb","itemListElement":[{"@type":"ListItem","position":1,"name":"","item":"https:\/\/hello-suns.com\/de\/"},{"@type":"ListItem","position":2,"name":"Produkte","item":"https:\/\/hello-suns.com\/de\/produkte\/"},{"@type":"ListItem","position":3,"name":"Kota | u-f\u00f6rmig"}]},{"@type":"WebSite","@id":"https:\/\/hello-suns.com\/de\/#website","url":"https:\/\/hello-suns.com\/de\/","name":"SUNS","description":"Outdoor Lifestyle","potentialAction":[{"@type":"SearchAction","target":{"@type":"EntryPoint","urlTemplate":"https:\/\/hello-suns.com\/de\/?s={search_term_string}"},"query-input":{"@type":"PropertyValueSpecification","valueRequired":true,"valueName":"search_term_string"}}],"inLanguage":"de-DE"}]}},"_links":{"self":[{"href":"https:\/\/hello-suns.com\/de\/wp-json\/wp\/v2\/product\/13326","targetHints":{"allow":["GET"]}}],"collection":[{"href":"https:\/\/hello-suns.com\/de\/wp-json\/wp\/v2\/product"}],"about":[{"href":"https:\/\/hello-suns.com\/de\/wp-json\/wp\/v2\/types\/product"}],"replies":[{"embeddable":true,"href":"https:\/\/hello-suns.com\/de\/wp-json\/wp\/v2\/comments?post=13326"}],"wp:featuredmedia":[{"embeddable":true,"href":"https:\/\/hello-suns.com\/de\/wp-json\/wp\/v2\/media\/13332"}],"wp:attachment":[{"href":"https:\/\/hello-suns.com\/de\/wp-json\/wp\/v2\/media?parent=13326"}],"wp:term":[{"taxonomy":"product_brand","embeddable":true,"href":"https:\/\/hello-suns.com\/de\/wp-json\/wp\/v2\/product_brand?post=13326"},{"taxonomy":"product_cat","embeddable":true,"href":"https:\/\/hello-suns.com\/de\/wp-json\/wp\/v2\/product_cat?post=13326"},{"taxonomy":"product_tag","embeddable":true,"href":"https:\/\/hello-suns.com\/de\/wp-json\/wp\/v2\/product_tag?post=13326"},{"taxonomy":"material","embeddable":true,"href":"https:\/\/hello-suns.com\/de\/wp-json\/wp\/v2\/material?post=13326"}],"curies":[{"name":"wp","href":"https:\/\/api.w.org\/{rel}","templated":true}]}}