{"id":13325,"date":"2025-01-15T08:17:25","date_gmt":"2025-01-15T07:17:25","guid":{"rendered":"https:\/\/hello-suns.com\/producten\/tosca-3\/"},"modified":"2026-02-04T11:43:52","modified_gmt":"2026-02-04T10:43:52","slug":"tosca-sofa-set","status":"publish","type":"product","link":"https:\/\/hello-suns.com\/de\/produkte\/tosca-sofa-set\/","title":{"rendered":"Tosca"},"content":{"rendered":"<h2 style=\"font-weight: 400;\">Komfort in zeitlosem Design<\/h2>\n<p style=\"font-weight: 400;\">Tosca ist eine stilvolle Erscheinung. Der charmante, elegante Rahmen ist mit spielerisch gewebten Seilen bespannt. Die gro\u00dfz\u00fcgige Polsterung unterstreicht den Komfort.<\/p>\n","protected":false},"excerpt":{"rendered":"<h3 style=\"font-weight: 400;\">Charmante Sofagarnitur mit Seilwerk<\/h3>\n<p style=\"font-weight: 400;\">SUNS Tosca ist eine elegante und \u00e4u\u00dferst komfortable Sofagarnitur. Die Sitzfl\u00e4che ist dezent nach hinten geneigt, so dass Sie angenehm entspannt sitzen k\u00f6nnen. Tosca bedeutet Entspannung in optima forma. Das leicht nostalgische Design macht diese Sofagarnitur zu einem Blickfang auf jeder Terrasse.<\/p>\n<p style=\"font-weight: 400;\">Der schlanke Aluminiumrahmen ist mit hochwertigem Tauwerk in einem verspielten Geflecht bespannt. Dies verleiht ihm einen charmanten Look, der durch die nat\u00fcrliche, sanft get\u00f6nte Farbgebung voll zur Geltung kommt. Das Set enth\u00e4lt zwei runde Beistelltische mit einer Tischplatte aus gesintertem Stein als Standard. Dank der hochwertigen, wetterfesten Materialien kann Tosca das ganze Jahr \u00fcber im Freien stehen. Tosca ist auch als Loungeset mit einer festen Eckanordnung erh\u00e4ltlich.<\/p>\n","protected":false},"featured_media":13327,"comment_status":"closed","ping_status":"closed","template":"","meta":{"_acf_changed":false},"product_brand":[],"product_cat":[643],"product_tag":[],"material":[],"class_list":{"0":"post-13325","1":"product","2":"type-product","3":"status-publish","4":"has-post-thumbnail","6":"product_cat-sofa-sets","8":"first","9":"instock","10":"shipping-taxable","11":"product-type-simple"},"acf":[],"yoast_head":"<!-- This site is optimized with the Yoast SEO plugin v26.8 - https:\/\/yoast.com\/product\/yoast-seo-wordpress\/ -->\n<title>Entdecken Sie Tosca Sofa Set | SUNS Outdoor Lifestyle<\/title>\n<meta name=\"description\" content=\"Suchen Sie ein stilvolles Tosca-Sofa-Set? SUNS bietet luxuri\u00f6se Sofagarnituren mit modernem Design und hohem Komfort, perfekt f\u00fcr einen entspannenden Au\u00dfenbereich.\" \/>\n<meta name=\"robots\" content=\"index, follow, max-snippet:-1, max-image-preview:large, max-video-preview:-1\" \/>\n<link rel=\"canonical\" href=\"https:\/\/hello-suns.com\/de\/produkte\/tosca-sofa-set\/\" \/>\n<meta property=\"og:locale\" content=\"de_DE\" \/>\n<meta property=\"og:type\" content=\"article\" \/>\n<meta property=\"og:title\" content=\"Entdecken Sie Tosca Sofa Set | SUNS Outdoor Lifestyle\" \/>\n<meta property=\"og:description\" content=\"Suchen Sie ein stilvolles Tosca-Sofa-Set? SUNS bietet luxuri\u00f6se Sofagarnituren mit modernem Design und hohem Komfort, perfekt f\u00fcr einen entspannenden Au\u00dfenbereich.\" \/>\n<meta property=\"og:url\" content=\"https:\/\/hello-suns.com\/de\/produkte\/tosca-sofa-set\/\" \/>\n<meta property=\"og:site_name\" content=\"SUNS\" \/>\n<meta property=\"article:modified_time\" content=\"2026-02-04T10:43:52+00:00\" \/>\n<meta property=\"og:image\" content=\"https:\/\/hello-suns.com\/app\/uploads\/2025\/01\/01_Tosca-SUNS-Sofaset-CS-NMW-ng-free-25-2500-2.png\" \/>\n\t<meta property=\"og:image:width\" content=\"2500\" \/>\n\t<meta property=\"og:image:height\" content=\"1667\" \/>\n\t<meta property=\"og:image:type\" content=\"image\/png\" \/>\n<meta name=\"twitter:card\" content=\"summary_large_image\" \/>\n<meta name=\"twitter:label1\" content=\"Est. reading time\" \/>\n\t<meta name=\"twitter:data1\" content=\"3 minutes\" \/>\n<script type=\"application\/ld+json\" class=\"yoast-schema-graph\">{\"@context\":\"https:\/\/schema.org\",\"@graph\":[{\"@type\":\"WebPage\",\"@id\":\"https:\/\/hello-suns.com\/de\/produkte\/tosca-sofa-set\/\",\"url\":\"https:\/\/hello-suns.com\/de\/produkte\/tosca-sofa-set\/\",\"name\":\"Entdecken Sie Tosca Sofa Set | SUNS Outdoor Lifestyle\",\"isPartOf\":{\"@id\":\"https:\/\/hello-suns.com\/de\/#website\"},\"primaryImageOfPage\":{\"@id\":\"https:\/\/hello-suns.com\/de\/produkte\/tosca-sofa-set\/#primaryimage\"},\"image\":{\"@id\":\"https:\/\/hello-suns.com\/de\/produkte\/tosca-sofa-set\/#primaryimage\"},\"thumbnailUrl\":\"https:\/\/hello-suns.com\/app\/uploads\/2025\/01\/01_Tosca-SUNS-Sofaset-CS-NMW-ng-free-25-2500-2.png\",\"datePublished\":\"2025-01-15T07:17:25+00:00\",\"dateModified\":\"2026-02-04T10:43:52+00:00\",\"description\":\"Suchen Sie ein stilvolles Tosca-Sofa-Set? SUNS bietet luxuri\u00f6se Sofagarnituren mit modernem Design und hohem Komfort, perfekt f\u00fcr einen entspannenden Au\u00dfenbereich.\",\"breadcrumb\":{\"@id\":\"https:\/\/hello-suns.com\/de\/produkte\/tosca-sofa-set\/#breadcrumb\"},\"inLanguage\":\"de-DE\",\"potentialAction\":[{\"@type\":\"ReadAction\",\"target\":[\"https:\/\/hello-suns.com\/de\/produkte\/tosca-sofa-set\/\"]}]},{\"@type\":\"ImageObject\",\"inLanguage\":\"de-DE\",\"@id\":\"https:\/\/hello-suns.com\/de\/produkte\/tosca-sofa-set\/#primaryimage\",\"url\":\"https:\/\/hello-suns.com\/app\/uploads\/2025\/01\/01_Tosca-SUNS-Sofaset-CS-NMW-ng-free-25-2500-2.png\",\"contentUrl\":\"https:\/\/hello-suns.com\/app\/uploads\/2025\/01\/01_Tosca-SUNS-Sofaset-CS-NMW-ng-free-25-2500-2.png\",\"width\":2500,\"height\":1667},{\"@type\":\"BreadcrumbList\",\"@id\":\"https:\/\/hello-suns.com\/de\/produkte\/tosca-sofa-set\/#breadcrumb\",\"itemListElement\":[{\"@type\":\"ListItem\",\"position\":1,\"name\":\"\",\"item\":\"https:\/\/hello-suns.com\/de\/\"},{\"@type\":\"ListItem\",\"position\":2,\"name\":\"Produkte\",\"item\":\"https:\/\/hello-suns.com\/de\/produkte\/\"},{\"@type\":\"ListItem\",\"position\":3,\"name\":\"Tosca\"}]},{\"@type\":\"WebSite\",\"@id\":\"https:\/\/hello-suns.com\/de\/#website\",\"url\":\"https:\/\/hello-suns.com\/de\/\",\"name\":\"SUNS\",\"description\":\"Outdoor Lifestyle\",\"potentialAction\":[{\"@type\":\"SearchAction\",\"target\":{\"@type\":\"EntryPoint\",\"urlTemplate\":\"https:\/\/hello-suns.com\/de\/?s={search_term_string}\"},\"query-input\":{\"@type\":\"PropertyValueSpecification\",\"valueRequired\":true,\"valueName\":\"search_term_string\"}}],\"inLanguage\":\"de-DE\"}]}<\/script>\n<!-- \/ Yoast SEO plugin. -->","yoast_head_json":{"title":"Entdecken Sie Tosca Sofa Set | SUNS Outdoor Lifestyle","description":"Suchen Sie ein stilvolles Tosca-Sofa-Set? SUNS bietet luxuri\u00f6se Sofagarnituren mit modernem Design und hohem Komfort, perfekt f\u00fcr einen entspannenden Au\u00dfenbereich.","robots":{"index":"index","follow":"follow","max-snippet":"max-snippet:-1","max-image-preview":"max-image-preview:large","max-video-preview":"max-video-preview:-1"},"canonical":"https:\/\/hello-suns.com\/de\/produkte\/tosca-sofa-set\/","og_locale":"de_DE","og_type":"article","og_title":"Entdecken Sie Tosca Sofa Set | SUNS Outdoor Lifestyle","og_description":"Suchen Sie ein stilvolles Tosca-Sofa-Set? SUNS bietet luxuri\u00f6se Sofagarnituren mit modernem Design und hohem Komfort, perfekt f\u00fcr einen entspannenden Au\u00dfenbereich.","og_url":"https:\/\/hello-suns.com\/de\/produkte\/tosca-sofa-set\/","og_site_name":"SUNS","article_modified_time":"2026-02-04T10:43:52+00:00","og_image":[{"width":2500,"height":1667,"url":"https:\/\/hello-suns.com\/app\/uploads\/2025\/01\/01_Tosca-SUNS-Sofaset-CS-NMW-ng-free-25-2500-2.png","type":"image\/png"}],"twitter_card":"summary_large_image","twitter_misc":{"Est. reading time":"3 minutes"},"schema":{"@context":"https:\/\/schema.org","@graph":[{"@type":"WebPage","@id":"https:\/\/hello-suns.com\/de\/produkte\/tosca-sofa-set\/","url":"https:\/\/hello-suns.com\/de\/produkte\/tosca-sofa-set\/","name":"Entdecken Sie Tosca Sofa Set | SUNS Outdoor Lifestyle","isPartOf":{"@id":"https:\/\/hello-suns.com\/de\/#website"},"primaryImageOfPage":{"@id":"https:\/\/hello-suns.com\/de\/produkte\/tosca-sofa-set\/#primaryimage"},"image":{"@id":"https:\/\/hello-suns.com\/de\/produkte\/tosca-sofa-set\/#primaryimage"},"thumbnailUrl":"https:\/\/hello-suns.com\/app\/uploads\/2025\/01\/01_Tosca-SUNS-Sofaset-CS-NMW-ng-free-25-2500-2.png","datePublished":"2025-01-15T07:17:25+00:00","dateModified":"2026-02-04T10:43:52+00:00","description":"Suchen Sie ein stilvolles Tosca-Sofa-Set? SUNS bietet luxuri\u00f6se Sofagarnituren mit modernem Design und hohem Komfort, perfekt f\u00fcr einen entspannenden Au\u00dfenbereich.","breadcrumb":{"@id":"https:\/\/hello-suns.com\/de\/produkte\/tosca-sofa-set\/#breadcrumb"},"inLanguage":"de-DE","potentialAction":[{"@type":"ReadAction","target":["https:\/\/hello-suns.com\/de\/produkte\/tosca-sofa-set\/"]}]},{"@type":"ImageObject","inLanguage":"de-DE","@id":"https:\/\/hello-suns.com\/de\/produkte\/tosca-sofa-set\/#primaryimage","url":"https:\/\/hello-suns.com\/app\/uploads\/2025\/01\/01_Tosca-SUNS-Sofaset-CS-NMW-ng-free-25-2500-2.png","contentUrl":"https:\/\/hello-suns.com\/app\/uploads\/2025\/01\/01_Tosca-SUNS-Sofaset-CS-NMW-ng-free-25-2500-2.png","width":2500,"height":1667},{"@type":"BreadcrumbList","@id":"https:\/\/hello-suns.com\/de\/produkte\/tosca-sofa-set\/#breadcrumb","itemListElement":[{"@type":"ListItem","position":1,"name":"","item":"https:\/\/hello-suns.com\/de\/"},{"@type":"ListItem","position":2,"name":"Produkte","item":"https:\/\/hello-suns.com\/de\/produkte\/"},{"@type":"ListItem","position":3,"name":"Tosca"}]},{"@type":"WebSite","@id":"https:\/\/hello-suns.com\/de\/#website","url":"https:\/\/hello-suns.com\/de\/","name":"SUNS","description":"Outdoor Lifestyle","potentialAction":[{"@type":"SearchAction","target":{"@type":"EntryPoint","urlTemplate":"https:\/\/hello-suns.com\/de\/?s={search_term_string}"},"query-input":{"@type":"PropertyValueSpecification","valueRequired":true,"valueName":"search_term_string"}}],"inLanguage":"de-DE"}]}},"_links":{"self":[{"href":"https:\/\/hello-suns.com\/de\/wp-json\/wp\/v2\/product\/13325","targetHints":{"allow":["GET"]}}],"collection":[{"href":"https:\/\/hello-suns.com\/de\/wp-json\/wp\/v2\/product"}],"about":[{"href":"https:\/\/hello-suns.com\/de\/wp-json\/wp\/v2\/types\/product"}],"replies":[{"embeddable":true,"href":"https:\/\/hello-suns.com\/de\/wp-json\/wp\/v2\/comments?post=13325"}],"wp:featuredmedia":[{"embeddable":true,"href":"https:\/\/hello-suns.com\/de\/wp-json\/wp\/v2\/media\/13327"}],"wp:attachment":[{"href":"https:\/\/hello-suns.com\/de\/wp-json\/wp\/v2\/media?parent=13325"}],"wp:term":[{"taxonomy":"product_brand","embeddable":true,"href":"https:\/\/hello-suns.com\/de\/wp-json\/wp\/v2\/product_brand?post=13325"},{"taxonomy":"product_cat","embeddable":true,"href":"https:\/\/hello-suns.com\/de\/wp-json\/wp\/v2\/product_cat?post=13325"},{"taxonomy":"product_tag","embeddable":true,"href":"https:\/\/hello-suns.com\/de\/wp-json\/wp\/v2\/product_tag?post=13325"},{"taxonomy":"material","embeddable":true,"href":"https:\/\/hello-suns.com\/de\/wp-json\/wp\/v2\/material?post=13325"}],"curies":[{"name":"wp","href":"https:\/\/api.w.org\/{rel}","templated":true}]}}