{"id":13223,"date":"2025-01-15T09:26:14","date_gmt":"2025-01-15T09:26:14","guid":{"rendered":"https:\/\/hello-suns.com\/producten\/sato-3\/"},"modified":"2025-06-02T12:23:33","modified_gmt":"2025-06-02T12:23:33","slug":"sato-3-niedrige-esszimmerstuehle","status":"publish","type":"product","link":"https:\/\/hello-suns.com\/de\/produkte\/sato-3-niedrige-esszimmerstuehle\/","title":{"rendered":"Sato"},"content":{"rendered":"<h2 style=\"font-weight: 400;\">Erleben Sie mit uns das ultimative Sitzerlebnis<\/h2>\n<p style=\"font-weight: 400;\">Lernen Sie den Sato Low Dining kennen und entdecken Sie das neue Vergn\u00fcgen. Noch mehr Sitzkomfort f\u00fcr noch l\u00e4ngere Sommerabende.<\/p>\n","protected":false},"excerpt":{"rendered":"<h3 style=\"font-weight: 400;\">Geflochtene R\u00fcckenlehne als ultimativer Blickfang<\/h3>\n<p style=\"font-weight: 400;\">F\u00fcr die Sato Kollektion hat SUNS eine neue Veredelungstechnik f\u00fcr die R\u00fcckenlehne entwickelt. Das Ergebnis ist ein sch\u00f6nes Geflecht, das optimalen Halt bietet und diesem niedrigen Esszimmerstuhl seinen eigenen Charakter verleiht. Das Beste aus zwei Welten!<\/p>\n<p style=\"font-weight: 400;\">Sato ist die niedrige Lounge unter den St\u00fchlen. F\u00fcr ultimativen Sitzkomfort sind die gro\u00dfz\u00fcgigen Kissen und die geflochtene R\u00fcckenlehne mit Quick Dry Foam\u00ae gef\u00fcllt, einem speziell entwickelten Schaumstoff, der aufgrund seiner offenen Struktur schnell trocknet. Die Premium-Polsterung ist wasserabweisend, wetterfest und leicht zu reinigen. Das verspielte Gestell ist komplett aus hochwertigem Aluminium gefertigt. So k\u00f6nnen Sie die Sato St\u00fchle das ganze Jahr \u00fcber drau\u00dfen stehen lassen. Eine Sofagarnitur, ein Sessel und eine Liege sind ebenfalls in der Sato Kollektion erh\u00e4ltlich.<\/p>\n","protected":false},"featured_media":13233,"comment_status":"closed","ping_status":"closed","template":"","meta":{"_acf_changed":false},"product_brand":[],"product_cat":[639],"product_tag":[],"material":[],"class_list":{"0":"post-13223","1":"product","2":"type-product","3":"status-publish","4":"has-post-thumbnail","6":"product_cat-niedrige-esszimmerstuehle","8":"first","9":"instock","10":"shipping-taxable","11":"product-type-simple"},"acf":[],"yoast_head":"<!-- This site is optimized with the Yoast SEO plugin v26.8 - https:\/\/yoast.com\/product\/yoast-seo-wordpress\/ -->\n<title>Entdecken Sie Sato Lowdining Stuhl | SUNS Outdoor Lifestyle<\/title>\n<meta name=\"description\" content=\"Suchen Sie einen stilvollenato niedrigen Esszimmerstuhl? SUNS bietet komfortable St\u00fchle mit modernem Design und langlebigen Materialien f\u00fcr entspannte Mahlzeiten im Freien.\" \/>\n<meta name=\"robots\" content=\"index, follow, max-snippet:-1, max-image-preview:large, max-video-preview:-1\" \/>\n<link rel=\"canonical\" href=\"https:\/\/hello-suns.com\/de\/produkte\/sato-3-niedrige-esszimmerstuehle\/\" \/>\n<meta property=\"og:locale\" content=\"de_DE\" \/>\n<meta property=\"og:type\" content=\"article\" \/>\n<meta property=\"og:title\" content=\"Entdecken Sie Sato Lowdining Stuhl | SUNS Outdoor Lifestyle\" \/>\n<meta property=\"og:description\" content=\"Suchen Sie einen stilvollenato niedrigen Esszimmerstuhl? SUNS bietet komfortable St\u00fchle mit modernem Design und langlebigen Materialien f\u00fcr entspannte Mahlzeiten im Freien.\" \/>\n<meta property=\"og:url\" content=\"https:\/\/hello-suns.com\/de\/produkte\/sato-3-niedrige-esszimmerstuehle\/\" \/>\n<meta property=\"og:site_name\" content=\"SUNS\" \/>\n<meta property=\"article:modified_time\" content=\"2025-06-02T12:23:33+00:00\" \/>\n<meta property=\"og:image\" content=\"https:\/\/hello-suns.com\/app\/uploads\/2025\/01\/01_Sato-SUNS-lowdiningchair-CS-NG-Free-25-2500-2-3.png\" \/>\n\t<meta property=\"og:image:width\" content=\"2500\" \/>\n\t<meta property=\"og:image:height\" content=\"1667\" \/>\n\t<meta property=\"og:image:type\" content=\"image\/png\" \/>\n<meta name=\"twitter:card\" content=\"summary_large_image\" \/>\n<meta name=\"twitter:label1\" content=\"Est. reading time\" \/>\n\t<meta name=\"twitter:data1\" content=\"3 minutes\" \/>\n<script type=\"application\/ld+json\" class=\"yoast-schema-graph\">{\"@context\":\"https:\/\/schema.org\",\"@graph\":[{\"@type\":\"WebPage\",\"@id\":\"https:\/\/hello-suns.com\/de\/produkte\/sato-3-niedrige-esszimmerstuehle\/\",\"url\":\"https:\/\/hello-suns.com\/de\/produkte\/sato-3-niedrige-esszimmerstuehle\/\",\"name\":\"Entdecken Sie Sato Lowdining Stuhl | SUNS Outdoor Lifestyle\",\"isPartOf\":{\"@id\":\"https:\/\/hello-suns.com\/de\/#website\"},\"primaryImageOfPage\":{\"@id\":\"https:\/\/hello-suns.com\/de\/produkte\/sato-3-niedrige-esszimmerstuehle\/#primaryimage\"},\"image\":{\"@id\":\"https:\/\/hello-suns.com\/de\/produkte\/sato-3-niedrige-esszimmerstuehle\/#primaryimage\"},\"thumbnailUrl\":\"https:\/\/hello-suns.com\/app\/uploads\/2025\/01\/01_Sato-SUNS-lowdiningchair-CS-NG-Free-25-2500-2-3.png\",\"datePublished\":\"2025-01-15T09:26:14+00:00\",\"dateModified\":\"2025-06-02T12:23:33+00:00\",\"description\":\"Suchen Sie einen stilvollenato niedrigen Esszimmerstuhl? SUNS bietet komfortable St\u00fchle mit modernem Design und langlebigen Materialien f\u00fcr entspannte Mahlzeiten im Freien.\",\"breadcrumb\":{\"@id\":\"https:\/\/hello-suns.com\/de\/produkte\/sato-3-niedrige-esszimmerstuehle\/#breadcrumb\"},\"inLanguage\":\"de-DE\",\"potentialAction\":[{\"@type\":\"ReadAction\",\"target\":[\"https:\/\/hello-suns.com\/de\/produkte\/sato-3-niedrige-esszimmerstuehle\/\"]}]},{\"@type\":\"ImageObject\",\"inLanguage\":\"de-DE\",\"@id\":\"https:\/\/hello-suns.com\/de\/produkte\/sato-3-niedrige-esszimmerstuehle\/#primaryimage\",\"url\":\"https:\/\/hello-suns.com\/app\/uploads\/2025\/01\/01_Sato-SUNS-lowdiningchair-CS-NG-Free-25-2500-2-3.png\",\"contentUrl\":\"https:\/\/hello-suns.com\/app\/uploads\/2025\/01\/01_Sato-SUNS-lowdiningchair-CS-NG-Free-25-2500-2-3.png\",\"width\":2500,\"height\":1667},{\"@type\":\"BreadcrumbList\",\"@id\":\"https:\/\/hello-suns.com\/de\/produkte\/sato-3-niedrige-esszimmerstuehle\/#breadcrumb\",\"itemListElement\":[{\"@type\":\"ListItem\",\"position\":1,\"name\":\"\",\"item\":\"https:\/\/hello-suns.com\/de\/\"},{\"@type\":\"ListItem\",\"position\":2,\"name\":\"Produkte\",\"item\":\"https:\/\/hello-suns.com\/de\/produkte\/\"},{\"@type\":\"ListItem\",\"position\":3,\"name\":\"Sato\"}]},{\"@type\":\"WebSite\",\"@id\":\"https:\/\/hello-suns.com\/de\/#website\",\"url\":\"https:\/\/hello-suns.com\/de\/\",\"name\":\"SUNS\",\"description\":\"Outdoor Lifestyle\",\"potentialAction\":[{\"@type\":\"SearchAction\",\"target\":{\"@type\":\"EntryPoint\",\"urlTemplate\":\"https:\/\/hello-suns.com\/de\/?s={search_term_string}\"},\"query-input\":{\"@type\":\"PropertyValueSpecification\",\"valueRequired\":true,\"valueName\":\"search_term_string\"}}],\"inLanguage\":\"de-DE\"}]}<\/script>\n<!-- \/ Yoast SEO plugin. -->","yoast_head_json":{"title":"Entdecken Sie Sato Lowdining Stuhl | SUNS Outdoor Lifestyle","description":"Suchen Sie einen stilvollenato niedrigen Esszimmerstuhl? SUNS bietet komfortable St\u00fchle mit modernem Design und langlebigen Materialien f\u00fcr entspannte Mahlzeiten im Freien.","robots":{"index":"index","follow":"follow","max-snippet":"max-snippet:-1","max-image-preview":"max-image-preview:large","max-video-preview":"max-video-preview:-1"},"canonical":"https:\/\/hello-suns.com\/de\/produkte\/sato-3-niedrige-esszimmerstuehle\/","og_locale":"de_DE","og_type":"article","og_title":"Entdecken Sie Sato Lowdining Stuhl | SUNS Outdoor Lifestyle","og_description":"Suchen Sie einen stilvollenato niedrigen Esszimmerstuhl? SUNS bietet komfortable St\u00fchle mit modernem Design und langlebigen Materialien f\u00fcr entspannte Mahlzeiten im Freien.","og_url":"https:\/\/hello-suns.com\/de\/produkte\/sato-3-niedrige-esszimmerstuehle\/","og_site_name":"SUNS","article_modified_time":"2025-06-02T12:23:33+00:00","og_image":[{"width":2500,"height":1667,"url":"https:\/\/hello-suns.com\/app\/uploads\/2025\/01\/01_Sato-SUNS-lowdiningchair-CS-NG-Free-25-2500-2-3.png","type":"image\/png"}],"twitter_card":"summary_large_image","twitter_misc":{"Est. reading time":"3 minutes"},"schema":{"@context":"https:\/\/schema.org","@graph":[{"@type":"WebPage","@id":"https:\/\/hello-suns.com\/de\/produkte\/sato-3-niedrige-esszimmerstuehle\/","url":"https:\/\/hello-suns.com\/de\/produkte\/sato-3-niedrige-esszimmerstuehle\/","name":"Entdecken Sie Sato Lowdining Stuhl | SUNS Outdoor Lifestyle","isPartOf":{"@id":"https:\/\/hello-suns.com\/de\/#website"},"primaryImageOfPage":{"@id":"https:\/\/hello-suns.com\/de\/produkte\/sato-3-niedrige-esszimmerstuehle\/#primaryimage"},"image":{"@id":"https:\/\/hello-suns.com\/de\/produkte\/sato-3-niedrige-esszimmerstuehle\/#primaryimage"},"thumbnailUrl":"https:\/\/hello-suns.com\/app\/uploads\/2025\/01\/01_Sato-SUNS-lowdiningchair-CS-NG-Free-25-2500-2-3.png","datePublished":"2025-01-15T09:26:14+00:00","dateModified":"2025-06-02T12:23:33+00:00","description":"Suchen Sie einen stilvollenato niedrigen Esszimmerstuhl? SUNS bietet komfortable St\u00fchle mit modernem Design und langlebigen Materialien f\u00fcr entspannte Mahlzeiten im Freien.","breadcrumb":{"@id":"https:\/\/hello-suns.com\/de\/produkte\/sato-3-niedrige-esszimmerstuehle\/#breadcrumb"},"inLanguage":"de-DE","potentialAction":[{"@type":"ReadAction","target":["https:\/\/hello-suns.com\/de\/produkte\/sato-3-niedrige-esszimmerstuehle\/"]}]},{"@type":"ImageObject","inLanguage":"de-DE","@id":"https:\/\/hello-suns.com\/de\/produkte\/sato-3-niedrige-esszimmerstuehle\/#primaryimage","url":"https:\/\/hello-suns.com\/app\/uploads\/2025\/01\/01_Sato-SUNS-lowdiningchair-CS-NG-Free-25-2500-2-3.png","contentUrl":"https:\/\/hello-suns.com\/app\/uploads\/2025\/01\/01_Sato-SUNS-lowdiningchair-CS-NG-Free-25-2500-2-3.png","width":2500,"height":1667},{"@type":"BreadcrumbList","@id":"https:\/\/hello-suns.com\/de\/produkte\/sato-3-niedrige-esszimmerstuehle\/#breadcrumb","itemListElement":[{"@type":"ListItem","position":1,"name":"","item":"https:\/\/hello-suns.com\/de\/"},{"@type":"ListItem","position":2,"name":"Produkte","item":"https:\/\/hello-suns.com\/de\/produkte\/"},{"@type":"ListItem","position":3,"name":"Sato"}]},{"@type":"WebSite","@id":"https:\/\/hello-suns.com\/de\/#website","url":"https:\/\/hello-suns.com\/de\/","name":"SUNS","description":"Outdoor Lifestyle","potentialAction":[{"@type":"SearchAction","target":{"@type":"EntryPoint","urlTemplate":"https:\/\/hello-suns.com\/de\/?s={search_term_string}"},"query-input":{"@type":"PropertyValueSpecification","valueRequired":true,"valueName":"search_term_string"}}],"inLanguage":"de-DE"}]}},"_links":{"self":[{"href":"https:\/\/hello-suns.com\/de\/wp-json\/wp\/v2\/product\/13223","targetHints":{"allow":["GET"]}}],"collection":[{"href":"https:\/\/hello-suns.com\/de\/wp-json\/wp\/v2\/product"}],"about":[{"href":"https:\/\/hello-suns.com\/de\/wp-json\/wp\/v2\/types\/product"}],"replies":[{"embeddable":true,"href":"https:\/\/hello-suns.com\/de\/wp-json\/wp\/v2\/comments?post=13223"}],"wp:featuredmedia":[{"embeddable":true,"href":"https:\/\/hello-suns.com\/de\/wp-json\/wp\/v2\/media\/13233"}],"wp:attachment":[{"href":"https:\/\/hello-suns.com\/de\/wp-json\/wp\/v2\/media?parent=13223"}],"wp:term":[{"taxonomy":"product_brand","embeddable":true,"href":"https:\/\/hello-suns.com\/de\/wp-json\/wp\/v2\/product_brand?post=13223"},{"taxonomy":"product_cat","embeddable":true,"href":"https:\/\/hello-suns.com\/de\/wp-json\/wp\/v2\/product_cat?post=13223"},{"taxonomy":"product_tag","embeddable":true,"href":"https:\/\/hello-suns.com\/de\/wp-json\/wp\/v2\/product_tag?post=13223"},{"taxonomy":"material","embeddable":true,"href":"https:\/\/hello-suns.com\/de\/wp-json\/wp\/v2\/material?post=13223"}],"curies":[{"name":"wp","href":"https:\/\/api.w.org\/{rel}","templated":true}]}}