{"id":13210,"date":"2025-01-15T10:03:33","date_gmt":"2025-01-15T09:03:33","guid":{"rendered":"https:\/\/hello-suns.com\/producten\/madre\/"},"modified":"2026-02-05T11:39:56","modified_gmt":"2026-02-05T10:39:56","slug":"madre-tische","status":"publish","type":"product","link":"https:\/\/hello-suns.com\/de\/produkte\/madre-tische\/","title":{"rendered":"Madre"},"content":{"rendered":"<h2 style=\"font-weight: 400;\">Ovale Herrlichkeit<\/h2>\n<p style=\"font-weight: 400;\">Gro\u00dfe ovale Tischplatte aus Teakholz, sternf\u00f6rmiges Gestell aus Aluminium, Madre traut sich, sich zu zeigen. Dieser Tisch verbindet praktischen Nutzen mit auff\u00e4lliger Optik.<\/p>\n","protected":false},"excerpt":{"rendered":"<h3 style=\"font-weight: 400;\">Wetterfester ovaler Tisch<\/h3>\n<p style=\"font-weight: 400;\">Die Kombination aus runden Formen und starken Ecken machen den Tisch Madre zu einer stilvollen Erg\u00e4nzung f\u00fcr jeden Garten. Die Tischplatte aus Teakholz verleiht dem Tisch ein freundliches Aussehen. Die ovale Form ist praktisch und macht es einfach, zus\u00e4tzliche Sitzgelegenheiten zu schaffen. Das robuste Aluminiumgestell hat eine markante Form und den Vorteil, dass \u00fcberall gen\u00fcgend Beinfreiheit vorhanden ist. Dank der Verwendung hochwertiger Materialien kann dieser Tisch das ganze Jahr \u00fcber im Freien bleiben.<\/p>\n","protected":false},"featured_media":13213,"comment_status":"closed","ping_status":"closed","template":"","meta":{"_acf_changed":false},"product_brand":[],"product_cat":[637],"product_tag":[],"material":[],"class_list":{"0":"post-13210","1":"product","2":"type-product","3":"status-publish","4":"has-post-thumbnail","6":"product_cat-tische","8":"first","9":"instock","10":"shipping-taxable","11":"product-type-simple"},"acf":[],"yoast_head":"<!-- This site is optimized with the Yoast SEO plugin v26.8 - https:\/\/yoast.com\/product\/yoast-seo-wordpress\/ -->\n<title>Entdecken Sie Madre Tisch | SUNS Outdoor Lifestyle<\/title>\n<meta name=\"description\" content=\"Suchen Sie einen stilvollen Madre-Tisch? SUNS bietet elegante und langlebige Tische, die modernes Design und Funktionalit\u00e4t f\u00fcr Ihren Garten perfekt kombinieren.\" \/>\n<meta name=\"robots\" content=\"index, follow, max-snippet:-1, max-image-preview:large, max-video-preview:-1\" \/>\n<link rel=\"canonical\" href=\"https:\/\/hello-suns.com\/de\/produkte\/madre-tische\/\" \/>\n<meta property=\"og:locale\" content=\"de_DE\" \/>\n<meta property=\"og:type\" content=\"article\" \/>\n<meta property=\"og:title\" content=\"Entdecken Sie Madre Tisch | SUNS Outdoor Lifestyle\" \/>\n<meta property=\"og:description\" content=\"Suchen Sie einen stilvollen Madre-Tisch? SUNS bietet elegante und langlebige Tische, die modernes Design und Funktionalit\u00e4t f\u00fcr Ihren Garten perfekt kombinieren.\" \/>\n<meta property=\"og:url\" content=\"https:\/\/hello-suns.com\/de\/produkte\/madre-tische\/\" \/>\n<meta property=\"og:site_name\" content=\"SUNS\" \/>\n<meta property=\"article:modified_time\" content=\"2026-02-05T10:39:56+00:00\" \/>\n<meta property=\"og:image\" content=\"https:\/\/hello-suns.com\/app\/uploads\/2025\/01\/01_Madre-220-SUNS-Diningtable-MRG-TK-Free-21-2.png\" \/>\n\t<meta property=\"og:image:width\" content=\"2500\" \/>\n\t<meta property=\"og:image:height\" content=\"1667\" \/>\n\t<meta property=\"og:image:type\" content=\"image\/png\" \/>\n<meta name=\"twitter:card\" content=\"summary_large_image\" \/>\n<meta name=\"twitter:label1\" content=\"Est. reading time\" \/>\n\t<meta name=\"twitter:data1\" content=\"3 minutes\" \/>\n<script type=\"application\/ld+json\" class=\"yoast-schema-graph\">{\"@context\":\"https:\/\/schema.org\",\"@graph\":[{\"@type\":\"WebPage\",\"@id\":\"https:\/\/hello-suns.com\/de\/produkte\/madre-tische\/\",\"url\":\"https:\/\/hello-suns.com\/de\/produkte\/madre-tische\/\",\"name\":\"Entdecken Sie Madre Tisch | SUNS Outdoor Lifestyle\",\"isPartOf\":{\"@id\":\"https:\/\/hello-suns.com\/de\/#website\"},\"primaryImageOfPage\":{\"@id\":\"https:\/\/hello-suns.com\/de\/produkte\/madre-tische\/#primaryimage\"},\"image\":{\"@id\":\"https:\/\/hello-suns.com\/de\/produkte\/madre-tische\/#primaryimage\"},\"thumbnailUrl\":\"https:\/\/hello-suns.com\/app\/uploads\/2025\/01\/01_Madre-220-SUNS-Diningtable-MRG-TK-Free-21-2.png\",\"datePublished\":\"2025-01-15T09:03:33+00:00\",\"dateModified\":\"2026-02-05T10:39:56+00:00\",\"description\":\"Suchen Sie einen stilvollen Madre-Tisch? SUNS bietet elegante und langlebige Tische, die modernes Design und Funktionalit\u00e4t f\u00fcr Ihren Garten perfekt kombinieren.\",\"breadcrumb\":{\"@id\":\"https:\/\/hello-suns.com\/de\/produkte\/madre-tische\/#breadcrumb\"},\"inLanguage\":\"de-DE\",\"potentialAction\":[{\"@type\":\"ReadAction\",\"target\":[\"https:\/\/hello-suns.com\/de\/produkte\/madre-tische\/\"]}]},{\"@type\":\"ImageObject\",\"inLanguage\":\"de-DE\",\"@id\":\"https:\/\/hello-suns.com\/de\/produkte\/madre-tische\/#primaryimage\",\"url\":\"https:\/\/hello-suns.com\/app\/uploads\/2025\/01\/01_Madre-220-SUNS-Diningtable-MRG-TK-Free-21-2.png\",\"contentUrl\":\"https:\/\/hello-suns.com\/app\/uploads\/2025\/01\/01_Madre-220-SUNS-Diningtable-MRG-TK-Free-21-2.png\",\"width\":2500,\"height\":1667},{\"@type\":\"BreadcrumbList\",\"@id\":\"https:\/\/hello-suns.com\/de\/produkte\/madre-tische\/#breadcrumb\",\"itemListElement\":[{\"@type\":\"ListItem\",\"position\":1,\"name\":\"\",\"item\":\"https:\/\/hello-suns.com\/de\/\"},{\"@type\":\"ListItem\",\"position\":2,\"name\":\"Produkte\",\"item\":\"https:\/\/hello-suns.com\/de\/produkte\/\"},{\"@type\":\"ListItem\",\"position\":3,\"name\":\"Madre\"}]},{\"@type\":\"WebSite\",\"@id\":\"https:\/\/hello-suns.com\/de\/#website\",\"url\":\"https:\/\/hello-suns.com\/de\/\",\"name\":\"SUNS\",\"description\":\"Outdoor Lifestyle\",\"potentialAction\":[{\"@type\":\"SearchAction\",\"target\":{\"@type\":\"EntryPoint\",\"urlTemplate\":\"https:\/\/hello-suns.com\/de\/?s={search_term_string}\"},\"query-input\":{\"@type\":\"PropertyValueSpecification\",\"valueRequired\":true,\"valueName\":\"search_term_string\"}}],\"inLanguage\":\"de-DE\"}]}<\/script>\n<!-- \/ Yoast SEO plugin. -->","yoast_head_json":{"title":"Entdecken Sie Madre Tisch | SUNS Outdoor Lifestyle","description":"Suchen Sie einen stilvollen Madre-Tisch? SUNS bietet elegante und langlebige Tische, die modernes Design und Funktionalit\u00e4t f\u00fcr Ihren Garten perfekt kombinieren.","robots":{"index":"index","follow":"follow","max-snippet":"max-snippet:-1","max-image-preview":"max-image-preview:large","max-video-preview":"max-video-preview:-1"},"canonical":"https:\/\/hello-suns.com\/de\/produkte\/madre-tische\/","og_locale":"de_DE","og_type":"article","og_title":"Entdecken Sie Madre Tisch | SUNS Outdoor Lifestyle","og_description":"Suchen Sie einen stilvollen Madre-Tisch? SUNS bietet elegante und langlebige Tische, die modernes Design und Funktionalit\u00e4t f\u00fcr Ihren Garten perfekt kombinieren.","og_url":"https:\/\/hello-suns.com\/de\/produkte\/madre-tische\/","og_site_name":"SUNS","article_modified_time":"2026-02-05T10:39:56+00:00","og_image":[{"width":2500,"height":1667,"url":"https:\/\/hello-suns.com\/app\/uploads\/2025\/01\/01_Madre-220-SUNS-Diningtable-MRG-TK-Free-21-2.png","type":"image\/png"}],"twitter_card":"summary_large_image","twitter_misc":{"Est. reading time":"3 minutes"},"schema":{"@context":"https:\/\/schema.org","@graph":[{"@type":"WebPage","@id":"https:\/\/hello-suns.com\/de\/produkte\/madre-tische\/","url":"https:\/\/hello-suns.com\/de\/produkte\/madre-tische\/","name":"Entdecken Sie Madre Tisch | SUNS Outdoor Lifestyle","isPartOf":{"@id":"https:\/\/hello-suns.com\/de\/#website"},"primaryImageOfPage":{"@id":"https:\/\/hello-suns.com\/de\/produkte\/madre-tische\/#primaryimage"},"image":{"@id":"https:\/\/hello-suns.com\/de\/produkte\/madre-tische\/#primaryimage"},"thumbnailUrl":"https:\/\/hello-suns.com\/app\/uploads\/2025\/01\/01_Madre-220-SUNS-Diningtable-MRG-TK-Free-21-2.png","datePublished":"2025-01-15T09:03:33+00:00","dateModified":"2026-02-05T10:39:56+00:00","description":"Suchen Sie einen stilvollen Madre-Tisch? SUNS bietet elegante und langlebige Tische, die modernes Design und Funktionalit\u00e4t f\u00fcr Ihren Garten perfekt kombinieren.","breadcrumb":{"@id":"https:\/\/hello-suns.com\/de\/produkte\/madre-tische\/#breadcrumb"},"inLanguage":"de-DE","potentialAction":[{"@type":"ReadAction","target":["https:\/\/hello-suns.com\/de\/produkte\/madre-tische\/"]}]},{"@type":"ImageObject","inLanguage":"de-DE","@id":"https:\/\/hello-suns.com\/de\/produkte\/madre-tische\/#primaryimage","url":"https:\/\/hello-suns.com\/app\/uploads\/2025\/01\/01_Madre-220-SUNS-Diningtable-MRG-TK-Free-21-2.png","contentUrl":"https:\/\/hello-suns.com\/app\/uploads\/2025\/01\/01_Madre-220-SUNS-Diningtable-MRG-TK-Free-21-2.png","width":2500,"height":1667},{"@type":"BreadcrumbList","@id":"https:\/\/hello-suns.com\/de\/produkte\/madre-tische\/#breadcrumb","itemListElement":[{"@type":"ListItem","position":1,"name":"","item":"https:\/\/hello-suns.com\/de\/"},{"@type":"ListItem","position":2,"name":"Produkte","item":"https:\/\/hello-suns.com\/de\/produkte\/"},{"@type":"ListItem","position":3,"name":"Madre"}]},{"@type":"WebSite","@id":"https:\/\/hello-suns.com\/de\/#website","url":"https:\/\/hello-suns.com\/de\/","name":"SUNS","description":"Outdoor Lifestyle","potentialAction":[{"@type":"SearchAction","target":{"@type":"EntryPoint","urlTemplate":"https:\/\/hello-suns.com\/de\/?s={search_term_string}"},"query-input":{"@type":"PropertyValueSpecification","valueRequired":true,"valueName":"search_term_string"}}],"inLanguage":"de-DE"}]}},"_links":{"self":[{"href":"https:\/\/hello-suns.com\/de\/wp-json\/wp\/v2\/product\/13210","targetHints":{"allow":["GET"]}}],"collection":[{"href":"https:\/\/hello-suns.com\/de\/wp-json\/wp\/v2\/product"}],"about":[{"href":"https:\/\/hello-suns.com\/de\/wp-json\/wp\/v2\/types\/product"}],"replies":[{"embeddable":true,"href":"https:\/\/hello-suns.com\/de\/wp-json\/wp\/v2\/comments?post=13210"}],"wp:featuredmedia":[{"embeddable":true,"href":"https:\/\/hello-suns.com\/de\/wp-json\/wp\/v2\/media\/13213"}],"wp:attachment":[{"href":"https:\/\/hello-suns.com\/de\/wp-json\/wp\/v2\/media?parent=13210"}],"wp:term":[{"taxonomy":"product_brand","embeddable":true,"href":"https:\/\/hello-suns.com\/de\/wp-json\/wp\/v2\/product_brand?post=13210"},{"taxonomy":"product_cat","embeddable":true,"href":"https:\/\/hello-suns.com\/de\/wp-json\/wp\/v2\/product_cat?post=13210"},{"taxonomy":"product_tag","embeddable":true,"href":"https:\/\/hello-suns.com\/de\/wp-json\/wp\/v2\/product_tag?post=13210"},{"taxonomy":"material","embeddable":true,"href":"https:\/\/hello-suns.com\/de\/wp-json\/wp\/v2\/material?post=13210"}],"curies":[{"name":"wp","href":"https:\/\/api.w.org\/{rel}","templated":true}]}}