{"id":13181,"date":"2025-01-15T13:05:14","date_gmt":"2025-01-15T12:05:14","guid":{"rendered":"https:\/\/hello-suns.com\/producten\/nova-2\/"},"modified":"2026-02-05T11:52:08","modified_gmt":"2026-02-05T10:52:08","slug":"nova-2-tische","status":"publish","type":"product","link":"https:\/\/hello-suns.com\/de\/produkte\/nova-2-tische\/","title":{"rendered":"Nova"},"content":{"rendered":"<h2 style=\"font-weight: 400;\">Nova ist Komfort<\/h2>\n<p style=\"font-weight: 400;\">Ein Tisch, an dem man sich wirklich hinsetzt. Entdecken Sie selbst, wie vielseitig der Tisch sein kann.<\/p>\n","protected":false},"excerpt":{"rendered":"<h3 style=\"font-weight: 400;\">Kratzfeste Tischplatte aus 100% Naturmaterial<\/h3>\n<p style=\"font-weight: 400;\">Der Nova Tisch steht \u00fcberall im Mittelpunkt der Aufmerksamkeit. Kein Wunder, denn Nova ist mit einem Durchmesser von bis zu 1,70 Metern erh\u00e4ltlich. Platz f\u00fcr alle, mit anderen Worten. Dieses neueste Mitglied der SUNS-Kollektion hat eine kratz- und verschlei\u00dffeste Platte aus Sinterstein. Dieses besonders langlebige Material wird aus 100% nat\u00fcrlichen Rohstoffen hergestellt und hat eine einzigartige Optik. Der Tisch Nova l\u00e4sst sich perfekt mit einer Vielzahl von St\u00fchlen aus den SUNS-Kollektionen kombinieren.<\/p>\n","protected":false},"featured_media":13202,"comment_status":"closed","ping_status":"closed","template":"","meta":{"_acf_changed":false},"product_brand":[],"product_cat":[637],"product_tag":[],"material":[],"class_list":{"0":"post-13181","1":"product","2":"type-product","3":"status-publish","4":"has-post-thumbnail","6":"product_cat-tische","8":"first","9":"instock","10":"shipping-taxable","11":"product-type-simple"},"acf":[],"yoast_head":"<!-- This site is optimized with the Yoast SEO plugin v26.8 - https:\/\/yoast.com\/product\/yoast-seo-wordpress\/ -->\n<title>Entdecken Sie Nova Table | SUNS Outdoor Lifestyle<\/title>\n<meta name=\"description\" content=\"Suchen Sie einen stilvollen nova Tisch? SUNS bietet elegante und langlebige Tische, die modernes Design und Funktionalit\u00e4t perfekt kombinieren.\" \/>\n<meta name=\"robots\" content=\"index, follow, max-snippet:-1, max-image-preview:large, max-video-preview:-1\" \/>\n<link rel=\"canonical\" href=\"https:\/\/hello-suns.com\/de\/produkte\/nova-2-tische\/\" \/>\n<meta property=\"og:locale\" content=\"de_DE\" \/>\n<meta property=\"og:type\" content=\"article\" \/>\n<meta property=\"og:title\" content=\"Entdecken Sie Nova Table | SUNS Outdoor Lifestyle\" \/>\n<meta property=\"og:description\" content=\"Suchen Sie einen stilvollen nova Tisch? SUNS bietet elegante und langlebige Tische, die modernes Design und Funktionalit\u00e4t perfekt kombinieren.\" \/>\n<meta property=\"og:url\" content=\"https:\/\/hello-suns.com\/de\/produkte\/nova-2-tische\/\" \/>\n<meta property=\"og:site_name\" content=\"SUNS\" \/>\n<meta property=\"article:modified_time\" content=\"2026-02-05T10:52:08+00:00\" \/>\n<meta property=\"og:image\" content=\"https:\/\/hello-suns.com\/app\/uploads\/2025\/01\/Nova-SUNS-diningtable-CS-Free-25-2500-1.png\" \/>\n\t<meta property=\"og:image:width\" content=\"2500\" \/>\n\t<meta property=\"og:image:height\" content=\"1667\" \/>\n\t<meta property=\"og:image:type\" content=\"image\/png\" \/>\n<meta name=\"twitter:card\" content=\"summary_large_image\" \/>\n<meta name=\"twitter:label1\" content=\"Est. reading time\" \/>\n\t<meta name=\"twitter:data1\" content=\"3 minutes\" \/>\n<script type=\"application\/ld+json\" class=\"yoast-schema-graph\">{\"@context\":\"https:\/\/schema.org\",\"@graph\":[{\"@type\":\"WebPage\",\"@id\":\"https:\/\/hello-suns.com\/de\/produkte\/nova-2-tische\/\",\"url\":\"https:\/\/hello-suns.com\/de\/produkte\/nova-2-tische\/\",\"name\":\"Entdecken Sie Nova Table | SUNS Outdoor Lifestyle\",\"isPartOf\":{\"@id\":\"https:\/\/hello-suns.com\/de\/#website\"},\"primaryImageOfPage\":{\"@id\":\"https:\/\/hello-suns.com\/de\/produkte\/nova-2-tische\/#primaryimage\"},\"image\":{\"@id\":\"https:\/\/hello-suns.com\/de\/produkte\/nova-2-tische\/#primaryimage\"},\"thumbnailUrl\":\"https:\/\/hello-suns.com\/app\/uploads\/2025\/01\/Nova-SUNS-diningtable-CS-Free-25-2500-1.png\",\"datePublished\":\"2025-01-15T12:05:14+00:00\",\"dateModified\":\"2026-02-05T10:52:08+00:00\",\"description\":\"Suchen Sie einen stilvollen nova Tisch? SUNS bietet elegante und langlebige Tische, die modernes Design und Funktionalit\u00e4t perfekt kombinieren.\",\"breadcrumb\":{\"@id\":\"https:\/\/hello-suns.com\/de\/produkte\/nova-2-tische\/#breadcrumb\"},\"inLanguage\":\"de-DE\",\"potentialAction\":[{\"@type\":\"ReadAction\",\"target\":[\"https:\/\/hello-suns.com\/de\/produkte\/nova-2-tische\/\"]}]},{\"@type\":\"ImageObject\",\"inLanguage\":\"de-DE\",\"@id\":\"https:\/\/hello-suns.com\/de\/produkte\/nova-2-tische\/#primaryimage\",\"url\":\"https:\/\/hello-suns.com\/app\/uploads\/2025\/01\/Nova-SUNS-diningtable-CS-Free-25-2500-1.png\",\"contentUrl\":\"https:\/\/hello-suns.com\/app\/uploads\/2025\/01\/Nova-SUNS-diningtable-CS-Free-25-2500-1.png\",\"width\":2500,\"height\":1667},{\"@type\":\"BreadcrumbList\",\"@id\":\"https:\/\/hello-suns.com\/de\/produkte\/nova-2-tische\/#breadcrumb\",\"itemListElement\":[{\"@type\":\"ListItem\",\"position\":1,\"name\":\"\",\"item\":\"https:\/\/hello-suns.com\/de\/\"},{\"@type\":\"ListItem\",\"position\":2,\"name\":\"Produkte\",\"item\":\"https:\/\/hello-suns.com\/de\/produkte\/\"},{\"@type\":\"ListItem\",\"position\":3,\"name\":\"Nova\"}]},{\"@type\":\"WebSite\",\"@id\":\"https:\/\/hello-suns.com\/de\/#website\",\"url\":\"https:\/\/hello-suns.com\/de\/\",\"name\":\"SUNS\",\"description\":\"Outdoor Lifestyle\",\"potentialAction\":[{\"@type\":\"SearchAction\",\"target\":{\"@type\":\"EntryPoint\",\"urlTemplate\":\"https:\/\/hello-suns.com\/de\/?s={search_term_string}\"},\"query-input\":{\"@type\":\"PropertyValueSpecification\",\"valueRequired\":true,\"valueName\":\"search_term_string\"}}],\"inLanguage\":\"de-DE\"}]}<\/script>\n<!-- \/ Yoast SEO plugin. -->","yoast_head_json":{"title":"Entdecken Sie Nova Table | SUNS Outdoor Lifestyle","description":"Suchen Sie einen stilvollen nova Tisch? SUNS bietet elegante und langlebige Tische, die modernes Design und Funktionalit\u00e4t perfekt kombinieren.","robots":{"index":"index","follow":"follow","max-snippet":"max-snippet:-1","max-image-preview":"max-image-preview:large","max-video-preview":"max-video-preview:-1"},"canonical":"https:\/\/hello-suns.com\/de\/produkte\/nova-2-tische\/","og_locale":"de_DE","og_type":"article","og_title":"Entdecken Sie Nova Table | SUNS Outdoor Lifestyle","og_description":"Suchen Sie einen stilvollen nova Tisch? SUNS bietet elegante und langlebige Tische, die modernes Design und Funktionalit\u00e4t perfekt kombinieren.","og_url":"https:\/\/hello-suns.com\/de\/produkte\/nova-2-tische\/","og_site_name":"SUNS","article_modified_time":"2026-02-05T10:52:08+00:00","og_image":[{"width":2500,"height":1667,"url":"https:\/\/hello-suns.com\/app\/uploads\/2025\/01\/Nova-SUNS-diningtable-CS-Free-25-2500-1.png","type":"image\/png"}],"twitter_card":"summary_large_image","twitter_misc":{"Est. reading time":"3 minutes"},"schema":{"@context":"https:\/\/schema.org","@graph":[{"@type":"WebPage","@id":"https:\/\/hello-suns.com\/de\/produkte\/nova-2-tische\/","url":"https:\/\/hello-suns.com\/de\/produkte\/nova-2-tische\/","name":"Entdecken Sie Nova Table | SUNS Outdoor Lifestyle","isPartOf":{"@id":"https:\/\/hello-suns.com\/de\/#website"},"primaryImageOfPage":{"@id":"https:\/\/hello-suns.com\/de\/produkte\/nova-2-tische\/#primaryimage"},"image":{"@id":"https:\/\/hello-suns.com\/de\/produkte\/nova-2-tische\/#primaryimage"},"thumbnailUrl":"https:\/\/hello-suns.com\/app\/uploads\/2025\/01\/Nova-SUNS-diningtable-CS-Free-25-2500-1.png","datePublished":"2025-01-15T12:05:14+00:00","dateModified":"2026-02-05T10:52:08+00:00","description":"Suchen Sie einen stilvollen nova Tisch? SUNS bietet elegante und langlebige Tische, die modernes Design und Funktionalit\u00e4t perfekt kombinieren.","breadcrumb":{"@id":"https:\/\/hello-suns.com\/de\/produkte\/nova-2-tische\/#breadcrumb"},"inLanguage":"de-DE","potentialAction":[{"@type":"ReadAction","target":["https:\/\/hello-suns.com\/de\/produkte\/nova-2-tische\/"]}]},{"@type":"ImageObject","inLanguage":"de-DE","@id":"https:\/\/hello-suns.com\/de\/produkte\/nova-2-tische\/#primaryimage","url":"https:\/\/hello-suns.com\/app\/uploads\/2025\/01\/Nova-SUNS-diningtable-CS-Free-25-2500-1.png","contentUrl":"https:\/\/hello-suns.com\/app\/uploads\/2025\/01\/Nova-SUNS-diningtable-CS-Free-25-2500-1.png","width":2500,"height":1667},{"@type":"BreadcrumbList","@id":"https:\/\/hello-suns.com\/de\/produkte\/nova-2-tische\/#breadcrumb","itemListElement":[{"@type":"ListItem","position":1,"name":"","item":"https:\/\/hello-suns.com\/de\/"},{"@type":"ListItem","position":2,"name":"Produkte","item":"https:\/\/hello-suns.com\/de\/produkte\/"},{"@type":"ListItem","position":3,"name":"Nova"}]},{"@type":"WebSite","@id":"https:\/\/hello-suns.com\/de\/#website","url":"https:\/\/hello-suns.com\/de\/","name":"SUNS","description":"Outdoor Lifestyle","potentialAction":[{"@type":"SearchAction","target":{"@type":"EntryPoint","urlTemplate":"https:\/\/hello-suns.com\/de\/?s={search_term_string}"},"query-input":{"@type":"PropertyValueSpecification","valueRequired":true,"valueName":"search_term_string"}}],"inLanguage":"de-DE"}]}},"_links":{"self":[{"href":"https:\/\/hello-suns.com\/de\/wp-json\/wp\/v2\/product\/13181","targetHints":{"allow":["GET"]}}],"collection":[{"href":"https:\/\/hello-suns.com\/de\/wp-json\/wp\/v2\/product"}],"about":[{"href":"https:\/\/hello-suns.com\/de\/wp-json\/wp\/v2\/types\/product"}],"replies":[{"embeddable":true,"href":"https:\/\/hello-suns.com\/de\/wp-json\/wp\/v2\/comments?post=13181"}],"wp:featuredmedia":[{"embeddable":true,"href":"https:\/\/hello-suns.com\/de\/wp-json\/wp\/v2\/media\/13202"}],"wp:attachment":[{"href":"https:\/\/hello-suns.com\/de\/wp-json\/wp\/v2\/media?parent=13181"}],"wp:term":[{"taxonomy":"product_brand","embeddable":true,"href":"https:\/\/hello-suns.com\/de\/wp-json\/wp\/v2\/product_brand?post=13181"},{"taxonomy":"product_cat","embeddable":true,"href":"https:\/\/hello-suns.com\/de\/wp-json\/wp\/v2\/product_cat?post=13181"},{"taxonomy":"product_tag","embeddable":true,"href":"https:\/\/hello-suns.com\/de\/wp-json\/wp\/v2\/product_tag?post=13181"},{"taxonomy":"material","embeddable":true,"href":"https:\/\/hello-suns.com\/de\/wp-json\/wp\/v2\/material?post=13181"}],"curies":[{"name":"wp","href":"https:\/\/api.w.org\/{rel}","templated":true}]}}