{"id":13166,"date":"2025-01-15T13:05:21","date_gmt":"2025-01-15T12:05:21","guid":{"rendered":"https:\/\/hello-suns.com\/producten\/basta\/"},"modified":"2026-03-26T11:20:35","modified_gmt":"2026-03-26T10:20:35","slug":"basta-niedrige-esstische","status":"publish","type":"product","link":"https:\/\/hello-suns.com\/de\/produkte\/basta-niedrige-esstische\/","title":{"rendered":"Basta"},"content":{"rendered":"<h2 style=\"font-weight: 400;\">Schlichtheit und Eleganz<\/h2>\n<p style=\"font-weight: 400;\">Der niederl\u00e4ndische M\u00f6beldesigner Hugo de Ruiter hat das ruhige, zeitlose Design des Basta Tisches exklusiv f\u00fcr SUNS entworfen. Eine Einladung, stilvoll zu speisen.<\/p>\n","protected":false},"excerpt":{"rendered":"<h3 style=\"font-weight: 400;\">Faulenzen und Essen in einem<\/h3>\n<div>\n<p>Mit seiner gro\u00dfz\u00fcgigen Gr\u00f6\u00dfe bietet der niedrige Basta Esstisch viel Platz f\u00fcr lange Abende im Freien. Die H\u00f6he von 69 Zentimetern macht diesen Tisch ideal f\u00fcr entspanntes Faulenzen und gem\u00fctliches Essen. Ein Ort, an dem Ambiente und Funktionalit\u00e4t miteinander verschmelzen. Das Design zeichnet sich durch klare Linien, abgerundete Ecken und subtile Details aus, die dem Tisch sein elegantes Aussehen verleihen. Die spitz zulaufenden Beine tragen zu seinem leichten und ausgewogenen Charakter bei. Basta setzt ein Zeichen, ganz gleich, in welchem Au\u00dfenbereich Sie ihn aufstellen.<\/p>\n<\/div>\n<div>\n<p>Der niedrige Basta Esstisch ist in zwei Versionen erh\u00e4ltlich, die jeweils ihre eigene Atmosph\u00e4re mitbringen. Zertifiziertes Teakholz mit seinem warmen, nat\u00fcrlichen Aussehen. Dieses langlebige Hartholz entwickelt mit der Zeit einen sanften Grauton und beh\u00e4lt dabei seine starke Struktur. Hochwertiges Aluminium f\u00fcr eine moderne, schlanke Interpretation desselben Designs. Pflegeleicht und mit einer haltbaren Beschichtung versehen, die Farbe und Qualit\u00e4t \u00fcber die Jahreszeiten hinweg bewahrt. Beide Varianten haben die gleiche Designsprache und die gleichen angenehmen Abmessungen. Sie w\u00e4hlen also rein nach Gef\u00fchl, was zu Ihrer Terrasse oder Veranda passt.<\/p>\n<\/div>\n","protected":false},"featured_media":13175,"comment_status":"closed","ping_status":"closed","template":"","meta":{"_acf_changed":false},"product_brand":[],"product_cat":[636],"product_tag":[],"material":[],"class_list":{"0":"post-13166","1":"product","2":"type-product","3":"status-publish","4":"has-post-thumbnail","6":"product_cat-niedrige-esstische","8":"first","9":"instock","10":"shipping-taxable","11":"product-type-simple"},"acf":[],"yoast_head":"<!-- This site is optimized with the Yoast SEO plugin v26.8 - https:\/\/yoast.com\/product\/yoast-seo-wordpress\/ -->\n<title>Entdecken Sie Basta Lowdiningtable | SUNS Outdoor Lifestyle<\/title>\n<meta name=\"description\" content=\"Suchen Sie einen stilvollen niedrigen Esstisch? SUNS bietet hochwertige niedrige Esstische, die Komfort, modernes Design und Langlebigkeit perfekt miteinander verbinden.\" \/>\n<meta name=\"robots\" content=\"index, follow, max-snippet:-1, max-image-preview:large, max-video-preview:-1\" \/>\n<link rel=\"canonical\" href=\"https:\/\/hello-suns.com\/de\/produkte\/basta-niedrige-esstische\/\" \/>\n<meta property=\"og:locale\" content=\"de_DE\" \/>\n<meta property=\"og:type\" content=\"article\" \/>\n<meta property=\"og:title\" content=\"Entdecken Sie Basta Lowdiningtable | SUNS Outdoor Lifestyle\" \/>\n<meta property=\"og:description\" content=\"Suchen Sie einen stilvollen niedrigen Esstisch? SUNS bietet hochwertige niedrige Esstische, die Komfort, modernes Design und Langlebigkeit perfekt miteinander verbinden.\" \/>\n<meta property=\"og:url\" content=\"https:\/\/hello-suns.com\/de\/produkte\/basta-niedrige-esstische\/\" \/>\n<meta property=\"og:site_name\" content=\"SUNS\" \/>\n<meta property=\"article:modified_time\" content=\"2026-03-26T10:20:35+00:00\" \/>\n<meta property=\"og:image\" content=\"https:\/\/hello-suns.com\/app\/uploads\/2025\/01\/1_Basta-SUNS-lowdiningtable-260-TK-FREE-25-2500.png\" \/>\n\t<meta property=\"og:image:width\" content=\"2500\" \/>\n\t<meta property=\"og:image:height\" content=\"1667\" \/>\n\t<meta property=\"og:image:type\" content=\"image\/png\" \/>\n<meta name=\"twitter:card\" content=\"summary_large_image\" \/>\n<meta name=\"twitter:label1\" content=\"Est. reading time\" \/>\n\t<meta name=\"twitter:data1\" content=\"2 minutes\" \/>\n<script type=\"application\/ld+json\" class=\"yoast-schema-graph\">{\"@context\":\"https:\/\/schema.org\",\"@graph\":[{\"@type\":\"WebPage\",\"@id\":\"https:\/\/hello-suns.com\/de\/produkte\/basta-niedrige-esstische\/\",\"url\":\"https:\/\/hello-suns.com\/de\/produkte\/basta-niedrige-esstische\/\",\"name\":\"Entdecken Sie Basta Lowdiningtable | SUNS Outdoor Lifestyle\",\"isPartOf\":{\"@id\":\"https:\/\/hello-suns.com\/de\/#website\"},\"primaryImageOfPage\":{\"@id\":\"https:\/\/hello-suns.com\/de\/produkte\/basta-niedrige-esstische\/#primaryimage\"},\"image\":{\"@id\":\"https:\/\/hello-suns.com\/de\/produkte\/basta-niedrige-esstische\/#primaryimage\"},\"thumbnailUrl\":\"https:\/\/hello-suns.com\/app\/uploads\/2025\/01\/1_Basta-SUNS-lowdiningtable-260-TK-FREE-25-2500.png\",\"datePublished\":\"2025-01-15T12:05:21+00:00\",\"dateModified\":\"2026-03-26T10:20:35+00:00\",\"description\":\"Suchen Sie einen stilvollen niedrigen Esstisch? SUNS bietet hochwertige niedrige Esstische, die Komfort, modernes Design und Langlebigkeit perfekt miteinander verbinden.\",\"breadcrumb\":{\"@id\":\"https:\/\/hello-suns.com\/de\/produkte\/basta-niedrige-esstische\/#breadcrumb\"},\"inLanguage\":\"de-DE\",\"potentialAction\":[{\"@type\":\"ReadAction\",\"target\":[\"https:\/\/hello-suns.com\/de\/produkte\/basta-niedrige-esstische\/\"]}]},{\"@type\":\"ImageObject\",\"inLanguage\":\"de-DE\",\"@id\":\"https:\/\/hello-suns.com\/de\/produkte\/basta-niedrige-esstische\/#primaryimage\",\"url\":\"https:\/\/hello-suns.com\/app\/uploads\/2025\/01\/1_Basta-SUNS-lowdiningtable-260-TK-FREE-25-2500.png\",\"contentUrl\":\"https:\/\/hello-suns.com\/app\/uploads\/2025\/01\/1_Basta-SUNS-lowdiningtable-260-TK-FREE-25-2500.png\",\"width\":2500,\"height\":1667},{\"@type\":\"BreadcrumbList\",\"@id\":\"https:\/\/hello-suns.com\/de\/produkte\/basta-niedrige-esstische\/#breadcrumb\",\"itemListElement\":[{\"@type\":\"ListItem\",\"position\":1,\"name\":\"\",\"item\":\"https:\/\/hello-suns.com\/de\/\"},{\"@type\":\"ListItem\",\"position\":2,\"name\":\"Produkte\",\"item\":\"https:\/\/hello-suns.com\/de\/produkte\/\"},{\"@type\":\"ListItem\",\"position\":3,\"name\":\"Basta\"}]},{\"@type\":\"WebSite\",\"@id\":\"https:\/\/hello-suns.com\/de\/#website\",\"url\":\"https:\/\/hello-suns.com\/de\/\",\"name\":\"SUNS\",\"description\":\"Outdoor Lifestyle\",\"potentialAction\":[{\"@type\":\"SearchAction\",\"target\":{\"@type\":\"EntryPoint\",\"urlTemplate\":\"https:\/\/hello-suns.com\/de\/?s={search_term_string}\"},\"query-input\":{\"@type\":\"PropertyValueSpecification\",\"valueRequired\":true,\"valueName\":\"search_term_string\"}}],\"inLanguage\":\"de-DE\"}]}<\/script>\n<!-- \/ Yoast SEO plugin. -->","yoast_head_json":{"title":"Entdecken Sie Basta Lowdiningtable | SUNS Outdoor Lifestyle","description":"Suchen Sie einen stilvollen niedrigen Esstisch? SUNS bietet hochwertige niedrige Esstische, die Komfort, modernes Design und Langlebigkeit perfekt miteinander verbinden.","robots":{"index":"index","follow":"follow","max-snippet":"max-snippet:-1","max-image-preview":"max-image-preview:large","max-video-preview":"max-video-preview:-1"},"canonical":"https:\/\/hello-suns.com\/de\/produkte\/basta-niedrige-esstische\/","og_locale":"de_DE","og_type":"article","og_title":"Entdecken Sie Basta Lowdiningtable | SUNS Outdoor Lifestyle","og_description":"Suchen Sie einen stilvollen niedrigen Esstisch? SUNS bietet hochwertige niedrige Esstische, die Komfort, modernes Design und Langlebigkeit perfekt miteinander verbinden.","og_url":"https:\/\/hello-suns.com\/de\/produkte\/basta-niedrige-esstische\/","og_site_name":"SUNS","article_modified_time":"2026-03-26T10:20:35+00:00","og_image":[{"width":2500,"height":1667,"url":"https:\/\/hello-suns.com\/app\/uploads\/2025\/01\/1_Basta-SUNS-lowdiningtable-260-TK-FREE-25-2500.png","type":"image\/png"}],"twitter_card":"summary_large_image","twitter_misc":{"Est. reading time":"2 minutes"},"schema":{"@context":"https:\/\/schema.org","@graph":[{"@type":"WebPage","@id":"https:\/\/hello-suns.com\/de\/produkte\/basta-niedrige-esstische\/","url":"https:\/\/hello-suns.com\/de\/produkte\/basta-niedrige-esstische\/","name":"Entdecken Sie Basta Lowdiningtable | SUNS Outdoor Lifestyle","isPartOf":{"@id":"https:\/\/hello-suns.com\/de\/#website"},"primaryImageOfPage":{"@id":"https:\/\/hello-suns.com\/de\/produkte\/basta-niedrige-esstische\/#primaryimage"},"image":{"@id":"https:\/\/hello-suns.com\/de\/produkte\/basta-niedrige-esstische\/#primaryimage"},"thumbnailUrl":"https:\/\/hello-suns.com\/app\/uploads\/2025\/01\/1_Basta-SUNS-lowdiningtable-260-TK-FREE-25-2500.png","datePublished":"2025-01-15T12:05:21+00:00","dateModified":"2026-03-26T10:20:35+00:00","description":"Suchen Sie einen stilvollen niedrigen Esstisch? SUNS bietet hochwertige niedrige Esstische, die Komfort, modernes Design und Langlebigkeit perfekt miteinander verbinden.","breadcrumb":{"@id":"https:\/\/hello-suns.com\/de\/produkte\/basta-niedrige-esstische\/#breadcrumb"},"inLanguage":"de-DE","potentialAction":[{"@type":"ReadAction","target":["https:\/\/hello-suns.com\/de\/produkte\/basta-niedrige-esstische\/"]}]},{"@type":"ImageObject","inLanguage":"de-DE","@id":"https:\/\/hello-suns.com\/de\/produkte\/basta-niedrige-esstische\/#primaryimage","url":"https:\/\/hello-suns.com\/app\/uploads\/2025\/01\/1_Basta-SUNS-lowdiningtable-260-TK-FREE-25-2500.png","contentUrl":"https:\/\/hello-suns.com\/app\/uploads\/2025\/01\/1_Basta-SUNS-lowdiningtable-260-TK-FREE-25-2500.png","width":2500,"height":1667},{"@type":"BreadcrumbList","@id":"https:\/\/hello-suns.com\/de\/produkte\/basta-niedrige-esstische\/#breadcrumb","itemListElement":[{"@type":"ListItem","position":1,"name":"","item":"https:\/\/hello-suns.com\/de\/"},{"@type":"ListItem","position":2,"name":"Produkte","item":"https:\/\/hello-suns.com\/de\/produkte\/"},{"@type":"ListItem","position":3,"name":"Basta"}]},{"@type":"WebSite","@id":"https:\/\/hello-suns.com\/de\/#website","url":"https:\/\/hello-suns.com\/de\/","name":"SUNS","description":"Outdoor Lifestyle","potentialAction":[{"@type":"SearchAction","target":{"@type":"EntryPoint","urlTemplate":"https:\/\/hello-suns.com\/de\/?s={search_term_string}"},"query-input":{"@type":"PropertyValueSpecification","valueRequired":true,"valueName":"search_term_string"}}],"inLanguage":"de-DE"}]}},"_links":{"self":[{"href":"https:\/\/hello-suns.com\/de\/wp-json\/wp\/v2\/product\/13166","targetHints":{"allow":["GET"]}}],"collection":[{"href":"https:\/\/hello-suns.com\/de\/wp-json\/wp\/v2\/product"}],"about":[{"href":"https:\/\/hello-suns.com\/de\/wp-json\/wp\/v2\/types\/product"}],"replies":[{"embeddable":true,"href":"https:\/\/hello-suns.com\/de\/wp-json\/wp\/v2\/comments?post=13166"}],"wp:featuredmedia":[{"embeddable":true,"href":"https:\/\/hello-suns.com\/de\/wp-json\/wp\/v2\/media\/13175"}],"wp:attachment":[{"href":"https:\/\/hello-suns.com\/de\/wp-json\/wp\/v2\/media?parent=13166"}],"wp:term":[{"taxonomy":"product_brand","embeddable":true,"href":"https:\/\/hello-suns.com\/de\/wp-json\/wp\/v2\/product_brand?post=13166"},{"taxonomy":"product_cat","embeddable":true,"href":"https:\/\/hello-suns.com\/de\/wp-json\/wp\/v2\/product_cat?post=13166"},{"taxonomy":"product_tag","embeddable":true,"href":"https:\/\/hello-suns.com\/de\/wp-json\/wp\/v2\/product_tag?post=13166"},{"taxonomy":"material","embeddable":true,"href":"https:\/\/hello-suns.com\/de\/wp-json\/wp\/v2\/material?post=13166"}],"curies":[{"name":"wp","href":"https:\/\/api.w.org\/{rel}","templated":true}]}}