{"id":13090,"date":"2025-01-15T15:07:50","date_gmt":"2025-01-15T15:07:50","guid":{"rendered":"https:\/\/hello-suns.com\/producten\/savona\/"},"modified":"2025-06-03T07:24:08","modified_gmt":"2025-06-03T07:24:08","slug":"savona-tische","status":"publish","type":"product","link":"https:\/\/hello-suns.com\/de\/produkte\/savona-tische\/","title":{"rendered":"Savona"},"content":{"rendered":"<h2 style=\"font-weight: 400;\">Einstellung Sommer<\/h2>\n<p style=\"font-weight: 400;\">Saubere Linien. Sch\u00f6ne Materialien. Subtile Akzente. Der Savona Tisch verk\u00f6rpert das angenehme Sommergef\u00fchl in allem.<\/p>\n","protected":false},"excerpt":{"rendered":"<h3 style=\"font-weight: 400;\">Komfort der Gr\u00f6\u00dfe<\/h3>\n<p style=\"font-weight: 400;\">Savona Tisch mit einer schlanken Gestelllinie und einer freundlichen Tischplatte. Der Tisch hat eine grundsolide Konstruktion aus hochwertigem Aluminium. Optional gibt es eine passende Bank in den gleichen Materialien und Farben. Das Gestell erm\u00f6glicht es auch, einen Stuhl an das Kopfende des Tisches zu stellen. Die Tischplatte ist in nat\u00fcrlichem Teakholz oder HPL (ein sehr starkes synthetisches Material) in Carbon Grey oder Carbon Stone erh\u00e4ltlich. Savona l\u00e4sst sich hervorragend mit einer Vielzahl von St\u00fchlen aus der SUNS-Kollektion kombinieren. Erh\u00e4ltlich in drei Gr\u00f6\u00dfen, f\u00fcr 6-8 Sitze, 8-10 und 10-12 Sitze!<\/p>\n","protected":false},"featured_media":13103,"comment_status":"closed","ping_status":"closed","template":"","meta":{"_acf_changed":false},"product_brand":[],"product_cat":[637],"product_tag":[],"material":[],"class_list":{"0":"post-13090","1":"product","2":"type-product","3":"status-publish","4":"has-post-thumbnail","6":"product_cat-tische","8":"first","9":"instock","10":"shipping-taxable","11":"product-type-simple"},"acf":[],"yoast_head":"<!-- This site is optimized with the Yoast SEO plugin v26.8 - https:\/\/yoast.com\/product\/yoast-seo-wordpress\/ -->\n<title>Entdecken Sie Savona Tisch | SUNS Outdoor Lifestyle<\/title>\n<meta name=\"description\" content=\"Suchen Sie einen stilvollen Savona-Tisch? SUNS bietet moderne und langlebige Tische, die Design und Funktionalit\u00e4t f\u00fcr Ihren Au\u00dfenbereich vereinen.\" \/>\n<meta name=\"robots\" content=\"index, follow, max-snippet:-1, max-image-preview:large, max-video-preview:-1\" \/>\n<link rel=\"canonical\" href=\"https:\/\/hello-suns.com\/de\/produkte\/savona-tische\/\" \/>\n<meta property=\"og:locale\" content=\"de_DE\" \/>\n<meta property=\"og:type\" content=\"article\" \/>\n<meta property=\"og:title\" content=\"Entdecken Sie Savona Tisch | SUNS Outdoor Lifestyle\" \/>\n<meta property=\"og:description\" content=\"Suchen Sie einen stilvollen Savona-Tisch? SUNS bietet moderne und langlebige Tische, die Design und Funktionalit\u00e4t f\u00fcr Ihren Au\u00dfenbereich vereinen.\" \/>\n<meta property=\"og:url\" content=\"https:\/\/hello-suns.com\/de\/produkte\/savona-tische\/\" \/>\n<meta property=\"og:site_name\" content=\"SUNS\" \/>\n<meta property=\"article:modified_time\" content=\"2025-06-03T07:24:08+00:00\" \/>\n<meta property=\"og:image\" content=\"https:\/\/hello-suns.com\/app\/uploads\/2025\/01\/01_Dingingtable_savona_340_MRG_teak_2500px-02.png\" \/>\n\t<meta property=\"og:image:width\" content=\"2500\" \/>\n\t<meta property=\"og:image:height\" content=\"1667\" \/>\n\t<meta property=\"og:image:type\" content=\"image\/png\" \/>\n<meta name=\"twitter:card\" content=\"summary_large_image\" \/>\n<meta name=\"twitter:label1\" content=\"Est. reading time\" \/>\n\t<meta name=\"twitter:data1\" content=\"3 minutes\" \/>\n<script type=\"application\/ld+json\" class=\"yoast-schema-graph\">{\"@context\":\"https:\/\/schema.org\",\"@graph\":[{\"@type\":\"WebPage\",\"@id\":\"https:\/\/hello-suns.com\/de\/produkte\/savona-tische\/\",\"url\":\"https:\/\/hello-suns.com\/de\/produkte\/savona-tische\/\",\"name\":\"Entdecken Sie Savona Tisch | SUNS Outdoor Lifestyle\",\"isPartOf\":{\"@id\":\"https:\/\/hello-suns.com\/de\/#website\"},\"primaryImageOfPage\":{\"@id\":\"https:\/\/hello-suns.com\/de\/produkte\/savona-tische\/#primaryimage\"},\"image\":{\"@id\":\"https:\/\/hello-suns.com\/de\/produkte\/savona-tische\/#primaryimage\"},\"thumbnailUrl\":\"https:\/\/hello-suns.com\/app\/uploads\/2025\/01\/01_Dingingtable_savona_340_MRG_teak_2500px-02.png\",\"datePublished\":\"2025-01-15T15:07:50+00:00\",\"dateModified\":\"2025-06-03T07:24:08+00:00\",\"description\":\"Suchen Sie einen stilvollen Savona-Tisch? SUNS bietet moderne und langlebige Tische, die Design und Funktionalit\u00e4t f\u00fcr Ihren Au\u00dfenbereich vereinen.\",\"breadcrumb\":{\"@id\":\"https:\/\/hello-suns.com\/de\/produkte\/savona-tische\/#breadcrumb\"},\"inLanguage\":\"de-DE\",\"potentialAction\":[{\"@type\":\"ReadAction\",\"target\":[\"https:\/\/hello-suns.com\/de\/produkte\/savona-tische\/\"]}]},{\"@type\":\"ImageObject\",\"inLanguage\":\"de-DE\",\"@id\":\"https:\/\/hello-suns.com\/de\/produkte\/savona-tische\/#primaryimage\",\"url\":\"https:\/\/hello-suns.com\/app\/uploads\/2025\/01\/01_Dingingtable_savona_340_MRG_teak_2500px-02.png\",\"contentUrl\":\"https:\/\/hello-suns.com\/app\/uploads\/2025\/01\/01_Dingingtable_savona_340_MRG_teak_2500px-02.png\",\"width\":2500,\"height\":1667},{\"@type\":\"BreadcrumbList\",\"@id\":\"https:\/\/hello-suns.com\/de\/produkte\/savona-tische\/#breadcrumb\",\"itemListElement\":[{\"@type\":\"ListItem\",\"position\":1,\"name\":\"\",\"item\":\"https:\/\/hello-suns.com\/de\/\"},{\"@type\":\"ListItem\",\"position\":2,\"name\":\"Produkte\",\"item\":\"https:\/\/hello-suns.com\/de\/produkte\/\"},{\"@type\":\"ListItem\",\"position\":3,\"name\":\"Savona\"}]},{\"@type\":\"WebSite\",\"@id\":\"https:\/\/hello-suns.com\/de\/#website\",\"url\":\"https:\/\/hello-suns.com\/de\/\",\"name\":\"SUNS\",\"description\":\"Outdoor Lifestyle\",\"potentialAction\":[{\"@type\":\"SearchAction\",\"target\":{\"@type\":\"EntryPoint\",\"urlTemplate\":\"https:\/\/hello-suns.com\/de\/?s={search_term_string}\"},\"query-input\":{\"@type\":\"PropertyValueSpecification\",\"valueRequired\":true,\"valueName\":\"search_term_string\"}}],\"inLanguage\":\"de-DE\"}]}<\/script>\n<!-- \/ Yoast SEO plugin. -->","yoast_head_json":{"title":"Entdecken Sie Savona Tisch | SUNS Outdoor Lifestyle","description":"Suchen Sie einen stilvollen Savona-Tisch? SUNS bietet moderne und langlebige Tische, die Design und Funktionalit\u00e4t f\u00fcr Ihren Au\u00dfenbereich vereinen.","robots":{"index":"index","follow":"follow","max-snippet":"max-snippet:-1","max-image-preview":"max-image-preview:large","max-video-preview":"max-video-preview:-1"},"canonical":"https:\/\/hello-suns.com\/de\/produkte\/savona-tische\/","og_locale":"de_DE","og_type":"article","og_title":"Entdecken Sie Savona Tisch | SUNS Outdoor Lifestyle","og_description":"Suchen Sie einen stilvollen Savona-Tisch? SUNS bietet moderne und langlebige Tische, die Design und Funktionalit\u00e4t f\u00fcr Ihren Au\u00dfenbereich vereinen.","og_url":"https:\/\/hello-suns.com\/de\/produkte\/savona-tische\/","og_site_name":"SUNS","article_modified_time":"2025-06-03T07:24:08+00:00","og_image":[{"width":2500,"height":1667,"url":"https:\/\/hello-suns.com\/app\/uploads\/2025\/01\/01_Dingingtable_savona_340_MRG_teak_2500px-02.png","type":"image\/png"}],"twitter_card":"summary_large_image","twitter_misc":{"Est. reading time":"3 minutes"},"schema":{"@context":"https:\/\/schema.org","@graph":[{"@type":"WebPage","@id":"https:\/\/hello-suns.com\/de\/produkte\/savona-tische\/","url":"https:\/\/hello-suns.com\/de\/produkte\/savona-tische\/","name":"Entdecken Sie Savona Tisch | SUNS Outdoor Lifestyle","isPartOf":{"@id":"https:\/\/hello-suns.com\/de\/#website"},"primaryImageOfPage":{"@id":"https:\/\/hello-suns.com\/de\/produkte\/savona-tische\/#primaryimage"},"image":{"@id":"https:\/\/hello-suns.com\/de\/produkte\/savona-tische\/#primaryimage"},"thumbnailUrl":"https:\/\/hello-suns.com\/app\/uploads\/2025\/01\/01_Dingingtable_savona_340_MRG_teak_2500px-02.png","datePublished":"2025-01-15T15:07:50+00:00","dateModified":"2025-06-03T07:24:08+00:00","description":"Suchen Sie einen stilvollen Savona-Tisch? SUNS bietet moderne und langlebige Tische, die Design und Funktionalit\u00e4t f\u00fcr Ihren Au\u00dfenbereich vereinen.","breadcrumb":{"@id":"https:\/\/hello-suns.com\/de\/produkte\/savona-tische\/#breadcrumb"},"inLanguage":"de-DE","potentialAction":[{"@type":"ReadAction","target":["https:\/\/hello-suns.com\/de\/produkte\/savona-tische\/"]}]},{"@type":"ImageObject","inLanguage":"de-DE","@id":"https:\/\/hello-suns.com\/de\/produkte\/savona-tische\/#primaryimage","url":"https:\/\/hello-suns.com\/app\/uploads\/2025\/01\/01_Dingingtable_savona_340_MRG_teak_2500px-02.png","contentUrl":"https:\/\/hello-suns.com\/app\/uploads\/2025\/01\/01_Dingingtable_savona_340_MRG_teak_2500px-02.png","width":2500,"height":1667},{"@type":"BreadcrumbList","@id":"https:\/\/hello-suns.com\/de\/produkte\/savona-tische\/#breadcrumb","itemListElement":[{"@type":"ListItem","position":1,"name":"","item":"https:\/\/hello-suns.com\/de\/"},{"@type":"ListItem","position":2,"name":"Produkte","item":"https:\/\/hello-suns.com\/de\/produkte\/"},{"@type":"ListItem","position":3,"name":"Savona"}]},{"@type":"WebSite","@id":"https:\/\/hello-suns.com\/de\/#website","url":"https:\/\/hello-suns.com\/de\/","name":"SUNS","description":"Outdoor Lifestyle","potentialAction":[{"@type":"SearchAction","target":{"@type":"EntryPoint","urlTemplate":"https:\/\/hello-suns.com\/de\/?s={search_term_string}"},"query-input":{"@type":"PropertyValueSpecification","valueRequired":true,"valueName":"search_term_string"}}],"inLanguage":"de-DE"}]}},"_links":{"self":[{"href":"https:\/\/hello-suns.com\/de\/wp-json\/wp\/v2\/product\/13090","targetHints":{"allow":["GET"]}}],"collection":[{"href":"https:\/\/hello-suns.com\/de\/wp-json\/wp\/v2\/product"}],"about":[{"href":"https:\/\/hello-suns.com\/de\/wp-json\/wp\/v2\/types\/product"}],"replies":[{"embeddable":true,"href":"https:\/\/hello-suns.com\/de\/wp-json\/wp\/v2\/comments?post=13090"}],"wp:featuredmedia":[{"embeddable":true,"href":"https:\/\/hello-suns.com\/de\/wp-json\/wp\/v2\/media\/13103"}],"wp:attachment":[{"href":"https:\/\/hello-suns.com\/de\/wp-json\/wp\/v2\/media?parent=13090"}],"wp:term":[{"taxonomy":"product_brand","embeddable":true,"href":"https:\/\/hello-suns.com\/de\/wp-json\/wp\/v2\/product_brand?post=13090"},{"taxonomy":"product_cat","embeddable":true,"href":"https:\/\/hello-suns.com\/de\/wp-json\/wp\/v2\/product_cat?post=13090"},{"taxonomy":"product_tag","embeddable":true,"href":"https:\/\/hello-suns.com\/de\/wp-json\/wp\/v2\/product_tag?post=13090"},{"taxonomy":"material","embeddable":true,"href":"https:\/\/hello-suns.com\/de\/wp-json\/wp\/v2\/material?post=13090"}],"curies":[{"name":"wp","href":"https:\/\/api.w.org\/{rel}","templated":true}]}}