{"id":13076,"date":"2025-01-15T14:18:42","date_gmt":"2025-01-15T13:18:42","guid":{"rendered":"https:\/\/hello-suns.com\/producten\/nova\/"},"modified":"2026-03-02T12:39:24","modified_gmt":"2026-03-02T11:39:24","slug":"nova-niedrige-esstische","status":"publish","type":"product","link":"https:\/\/hello-suns.com\/de\/produkte\/nova-niedrige-esstische\/","title":{"rendered":"Nova"},"content":{"rendered":"<h2 style=\"font-weight: 400;\">Nova ist neu<\/h2>\n<p style=\"font-weight: 400;\">Neu von SUNS: ein niedriger Esstisch, an dem man sich wirklich hinsetzt. Entdecken Sie, wie vielseitig rund sein kann.<\/p>\n","protected":false},"excerpt":{"rendered":"<h3 style=\"font-weight: 400;\">Kratzfeste Tischplatte aus 100% Naturmaterial<\/h3>\n<p style=\"font-weight: 400;\">Der Nova Low Dining steht gerne im Mittelpunkt der Aufmerksamkeit. Mit seinem kultigen F\u00fcnfzigerjahre-Design und seiner runden Platte ist dieser Tisch eine vielseitige Erg\u00e4nzung f\u00fcr Ihren Garten oder Ihre Terrasse. Die Tischplatte ist aus Sinterstein gefertigt: ein kratz- und verschlei\u00dffestes, langlebiges Material, das zu 100% aus nat\u00fcrlichen Rohstoffen besteht und f\u00fcr einen einzigartigen Look sorgt. Den niedrigen Esstisch Nova gibt es in verschiedenen Gr\u00f6\u00dfen. Sie k\u00f6nnen ihn daher perfekt mit einer Vielzahl von niedrigen Esszimmerst\u00fchlen aus den SUNS-Kollektionen kombinieren.<\/p>\n","protected":false},"featured_media":13096,"comment_status":"closed","ping_status":"closed","template":"","meta":{"_acf_changed":false},"product_brand":[],"product_cat":[636],"product_tag":[],"material":[],"class_list":{"0":"post-13076","1":"product","2":"type-product","3":"status-publish","4":"has-post-thumbnail","6":"product_cat-niedrige-esstische","8":"first","9":"instock","10":"shipping-taxable","11":"product-type-simple"},"acf":[],"yoast_head":"<!-- This site is optimized with the Yoast SEO plugin v26.8 - https:\/\/yoast.com\/product\/yoast-seo-wordpress\/ -->\n<title>Entdecken Sie Nova Lowdiningtable | SUNS Outdoor Lifestyle<\/title>\n<meta name=\"description\" content=\"Sind Sie auf der Suche nach einem stilvollen nova Lowdining-Tisch? SUNS bietet elegante und langlebige niedrige Esstische mit modernem Design, perfekt f\u00fcr einen entspannten Garten.\" \/>\n<meta name=\"robots\" content=\"index, follow, max-snippet:-1, max-image-preview:large, max-video-preview:-1\" \/>\n<link rel=\"canonical\" href=\"https:\/\/hello-suns.com\/de\/produkte\/nova-niedrige-esstische\/\" \/>\n<meta property=\"og:locale\" content=\"de_DE\" \/>\n<meta property=\"og:type\" content=\"article\" \/>\n<meta property=\"og:title\" content=\"Entdecken Sie Nova Lowdiningtable | SUNS Outdoor Lifestyle\" \/>\n<meta property=\"og:description\" content=\"Sind Sie auf der Suche nach einem stilvollen nova Lowdining-Tisch? SUNS bietet elegante und langlebige niedrige Esstische mit modernem Design, perfekt f\u00fcr einen entspannten Garten.\" \/>\n<meta property=\"og:url\" content=\"https:\/\/hello-suns.com\/de\/produkte\/nova-niedrige-esstische\/\" \/>\n<meta property=\"og:site_name\" content=\"SUNS\" \/>\n<meta property=\"article:modified_time\" content=\"2026-03-02T11:39:24+00:00\" \/>\n<meta property=\"og:image\" content=\"https:\/\/hello-suns.com\/app\/uploads\/2025\/01\/01_Nova-SUNS-diningtable-CS-Free-25-2500-2-02.png\" \/>\n\t<meta property=\"og:image:width\" content=\"2500\" \/>\n\t<meta property=\"og:image:height\" content=\"1667\" \/>\n\t<meta property=\"og:image:type\" content=\"image\/png\" \/>\n<meta name=\"twitter:card\" content=\"summary_large_image\" \/>\n<meta name=\"twitter:label1\" content=\"Est. reading time\" \/>\n\t<meta name=\"twitter:data1\" content=\"3 minutes\" \/>\n<script type=\"application\/ld+json\" class=\"yoast-schema-graph\">{\"@context\":\"https:\/\/schema.org\",\"@graph\":[{\"@type\":\"WebPage\",\"@id\":\"https:\/\/hello-suns.com\/de\/produkte\/nova-niedrige-esstische\/\",\"url\":\"https:\/\/hello-suns.com\/de\/produkte\/nova-niedrige-esstische\/\",\"name\":\"Entdecken Sie Nova Lowdiningtable | SUNS Outdoor Lifestyle\",\"isPartOf\":{\"@id\":\"https:\/\/hello-suns.com\/de\/#website\"},\"primaryImageOfPage\":{\"@id\":\"https:\/\/hello-suns.com\/de\/produkte\/nova-niedrige-esstische\/#primaryimage\"},\"image\":{\"@id\":\"https:\/\/hello-suns.com\/de\/produkte\/nova-niedrige-esstische\/#primaryimage\"},\"thumbnailUrl\":\"https:\/\/hello-suns.com\/app\/uploads\/2025\/01\/01_Nova-SUNS-diningtable-CS-Free-25-2500-2-02.png\",\"datePublished\":\"2025-01-15T13:18:42+00:00\",\"dateModified\":\"2026-03-02T11:39:24+00:00\",\"description\":\"Sind Sie auf der Suche nach einem stilvollen nova Lowdining-Tisch? SUNS bietet elegante und langlebige niedrige Esstische mit modernem Design, perfekt f\u00fcr einen entspannten Garten.\",\"breadcrumb\":{\"@id\":\"https:\/\/hello-suns.com\/de\/produkte\/nova-niedrige-esstische\/#breadcrumb\"},\"inLanguage\":\"de-DE\",\"potentialAction\":[{\"@type\":\"ReadAction\",\"target\":[\"https:\/\/hello-suns.com\/de\/produkte\/nova-niedrige-esstische\/\"]}]},{\"@type\":\"ImageObject\",\"inLanguage\":\"de-DE\",\"@id\":\"https:\/\/hello-suns.com\/de\/produkte\/nova-niedrige-esstische\/#primaryimage\",\"url\":\"https:\/\/hello-suns.com\/app\/uploads\/2025\/01\/01_Nova-SUNS-diningtable-CS-Free-25-2500-2-02.png\",\"contentUrl\":\"https:\/\/hello-suns.com\/app\/uploads\/2025\/01\/01_Nova-SUNS-diningtable-CS-Free-25-2500-2-02.png\",\"width\":2500,\"height\":1667},{\"@type\":\"BreadcrumbList\",\"@id\":\"https:\/\/hello-suns.com\/de\/produkte\/nova-niedrige-esstische\/#breadcrumb\",\"itemListElement\":[{\"@type\":\"ListItem\",\"position\":1,\"name\":\"\",\"item\":\"https:\/\/hello-suns.com\/de\/\"},{\"@type\":\"ListItem\",\"position\":2,\"name\":\"Produkte\",\"item\":\"https:\/\/hello-suns.com\/de\/produkte\/\"},{\"@type\":\"ListItem\",\"position\":3,\"name\":\"Nova\"}]},{\"@type\":\"WebSite\",\"@id\":\"https:\/\/hello-suns.com\/de\/#website\",\"url\":\"https:\/\/hello-suns.com\/de\/\",\"name\":\"SUNS\",\"description\":\"Outdoor Lifestyle\",\"potentialAction\":[{\"@type\":\"SearchAction\",\"target\":{\"@type\":\"EntryPoint\",\"urlTemplate\":\"https:\/\/hello-suns.com\/de\/?s={search_term_string}\"},\"query-input\":{\"@type\":\"PropertyValueSpecification\",\"valueRequired\":true,\"valueName\":\"search_term_string\"}}],\"inLanguage\":\"de-DE\"}]}<\/script>\n<!-- \/ Yoast SEO plugin. -->","yoast_head_json":{"title":"Entdecken Sie Nova Lowdiningtable | SUNS Outdoor Lifestyle","description":"Sind Sie auf der Suche nach einem stilvollen nova Lowdining-Tisch? SUNS bietet elegante und langlebige niedrige Esstische mit modernem Design, perfekt f\u00fcr einen entspannten Garten.","robots":{"index":"index","follow":"follow","max-snippet":"max-snippet:-1","max-image-preview":"max-image-preview:large","max-video-preview":"max-video-preview:-1"},"canonical":"https:\/\/hello-suns.com\/de\/produkte\/nova-niedrige-esstische\/","og_locale":"de_DE","og_type":"article","og_title":"Entdecken Sie Nova Lowdiningtable | SUNS Outdoor Lifestyle","og_description":"Sind Sie auf der Suche nach einem stilvollen nova Lowdining-Tisch? SUNS bietet elegante und langlebige niedrige Esstische mit modernem Design, perfekt f\u00fcr einen entspannten Garten.","og_url":"https:\/\/hello-suns.com\/de\/produkte\/nova-niedrige-esstische\/","og_site_name":"SUNS","article_modified_time":"2026-03-02T11:39:24+00:00","og_image":[{"width":2500,"height":1667,"url":"https:\/\/hello-suns.com\/app\/uploads\/2025\/01\/01_Nova-SUNS-diningtable-CS-Free-25-2500-2-02.png","type":"image\/png"}],"twitter_card":"summary_large_image","twitter_misc":{"Est. reading time":"3 minutes"},"schema":{"@context":"https:\/\/schema.org","@graph":[{"@type":"WebPage","@id":"https:\/\/hello-suns.com\/de\/produkte\/nova-niedrige-esstische\/","url":"https:\/\/hello-suns.com\/de\/produkte\/nova-niedrige-esstische\/","name":"Entdecken Sie Nova Lowdiningtable | SUNS Outdoor Lifestyle","isPartOf":{"@id":"https:\/\/hello-suns.com\/de\/#website"},"primaryImageOfPage":{"@id":"https:\/\/hello-suns.com\/de\/produkte\/nova-niedrige-esstische\/#primaryimage"},"image":{"@id":"https:\/\/hello-suns.com\/de\/produkte\/nova-niedrige-esstische\/#primaryimage"},"thumbnailUrl":"https:\/\/hello-suns.com\/app\/uploads\/2025\/01\/01_Nova-SUNS-diningtable-CS-Free-25-2500-2-02.png","datePublished":"2025-01-15T13:18:42+00:00","dateModified":"2026-03-02T11:39:24+00:00","description":"Sind Sie auf der Suche nach einem stilvollen nova Lowdining-Tisch? SUNS bietet elegante und langlebige niedrige Esstische mit modernem Design, perfekt f\u00fcr einen entspannten Garten.","breadcrumb":{"@id":"https:\/\/hello-suns.com\/de\/produkte\/nova-niedrige-esstische\/#breadcrumb"},"inLanguage":"de-DE","potentialAction":[{"@type":"ReadAction","target":["https:\/\/hello-suns.com\/de\/produkte\/nova-niedrige-esstische\/"]}]},{"@type":"ImageObject","inLanguage":"de-DE","@id":"https:\/\/hello-suns.com\/de\/produkte\/nova-niedrige-esstische\/#primaryimage","url":"https:\/\/hello-suns.com\/app\/uploads\/2025\/01\/01_Nova-SUNS-diningtable-CS-Free-25-2500-2-02.png","contentUrl":"https:\/\/hello-suns.com\/app\/uploads\/2025\/01\/01_Nova-SUNS-diningtable-CS-Free-25-2500-2-02.png","width":2500,"height":1667},{"@type":"BreadcrumbList","@id":"https:\/\/hello-suns.com\/de\/produkte\/nova-niedrige-esstische\/#breadcrumb","itemListElement":[{"@type":"ListItem","position":1,"name":"","item":"https:\/\/hello-suns.com\/de\/"},{"@type":"ListItem","position":2,"name":"Produkte","item":"https:\/\/hello-suns.com\/de\/produkte\/"},{"@type":"ListItem","position":3,"name":"Nova"}]},{"@type":"WebSite","@id":"https:\/\/hello-suns.com\/de\/#website","url":"https:\/\/hello-suns.com\/de\/","name":"SUNS","description":"Outdoor Lifestyle","potentialAction":[{"@type":"SearchAction","target":{"@type":"EntryPoint","urlTemplate":"https:\/\/hello-suns.com\/de\/?s={search_term_string}"},"query-input":{"@type":"PropertyValueSpecification","valueRequired":true,"valueName":"search_term_string"}}],"inLanguage":"de-DE"}]}},"_links":{"self":[{"href":"https:\/\/hello-suns.com\/de\/wp-json\/wp\/v2\/product\/13076","targetHints":{"allow":["GET"]}}],"collection":[{"href":"https:\/\/hello-suns.com\/de\/wp-json\/wp\/v2\/product"}],"about":[{"href":"https:\/\/hello-suns.com\/de\/wp-json\/wp\/v2\/types\/product"}],"replies":[{"embeddable":true,"href":"https:\/\/hello-suns.com\/de\/wp-json\/wp\/v2\/comments?post=13076"}],"wp:featuredmedia":[{"embeddable":true,"href":"https:\/\/hello-suns.com\/de\/wp-json\/wp\/v2\/media\/13096"}],"wp:attachment":[{"href":"https:\/\/hello-suns.com\/de\/wp-json\/wp\/v2\/media?parent=13076"}],"wp:term":[{"taxonomy":"product_brand","embeddable":true,"href":"https:\/\/hello-suns.com\/de\/wp-json\/wp\/v2\/product_brand?post=13076"},{"taxonomy":"product_cat","embeddable":true,"href":"https:\/\/hello-suns.com\/de\/wp-json\/wp\/v2\/product_cat?post=13076"},{"taxonomy":"product_tag","embeddable":true,"href":"https:\/\/hello-suns.com\/de\/wp-json\/wp\/v2\/product_tag?post=13076"},{"taxonomy":"material","embeddable":true,"href":"https:\/\/hello-suns.com\/de\/wp-json\/wp\/v2\/material?post=13076"}],"curies":[{"name":"wp","href":"https:\/\/api.w.org\/{rel}","templated":true}]}}