{"id":13066,"date":"2025-01-15T15:18:05","date_gmt":"2025-01-15T14:18:05","guid":{"rendered":"https:\/\/hello-suns.com\/producten\/sorolo-3\/"},"modified":"2026-03-03T17:14:42","modified_gmt":"2026-03-03T16:14:42","slug":"sorolo-tische","status":"publish","type":"product","link":"https:\/\/hello-suns.com\/de\/produkte\/sorolo-tische\/","title":{"rendered":"Sorolo"},"content":{"rendered":"<h2 style=\"font-weight: 400;\">Der Charme des Runden<\/h2>\n<p style=\"font-weight: 400;\">Essen, bei dem Sie jeden sehen k\u00f6nnen: Rund wird immer beliebter. Sorolo macht es Ihnen leicht, eine gem\u00fctliche Atmosph\u00e4re zu schaffen. Mit der Neolith\u00ae Tischplatte ein zeitgem\u00e4\u00dfer Look.<\/p>\n","protected":false},"excerpt":{"rendered":"<h3 style=\"font-weight: 400;\">Attraktiver runder Tisch mit optimaler Beinfreiheit<\/h3>\n<p style=\"font-weight: 400;\">Der Sorolo Tisch ist ein echter Blickfang in Ihrem Garten. Das markante runde Untergestell aus Teakholz sorgt f\u00fcr eine solide Konstruktion. Er verleiht dem Tisch einen robusten Charakter und eine angenehme Beinfreiheit. Sorolo verdankt seinen modernen Look der eleganten Tischplatte aus Teakholz oder Neolith\u00ae. Der Sorolo Tisch ist in vier Gr\u00f6\u00dfen erh\u00e4ltlich.<\/p>\n","protected":false},"featured_media":13077,"comment_status":"closed","ping_status":"closed","template":"","meta":{"_acf_changed":false},"product_brand":[],"product_cat":[637],"product_tag":[],"material":[],"class_list":{"0":"post-13066","1":"product","2":"type-product","3":"status-publish","4":"has-post-thumbnail","6":"product_cat-tische","8":"first","9":"instock","10":"shipping-taxable","11":"product-type-simple"},"acf":[],"yoast_head":"<!-- This site is optimized with the Yoast SEO plugin v26.8 - https:\/\/yoast.com\/product\/yoast-seo-wordpress\/ -->\n<title>Entdecken Sie Sorolo Tisch | SUNS Outdoor Lifestyle<\/title>\n<meta name=\"description\" content=\"Suchen Sie einen stilvollen Sorolo-Tisch? SUNS bietet langlebige Tische mit modernem Design, ideal f\u00fcr die Gestaltung eines eleganten Au\u00dfenbereichs.\" \/>\n<meta name=\"robots\" content=\"index, follow, max-snippet:-1, max-image-preview:large, max-video-preview:-1\" \/>\n<link rel=\"canonical\" href=\"https:\/\/hello-suns.com\/de\/produkte\/sorolo-tische\/\" \/>\n<meta property=\"og:locale\" content=\"de_DE\" \/>\n<meta property=\"og:type\" content=\"article\" \/>\n<meta property=\"og:title\" content=\"Entdecken Sie Sorolo Tisch | SUNS Outdoor Lifestyle\" \/>\n<meta property=\"og:description\" content=\"Suchen Sie einen stilvollen Sorolo-Tisch? SUNS bietet langlebige Tische mit modernem Design, ideal f\u00fcr die Gestaltung eines eleganten Au\u00dfenbereichs.\" \/>\n<meta property=\"og:url\" content=\"https:\/\/hello-suns.com\/de\/produkte\/sorolo-tische\/\" \/>\n<meta property=\"og:site_name\" content=\"SUNS\" \/>\n<meta property=\"article:modified_time\" content=\"2026-03-03T16:14:42+00:00\" \/>\n<meta property=\"og:image\" content=\"https:\/\/hello-suns.com\/app\/uploads\/2025\/01\/01_Sorolo-SUNS-Round-diningtable-TK-NW-Free-23-1-2500-pix.png\" \/>\n\t<meta property=\"og:image:width\" content=\"2500\" \/>\n\t<meta property=\"og:image:height\" content=\"1667\" \/>\n\t<meta property=\"og:image:type\" content=\"image\/png\" \/>\n<meta name=\"twitter:card\" content=\"summary_large_image\" \/>\n<meta name=\"twitter:label1\" content=\"Est. reading time\" \/>\n\t<meta name=\"twitter:data1\" content=\"4 minutes\" \/>\n<script type=\"application\/ld+json\" class=\"yoast-schema-graph\">{\"@context\":\"https:\/\/schema.org\",\"@graph\":[{\"@type\":\"WebPage\",\"@id\":\"https:\/\/hello-suns.com\/de\/produkte\/sorolo-tische\/\",\"url\":\"https:\/\/hello-suns.com\/de\/produkte\/sorolo-tische\/\",\"name\":\"Entdecken Sie Sorolo Tisch | SUNS Outdoor Lifestyle\",\"isPartOf\":{\"@id\":\"https:\/\/hello-suns.com\/de\/#website\"},\"primaryImageOfPage\":{\"@id\":\"https:\/\/hello-suns.com\/de\/produkte\/sorolo-tische\/#primaryimage\"},\"image\":{\"@id\":\"https:\/\/hello-suns.com\/de\/produkte\/sorolo-tische\/#primaryimage\"},\"thumbnailUrl\":\"https:\/\/hello-suns.com\/app\/uploads\/2025\/01\/01_Sorolo-SUNS-Round-diningtable-TK-NW-Free-23-1-2500-pix.png\",\"datePublished\":\"2025-01-15T14:18:05+00:00\",\"dateModified\":\"2026-03-03T16:14:42+00:00\",\"description\":\"Suchen Sie einen stilvollen Sorolo-Tisch? SUNS bietet langlebige Tische mit modernem Design, ideal f\u00fcr die Gestaltung eines eleganten Au\u00dfenbereichs.\",\"breadcrumb\":{\"@id\":\"https:\/\/hello-suns.com\/de\/produkte\/sorolo-tische\/#breadcrumb\"},\"inLanguage\":\"de-DE\",\"potentialAction\":[{\"@type\":\"ReadAction\",\"target\":[\"https:\/\/hello-suns.com\/de\/produkte\/sorolo-tische\/\"]}]},{\"@type\":\"ImageObject\",\"inLanguage\":\"de-DE\",\"@id\":\"https:\/\/hello-suns.com\/de\/produkte\/sorolo-tische\/#primaryimage\",\"url\":\"https:\/\/hello-suns.com\/app\/uploads\/2025\/01\/01_Sorolo-SUNS-Round-diningtable-TK-NW-Free-23-1-2500-pix.png\",\"contentUrl\":\"https:\/\/hello-suns.com\/app\/uploads\/2025\/01\/01_Sorolo-SUNS-Round-diningtable-TK-NW-Free-23-1-2500-pix.png\",\"width\":2500,\"height\":1667},{\"@type\":\"BreadcrumbList\",\"@id\":\"https:\/\/hello-suns.com\/de\/produkte\/sorolo-tische\/#breadcrumb\",\"itemListElement\":[{\"@type\":\"ListItem\",\"position\":1,\"name\":\"\",\"item\":\"https:\/\/hello-suns.com\/de\/\"},{\"@type\":\"ListItem\",\"position\":2,\"name\":\"Produkte\",\"item\":\"https:\/\/hello-suns.com\/de\/produkte\/\"},{\"@type\":\"ListItem\",\"position\":3,\"name\":\"Sorolo\"}]},{\"@type\":\"WebSite\",\"@id\":\"https:\/\/hello-suns.com\/de\/#website\",\"url\":\"https:\/\/hello-suns.com\/de\/\",\"name\":\"SUNS\",\"description\":\"Outdoor Lifestyle\",\"potentialAction\":[{\"@type\":\"SearchAction\",\"target\":{\"@type\":\"EntryPoint\",\"urlTemplate\":\"https:\/\/hello-suns.com\/de\/?s={search_term_string}\"},\"query-input\":{\"@type\":\"PropertyValueSpecification\",\"valueRequired\":true,\"valueName\":\"search_term_string\"}}],\"inLanguage\":\"de-DE\"}]}<\/script>\n<!-- \/ Yoast SEO plugin. -->","yoast_head_json":{"title":"Entdecken Sie Sorolo Tisch | SUNS Outdoor Lifestyle","description":"Suchen Sie einen stilvollen Sorolo-Tisch? SUNS bietet langlebige Tische mit modernem Design, ideal f\u00fcr die Gestaltung eines eleganten Au\u00dfenbereichs.","robots":{"index":"index","follow":"follow","max-snippet":"max-snippet:-1","max-image-preview":"max-image-preview:large","max-video-preview":"max-video-preview:-1"},"canonical":"https:\/\/hello-suns.com\/de\/produkte\/sorolo-tische\/","og_locale":"de_DE","og_type":"article","og_title":"Entdecken Sie Sorolo Tisch | SUNS Outdoor Lifestyle","og_description":"Suchen Sie einen stilvollen Sorolo-Tisch? SUNS bietet langlebige Tische mit modernem Design, ideal f\u00fcr die Gestaltung eines eleganten Au\u00dfenbereichs.","og_url":"https:\/\/hello-suns.com\/de\/produkte\/sorolo-tische\/","og_site_name":"SUNS","article_modified_time":"2026-03-03T16:14:42+00:00","og_image":[{"width":2500,"height":1667,"url":"https:\/\/hello-suns.com\/app\/uploads\/2025\/01\/01_Sorolo-SUNS-Round-diningtable-TK-NW-Free-23-1-2500-pix.png","type":"image\/png"}],"twitter_card":"summary_large_image","twitter_misc":{"Est. reading time":"4 minutes"},"schema":{"@context":"https:\/\/schema.org","@graph":[{"@type":"WebPage","@id":"https:\/\/hello-suns.com\/de\/produkte\/sorolo-tische\/","url":"https:\/\/hello-suns.com\/de\/produkte\/sorolo-tische\/","name":"Entdecken Sie Sorolo Tisch | SUNS Outdoor Lifestyle","isPartOf":{"@id":"https:\/\/hello-suns.com\/de\/#website"},"primaryImageOfPage":{"@id":"https:\/\/hello-suns.com\/de\/produkte\/sorolo-tische\/#primaryimage"},"image":{"@id":"https:\/\/hello-suns.com\/de\/produkte\/sorolo-tische\/#primaryimage"},"thumbnailUrl":"https:\/\/hello-suns.com\/app\/uploads\/2025\/01\/01_Sorolo-SUNS-Round-diningtable-TK-NW-Free-23-1-2500-pix.png","datePublished":"2025-01-15T14:18:05+00:00","dateModified":"2026-03-03T16:14:42+00:00","description":"Suchen Sie einen stilvollen Sorolo-Tisch? SUNS bietet langlebige Tische mit modernem Design, ideal f\u00fcr die Gestaltung eines eleganten Au\u00dfenbereichs.","breadcrumb":{"@id":"https:\/\/hello-suns.com\/de\/produkte\/sorolo-tische\/#breadcrumb"},"inLanguage":"de-DE","potentialAction":[{"@type":"ReadAction","target":["https:\/\/hello-suns.com\/de\/produkte\/sorolo-tische\/"]}]},{"@type":"ImageObject","inLanguage":"de-DE","@id":"https:\/\/hello-suns.com\/de\/produkte\/sorolo-tische\/#primaryimage","url":"https:\/\/hello-suns.com\/app\/uploads\/2025\/01\/01_Sorolo-SUNS-Round-diningtable-TK-NW-Free-23-1-2500-pix.png","contentUrl":"https:\/\/hello-suns.com\/app\/uploads\/2025\/01\/01_Sorolo-SUNS-Round-diningtable-TK-NW-Free-23-1-2500-pix.png","width":2500,"height":1667},{"@type":"BreadcrumbList","@id":"https:\/\/hello-suns.com\/de\/produkte\/sorolo-tische\/#breadcrumb","itemListElement":[{"@type":"ListItem","position":1,"name":"","item":"https:\/\/hello-suns.com\/de\/"},{"@type":"ListItem","position":2,"name":"Produkte","item":"https:\/\/hello-suns.com\/de\/produkte\/"},{"@type":"ListItem","position":3,"name":"Sorolo"}]},{"@type":"WebSite","@id":"https:\/\/hello-suns.com\/de\/#website","url":"https:\/\/hello-suns.com\/de\/","name":"SUNS","description":"Outdoor Lifestyle","potentialAction":[{"@type":"SearchAction","target":{"@type":"EntryPoint","urlTemplate":"https:\/\/hello-suns.com\/de\/?s={search_term_string}"},"query-input":{"@type":"PropertyValueSpecification","valueRequired":true,"valueName":"search_term_string"}}],"inLanguage":"de-DE"}]}},"_links":{"self":[{"href":"https:\/\/hello-suns.com\/de\/wp-json\/wp\/v2\/product\/13066","targetHints":{"allow":["GET"]}}],"collection":[{"href":"https:\/\/hello-suns.com\/de\/wp-json\/wp\/v2\/product"}],"about":[{"href":"https:\/\/hello-suns.com\/de\/wp-json\/wp\/v2\/types\/product"}],"replies":[{"embeddable":true,"href":"https:\/\/hello-suns.com\/de\/wp-json\/wp\/v2\/comments?post=13066"}],"wp:featuredmedia":[{"embeddable":true,"href":"https:\/\/hello-suns.com\/de\/wp-json\/wp\/v2\/media\/13077"}],"wp:attachment":[{"href":"https:\/\/hello-suns.com\/de\/wp-json\/wp\/v2\/media?parent=13066"}],"wp:term":[{"taxonomy":"product_brand","embeddable":true,"href":"https:\/\/hello-suns.com\/de\/wp-json\/wp\/v2\/product_brand?post=13066"},{"taxonomy":"product_cat","embeddable":true,"href":"https:\/\/hello-suns.com\/de\/wp-json\/wp\/v2\/product_cat?post=13066"},{"taxonomy":"product_tag","embeddable":true,"href":"https:\/\/hello-suns.com\/de\/wp-json\/wp\/v2\/product_tag?post=13066"},{"taxonomy":"material","embeddable":true,"href":"https:\/\/hello-suns.com\/de\/wp-json\/wp\/v2\/material?post=13066"}],"curies":[{"name":"wp","href":"https:\/\/api.w.org\/{rel}","templated":true}]}}