{"id":13036,"date":"2025-01-15T14:40:12","date_gmt":"2025-01-15T13:40:12","guid":{"rendered":"https:\/\/hello-suns.com\/producten\/tom\/"},"modified":"2026-02-12T09:01:35","modified_gmt":"2026-02-12T08:01:35","slug":"tom-lampen","status":"publish","type":"product","link":"https:\/\/hello-suns.com\/de\/produkte\/tom-lampen\/","title":{"rendered":"Tom"},"content":{"rendered":"<h2 style=\"font-weight: 400;\"><span class=\"TextRun SCXW236331166 BCX0\" lang=\"NL-NL\" xml:lang=\"NL-NL\" data-contrast=\"auto\"><span class=\"NormalTextRun SCXW236331166 BCX0\">Entdecken Sie die Nuancen<\/span><\/span><\/h2>\n<p><span class=\"TextRun SCXW98686682 BCX0\" lang=\"NL-NL\" xml:lang=\"NL-NL\" data-contrast=\"auto\"><span class=\"NormalTextRun SCXW98686682 BCX0\">Licht ist Emotion. Entdecken Sie die Nuancen und sp\u00fcren Sie, was das Umgebungslicht mit Ihnen macht. <\/span><\/span><\/p>\n","protected":false},"excerpt":{"rendered":"<h3><span class=\"TextRun SCXW263748667 BCX0\" lang=\"NL-NL\" xml:lang=\"NL-NL\" data-contrast=\"auto\"><span class=\"NormalTextRun SCXW263748667 BCX0\">Kabelloses Design<\/span><\/span><\/h3>\n<p><span data-contrast=\"none\">Die Au\u00dfenlampe SUNS Tom wei\u00df, was Sie nachts brauchen: stimmungsvolles Licht. Deshalb ist Tom in 3 verschiedene Positionen schaltbar und Sie k\u00f6nnen ihn einfach dort platzieren, wo Sie ihn brauchen. Auf dem Boden, auf einem Tisch oder einem Outdoor-Schrank. <\/span><span data-contrast=\"none\">Wie die anderen Lampen der Kollektion bezieht auch Tom seine Energie aus der Sonne und spendet bis zu 18 Stunden Licht. SUNS Tom kann auch an dunklen Tagen \u00fcber das mitgelieferte USB-C-Kabel aufgeladen werden. Das Lampen-\/Solarmodul ist auch separat erh\u00e4ltlich. <\/span><span data-contrast=\"none\">Dank der hochwertigen Materialien ist Tom wetterfest und in 2 Gr\u00f6\u00dfen und 2 Farben erh\u00e4ltlich. Mit dieser Au\u00dfenlampe und den anderen Lampen aus der SUNS-Kollektion ben\u00f6tigen Sie keinen Stromanschluss mehr im Garten. So k\u00f6nnen Sie v\u00f6llig kabellos die ideale Beleuchtung f\u00fcr Ihren Garten und Ihre Terrasse schaffen. <\/span><\/p>\n<p><b><span data-contrast=\"none\">Lichtintensit\u00e4t und Brenndauer<\/span><\/b><br \/>\n<span data-contrast=\"none\">Drei Schaltpositionen: 30% | 50% | 100% Lichtintensit\u00e4t<\/span><br \/>\n<span data-contrast=\"none\">Kann auch automatisch umschalten.<\/span><\/p>\n<p><span data-contrast=\"none\">Brenndauer nach 5 Stunden Laden in direktem Sonnenlicht:<\/span><br \/>\n<span data-contrast=\"none\">Einstellung 1 &#8211; Lichtintensit\u00e4t 30% | 10 Stunden<\/span><br \/>\n<span data-contrast=\"none\">Einstellung 2 &#8211; Lichtintensit\u00e4t 50% | 8 Stunden<\/span><br \/>\n<span data-contrast=\"none\">Einstellung 3 &#8211; Lichtintensit\u00e4t 100% | 5 Stunden<\/span><\/p>\n<p><span data-contrast=\"none\">Brenndauer: Stunden nach vollst\u00e4ndigem Aufladen mit dem USB-C-Kabel:<\/span><br \/>\n<span data-contrast=\"none\">Einstellung 1 &#8211; Lichtintensit\u00e4t 30% | 18 Stunden<\/span><br \/>\n<span data-contrast=\"none\">Einstellung 2 &#8211; Lichtintensit\u00e4t 50% | 12 Stunden<\/span><br \/>\n<span data-contrast=\"none\">Einstellung 3 &#8211; Lichtintensit\u00e4t 100% | 7 Stunden<\/span><\/p>\n<p>&nbsp;<\/p>\n","protected":false},"featured_media":13040,"comment_status":"closed","ping_status":"closed","template":"","meta":{"_acf_changed":false},"product_brand":[],"product_cat":[626,638],"product_tag":[],"material":[],"class_list":{"0":"post-13036","1":"product","2":"type-product","3":"status-publish","4":"has-post-thumbnail","6":"product_cat-styling-de","7":"product_cat-lampen-de","9":"first","10":"instock","11":"shipping-taxable","12":"product-type-simple"},"acf":[],"yoast_head":"<!-- This site is optimized with the Yoast SEO plugin v26.8 - https:\/\/yoast.com\/product\/yoast-seo-wordpress\/ -->\n<title>Entdecken Sie Tom Outdoor Lampe | SUNS Outdoor Lifestyle<\/title>\n<meta name=\"description\" content=\"Suchen Sie nach einer stilvollen Tom-Au\u00dfenlampe? SUNS bietet stimmungsvolle Lampen mit modernem Design und langlebigen Materialien, perfekt f\u00fcr Ihren Au\u00dfenbereich.\" \/>\n<meta name=\"robots\" content=\"index, follow, max-snippet:-1, max-image-preview:large, max-video-preview:-1\" \/>\n<link rel=\"canonical\" href=\"https:\/\/hello-suns.com\/de\/produkte\/tom-lampen\/\" \/>\n<meta property=\"og:locale\" content=\"de_DE\" \/>\n<meta property=\"og:type\" content=\"article\" \/>\n<meta property=\"og:title\" content=\"Entdecken Sie Tom Outdoor Lampe | SUNS Outdoor Lifestyle\" \/>\n<meta property=\"og:description\" content=\"Suchen Sie nach einer stilvollen Tom-Au\u00dfenlampe? SUNS bietet stimmungsvolle Lampen mit modernem Design und langlebigen Materialien, perfekt f\u00fcr Ihren Au\u00dfenbereich.\" \/>\n<meta property=\"og:url\" content=\"https:\/\/hello-suns.com\/de\/produkte\/tom-lampen\/\" \/>\n<meta property=\"og:site_name\" content=\"SUNS\" \/>\n<meta property=\"article:modified_time\" content=\"2026-02-12T08:01:35+00:00\" \/>\n<meta property=\"og:image\" content=\"https:\/\/hello-suns.com\/app\/uploads\/2025\/01\/Tom-SUNS-Solarlight-TK-SB-M-S-Free-23-1_TBG_Diptych.png\" \/>\n\t<meta property=\"og:image:width\" content=\"2500\" \/>\n\t<meta property=\"og:image:height\" content=\"1667\" \/>\n\t<meta property=\"og:image:type\" content=\"image\/png\" \/>\n<meta name=\"twitter:card\" content=\"summary_large_image\" \/>\n<meta name=\"twitter:label1\" content=\"Est. reading time\" \/>\n\t<meta name=\"twitter:data1\" content=\"2 minutes\" \/>\n<script type=\"application\/ld+json\" class=\"yoast-schema-graph\">{\"@context\":\"https:\/\/schema.org\",\"@graph\":[{\"@type\":\"WebPage\",\"@id\":\"https:\/\/hello-suns.com\/de\/produkte\/tom-lampen\/\",\"url\":\"https:\/\/hello-suns.com\/de\/produkte\/tom-lampen\/\",\"name\":\"Entdecken Sie Tom Outdoor Lampe | SUNS Outdoor Lifestyle\",\"isPartOf\":{\"@id\":\"https:\/\/hello-suns.com\/de\/#website\"},\"primaryImageOfPage\":{\"@id\":\"https:\/\/hello-suns.com\/de\/produkte\/tom-lampen\/#primaryimage\"},\"image\":{\"@id\":\"https:\/\/hello-suns.com\/de\/produkte\/tom-lampen\/#primaryimage\"},\"thumbnailUrl\":\"https:\/\/hello-suns.com\/app\/uploads\/2025\/01\/Tom-SUNS-Solarlight-TK-SB-M-S-Free-23-1_TBG_Diptych.png\",\"datePublished\":\"2025-01-15T13:40:12+00:00\",\"dateModified\":\"2026-02-12T08:01:35+00:00\",\"description\":\"Suchen Sie nach einer stilvollen Tom-Au\u00dfenlampe? SUNS bietet stimmungsvolle Lampen mit modernem Design und langlebigen Materialien, perfekt f\u00fcr Ihren Au\u00dfenbereich.\",\"breadcrumb\":{\"@id\":\"https:\/\/hello-suns.com\/de\/produkte\/tom-lampen\/#breadcrumb\"},\"inLanguage\":\"de-DE\",\"potentialAction\":[{\"@type\":\"ReadAction\",\"target\":[\"https:\/\/hello-suns.com\/de\/produkte\/tom-lampen\/\"]}]},{\"@type\":\"ImageObject\",\"inLanguage\":\"de-DE\",\"@id\":\"https:\/\/hello-suns.com\/de\/produkte\/tom-lampen\/#primaryimage\",\"url\":\"https:\/\/hello-suns.com\/app\/uploads\/2025\/01\/Tom-SUNS-Solarlight-TK-SB-M-S-Free-23-1_TBG_Diptych.png\",\"contentUrl\":\"https:\/\/hello-suns.com\/app\/uploads\/2025\/01\/Tom-SUNS-Solarlight-TK-SB-M-S-Free-23-1_TBG_Diptych.png\",\"width\":2500,\"height\":1667},{\"@type\":\"BreadcrumbList\",\"@id\":\"https:\/\/hello-suns.com\/de\/produkte\/tom-lampen\/#breadcrumb\",\"itemListElement\":[{\"@type\":\"ListItem\",\"position\":1,\"name\":\"\",\"item\":\"https:\/\/hello-suns.com\/de\/\"},{\"@type\":\"ListItem\",\"position\":2,\"name\":\"Produkte\",\"item\":\"https:\/\/hello-suns.com\/de\/produkte\/\"},{\"@type\":\"ListItem\",\"position\":3,\"name\":\"Tom\"}]},{\"@type\":\"WebSite\",\"@id\":\"https:\/\/hello-suns.com\/de\/#website\",\"url\":\"https:\/\/hello-suns.com\/de\/\",\"name\":\"SUNS\",\"description\":\"Outdoor Lifestyle\",\"potentialAction\":[{\"@type\":\"SearchAction\",\"target\":{\"@type\":\"EntryPoint\",\"urlTemplate\":\"https:\/\/hello-suns.com\/de\/?s={search_term_string}\"},\"query-input\":{\"@type\":\"PropertyValueSpecification\",\"valueRequired\":true,\"valueName\":\"search_term_string\"}}],\"inLanguage\":\"de-DE\"}]}<\/script>\n<!-- \/ Yoast SEO plugin. -->","yoast_head_json":{"title":"Entdecken Sie Tom Outdoor Lampe | SUNS Outdoor Lifestyle","description":"Suchen Sie nach einer stilvollen Tom-Au\u00dfenlampe? SUNS bietet stimmungsvolle Lampen mit modernem Design und langlebigen Materialien, perfekt f\u00fcr Ihren Au\u00dfenbereich.","robots":{"index":"index","follow":"follow","max-snippet":"max-snippet:-1","max-image-preview":"max-image-preview:large","max-video-preview":"max-video-preview:-1"},"canonical":"https:\/\/hello-suns.com\/de\/produkte\/tom-lampen\/","og_locale":"de_DE","og_type":"article","og_title":"Entdecken Sie Tom Outdoor Lampe | SUNS Outdoor Lifestyle","og_description":"Suchen Sie nach einer stilvollen Tom-Au\u00dfenlampe? SUNS bietet stimmungsvolle Lampen mit modernem Design und langlebigen Materialien, perfekt f\u00fcr Ihren Au\u00dfenbereich.","og_url":"https:\/\/hello-suns.com\/de\/produkte\/tom-lampen\/","og_site_name":"SUNS","article_modified_time":"2026-02-12T08:01:35+00:00","og_image":[{"width":2500,"height":1667,"url":"https:\/\/hello-suns.com\/app\/uploads\/2025\/01\/Tom-SUNS-Solarlight-TK-SB-M-S-Free-23-1_TBG_Diptych.png","type":"image\/png"}],"twitter_card":"summary_large_image","twitter_misc":{"Est. reading time":"2 minutes"},"schema":{"@context":"https:\/\/schema.org","@graph":[{"@type":"WebPage","@id":"https:\/\/hello-suns.com\/de\/produkte\/tom-lampen\/","url":"https:\/\/hello-suns.com\/de\/produkte\/tom-lampen\/","name":"Entdecken Sie Tom Outdoor Lampe | SUNS Outdoor Lifestyle","isPartOf":{"@id":"https:\/\/hello-suns.com\/de\/#website"},"primaryImageOfPage":{"@id":"https:\/\/hello-suns.com\/de\/produkte\/tom-lampen\/#primaryimage"},"image":{"@id":"https:\/\/hello-suns.com\/de\/produkte\/tom-lampen\/#primaryimage"},"thumbnailUrl":"https:\/\/hello-suns.com\/app\/uploads\/2025\/01\/Tom-SUNS-Solarlight-TK-SB-M-S-Free-23-1_TBG_Diptych.png","datePublished":"2025-01-15T13:40:12+00:00","dateModified":"2026-02-12T08:01:35+00:00","description":"Suchen Sie nach einer stilvollen Tom-Au\u00dfenlampe? SUNS bietet stimmungsvolle Lampen mit modernem Design und langlebigen Materialien, perfekt f\u00fcr Ihren Au\u00dfenbereich.","breadcrumb":{"@id":"https:\/\/hello-suns.com\/de\/produkte\/tom-lampen\/#breadcrumb"},"inLanguage":"de-DE","potentialAction":[{"@type":"ReadAction","target":["https:\/\/hello-suns.com\/de\/produkte\/tom-lampen\/"]}]},{"@type":"ImageObject","inLanguage":"de-DE","@id":"https:\/\/hello-suns.com\/de\/produkte\/tom-lampen\/#primaryimage","url":"https:\/\/hello-suns.com\/app\/uploads\/2025\/01\/Tom-SUNS-Solarlight-TK-SB-M-S-Free-23-1_TBG_Diptych.png","contentUrl":"https:\/\/hello-suns.com\/app\/uploads\/2025\/01\/Tom-SUNS-Solarlight-TK-SB-M-S-Free-23-1_TBG_Diptych.png","width":2500,"height":1667},{"@type":"BreadcrumbList","@id":"https:\/\/hello-suns.com\/de\/produkte\/tom-lampen\/#breadcrumb","itemListElement":[{"@type":"ListItem","position":1,"name":"","item":"https:\/\/hello-suns.com\/de\/"},{"@type":"ListItem","position":2,"name":"Produkte","item":"https:\/\/hello-suns.com\/de\/produkte\/"},{"@type":"ListItem","position":3,"name":"Tom"}]},{"@type":"WebSite","@id":"https:\/\/hello-suns.com\/de\/#website","url":"https:\/\/hello-suns.com\/de\/","name":"SUNS","description":"Outdoor Lifestyle","potentialAction":[{"@type":"SearchAction","target":{"@type":"EntryPoint","urlTemplate":"https:\/\/hello-suns.com\/de\/?s={search_term_string}"},"query-input":{"@type":"PropertyValueSpecification","valueRequired":true,"valueName":"search_term_string"}}],"inLanguage":"de-DE"}]}},"_links":{"self":[{"href":"https:\/\/hello-suns.com\/de\/wp-json\/wp\/v2\/product\/13036","targetHints":{"allow":["GET"]}}],"collection":[{"href":"https:\/\/hello-suns.com\/de\/wp-json\/wp\/v2\/product"}],"about":[{"href":"https:\/\/hello-suns.com\/de\/wp-json\/wp\/v2\/types\/product"}],"replies":[{"embeddable":true,"href":"https:\/\/hello-suns.com\/de\/wp-json\/wp\/v2\/comments?post=13036"}],"wp:featuredmedia":[{"embeddable":true,"href":"https:\/\/hello-suns.com\/de\/wp-json\/wp\/v2\/media\/13040"}],"wp:attachment":[{"href":"https:\/\/hello-suns.com\/de\/wp-json\/wp\/v2\/media?parent=13036"}],"wp:term":[{"taxonomy":"product_brand","embeddable":true,"href":"https:\/\/hello-suns.com\/de\/wp-json\/wp\/v2\/product_brand?post=13036"},{"taxonomy":"product_cat","embeddable":true,"href":"https:\/\/hello-suns.com\/de\/wp-json\/wp\/v2\/product_cat?post=13036"},{"taxonomy":"product_tag","embeddable":true,"href":"https:\/\/hello-suns.com\/de\/wp-json\/wp\/v2\/product_tag?post=13036"},{"taxonomy":"material","embeddable":true,"href":"https:\/\/hello-suns.com\/de\/wp-json\/wp\/v2\/material?post=13036"}],"curies":[{"name":"wp","href":"https:\/\/api.w.org\/{rel}","templated":true}]}}