{"id":13027,"date":"2025-01-15T15:37:42","date_gmt":"2025-01-15T15:37:42","guid":{"rendered":"https:\/\/hello-suns.com\/producten\/tomar\/"},"modified":"2025-06-03T11:45:31","modified_gmt":"2025-06-03T11:45:31","slug":"tomar-tische","status":"publish","type":"product","link":"https:\/\/hello-suns.com\/de\/produkte\/tomar-tische\/","title":{"rendered":"Tomar"},"content":{"rendered":"<h2 style=\"font-weight: 400;\">Hartn\u00e4ckig und robust<\/h2>\n<p style=\"font-weight: 400;\">Tomar ist ein robuster Teakholztisch mit einer eigenwilligen, schr\u00e4gen Basis. Die passende Bank bietet flexible Sitzgelegenheiten. Genie\u00dfen Sie wunderbare Momente im Freien mit Ihren Tischg\u00e4sten.<\/p>\n","protected":false},"excerpt":{"rendered":"<h3 style=\"font-weight: 400;\">Elegante Terrassenkombination mit flexiblen Sitzgelegenheiten<\/h3>\n<p style=\"font-weight: 400;\">Tomar ist ein Tisch f\u00fcr G\u00e4ste. Dank seiner gro\u00dfz\u00fcgigen Abmessungen haben Sie genug Platz f\u00fcr ein sch\u00f6nes Sommerabendessen mit Freunden oder der Familie. Die Bank im gleichen Stil macht es einfach, zus\u00e4tzliche Sitzgelegenheiten zu schaffen. <span style=\"font-weight: 400;\">Das Gestell mit den eigenwillig abgewinkelten Beinen ist aus hochwertigem Industriealuminium gefertigt. Dies verleiht dem Tisch eine solide Basis. Die Tischplatte besteht aus Teakholz, einem starken, witterungsbest\u00e4ndigen Holz mit einer langen Lebensdauer. Tomar l\u00e4sst sich in Bezug auf Farben und Materialien perfekt mit verschiedenen St\u00fchlen aus den SUNS-Kollektionen kombinieren. <\/span><\/p>\n","protected":false},"featured_media":13034,"comment_status":"closed","ping_status":"closed","template":"","meta":{"_acf_changed":false},"product_brand":[],"product_cat":[637],"product_tag":[],"material":[],"class_list":{"0":"post-13027","1":"product","2":"type-product","3":"status-publish","4":"has-post-thumbnail","6":"product_cat-tische","8":"first","9":"instock","10":"shipping-taxable","11":"product-type-simple"},"acf":[],"yoast_head":"<!-- This site is optimized with the Yoast SEO plugin v26.8 - https:\/\/yoast.com\/product\/yoast-seo-wordpress\/ -->\n<title>Gartentisch Tomar | SUNS Outdoor Lifestyle<\/title>\n<meta name=\"description\" content=\"Suchen Sie den perfekten Tisch f\u00fcr drau\u00dfen? Entdecken Sie Gartentisch Tomar von SUNS Gartenm\u00f6bel und finden Sie einen H\u00e4ndler in Ihrer N\u00e4he.\" \/>\n<meta name=\"robots\" content=\"index, follow, max-snippet:-1, max-image-preview:large, max-video-preview:-1\" \/>\n<link rel=\"canonical\" href=\"https:\/\/hello-suns.com\/de\/produkte\/tomar-tische\/\" \/>\n<meta property=\"og:locale\" content=\"de_DE\" \/>\n<meta property=\"og:type\" content=\"article\" \/>\n<meta property=\"og:title\" content=\"Gartentisch Tomar | SUNS Outdoor Lifestyle\" \/>\n<meta property=\"og:description\" content=\"Suchen Sie den perfekten Tisch f\u00fcr drau\u00dfen? Entdecken Sie Gartentisch Tomar von SUNS Gartenm\u00f6bel und finden Sie einen H\u00e4ndler in Ihrer N\u00e4he.\" \/>\n<meta property=\"og:url\" content=\"https:\/\/hello-suns.com\/de\/produkte\/tomar-tische\/\" \/>\n<meta property=\"og:site_name\" content=\"SUNS\" \/>\n<meta property=\"article:modified_time\" content=\"2025-06-03T11:45:31+00:00\" \/>\n<meta property=\"og:image\" content=\"https:\/\/hello-suns.com\/app\/uploads\/2025\/01\/01_Diningtable_SUNS_Tomar_mrg-1.png\" \/>\n\t<meta property=\"og:image:width\" content=\"2500\" \/>\n\t<meta property=\"og:image:height\" content=\"1667\" \/>\n\t<meta property=\"og:image:type\" content=\"image\/png\" \/>\n<meta name=\"twitter:card\" content=\"summary_large_image\" \/>\n<meta name=\"twitter:label1\" content=\"Est. reading time\" \/>\n\t<meta name=\"twitter:data1\" content=\"3 minutes\" \/>\n<script type=\"application\/ld+json\" class=\"yoast-schema-graph\">{\"@context\":\"https:\/\/schema.org\",\"@graph\":[{\"@type\":\"WebPage\",\"@id\":\"https:\/\/hello-suns.com\/de\/produkte\/tomar-tische\/\",\"url\":\"https:\/\/hello-suns.com\/de\/produkte\/tomar-tische\/\",\"name\":\"Gartentisch Tomar | SUNS Outdoor Lifestyle\",\"isPartOf\":{\"@id\":\"https:\/\/hello-suns.com\/de\/#website\"},\"primaryImageOfPage\":{\"@id\":\"https:\/\/hello-suns.com\/de\/produkte\/tomar-tische\/#primaryimage\"},\"image\":{\"@id\":\"https:\/\/hello-suns.com\/de\/produkte\/tomar-tische\/#primaryimage\"},\"thumbnailUrl\":\"https:\/\/hello-suns.com\/app\/uploads\/2025\/01\/01_Diningtable_SUNS_Tomar_mrg-1.png\",\"datePublished\":\"2025-01-15T15:37:42+00:00\",\"dateModified\":\"2025-06-03T11:45:31+00:00\",\"description\":\"Suchen Sie den perfekten Tisch f\u00fcr drau\u00dfen? Entdecken Sie Gartentisch Tomar von SUNS Gartenm\u00f6bel und finden Sie einen H\u00e4ndler in Ihrer N\u00e4he.\",\"breadcrumb\":{\"@id\":\"https:\/\/hello-suns.com\/de\/produkte\/tomar-tische\/#breadcrumb\"},\"inLanguage\":\"de-DE\",\"potentialAction\":[{\"@type\":\"ReadAction\",\"target\":[\"https:\/\/hello-suns.com\/de\/produkte\/tomar-tische\/\"]}]},{\"@type\":\"ImageObject\",\"inLanguage\":\"de-DE\",\"@id\":\"https:\/\/hello-suns.com\/de\/produkte\/tomar-tische\/#primaryimage\",\"url\":\"https:\/\/hello-suns.com\/app\/uploads\/2025\/01\/01_Diningtable_SUNS_Tomar_mrg-1.png\",\"contentUrl\":\"https:\/\/hello-suns.com\/app\/uploads\/2025\/01\/01_Diningtable_SUNS_Tomar_mrg-1.png\",\"width\":2500,\"height\":1667},{\"@type\":\"BreadcrumbList\",\"@id\":\"https:\/\/hello-suns.com\/de\/produkte\/tomar-tische\/#breadcrumb\",\"itemListElement\":[{\"@type\":\"ListItem\",\"position\":1,\"name\":\"\",\"item\":\"https:\/\/hello-suns.com\/de\/\"},{\"@type\":\"ListItem\",\"position\":2,\"name\":\"Produkte\",\"item\":\"https:\/\/hello-suns.com\/de\/produkte\/\"},{\"@type\":\"ListItem\",\"position\":3,\"name\":\"Tomar\"}]},{\"@type\":\"WebSite\",\"@id\":\"https:\/\/hello-suns.com\/de\/#website\",\"url\":\"https:\/\/hello-suns.com\/de\/\",\"name\":\"SUNS\",\"description\":\"Outdoor Lifestyle\",\"potentialAction\":[{\"@type\":\"SearchAction\",\"target\":{\"@type\":\"EntryPoint\",\"urlTemplate\":\"https:\/\/hello-suns.com\/de\/?s={search_term_string}\"},\"query-input\":{\"@type\":\"PropertyValueSpecification\",\"valueRequired\":true,\"valueName\":\"search_term_string\"}}],\"inLanguage\":\"de-DE\"}]}<\/script>\n<!-- \/ Yoast SEO plugin. -->","yoast_head_json":{"title":"Gartentisch Tomar | SUNS Outdoor Lifestyle","description":"Suchen Sie den perfekten Tisch f\u00fcr drau\u00dfen? Entdecken Sie Gartentisch Tomar von SUNS Gartenm\u00f6bel und finden Sie einen H\u00e4ndler in Ihrer N\u00e4he.","robots":{"index":"index","follow":"follow","max-snippet":"max-snippet:-1","max-image-preview":"max-image-preview:large","max-video-preview":"max-video-preview:-1"},"canonical":"https:\/\/hello-suns.com\/de\/produkte\/tomar-tische\/","og_locale":"de_DE","og_type":"article","og_title":"Gartentisch Tomar | SUNS Outdoor Lifestyle","og_description":"Suchen Sie den perfekten Tisch f\u00fcr drau\u00dfen? Entdecken Sie Gartentisch Tomar von SUNS Gartenm\u00f6bel und finden Sie einen H\u00e4ndler in Ihrer N\u00e4he.","og_url":"https:\/\/hello-suns.com\/de\/produkte\/tomar-tische\/","og_site_name":"SUNS","article_modified_time":"2025-06-03T11:45:31+00:00","og_image":[{"width":2500,"height":1667,"url":"https:\/\/hello-suns.com\/app\/uploads\/2025\/01\/01_Diningtable_SUNS_Tomar_mrg-1.png","type":"image\/png"}],"twitter_card":"summary_large_image","twitter_misc":{"Est. reading time":"3 minutes"},"schema":{"@context":"https:\/\/schema.org","@graph":[{"@type":"WebPage","@id":"https:\/\/hello-suns.com\/de\/produkte\/tomar-tische\/","url":"https:\/\/hello-suns.com\/de\/produkte\/tomar-tische\/","name":"Gartentisch Tomar | SUNS Outdoor Lifestyle","isPartOf":{"@id":"https:\/\/hello-suns.com\/de\/#website"},"primaryImageOfPage":{"@id":"https:\/\/hello-suns.com\/de\/produkte\/tomar-tische\/#primaryimage"},"image":{"@id":"https:\/\/hello-suns.com\/de\/produkte\/tomar-tische\/#primaryimage"},"thumbnailUrl":"https:\/\/hello-suns.com\/app\/uploads\/2025\/01\/01_Diningtable_SUNS_Tomar_mrg-1.png","datePublished":"2025-01-15T15:37:42+00:00","dateModified":"2025-06-03T11:45:31+00:00","description":"Suchen Sie den perfekten Tisch f\u00fcr drau\u00dfen? Entdecken Sie Gartentisch Tomar von SUNS Gartenm\u00f6bel und finden Sie einen H\u00e4ndler in Ihrer N\u00e4he.","breadcrumb":{"@id":"https:\/\/hello-suns.com\/de\/produkte\/tomar-tische\/#breadcrumb"},"inLanguage":"de-DE","potentialAction":[{"@type":"ReadAction","target":["https:\/\/hello-suns.com\/de\/produkte\/tomar-tische\/"]}]},{"@type":"ImageObject","inLanguage":"de-DE","@id":"https:\/\/hello-suns.com\/de\/produkte\/tomar-tische\/#primaryimage","url":"https:\/\/hello-suns.com\/app\/uploads\/2025\/01\/01_Diningtable_SUNS_Tomar_mrg-1.png","contentUrl":"https:\/\/hello-suns.com\/app\/uploads\/2025\/01\/01_Diningtable_SUNS_Tomar_mrg-1.png","width":2500,"height":1667},{"@type":"BreadcrumbList","@id":"https:\/\/hello-suns.com\/de\/produkte\/tomar-tische\/#breadcrumb","itemListElement":[{"@type":"ListItem","position":1,"name":"","item":"https:\/\/hello-suns.com\/de\/"},{"@type":"ListItem","position":2,"name":"Produkte","item":"https:\/\/hello-suns.com\/de\/produkte\/"},{"@type":"ListItem","position":3,"name":"Tomar"}]},{"@type":"WebSite","@id":"https:\/\/hello-suns.com\/de\/#website","url":"https:\/\/hello-suns.com\/de\/","name":"SUNS","description":"Outdoor Lifestyle","potentialAction":[{"@type":"SearchAction","target":{"@type":"EntryPoint","urlTemplate":"https:\/\/hello-suns.com\/de\/?s={search_term_string}"},"query-input":{"@type":"PropertyValueSpecification","valueRequired":true,"valueName":"search_term_string"}}],"inLanguage":"de-DE"}]}},"_links":{"self":[{"href":"https:\/\/hello-suns.com\/de\/wp-json\/wp\/v2\/product\/13027","targetHints":{"allow":["GET"]}}],"collection":[{"href":"https:\/\/hello-suns.com\/de\/wp-json\/wp\/v2\/product"}],"about":[{"href":"https:\/\/hello-suns.com\/de\/wp-json\/wp\/v2\/types\/product"}],"replies":[{"embeddable":true,"href":"https:\/\/hello-suns.com\/de\/wp-json\/wp\/v2\/comments?post=13027"}],"wp:featuredmedia":[{"embeddable":true,"href":"https:\/\/hello-suns.com\/de\/wp-json\/wp\/v2\/media\/13034"}],"wp:attachment":[{"href":"https:\/\/hello-suns.com\/de\/wp-json\/wp\/v2\/media?parent=13027"}],"wp:term":[{"taxonomy":"product_brand","embeddable":true,"href":"https:\/\/hello-suns.com\/de\/wp-json\/wp\/v2\/product_brand?post=13027"},{"taxonomy":"product_cat","embeddable":true,"href":"https:\/\/hello-suns.com\/de\/wp-json\/wp\/v2\/product_cat?post=13027"},{"taxonomy":"product_tag","embeddable":true,"href":"https:\/\/hello-suns.com\/de\/wp-json\/wp\/v2\/product_tag?post=13027"},{"taxonomy":"material","embeddable":true,"href":"https:\/\/hello-suns.com\/de\/wp-json\/wp\/v2\/material?post=13027"}],"curies":[{"name":"wp","href":"https:\/\/api.w.org\/{rel}","templated":true}]}}