{"id":13010,"date":"2025-01-16T07:52:42","date_gmt":"2025-01-16T07:52:42","guid":{"rendered":"https:\/\/hello-suns.com\/producten\/anzio\/"},"modified":"2025-06-02T13:31:02","modified_gmt":"2025-06-02T13:31:02","slug":"anzio-stuehle","status":"publish","type":"product","link":"https:\/\/hello-suns.com\/de\/produkte\/anzio-stuehle\/","title":{"rendered":"Anzio"},"content":{"rendered":"<h2 style=\"font-weight: 400;\">Gemeinsam stilvoll speisen<\/h2>\n<p style=\"font-weight: 400;\">Der schlanke und subtil geformte Anzio Stuhl wird gerne an Ihrem Tisch Platz nehmen.<\/p>\n","protected":false},"excerpt":{"rendered":"<h3 style=\"font-weight: 400;\">Elegant und einladend<\/h3>\n<p style=\"font-weight: 400;\">Mit seinen klaren und flie\u00dfenden Linien verbindet der Stuhl Anzio sch\u00f6nes Design mit angenehmem Sitzkomfort. Seine Form, Konstruktion und die Verwendung von Materialien machen ihn ideal f\u00fcr lange Sommerabende. Anzio ist langlebig und kann das ganze Jahr \u00fcber im Freien stehen. Die Sitzfl\u00e4che ist zum Beispiel mit Fast Dry Foam bezogen, so dass sie nach einem Regenschauer schnell trocknet. Dieser Stuhl ist mit einem hochwertigen Stoff mit ausgezeichneten wetterfesten Eigenschaften ausgestattet.<\/p>\n<p style=\"font-weight: 400;\">Durch seine Farbgebung und die Verwendung von Materialien l\u00e4sst sich der Anzio Stuhl leicht mit verschiedenen Tischen aus den SUNS Kollektionen kombinieren.<\/p>\n","protected":false},"featured_media":13016,"comment_status":"closed","ping_status":"closed","template":"","meta":{"_acf_changed":false},"product_brand":[],"product_cat":[628],"product_tag":[],"material":[],"class_list":{"0":"post-13010","1":"product","2":"type-product","3":"status-publish","4":"has-post-thumbnail","6":"product_cat-stuhle","8":"first","9":"instock","10":"shipping-taxable","11":"product-type-simple"},"acf":[],"yoast_head":"<!-- This site is optimized with the Yoast SEO plugin v26.8 - https:\/\/yoast.com\/product\/yoast-seo-wordpress\/ -->\n<title>Anzio Stuhl | SUNS Outdoor Lifestyle<\/title>\n<meta name=\"description\" content=\"Suchen Sie einen stilvollen anzio Stuhl? SUNS bietet hochwertige anzio St\u00fchle, die Haltbarkeit und Design vereinen.\" \/>\n<meta name=\"robots\" content=\"index, follow, max-snippet:-1, max-image-preview:large, max-video-preview:-1\" \/>\n<link rel=\"canonical\" href=\"https:\/\/hello-suns.com\/de\/produkte\/anzio-stuehle\/\" \/>\n<meta property=\"og:locale\" content=\"de_DE\" \/>\n<meta property=\"og:type\" content=\"article\" \/>\n<meta property=\"og:title\" content=\"Anzio Stuhl | SUNS Outdoor Lifestyle\" \/>\n<meta property=\"og:description\" content=\"Suchen Sie einen stilvollen anzio Stuhl? SUNS bietet hochwertige anzio St\u00fchle, die Haltbarkeit und Design vereinen.\" \/>\n<meta property=\"og:url\" content=\"https:\/\/hello-suns.com\/de\/produkte\/anzio-stuehle\/\" \/>\n<meta property=\"og:site_name\" content=\"SUNS\" \/>\n<meta property=\"article:modified_time\" content=\"2025-06-02T13:31:02+00:00\" \/>\n<meta property=\"og:image\" content=\"https:\/\/hello-suns.com\/app\/uploads\/2025\/01\/01_Diningchair_anzio_MRG_Darksand_2500px-03.png\" \/>\n\t<meta property=\"og:image:width\" content=\"2500\" \/>\n\t<meta property=\"og:image:height\" content=\"1667\" \/>\n\t<meta property=\"og:image:type\" content=\"image\/png\" \/>\n<meta name=\"twitter:card\" content=\"summary_large_image\" \/>\n<meta name=\"twitter:label1\" content=\"Est. reading time\" \/>\n\t<meta name=\"twitter:data1\" content=\"2 minutes\" \/>\n<script type=\"application\/ld+json\" class=\"yoast-schema-graph\">{\"@context\":\"https:\/\/schema.org\",\"@graph\":[{\"@type\":\"WebPage\",\"@id\":\"https:\/\/hello-suns.com\/de\/produkte\/anzio-stuehle\/\",\"url\":\"https:\/\/hello-suns.com\/de\/produkte\/anzio-stuehle\/\",\"name\":\"Anzio Stuhl | SUNS Outdoor Lifestyle\",\"isPartOf\":{\"@id\":\"https:\/\/hello-suns.com\/de\/#website\"},\"primaryImageOfPage\":{\"@id\":\"https:\/\/hello-suns.com\/de\/produkte\/anzio-stuehle\/#primaryimage\"},\"image\":{\"@id\":\"https:\/\/hello-suns.com\/de\/produkte\/anzio-stuehle\/#primaryimage\"},\"thumbnailUrl\":\"https:\/\/hello-suns.com\/app\/uploads\/2025\/01\/01_Diningchair_anzio_MRG_Darksand_2500px-03.png\",\"datePublished\":\"2025-01-16T07:52:42+00:00\",\"dateModified\":\"2025-06-02T13:31:02+00:00\",\"description\":\"Suchen Sie einen stilvollen anzio Stuhl? SUNS bietet hochwertige anzio St\u00fchle, die Haltbarkeit und Design vereinen.\",\"breadcrumb\":{\"@id\":\"https:\/\/hello-suns.com\/de\/produkte\/anzio-stuehle\/#breadcrumb\"},\"inLanguage\":\"de-DE\",\"potentialAction\":[{\"@type\":\"ReadAction\",\"target\":[\"https:\/\/hello-suns.com\/de\/produkte\/anzio-stuehle\/\"]}]},{\"@type\":\"ImageObject\",\"inLanguage\":\"de-DE\",\"@id\":\"https:\/\/hello-suns.com\/de\/produkte\/anzio-stuehle\/#primaryimage\",\"url\":\"https:\/\/hello-suns.com\/app\/uploads\/2025\/01\/01_Diningchair_anzio_MRG_Darksand_2500px-03.png\",\"contentUrl\":\"https:\/\/hello-suns.com\/app\/uploads\/2025\/01\/01_Diningchair_anzio_MRG_Darksand_2500px-03.png\",\"width\":2500,\"height\":1667},{\"@type\":\"BreadcrumbList\",\"@id\":\"https:\/\/hello-suns.com\/de\/produkte\/anzio-stuehle\/#breadcrumb\",\"itemListElement\":[{\"@type\":\"ListItem\",\"position\":1,\"name\":\"\",\"item\":\"https:\/\/hello-suns.com\/de\/\"},{\"@type\":\"ListItem\",\"position\":2,\"name\":\"Produkte\",\"item\":\"https:\/\/hello-suns.com\/de\/produkte\/\"},{\"@type\":\"ListItem\",\"position\":3,\"name\":\"Anzio\"}]},{\"@type\":\"WebSite\",\"@id\":\"https:\/\/hello-suns.com\/de\/#website\",\"url\":\"https:\/\/hello-suns.com\/de\/\",\"name\":\"SUNS\",\"description\":\"Outdoor Lifestyle\",\"potentialAction\":[{\"@type\":\"SearchAction\",\"target\":{\"@type\":\"EntryPoint\",\"urlTemplate\":\"https:\/\/hello-suns.com\/de\/?s={search_term_string}\"},\"query-input\":{\"@type\":\"PropertyValueSpecification\",\"valueRequired\":true,\"valueName\":\"search_term_string\"}}],\"inLanguage\":\"de-DE\"}]}<\/script>\n<!-- \/ Yoast SEO plugin. -->","yoast_head_json":{"title":"Anzio Stuhl | SUNS Outdoor Lifestyle","description":"Suchen Sie einen stilvollen anzio Stuhl? SUNS bietet hochwertige anzio St\u00fchle, die Haltbarkeit und Design vereinen.","robots":{"index":"index","follow":"follow","max-snippet":"max-snippet:-1","max-image-preview":"max-image-preview:large","max-video-preview":"max-video-preview:-1"},"canonical":"https:\/\/hello-suns.com\/de\/produkte\/anzio-stuehle\/","og_locale":"de_DE","og_type":"article","og_title":"Anzio Stuhl | SUNS Outdoor Lifestyle","og_description":"Suchen Sie einen stilvollen anzio Stuhl? SUNS bietet hochwertige anzio St\u00fchle, die Haltbarkeit und Design vereinen.","og_url":"https:\/\/hello-suns.com\/de\/produkte\/anzio-stuehle\/","og_site_name":"SUNS","article_modified_time":"2025-06-02T13:31:02+00:00","og_image":[{"width":2500,"height":1667,"url":"https:\/\/hello-suns.com\/app\/uploads\/2025\/01\/01_Diningchair_anzio_MRG_Darksand_2500px-03.png","type":"image\/png"}],"twitter_card":"summary_large_image","twitter_misc":{"Est. reading time":"2 minutes"},"schema":{"@context":"https:\/\/schema.org","@graph":[{"@type":"WebPage","@id":"https:\/\/hello-suns.com\/de\/produkte\/anzio-stuehle\/","url":"https:\/\/hello-suns.com\/de\/produkte\/anzio-stuehle\/","name":"Anzio Stuhl | SUNS Outdoor Lifestyle","isPartOf":{"@id":"https:\/\/hello-suns.com\/de\/#website"},"primaryImageOfPage":{"@id":"https:\/\/hello-suns.com\/de\/produkte\/anzio-stuehle\/#primaryimage"},"image":{"@id":"https:\/\/hello-suns.com\/de\/produkte\/anzio-stuehle\/#primaryimage"},"thumbnailUrl":"https:\/\/hello-suns.com\/app\/uploads\/2025\/01\/01_Diningchair_anzio_MRG_Darksand_2500px-03.png","datePublished":"2025-01-16T07:52:42+00:00","dateModified":"2025-06-02T13:31:02+00:00","description":"Suchen Sie einen stilvollen anzio Stuhl? SUNS bietet hochwertige anzio St\u00fchle, die Haltbarkeit und Design vereinen.","breadcrumb":{"@id":"https:\/\/hello-suns.com\/de\/produkte\/anzio-stuehle\/#breadcrumb"},"inLanguage":"de-DE","potentialAction":[{"@type":"ReadAction","target":["https:\/\/hello-suns.com\/de\/produkte\/anzio-stuehle\/"]}]},{"@type":"ImageObject","inLanguage":"de-DE","@id":"https:\/\/hello-suns.com\/de\/produkte\/anzio-stuehle\/#primaryimage","url":"https:\/\/hello-suns.com\/app\/uploads\/2025\/01\/01_Diningchair_anzio_MRG_Darksand_2500px-03.png","contentUrl":"https:\/\/hello-suns.com\/app\/uploads\/2025\/01\/01_Diningchair_anzio_MRG_Darksand_2500px-03.png","width":2500,"height":1667},{"@type":"BreadcrumbList","@id":"https:\/\/hello-suns.com\/de\/produkte\/anzio-stuehle\/#breadcrumb","itemListElement":[{"@type":"ListItem","position":1,"name":"","item":"https:\/\/hello-suns.com\/de\/"},{"@type":"ListItem","position":2,"name":"Produkte","item":"https:\/\/hello-suns.com\/de\/produkte\/"},{"@type":"ListItem","position":3,"name":"Anzio"}]},{"@type":"WebSite","@id":"https:\/\/hello-suns.com\/de\/#website","url":"https:\/\/hello-suns.com\/de\/","name":"SUNS","description":"Outdoor Lifestyle","potentialAction":[{"@type":"SearchAction","target":{"@type":"EntryPoint","urlTemplate":"https:\/\/hello-suns.com\/de\/?s={search_term_string}"},"query-input":{"@type":"PropertyValueSpecification","valueRequired":true,"valueName":"search_term_string"}}],"inLanguage":"de-DE"}]}},"_links":{"self":[{"href":"https:\/\/hello-suns.com\/de\/wp-json\/wp\/v2\/product\/13010","targetHints":{"allow":["GET"]}}],"collection":[{"href":"https:\/\/hello-suns.com\/de\/wp-json\/wp\/v2\/product"}],"about":[{"href":"https:\/\/hello-suns.com\/de\/wp-json\/wp\/v2\/types\/product"}],"replies":[{"embeddable":true,"href":"https:\/\/hello-suns.com\/de\/wp-json\/wp\/v2\/comments?post=13010"}],"wp:featuredmedia":[{"embeddable":true,"href":"https:\/\/hello-suns.com\/de\/wp-json\/wp\/v2\/media\/13016"}],"wp:attachment":[{"href":"https:\/\/hello-suns.com\/de\/wp-json\/wp\/v2\/media?parent=13010"}],"wp:term":[{"taxonomy":"product_brand","embeddable":true,"href":"https:\/\/hello-suns.com\/de\/wp-json\/wp\/v2\/product_brand?post=13010"},{"taxonomy":"product_cat","embeddable":true,"href":"https:\/\/hello-suns.com\/de\/wp-json\/wp\/v2\/product_cat?post=13010"},{"taxonomy":"product_tag","embeddable":true,"href":"https:\/\/hello-suns.com\/de\/wp-json\/wp\/v2\/product_tag?post=13010"},{"taxonomy":"material","embeddable":true,"href":"https:\/\/hello-suns.com\/de\/wp-json\/wp\/v2\/material?post=13010"}],"curies":[{"name":"wp","href":"https:\/\/api.w.org\/{rel}","templated":true}]}}