{"id":12953,"date":"2025-01-16T08:35:45","date_gmt":"2025-01-16T07:35:45","guid":{"rendered":"https:\/\/hello-suns.com\/producten\/dolce\/"},"modified":"2026-03-05T09:33:00","modified_gmt":"2026-03-05T08:33:00","slug":"dolce-stuehle","status":"publish","type":"product","link":"https:\/\/hello-suns.com\/de\/produkte\/dolce-stuehle\/","title":{"rendered":"Dolce"},"content":{"rendered":"<h2 style=\"font-weight: 400;\">Dolce far niente<\/h2>\n<p style=\"font-weight: 400;\">Italiener verstehen das gute Leben. Und haben ein Auge f\u00fcr Stil.  Dolce bringt Design und Komfort auf angenehme Weise zusammen. Genie\u00dfen Sie &#8216;gl\u00fcckseliges Nichtstun&#8217;. <\/p>\n","protected":false},"excerpt":{"rendered":"<h3 class=\"p1\">Elegantes und komfortables Design<\/h3>\n<p style=\"font-weight: 400;\">Der Dolce Stuhl ist ein stilvoller und \u00e4u\u00dferst bequemer Stuhl. Der Stuhl hat eine breite Sitzfl\u00e4che. Die Sitzfl\u00e4che ist mit mehreren markanten Flechtungen aus hochwertigem Acryl und Polyesterseilen versehen, die sowohl f\u00fcr ein elegantes Aussehen als auch f\u00fcr einen angenehmen Sitzkomfort sorgen. Das Gestell aus hochwertigem Edelstahl ist geschwungen und in zwei Farben erh\u00e4ltlich: Camel sand und Matt royal grey. Diesen Stuhl gibt es auch als <a href=\"https:\/\/hello-suns.com\/producten-category\/dining\/low-dining-stoelen\/\">niedrige Esszimmerversion <\/a>. Ein perfekter Stuhl, alleinstehend oder an einem niedrigen Tisch.     <\/p>\n","protected":false},"featured_media":59029,"comment_status":"closed","ping_status":"closed","template":"","meta":{"_acf_changed":false},"product_brand":[],"product_cat":[628],"product_tag":[],"material":[],"class_list":{"0":"post-12953","1":"product","2":"type-product","3":"status-publish","4":"has-post-thumbnail","6":"product_cat-stuhle","8":"first","9":"instock","10":"shipping-taxable","11":"product-type-simple"},"acf":[],"yoast_head":"<!-- This site is optimized with the Yoast SEO plugin v26.8 - https:\/\/yoast.com\/product\/yoast-seo-wordpress\/ -->\n<title>Entdecken Sie Dolce Chair | SUNS Gartenm\u00f6bel<\/title>\n<meta name=\"description\" content=\"Suchen Sie einen stilvollen Dolce Stuhl? SUNS bietet elegante St\u00fchle, die Komfort, Langlebigkeit und zeitloses Design perfekt kombinieren.\" \/>\n<meta name=\"robots\" content=\"index, follow, max-snippet:-1, max-image-preview:large, max-video-preview:-1\" \/>\n<link rel=\"canonical\" href=\"https:\/\/hello-suns.com\/de\/produkte\/dolce-stuehle\/\" \/>\n<meta property=\"og:locale\" content=\"de_DE\" \/>\n<meta property=\"og:type\" content=\"article\" \/>\n<meta property=\"og:title\" content=\"Entdecken Sie Dolce Chair | SUNS Gartenm\u00f6bel\" \/>\n<meta property=\"og:description\" content=\"Suchen Sie einen stilvollen Dolce Stuhl? SUNS bietet elegante St\u00fchle, die Komfort, Langlebigkeit und zeitloses Design perfekt kombinieren.\" \/>\n<meta property=\"og:url\" content=\"https:\/\/hello-suns.com\/de\/produkte\/dolce-stuehle\/\" \/>\n<meta property=\"og:site_name\" content=\"SUNS\" \/>\n<meta property=\"article:modified_time\" content=\"2026-03-05T08:33:00+00:00\" \/>\n<meta property=\"og:image\" content=\"https:\/\/hello-suns.com\/app\/uploads\/2025\/01\/Dolce-SUNS-DiningChair-CS-MR-SSB-Free-26.png\" \/>\n\t<meta property=\"og:image:width\" content=\"3240\" \/>\n\t<meta property=\"og:image:height\" content=\"2160\" \/>\n\t<meta property=\"og:image:type\" content=\"image\/png\" \/>\n<meta name=\"twitter:card\" content=\"summary_large_image\" \/>\n<meta name=\"twitter:label1\" content=\"Est. reading time\" \/>\n\t<meta name=\"twitter:data1\" content=\"2 minutes\" \/>\n<script type=\"application\/ld+json\" class=\"yoast-schema-graph\">{\"@context\":\"https:\/\/schema.org\",\"@graph\":[{\"@type\":\"WebPage\",\"@id\":\"https:\/\/hello-suns.com\/de\/produkte\/dolce-stuehle\/\",\"url\":\"https:\/\/hello-suns.com\/de\/produkte\/dolce-stuehle\/\",\"name\":\"Entdecken Sie Dolce Chair | SUNS Gartenm\u00f6bel\",\"isPartOf\":{\"@id\":\"https:\/\/hello-suns.com\/de\/#website\"},\"primaryImageOfPage\":{\"@id\":\"https:\/\/hello-suns.com\/de\/produkte\/dolce-stuehle\/#primaryimage\"},\"image\":{\"@id\":\"https:\/\/hello-suns.com\/de\/produkte\/dolce-stuehle\/#primaryimage\"},\"thumbnailUrl\":\"https:\/\/hello-suns.com\/app\/uploads\/2025\/01\/Dolce-SUNS-DiningChair-CS-MR-SSB-Free-26.png\",\"datePublished\":\"2025-01-16T07:35:45+00:00\",\"dateModified\":\"2026-03-05T08:33:00+00:00\",\"description\":\"Suchen Sie einen stilvollen Dolce Stuhl? SUNS bietet elegante St\u00fchle, die Komfort, Langlebigkeit und zeitloses Design perfekt kombinieren.\",\"breadcrumb\":{\"@id\":\"https:\/\/hello-suns.com\/de\/produkte\/dolce-stuehle\/#breadcrumb\"},\"inLanguage\":\"de-DE\",\"potentialAction\":[{\"@type\":\"ReadAction\",\"target\":[\"https:\/\/hello-suns.com\/de\/produkte\/dolce-stuehle\/\"]}]},{\"@type\":\"ImageObject\",\"inLanguage\":\"de-DE\",\"@id\":\"https:\/\/hello-suns.com\/de\/produkte\/dolce-stuehle\/#primaryimage\",\"url\":\"https:\/\/hello-suns.com\/app\/uploads\/2025\/01\/Dolce-SUNS-DiningChair-CS-MR-SSB-Free-26.png\",\"contentUrl\":\"https:\/\/hello-suns.com\/app\/uploads\/2025\/01\/Dolce-SUNS-DiningChair-CS-MR-SSB-Free-26.png\",\"width\":3240,\"height\":2160},{\"@type\":\"BreadcrumbList\",\"@id\":\"https:\/\/hello-suns.com\/de\/produkte\/dolce-stuehle\/#breadcrumb\",\"itemListElement\":[{\"@type\":\"ListItem\",\"position\":1,\"name\":\"\",\"item\":\"https:\/\/hello-suns.com\/de\/\"},{\"@type\":\"ListItem\",\"position\":2,\"name\":\"Produkte\",\"item\":\"https:\/\/hello-suns.com\/de\/produkte\/\"},{\"@type\":\"ListItem\",\"position\":3,\"name\":\"Dolce\"}]},{\"@type\":\"WebSite\",\"@id\":\"https:\/\/hello-suns.com\/de\/#website\",\"url\":\"https:\/\/hello-suns.com\/de\/\",\"name\":\"SUNS\",\"description\":\"Outdoor Lifestyle\",\"potentialAction\":[{\"@type\":\"SearchAction\",\"target\":{\"@type\":\"EntryPoint\",\"urlTemplate\":\"https:\/\/hello-suns.com\/de\/?s={search_term_string}\"},\"query-input\":{\"@type\":\"PropertyValueSpecification\",\"valueRequired\":true,\"valueName\":\"search_term_string\"}}],\"inLanguage\":\"de-DE\"}]}<\/script>\n<!-- \/ Yoast SEO plugin. -->","yoast_head_json":{"title":"Entdecken Sie Dolce Chair | SUNS Gartenm\u00f6bel","description":"Suchen Sie einen stilvollen Dolce Stuhl? SUNS bietet elegante St\u00fchle, die Komfort, Langlebigkeit und zeitloses Design perfekt kombinieren.","robots":{"index":"index","follow":"follow","max-snippet":"max-snippet:-1","max-image-preview":"max-image-preview:large","max-video-preview":"max-video-preview:-1"},"canonical":"https:\/\/hello-suns.com\/de\/produkte\/dolce-stuehle\/","og_locale":"de_DE","og_type":"article","og_title":"Entdecken Sie Dolce Chair | SUNS Gartenm\u00f6bel","og_description":"Suchen Sie einen stilvollen Dolce Stuhl? SUNS bietet elegante St\u00fchle, die Komfort, Langlebigkeit und zeitloses Design perfekt kombinieren.","og_url":"https:\/\/hello-suns.com\/de\/produkte\/dolce-stuehle\/","og_site_name":"SUNS","article_modified_time":"2026-03-05T08:33:00+00:00","og_image":[{"width":3240,"height":2160,"url":"https:\/\/hello-suns.com\/app\/uploads\/2025\/01\/Dolce-SUNS-DiningChair-CS-MR-SSB-Free-26.png","type":"image\/png"}],"twitter_card":"summary_large_image","twitter_misc":{"Est. reading time":"2 minutes"},"schema":{"@context":"https:\/\/schema.org","@graph":[{"@type":"WebPage","@id":"https:\/\/hello-suns.com\/de\/produkte\/dolce-stuehle\/","url":"https:\/\/hello-suns.com\/de\/produkte\/dolce-stuehle\/","name":"Entdecken Sie Dolce Chair | SUNS Gartenm\u00f6bel","isPartOf":{"@id":"https:\/\/hello-suns.com\/de\/#website"},"primaryImageOfPage":{"@id":"https:\/\/hello-suns.com\/de\/produkte\/dolce-stuehle\/#primaryimage"},"image":{"@id":"https:\/\/hello-suns.com\/de\/produkte\/dolce-stuehle\/#primaryimage"},"thumbnailUrl":"https:\/\/hello-suns.com\/app\/uploads\/2025\/01\/Dolce-SUNS-DiningChair-CS-MR-SSB-Free-26.png","datePublished":"2025-01-16T07:35:45+00:00","dateModified":"2026-03-05T08:33:00+00:00","description":"Suchen Sie einen stilvollen Dolce Stuhl? SUNS bietet elegante St\u00fchle, die Komfort, Langlebigkeit und zeitloses Design perfekt kombinieren.","breadcrumb":{"@id":"https:\/\/hello-suns.com\/de\/produkte\/dolce-stuehle\/#breadcrumb"},"inLanguage":"de-DE","potentialAction":[{"@type":"ReadAction","target":["https:\/\/hello-suns.com\/de\/produkte\/dolce-stuehle\/"]}]},{"@type":"ImageObject","inLanguage":"de-DE","@id":"https:\/\/hello-suns.com\/de\/produkte\/dolce-stuehle\/#primaryimage","url":"https:\/\/hello-suns.com\/app\/uploads\/2025\/01\/Dolce-SUNS-DiningChair-CS-MR-SSB-Free-26.png","contentUrl":"https:\/\/hello-suns.com\/app\/uploads\/2025\/01\/Dolce-SUNS-DiningChair-CS-MR-SSB-Free-26.png","width":3240,"height":2160},{"@type":"BreadcrumbList","@id":"https:\/\/hello-suns.com\/de\/produkte\/dolce-stuehle\/#breadcrumb","itemListElement":[{"@type":"ListItem","position":1,"name":"","item":"https:\/\/hello-suns.com\/de\/"},{"@type":"ListItem","position":2,"name":"Produkte","item":"https:\/\/hello-suns.com\/de\/produkte\/"},{"@type":"ListItem","position":3,"name":"Dolce"}]},{"@type":"WebSite","@id":"https:\/\/hello-suns.com\/de\/#website","url":"https:\/\/hello-suns.com\/de\/","name":"SUNS","description":"Outdoor Lifestyle","potentialAction":[{"@type":"SearchAction","target":{"@type":"EntryPoint","urlTemplate":"https:\/\/hello-suns.com\/de\/?s={search_term_string}"},"query-input":{"@type":"PropertyValueSpecification","valueRequired":true,"valueName":"search_term_string"}}],"inLanguage":"de-DE"}]}},"_links":{"self":[{"href":"https:\/\/hello-suns.com\/de\/wp-json\/wp\/v2\/product\/12953","targetHints":{"allow":["GET"]}}],"collection":[{"href":"https:\/\/hello-suns.com\/de\/wp-json\/wp\/v2\/product"}],"about":[{"href":"https:\/\/hello-suns.com\/de\/wp-json\/wp\/v2\/types\/product"}],"replies":[{"embeddable":true,"href":"https:\/\/hello-suns.com\/de\/wp-json\/wp\/v2\/comments?post=12953"}],"wp:featuredmedia":[{"embeddable":true,"href":"https:\/\/hello-suns.com\/de\/wp-json\/wp\/v2\/media\/59029"}],"wp:attachment":[{"href":"https:\/\/hello-suns.com\/de\/wp-json\/wp\/v2\/media?parent=12953"}],"wp:term":[{"taxonomy":"product_brand","embeddable":true,"href":"https:\/\/hello-suns.com\/de\/wp-json\/wp\/v2\/product_brand?post=12953"},{"taxonomy":"product_cat","embeddable":true,"href":"https:\/\/hello-suns.com\/de\/wp-json\/wp\/v2\/product_cat?post=12953"},{"taxonomy":"product_tag","embeddable":true,"href":"https:\/\/hello-suns.com\/de\/wp-json\/wp\/v2\/product_tag?post=12953"},{"taxonomy":"material","embeddable":true,"href":"https:\/\/hello-suns.com\/de\/wp-json\/wp\/v2\/material?post=12953"}],"curies":[{"name":"wp","href":"https:\/\/api.w.org\/{rel}","templated":true}]}}