{"id":12932,"date":"2025-01-16T08:41:19","date_gmt":"2025-01-16T08:41:19","guid":{"rendered":"https:\/\/hello-suns.com\/producten\/luca\/"},"modified":"2025-05-15T14:43:55","modified_gmt":"2025-05-15T14:43:55","slug":"luca-laternen","status":"publish","type":"product","link":"https:\/\/hello-suns.com\/de\/produkte\/luca-laternen\/","title":{"rendered":"Luca"},"content":{"rendered":"<h2 style=\"font-weight: 400;\"><span class=\"TextRun SCXW69291846 BCX0\" lang=\"NL-NL\" xml:lang=\"NL-NL\" data-contrast=\"none\"><span class=\"NormalTextRun SpellingErrorV2Themed SCXW69291846 BCX0\">Kerzenlicht<\/span> <span class=\"NormalTextRun SpellingErrorV2Themed SCXW69291846 BCX0\">Abendessen<\/span><\/span><\/h2>\n<p><span class=\"TextRun SCXW141027905 BCX0\" lang=\"NL-NL\" xml:lang=\"NL-NL\" data-contrast=\"auto\"><span class=\"NormalTextRun SCXW141027905 BCX0\">Verwandeln Sie jedes Abendessen im Freien in ein intimes Abendessen mit der Laterne Luca. Diese schlanke Laterne mit handlichem Griff l\u00e4sst sich leicht \u00fcberall aufstellen. <\/span><\/span><\/p>\n","protected":false},"excerpt":{"rendered":"<h3><span class=\"TextRun SCXW29334301 BCX0\" lang=\"NL-NL\" xml:lang=\"NL-NL\" data-contrast=\"auto\"><span class=\"NormalTextRun SCXW29334301 BCX0\">Handy<\/span><span class=\"NormalTextRun SCXW29334301 BCX0\">e<\/span><span class=\"NormalTextRun SCXW29334301 BCX0\"> Laterne, die nahtlos <\/span><span class=\"NormalTextRun SCXW29334301 BCX0\">mit der <\/span><span class=\"NormalTextRun SCXW29334301 BCX0\">SUNS Kollektion<\/span><\/span><\/h3>\n<p><span data-contrast=\"none\">Die Laterne Luca ist eine stilvolle Wahl f\u00fcr Kerzenlicht im Garten. Der schlanke Aluminiumrahmen l\u00e4sst viel Licht durch. Die Laterne f\u00fcgt sich nahtlos in die Linie der SUNS Au\u00dfenlampen ein und hat eine Farbgebung, die sich nahtlos in die SUNS Kollektion einf\u00fcgt. <\/span> Die Laterne <span data-contrast=\"none\">Luca ist in zwei Gr\u00f6\u00dfen und vier Farben erh\u00e4ltlich.<\/span><\/p>\n","protected":false},"featured_media":12943,"comment_status":"closed","ping_status":"closed","template":"","meta":{"_acf_changed":false},"product_brand":[],"product_cat":[626,633],"product_tag":[],"material":[],"class_list":{"0":"post-12932","1":"product","2":"type-product","3":"status-publish","4":"has-post-thumbnail","6":"product_cat-styling-de","7":"product_cat-laternen","9":"first","10":"instock","11":"shipping-taxable","12":"product-type-simple"},"acf":[],"yoast_head":"<!-- This site is optimized with the Yoast SEO plugin v26.8 - https:\/\/yoast.com\/product\/yoast-seo-wordpress\/ -->\n<title>Entdecken Sie Luca Laterne | SUNS Outdoor Lifestyle<\/title>\n<meta name=\"description\" content=\"Suchen Sie eine stilvolle Luca-Laterne? SUNS bietet langlebige und stimmungsvolle Laternen, die Design und praktische Au\u00dfenbeleuchtung perfekt kombinieren.\" \/>\n<meta name=\"robots\" content=\"index, follow, max-snippet:-1, max-image-preview:large, max-video-preview:-1\" \/>\n<link rel=\"canonical\" href=\"https:\/\/hello-suns.com\/de\/produkte\/luca-laternen\/\" \/>\n<meta property=\"og:locale\" content=\"de_DE\" \/>\n<meta property=\"og:type\" content=\"article\" \/>\n<meta property=\"og:title\" content=\"Entdecken Sie Luca Laterne | SUNS Outdoor Lifestyle\" \/>\n<meta property=\"og:description\" content=\"Suchen Sie eine stilvolle Luca-Laterne? SUNS bietet langlebige und stimmungsvolle Laternen, die Design und praktische Au\u00dfenbeleuchtung perfekt kombinieren.\" \/>\n<meta property=\"og:url\" content=\"https:\/\/hello-suns.com\/de\/produkte\/luca-laternen\/\" \/>\n<meta property=\"og:site_name\" content=\"SUNS\" \/>\n<meta property=\"article:modified_time\" content=\"2025-05-15T14:43:55+00:00\" \/>\n<meta property=\"og:image\" content=\"https:\/\/hello-suns.com\/app\/uploads\/2025\/01\/Candle_SUNS_Lucca_L_S_Mattroyalgrey_2500-kopie_Diptrych.png\" \/>\n\t<meta property=\"og:image:width\" content=\"2500\" \/>\n\t<meta property=\"og:image:height\" content=\"1667\" \/>\n\t<meta property=\"og:image:type\" content=\"image\/png\" \/>\n<meta name=\"twitter:card\" content=\"summary_large_image\" \/>\n<meta name=\"twitter:label1\" content=\"Est. reading time\" \/>\n\t<meta name=\"twitter:data1\" content=\"2 minutes\" \/>\n<script type=\"application\/ld+json\" class=\"yoast-schema-graph\">{\"@context\":\"https:\/\/schema.org\",\"@graph\":[{\"@type\":\"WebPage\",\"@id\":\"https:\/\/hello-suns.com\/de\/produkte\/luca-laternen\/\",\"url\":\"https:\/\/hello-suns.com\/de\/produkte\/luca-laternen\/\",\"name\":\"Entdecken Sie Luca Laterne | SUNS Outdoor Lifestyle\",\"isPartOf\":{\"@id\":\"https:\/\/hello-suns.com\/de\/#website\"},\"primaryImageOfPage\":{\"@id\":\"https:\/\/hello-suns.com\/de\/produkte\/luca-laternen\/#primaryimage\"},\"image\":{\"@id\":\"https:\/\/hello-suns.com\/de\/produkte\/luca-laternen\/#primaryimage\"},\"thumbnailUrl\":\"https:\/\/hello-suns.com\/app\/uploads\/2025\/01\/Candle_SUNS_Lucca_L_S_Mattroyalgrey_2500-kopie_Diptrych.png\",\"datePublished\":\"2025-01-16T08:41:19+00:00\",\"dateModified\":\"2025-05-15T14:43:55+00:00\",\"description\":\"Suchen Sie eine stilvolle Luca-Laterne? SUNS bietet langlebige und stimmungsvolle Laternen, die Design und praktische Au\u00dfenbeleuchtung perfekt kombinieren.\",\"breadcrumb\":{\"@id\":\"https:\/\/hello-suns.com\/de\/produkte\/luca-laternen\/#breadcrumb\"},\"inLanguage\":\"de-DE\",\"potentialAction\":[{\"@type\":\"ReadAction\",\"target\":[\"https:\/\/hello-suns.com\/de\/produkte\/luca-laternen\/\"]}]},{\"@type\":\"ImageObject\",\"inLanguage\":\"de-DE\",\"@id\":\"https:\/\/hello-suns.com\/de\/produkte\/luca-laternen\/#primaryimage\",\"url\":\"https:\/\/hello-suns.com\/app\/uploads\/2025\/01\/Candle_SUNS_Lucca_L_S_Mattroyalgrey_2500-kopie_Diptrych.png\",\"contentUrl\":\"https:\/\/hello-suns.com\/app\/uploads\/2025\/01\/Candle_SUNS_Lucca_L_S_Mattroyalgrey_2500-kopie_Diptrych.png\",\"width\":2500,\"height\":1667},{\"@type\":\"BreadcrumbList\",\"@id\":\"https:\/\/hello-suns.com\/de\/produkte\/luca-laternen\/#breadcrumb\",\"itemListElement\":[{\"@type\":\"ListItem\",\"position\":1,\"name\":\"\",\"item\":\"https:\/\/hello-suns.com\/de\/\"},{\"@type\":\"ListItem\",\"position\":2,\"name\":\"Produkte\",\"item\":\"https:\/\/hello-suns.com\/de\/produkte\/\"},{\"@type\":\"ListItem\",\"position\":3,\"name\":\"Luca\"}]},{\"@type\":\"WebSite\",\"@id\":\"https:\/\/hello-suns.com\/de\/#website\",\"url\":\"https:\/\/hello-suns.com\/de\/\",\"name\":\"SUNS\",\"description\":\"Outdoor Lifestyle\",\"potentialAction\":[{\"@type\":\"SearchAction\",\"target\":{\"@type\":\"EntryPoint\",\"urlTemplate\":\"https:\/\/hello-suns.com\/de\/?s={search_term_string}\"},\"query-input\":{\"@type\":\"PropertyValueSpecification\",\"valueRequired\":true,\"valueName\":\"search_term_string\"}}],\"inLanguage\":\"de-DE\"}]}<\/script>\n<!-- \/ Yoast SEO plugin. -->","yoast_head_json":{"title":"Entdecken Sie Luca Laterne | SUNS Outdoor Lifestyle","description":"Suchen Sie eine stilvolle Luca-Laterne? SUNS bietet langlebige und stimmungsvolle Laternen, die Design und praktische Au\u00dfenbeleuchtung perfekt kombinieren.","robots":{"index":"index","follow":"follow","max-snippet":"max-snippet:-1","max-image-preview":"max-image-preview:large","max-video-preview":"max-video-preview:-1"},"canonical":"https:\/\/hello-suns.com\/de\/produkte\/luca-laternen\/","og_locale":"de_DE","og_type":"article","og_title":"Entdecken Sie Luca Laterne | SUNS Outdoor Lifestyle","og_description":"Suchen Sie eine stilvolle Luca-Laterne? SUNS bietet langlebige und stimmungsvolle Laternen, die Design und praktische Au\u00dfenbeleuchtung perfekt kombinieren.","og_url":"https:\/\/hello-suns.com\/de\/produkte\/luca-laternen\/","og_site_name":"SUNS","article_modified_time":"2025-05-15T14:43:55+00:00","og_image":[{"width":2500,"height":1667,"url":"https:\/\/hello-suns.com\/app\/uploads\/2025\/01\/Candle_SUNS_Lucca_L_S_Mattroyalgrey_2500-kopie_Diptrych.png","type":"image\/png"}],"twitter_card":"summary_large_image","twitter_misc":{"Est. reading time":"2 minutes"},"schema":{"@context":"https:\/\/schema.org","@graph":[{"@type":"WebPage","@id":"https:\/\/hello-suns.com\/de\/produkte\/luca-laternen\/","url":"https:\/\/hello-suns.com\/de\/produkte\/luca-laternen\/","name":"Entdecken Sie Luca Laterne | SUNS Outdoor Lifestyle","isPartOf":{"@id":"https:\/\/hello-suns.com\/de\/#website"},"primaryImageOfPage":{"@id":"https:\/\/hello-suns.com\/de\/produkte\/luca-laternen\/#primaryimage"},"image":{"@id":"https:\/\/hello-suns.com\/de\/produkte\/luca-laternen\/#primaryimage"},"thumbnailUrl":"https:\/\/hello-suns.com\/app\/uploads\/2025\/01\/Candle_SUNS_Lucca_L_S_Mattroyalgrey_2500-kopie_Diptrych.png","datePublished":"2025-01-16T08:41:19+00:00","dateModified":"2025-05-15T14:43:55+00:00","description":"Suchen Sie eine stilvolle Luca-Laterne? SUNS bietet langlebige und stimmungsvolle Laternen, die Design und praktische Au\u00dfenbeleuchtung perfekt kombinieren.","breadcrumb":{"@id":"https:\/\/hello-suns.com\/de\/produkte\/luca-laternen\/#breadcrumb"},"inLanguage":"de-DE","potentialAction":[{"@type":"ReadAction","target":["https:\/\/hello-suns.com\/de\/produkte\/luca-laternen\/"]}]},{"@type":"ImageObject","inLanguage":"de-DE","@id":"https:\/\/hello-suns.com\/de\/produkte\/luca-laternen\/#primaryimage","url":"https:\/\/hello-suns.com\/app\/uploads\/2025\/01\/Candle_SUNS_Lucca_L_S_Mattroyalgrey_2500-kopie_Diptrych.png","contentUrl":"https:\/\/hello-suns.com\/app\/uploads\/2025\/01\/Candle_SUNS_Lucca_L_S_Mattroyalgrey_2500-kopie_Diptrych.png","width":2500,"height":1667},{"@type":"BreadcrumbList","@id":"https:\/\/hello-suns.com\/de\/produkte\/luca-laternen\/#breadcrumb","itemListElement":[{"@type":"ListItem","position":1,"name":"","item":"https:\/\/hello-suns.com\/de\/"},{"@type":"ListItem","position":2,"name":"Produkte","item":"https:\/\/hello-suns.com\/de\/produkte\/"},{"@type":"ListItem","position":3,"name":"Luca"}]},{"@type":"WebSite","@id":"https:\/\/hello-suns.com\/de\/#website","url":"https:\/\/hello-suns.com\/de\/","name":"SUNS","description":"Outdoor Lifestyle","potentialAction":[{"@type":"SearchAction","target":{"@type":"EntryPoint","urlTemplate":"https:\/\/hello-suns.com\/de\/?s={search_term_string}"},"query-input":{"@type":"PropertyValueSpecification","valueRequired":true,"valueName":"search_term_string"}}],"inLanguage":"de-DE"}]}},"_links":{"self":[{"href":"https:\/\/hello-suns.com\/de\/wp-json\/wp\/v2\/product\/12932","targetHints":{"allow":["GET"]}}],"collection":[{"href":"https:\/\/hello-suns.com\/de\/wp-json\/wp\/v2\/product"}],"about":[{"href":"https:\/\/hello-suns.com\/de\/wp-json\/wp\/v2\/types\/product"}],"replies":[{"embeddable":true,"href":"https:\/\/hello-suns.com\/de\/wp-json\/wp\/v2\/comments?post=12932"}],"wp:featuredmedia":[{"embeddable":true,"href":"https:\/\/hello-suns.com\/de\/wp-json\/wp\/v2\/media\/12943"}],"wp:attachment":[{"href":"https:\/\/hello-suns.com\/de\/wp-json\/wp\/v2\/media?parent=12932"}],"wp:term":[{"taxonomy":"product_brand","embeddable":true,"href":"https:\/\/hello-suns.com\/de\/wp-json\/wp\/v2\/product_brand?post=12932"},{"taxonomy":"product_cat","embeddable":true,"href":"https:\/\/hello-suns.com\/de\/wp-json\/wp\/v2\/product_cat?post=12932"},{"taxonomy":"product_tag","embeddable":true,"href":"https:\/\/hello-suns.com\/de\/wp-json\/wp\/v2\/product_tag?post=12932"},{"taxonomy":"material","embeddable":true,"href":"https:\/\/hello-suns.com\/de\/wp-json\/wp\/v2\/material?post=12932"}],"curies":[{"name":"wp","href":"https:\/\/api.w.org\/{rel}","templated":true}]}}