{"id":12898,"date":"2025-01-16T10:20:16","date_gmt":"2025-01-16T10:20:16","guid":{"rendered":"https:\/\/hello-suns.com\/producten\/tosca-2\/"},"modified":"2025-06-02T08:19:39","modified_gmt":"2025-06-02T08:19:39","slug":"tosca-2-tagesbetten","status":"publish","type":"product","link":"https:\/\/hello-suns.com\/de\/produkte\/tosca-2-tagesbetten\/","title":{"rendered":"Tosca"},"content":{"rendered":"<h2 style=\"font-weight: 400;\"><span class=\"TextRun SCXW192631873 BCX0\" lang=\"NL-NL\" xml:lang=\"NL-NL\" data-contrast=\"none\"><span class=\"NormalTextRun SCXW192631873 BCX0\">Entspannung vom Feinsten<\/span><\/span><\/h2>\n<p style=\"font-weight: 400;\"><span class=\"TextRun SCXW145418797 BCX0\" lang=\"NL-NL\" xml:lang=\"NL-NL\" data-contrast=\"auto\"><span class=\"NormalTextRun SCXW145418797 BCX0\">C<\/span><span class=\"NormalTextRun SCXW145418797 BCX0\">harmlos<\/span><span class=\"NormalTextRun SCXW145418797 BCX0\">, elegant<\/span> <span class=\"NormalTextRun SCXW145418797 BCX0\">Rahmen, <\/span><span class=\"NormalTextRun SCXW145418797 BCX0\">verspielt <\/span><span class=\"NormalTextRun SCXW145418797 BCX0\">aufgereiht mit <\/span><span class=\"NormalTextRun SCXW145418797 BCX0\">gewebt <\/span><span class=\"NormalTextRun SCXW145418797 BCX0\">Tauwerk<\/span><span class=\"NormalTextRun SCXW145418797 BCX0\">. Ein Design, das <\/span><span class=\"NormalTextRun SCXW145418797 BCX0\">subtil <\/span><span class=\"NormalTextRun SCXW145418797 BCX0\">verweist <\/span><span class=\"NormalTextRun SCXW145418797 BCX0\">auf M\u00f6beldesigns <\/span><span class=\"NormalTextRun SCXW145418797 BCX0\">aus der Zeit der Romantik<\/span><span class=\"NormalTextRun SCXW145418797 BCX0\">. <\/span><span class=\"NormalTextRun SCXW145418797 BCX0\">Eine gro\u00dfz\u00fcgige Kissenfl\u00e4che unterstreicht den Komfort.<\/span> <\/span><\/p>\n","protected":false},"excerpt":{"rendered":"<h3 style=\"font-weight: 400;\"><span class=\"TextRun SCXW133486151 BCX0\" lang=\"NL-NL\" xml:lang=\"NL-NL\" data-contrast=\"none\"><span class=\"NormalTextRun SCXW133486151 BCX0\">Charmant<\/span><span class=\"NormalTextRun SCXW133486151 BCX0\"> Tagesbett<\/span><\/span><\/h3>\n<p><span data-contrast=\"auto\">Das Tosca Daybed verwandelt Momente im Freien in ein entspannendes Fest. Der schlanke Aluminiumrahmen ist an R\u00fccken- und Armlehnen mit hochwertigem Tauwerk in einem verspielten Geflecht bespannt. Die gro\u00dfz\u00fcgigen Kissen bieten angenehmen Halt. <\/span><span data-contrast=\"auto\">Ein passendes Loungeset oder eine Sofagarnitur sind ebenfalls in der Tosca Produktlinie erh\u00e4ltlich.<\/span><\/p>\n","protected":false},"featured_media":12714,"comment_status":"closed","ping_status":"closed","template":"","meta":{"_acf_changed":false},"product_brand":[],"product_cat":[629,632],"product_tag":[],"material":[],"class_list":{"0":"post-12898","1":"product","2":"type-product","3":"status-publish","4":"has-post-thumbnail","6":"product_cat-relax-de","7":"product_cat-tagesbetten","9":"first","10":"instock","11":"shipping-taxable","12":"product-type-simple"},"acf":[],"yoast_head":"<!-- This site is optimized with the Yoast SEO plugin v26.8 - https:\/\/yoast.com\/product\/yoast-seo-wordpress\/ -->\n<title>Entdecken Sie Tosca Daybed | SUNS Outdoor Lifestyle<\/title>\n<meta name=\"description\" content=\"Suchen Sie nach einer tosca Liege? SUNS bietet ein elegantes Daybed mit schlankem Aluminiumrahmen, hochwertigem Tauwerk und gro\u00dfz\u00fcgigen Kissen f\u00fcr ultimativen Komfort in Ihrem Garten\" \/>\n<meta name=\"robots\" content=\"index, follow, max-snippet:-1, max-image-preview:large, max-video-preview:-1\" \/>\n<link rel=\"canonical\" href=\"https:\/\/hello-suns.com\/de\/produkte\/tosca-2-tagesbetten\/\" \/>\n<meta property=\"og:locale\" content=\"de_DE\" \/>\n<meta property=\"og:type\" content=\"article\" \/>\n<meta property=\"og:title\" content=\"Entdecken Sie Tosca Daybed | SUNS Outdoor Lifestyle\" \/>\n<meta property=\"og:description\" content=\"Suchen Sie nach einer tosca Liege? SUNS bietet ein elegantes Daybed mit schlankem Aluminiumrahmen, hochwertigem Tauwerk und gro\u00dfz\u00fcgigen Kissen f\u00fcr ultimativen Komfort in Ihrem Garten\" \/>\n<meta property=\"og:url\" content=\"https:\/\/hello-suns.com\/de\/produkte\/tosca-2-tagesbetten\/\" \/>\n<meta property=\"og:site_name\" content=\"SUNS\" \/>\n<meta property=\"article:modified_time\" content=\"2025-06-02T08:19:39+00:00\" \/>\n<meta property=\"og:image\" content=\"https:\/\/hello-suns.com\/app\/uploads\/2025\/01\/01_Tosca-SUNS-Daybed-CS-NMW-free-25-2500-1.png\" \/>\n\t<meta property=\"og:image:width\" content=\"2500\" \/>\n\t<meta property=\"og:image:height\" content=\"1667\" \/>\n\t<meta property=\"og:image:type\" content=\"image\/png\" \/>\n<meta name=\"twitter:card\" content=\"summary_large_image\" \/>\n<meta name=\"twitter:label1\" content=\"Est. reading time\" \/>\n\t<meta name=\"twitter:data1\" content=\"2 minutes\" \/>\n<script type=\"application\/ld+json\" class=\"yoast-schema-graph\">{\"@context\":\"https:\/\/schema.org\",\"@graph\":[{\"@type\":\"WebPage\",\"@id\":\"https:\/\/hello-suns.com\/de\/produkte\/tosca-2-tagesbetten\/\",\"url\":\"https:\/\/hello-suns.com\/de\/produkte\/tosca-2-tagesbetten\/\",\"name\":\"Entdecken Sie Tosca Daybed | SUNS Outdoor Lifestyle\",\"isPartOf\":{\"@id\":\"https:\/\/hello-suns.com\/de\/#website\"},\"primaryImageOfPage\":{\"@id\":\"https:\/\/hello-suns.com\/de\/produkte\/tosca-2-tagesbetten\/#primaryimage\"},\"image\":{\"@id\":\"https:\/\/hello-suns.com\/de\/produkte\/tosca-2-tagesbetten\/#primaryimage\"},\"thumbnailUrl\":\"https:\/\/hello-suns.com\/app\/uploads\/2025\/01\/01_Tosca-SUNS-Daybed-CS-NMW-free-25-2500-1.png\",\"datePublished\":\"2025-01-16T10:20:16+00:00\",\"dateModified\":\"2025-06-02T08:19:39+00:00\",\"description\":\"Suchen Sie nach einer tosca Liege? SUNS bietet ein elegantes Daybed mit schlankem Aluminiumrahmen, hochwertigem Tauwerk und gro\u00dfz\u00fcgigen Kissen f\u00fcr ultimativen Komfort in Ihrem Garten\",\"breadcrumb\":{\"@id\":\"https:\/\/hello-suns.com\/de\/produkte\/tosca-2-tagesbetten\/#breadcrumb\"},\"inLanguage\":\"de-DE\",\"potentialAction\":[{\"@type\":\"ReadAction\",\"target\":[\"https:\/\/hello-suns.com\/de\/produkte\/tosca-2-tagesbetten\/\"]}]},{\"@type\":\"ImageObject\",\"inLanguage\":\"de-DE\",\"@id\":\"https:\/\/hello-suns.com\/de\/produkte\/tosca-2-tagesbetten\/#primaryimage\",\"url\":\"https:\/\/hello-suns.com\/app\/uploads\/2025\/01\/01_Tosca-SUNS-Daybed-CS-NMW-free-25-2500-1.png\",\"contentUrl\":\"https:\/\/hello-suns.com\/app\/uploads\/2025\/01\/01_Tosca-SUNS-Daybed-CS-NMW-free-25-2500-1.png\",\"width\":2500,\"height\":1667},{\"@type\":\"BreadcrumbList\",\"@id\":\"https:\/\/hello-suns.com\/de\/produkte\/tosca-2-tagesbetten\/#breadcrumb\",\"itemListElement\":[{\"@type\":\"ListItem\",\"position\":1,\"name\":\"\",\"item\":\"https:\/\/hello-suns.com\/de\/\"},{\"@type\":\"ListItem\",\"position\":2,\"name\":\"Produkte\",\"item\":\"https:\/\/hello-suns.com\/de\/produkte\/\"},{\"@type\":\"ListItem\",\"position\":3,\"name\":\"Tosca\"}]},{\"@type\":\"WebSite\",\"@id\":\"https:\/\/hello-suns.com\/de\/#website\",\"url\":\"https:\/\/hello-suns.com\/de\/\",\"name\":\"SUNS\",\"description\":\"Outdoor Lifestyle\",\"potentialAction\":[{\"@type\":\"SearchAction\",\"target\":{\"@type\":\"EntryPoint\",\"urlTemplate\":\"https:\/\/hello-suns.com\/de\/?s={search_term_string}\"},\"query-input\":{\"@type\":\"PropertyValueSpecification\",\"valueRequired\":true,\"valueName\":\"search_term_string\"}}],\"inLanguage\":\"de-DE\"}]}<\/script>\n<!-- \/ Yoast SEO plugin. -->","yoast_head_json":{"title":"Entdecken Sie Tosca Daybed | SUNS Outdoor Lifestyle","description":"Suchen Sie nach einer tosca Liege? SUNS bietet ein elegantes Daybed mit schlankem Aluminiumrahmen, hochwertigem Tauwerk und gro\u00dfz\u00fcgigen Kissen f\u00fcr ultimativen Komfort in Ihrem Garten","robots":{"index":"index","follow":"follow","max-snippet":"max-snippet:-1","max-image-preview":"max-image-preview:large","max-video-preview":"max-video-preview:-1"},"canonical":"https:\/\/hello-suns.com\/de\/produkte\/tosca-2-tagesbetten\/","og_locale":"de_DE","og_type":"article","og_title":"Entdecken Sie Tosca Daybed | SUNS Outdoor Lifestyle","og_description":"Suchen Sie nach einer tosca Liege? SUNS bietet ein elegantes Daybed mit schlankem Aluminiumrahmen, hochwertigem Tauwerk und gro\u00dfz\u00fcgigen Kissen f\u00fcr ultimativen Komfort in Ihrem Garten","og_url":"https:\/\/hello-suns.com\/de\/produkte\/tosca-2-tagesbetten\/","og_site_name":"SUNS","article_modified_time":"2025-06-02T08:19:39+00:00","og_image":[{"width":2500,"height":1667,"url":"https:\/\/hello-suns.com\/app\/uploads\/2025\/01\/01_Tosca-SUNS-Daybed-CS-NMW-free-25-2500-1.png","type":"image\/png"}],"twitter_card":"summary_large_image","twitter_misc":{"Est. reading time":"2 minutes"},"schema":{"@context":"https:\/\/schema.org","@graph":[{"@type":"WebPage","@id":"https:\/\/hello-suns.com\/de\/produkte\/tosca-2-tagesbetten\/","url":"https:\/\/hello-suns.com\/de\/produkte\/tosca-2-tagesbetten\/","name":"Entdecken Sie Tosca Daybed | SUNS Outdoor Lifestyle","isPartOf":{"@id":"https:\/\/hello-suns.com\/de\/#website"},"primaryImageOfPage":{"@id":"https:\/\/hello-suns.com\/de\/produkte\/tosca-2-tagesbetten\/#primaryimage"},"image":{"@id":"https:\/\/hello-suns.com\/de\/produkte\/tosca-2-tagesbetten\/#primaryimage"},"thumbnailUrl":"https:\/\/hello-suns.com\/app\/uploads\/2025\/01\/01_Tosca-SUNS-Daybed-CS-NMW-free-25-2500-1.png","datePublished":"2025-01-16T10:20:16+00:00","dateModified":"2025-06-02T08:19:39+00:00","description":"Suchen Sie nach einer tosca Liege? SUNS bietet ein elegantes Daybed mit schlankem Aluminiumrahmen, hochwertigem Tauwerk und gro\u00dfz\u00fcgigen Kissen f\u00fcr ultimativen Komfort in Ihrem Garten","breadcrumb":{"@id":"https:\/\/hello-suns.com\/de\/produkte\/tosca-2-tagesbetten\/#breadcrumb"},"inLanguage":"de-DE","potentialAction":[{"@type":"ReadAction","target":["https:\/\/hello-suns.com\/de\/produkte\/tosca-2-tagesbetten\/"]}]},{"@type":"ImageObject","inLanguage":"de-DE","@id":"https:\/\/hello-suns.com\/de\/produkte\/tosca-2-tagesbetten\/#primaryimage","url":"https:\/\/hello-suns.com\/app\/uploads\/2025\/01\/01_Tosca-SUNS-Daybed-CS-NMW-free-25-2500-1.png","contentUrl":"https:\/\/hello-suns.com\/app\/uploads\/2025\/01\/01_Tosca-SUNS-Daybed-CS-NMW-free-25-2500-1.png","width":2500,"height":1667},{"@type":"BreadcrumbList","@id":"https:\/\/hello-suns.com\/de\/produkte\/tosca-2-tagesbetten\/#breadcrumb","itemListElement":[{"@type":"ListItem","position":1,"name":"","item":"https:\/\/hello-suns.com\/de\/"},{"@type":"ListItem","position":2,"name":"Produkte","item":"https:\/\/hello-suns.com\/de\/produkte\/"},{"@type":"ListItem","position":3,"name":"Tosca"}]},{"@type":"WebSite","@id":"https:\/\/hello-suns.com\/de\/#website","url":"https:\/\/hello-suns.com\/de\/","name":"SUNS","description":"Outdoor Lifestyle","potentialAction":[{"@type":"SearchAction","target":{"@type":"EntryPoint","urlTemplate":"https:\/\/hello-suns.com\/de\/?s={search_term_string}"},"query-input":{"@type":"PropertyValueSpecification","valueRequired":true,"valueName":"search_term_string"}}],"inLanguage":"de-DE"}]}},"_links":{"self":[{"href":"https:\/\/hello-suns.com\/de\/wp-json\/wp\/v2\/product\/12898","targetHints":{"allow":["GET"]}}],"collection":[{"href":"https:\/\/hello-suns.com\/de\/wp-json\/wp\/v2\/product"}],"about":[{"href":"https:\/\/hello-suns.com\/de\/wp-json\/wp\/v2\/types\/product"}],"replies":[{"embeddable":true,"href":"https:\/\/hello-suns.com\/de\/wp-json\/wp\/v2\/comments?post=12898"}],"wp:featuredmedia":[{"embeddable":true,"href":"https:\/\/hello-suns.com\/de\/wp-json\/wp\/v2\/media\/12714"}],"wp:attachment":[{"href":"https:\/\/hello-suns.com\/de\/wp-json\/wp\/v2\/media?parent=12898"}],"wp:term":[{"taxonomy":"product_brand","embeddable":true,"href":"https:\/\/hello-suns.com\/de\/wp-json\/wp\/v2\/product_brand?post=12898"},{"taxonomy":"product_cat","embeddable":true,"href":"https:\/\/hello-suns.com\/de\/wp-json\/wp\/v2\/product_cat?post=12898"},{"taxonomy":"product_tag","embeddable":true,"href":"https:\/\/hello-suns.com\/de\/wp-json\/wp\/v2\/product_tag?post=12898"},{"taxonomy":"material","embeddable":true,"href":"https:\/\/hello-suns.com\/de\/wp-json\/wp\/v2\/material?post=12898"}],"curies":[{"name":"wp","href":"https:\/\/api.w.org\/{rel}","templated":true}]}}