{"id":12885,"date":"2025-01-16T09:31:30","date_gmt":"2025-01-16T08:31:30","guid":{"rendered":"https:\/\/hello-suns.com\/producten\/zara\/"},"modified":"2026-02-12T09:08:31","modified_gmt":"2026-02-12T08:08:31","slug":"zara-laternen","status":"publish","type":"product","link":"https:\/\/hello-suns.com\/de\/produkte\/zara-laternen\/","title":{"rendered":"Zara"},"content":{"rendered":"<h2 style=\"font-weight: 400;\"><span class=\"TextRun SCXW115124835 BCX0\" lang=\"NL-NL\" xml:lang=\"NL-NL\" data-contrast=\"none\"><span class=\"NormalTextRun SCXW115124835 BCX0\">Atmosph\u00e4risches Vergn\u00fcgen<\/span><\/span><\/h2>\n<p><span class=\"TextRun SCXW229290121 BCX0\" lang=\"NL-NL\" xml:lang=\"NL-NL\" data-contrast=\"auto\"><span class=\"NormalTextRun SCXW229290121 BCX0\">Mit dieser s<\/span><span class=\"NormalTextRun SCXW229290121 BCX0\">Stil-Laterne <\/span><span class=\"NormalTextRun SCXW229290121 BCX0\">schafft <\/span><span class=\"NormalTextRun SCXW229290121 BCX0\">eine intime Atmosph\u00e4re in Ihrem Garten oder auf Ihrer Terrasse.<\/span><\/span><\/p>\n","protected":false},"excerpt":{"rendered":"<h3><span class=\"TextRun SCXW206213005 BCX0\" lang=\"NL-NL\" xml:lang=\"NL-NL\" data-contrast=\"auto\"><span class=\"NormalTextRun SCXW206213005 BCX0\">Schlanker Rahmen f\u00fcr optimale Lichtverteilung<\/span><\/span><\/h3>\n<p><span data-contrast=\"auto\">Die Laterne SUNS Zara ist eine stilvolle Wahl f\u00fcr Kerzenlicht im Garten. Der schlanke Aluminiumrahmen l\u00e4sst viel Licht durch. Die Laterne f\u00fcgt sich nahtlos in den Stil der SUNS-Au\u00dfenlampen ein und hat eine Farbgebung, die sich nahtlos mit den SUNS-Gartenm\u00f6beln kombinieren l\u00e4sst. <\/span> <span data-contrast=\"none\">Zara ist in verschiedenen Gr\u00f6\u00dfen und Farbvarianten erh\u00e4ltlich.<\/span><\/p>\n","protected":false},"featured_media":12897,"comment_status":"closed","ping_status":"closed","template":"","meta":{"_acf_changed":false},"product_brand":[],"product_cat":[626,633],"product_tag":[],"material":[],"class_list":{"0":"post-12885","1":"product","2":"type-product","3":"status-publish","4":"has-post-thumbnail","6":"product_cat-styling-de","7":"product_cat-laternen","9":"first","10":"instock","11":"shipping-taxable","12":"product-type-simple"},"acf":[],"yoast_head":"<!-- This site is optimized with the Yoast SEO plugin v26.8 - https:\/\/yoast.com\/product\/yoast-seo-wordpress\/ -->\n<title>Entdecken Sie Zara Laterne | SUNS Outdoor Lifestyle<\/title>\n<meta name=\"description\" content=\"Suchen Sie nach einer stilvollen Zara-Laterne? SUNS bietet stimmungsvolle Au\u00dfenlaternen mit modernem Design und langlebigen Materialien f\u00fcr ein warmes Ambiente.\" \/>\n<meta name=\"robots\" content=\"index, follow, max-snippet:-1, max-image-preview:large, max-video-preview:-1\" \/>\n<link rel=\"canonical\" href=\"https:\/\/hello-suns.com\/de\/produkte\/zara-laternen\/\" \/>\n<meta property=\"og:locale\" content=\"de_DE\" \/>\n<meta property=\"og:type\" content=\"article\" \/>\n<meta property=\"og:title\" content=\"Entdecken Sie Zara Laterne | SUNS Outdoor Lifestyle\" \/>\n<meta property=\"og:description\" content=\"Suchen Sie nach einer stilvollen Zara-Laterne? SUNS bietet stimmungsvolle Au\u00dfenlaternen mit modernem Design und langlebigen Materialien f\u00fcr ein warmes Ambiente.\" \/>\n<meta property=\"og:url\" content=\"https:\/\/hello-suns.com\/de\/produkte\/zara-laternen\/\" \/>\n<meta property=\"og:site_name\" content=\"SUNS\" \/>\n<meta property=\"article:modified_time\" content=\"2026-02-12T08:08:31+00:00\" \/>\n<meta property=\"og:image\" content=\"https:\/\/hello-suns.com\/app\/uploads\/2025\/01\/Zara-SUNS-Candle-L-M-S-CS-TK-Free-23-1_Tripych.png\" \/>\n\t<meta property=\"og:image:width\" content=\"2500\" \/>\n\t<meta property=\"og:image:height\" content=\"1667\" \/>\n\t<meta property=\"og:image:type\" content=\"image\/png\" \/>\n<meta name=\"twitter:card\" content=\"summary_large_image\" \/>\n<meta name=\"twitter:label1\" content=\"Est. reading time\" \/>\n\t<meta name=\"twitter:data1\" content=\"3 minutes\" \/>\n<script type=\"application\/ld+json\" class=\"yoast-schema-graph\">{\"@context\":\"https:\/\/schema.org\",\"@graph\":[{\"@type\":\"WebPage\",\"@id\":\"https:\/\/hello-suns.com\/de\/produkte\/zara-laternen\/\",\"url\":\"https:\/\/hello-suns.com\/de\/produkte\/zara-laternen\/\",\"name\":\"Entdecken Sie Zara Laterne | SUNS Outdoor Lifestyle\",\"isPartOf\":{\"@id\":\"https:\/\/hello-suns.com\/de\/#website\"},\"primaryImageOfPage\":{\"@id\":\"https:\/\/hello-suns.com\/de\/produkte\/zara-laternen\/#primaryimage\"},\"image\":{\"@id\":\"https:\/\/hello-suns.com\/de\/produkte\/zara-laternen\/#primaryimage\"},\"thumbnailUrl\":\"https:\/\/hello-suns.com\/app\/uploads\/2025\/01\/Zara-SUNS-Candle-L-M-S-CS-TK-Free-23-1_Tripych.png\",\"datePublished\":\"2025-01-16T08:31:30+00:00\",\"dateModified\":\"2026-02-12T08:08:31+00:00\",\"description\":\"Suchen Sie nach einer stilvollen Zara-Laterne? SUNS bietet stimmungsvolle Au\u00dfenlaternen mit modernem Design und langlebigen Materialien f\u00fcr ein warmes Ambiente.\",\"breadcrumb\":{\"@id\":\"https:\/\/hello-suns.com\/de\/produkte\/zara-laternen\/#breadcrumb\"},\"inLanguage\":\"de-DE\",\"potentialAction\":[{\"@type\":\"ReadAction\",\"target\":[\"https:\/\/hello-suns.com\/de\/produkte\/zara-laternen\/\"]}]},{\"@type\":\"ImageObject\",\"inLanguage\":\"de-DE\",\"@id\":\"https:\/\/hello-suns.com\/de\/produkte\/zara-laternen\/#primaryimage\",\"url\":\"https:\/\/hello-suns.com\/app\/uploads\/2025\/01\/Zara-SUNS-Candle-L-M-S-CS-TK-Free-23-1_Tripych.png\",\"contentUrl\":\"https:\/\/hello-suns.com\/app\/uploads\/2025\/01\/Zara-SUNS-Candle-L-M-S-CS-TK-Free-23-1_Tripych.png\",\"width\":2500,\"height\":1667},{\"@type\":\"BreadcrumbList\",\"@id\":\"https:\/\/hello-suns.com\/de\/produkte\/zara-laternen\/#breadcrumb\",\"itemListElement\":[{\"@type\":\"ListItem\",\"position\":1,\"name\":\"\",\"item\":\"https:\/\/hello-suns.com\/de\/\"},{\"@type\":\"ListItem\",\"position\":2,\"name\":\"Produkte\",\"item\":\"https:\/\/hello-suns.com\/de\/produkte\/\"},{\"@type\":\"ListItem\",\"position\":3,\"name\":\"Zara\"}]},{\"@type\":\"WebSite\",\"@id\":\"https:\/\/hello-suns.com\/de\/#website\",\"url\":\"https:\/\/hello-suns.com\/de\/\",\"name\":\"SUNS\",\"description\":\"Outdoor Lifestyle\",\"potentialAction\":[{\"@type\":\"SearchAction\",\"target\":{\"@type\":\"EntryPoint\",\"urlTemplate\":\"https:\/\/hello-suns.com\/de\/?s={search_term_string}\"},\"query-input\":{\"@type\":\"PropertyValueSpecification\",\"valueRequired\":true,\"valueName\":\"search_term_string\"}}],\"inLanguage\":\"de-DE\"}]}<\/script>\n<!-- \/ Yoast SEO plugin. -->","yoast_head_json":{"title":"Entdecken Sie Zara Laterne | SUNS Outdoor Lifestyle","description":"Suchen Sie nach einer stilvollen Zara-Laterne? SUNS bietet stimmungsvolle Au\u00dfenlaternen mit modernem Design und langlebigen Materialien f\u00fcr ein warmes Ambiente.","robots":{"index":"index","follow":"follow","max-snippet":"max-snippet:-1","max-image-preview":"max-image-preview:large","max-video-preview":"max-video-preview:-1"},"canonical":"https:\/\/hello-suns.com\/de\/produkte\/zara-laternen\/","og_locale":"de_DE","og_type":"article","og_title":"Entdecken Sie Zara Laterne | SUNS Outdoor Lifestyle","og_description":"Suchen Sie nach einer stilvollen Zara-Laterne? SUNS bietet stimmungsvolle Au\u00dfenlaternen mit modernem Design und langlebigen Materialien f\u00fcr ein warmes Ambiente.","og_url":"https:\/\/hello-suns.com\/de\/produkte\/zara-laternen\/","og_site_name":"SUNS","article_modified_time":"2026-02-12T08:08:31+00:00","og_image":[{"width":2500,"height":1667,"url":"https:\/\/hello-suns.com\/app\/uploads\/2025\/01\/Zara-SUNS-Candle-L-M-S-CS-TK-Free-23-1_Tripych.png","type":"image\/png"}],"twitter_card":"summary_large_image","twitter_misc":{"Est. reading time":"3 minutes"},"schema":{"@context":"https:\/\/schema.org","@graph":[{"@type":"WebPage","@id":"https:\/\/hello-suns.com\/de\/produkte\/zara-laternen\/","url":"https:\/\/hello-suns.com\/de\/produkte\/zara-laternen\/","name":"Entdecken Sie Zara Laterne | SUNS Outdoor Lifestyle","isPartOf":{"@id":"https:\/\/hello-suns.com\/de\/#website"},"primaryImageOfPage":{"@id":"https:\/\/hello-suns.com\/de\/produkte\/zara-laternen\/#primaryimage"},"image":{"@id":"https:\/\/hello-suns.com\/de\/produkte\/zara-laternen\/#primaryimage"},"thumbnailUrl":"https:\/\/hello-suns.com\/app\/uploads\/2025\/01\/Zara-SUNS-Candle-L-M-S-CS-TK-Free-23-1_Tripych.png","datePublished":"2025-01-16T08:31:30+00:00","dateModified":"2026-02-12T08:08:31+00:00","description":"Suchen Sie nach einer stilvollen Zara-Laterne? SUNS bietet stimmungsvolle Au\u00dfenlaternen mit modernem Design und langlebigen Materialien f\u00fcr ein warmes Ambiente.","breadcrumb":{"@id":"https:\/\/hello-suns.com\/de\/produkte\/zara-laternen\/#breadcrumb"},"inLanguage":"de-DE","potentialAction":[{"@type":"ReadAction","target":["https:\/\/hello-suns.com\/de\/produkte\/zara-laternen\/"]}]},{"@type":"ImageObject","inLanguage":"de-DE","@id":"https:\/\/hello-suns.com\/de\/produkte\/zara-laternen\/#primaryimage","url":"https:\/\/hello-suns.com\/app\/uploads\/2025\/01\/Zara-SUNS-Candle-L-M-S-CS-TK-Free-23-1_Tripych.png","contentUrl":"https:\/\/hello-suns.com\/app\/uploads\/2025\/01\/Zara-SUNS-Candle-L-M-S-CS-TK-Free-23-1_Tripych.png","width":2500,"height":1667},{"@type":"BreadcrumbList","@id":"https:\/\/hello-suns.com\/de\/produkte\/zara-laternen\/#breadcrumb","itemListElement":[{"@type":"ListItem","position":1,"name":"","item":"https:\/\/hello-suns.com\/de\/"},{"@type":"ListItem","position":2,"name":"Produkte","item":"https:\/\/hello-suns.com\/de\/produkte\/"},{"@type":"ListItem","position":3,"name":"Zara"}]},{"@type":"WebSite","@id":"https:\/\/hello-suns.com\/de\/#website","url":"https:\/\/hello-suns.com\/de\/","name":"SUNS","description":"Outdoor Lifestyle","potentialAction":[{"@type":"SearchAction","target":{"@type":"EntryPoint","urlTemplate":"https:\/\/hello-suns.com\/de\/?s={search_term_string}"},"query-input":{"@type":"PropertyValueSpecification","valueRequired":true,"valueName":"search_term_string"}}],"inLanguage":"de-DE"}]}},"_links":{"self":[{"href":"https:\/\/hello-suns.com\/de\/wp-json\/wp\/v2\/product\/12885","targetHints":{"allow":["GET"]}}],"collection":[{"href":"https:\/\/hello-suns.com\/de\/wp-json\/wp\/v2\/product"}],"about":[{"href":"https:\/\/hello-suns.com\/de\/wp-json\/wp\/v2\/types\/product"}],"replies":[{"embeddable":true,"href":"https:\/\/hello-suns.com\/de\/wp-json\/wp\/v2\/comments?post=12885"}],"wp:featuredmedia":[{"embeddable":true,"href":"https:\/\/hello-suns.com\/de\/wp-json\/wp\/v2\/media\/12897"}],"wp:attachment":[{"href":"https:\/\/hello-suns.com\/de\/wp-json\/wp\/v2\/media?parent=12885"}],"wp:term":[{"taxonomy":"product_brand","embeddable":true,"href":"https:\/\/hello-suns.com\/de\/wp-json\/wp\/v2\/product_brand?post=12885"},{"taxonomy":"product_cat","embeddable":true,"href":"https:\/\/hello-suns.com\/de\/wp-json\/wp\/v2\/product_cat?post=12885"},{"taxonomy":"product_tag","embeddable":true,"href":"https:\/\/hello-suns.com\/de\/wp-json\/wp\/v2\/product_tag?post=12885"},{"taxonomy":"material","embeddable":true,"href":"https:\/\/hello-suns.com\/de\/wp-json\/wp\/v2\/material?post=12885"}],"curies":[{"name":"wp","href":"https:\/\/api.w.org\/{rel}","templated":true}]}}