{"id":12884,"date":"2025-01-16T10:28:03","date_gmt":"2025-01-16T09:28:03","guid":{"rendered":"https:\/\/hello-suns.com\/producten\/stockholm\/"},"modified":"2026-02-04T11:20:44","modified_gmt":"2026-02-04T10:20:44","slug":"stockholm-tagesbetten","status":"publish","type":"product","link":"https:\/\/hello-suns.com\/de\/produkte\/stockholm-tagesbetten\/","title":{"rendered":"Stockholm"},"content":{"rendered":"<h2 style=\"font-weight: 400;\"><span class=\"TextRun SCXW27638417 BCX0\" lang=\"NL-NL\" xml:lang=\"NL-NL\" data-contrast=\"auto\"><span class=\"NormalTextRun SCXW27638417 BCX0\">Verdoppeln Sie den <\/span><span class=\"NormalTextRun SCXW27638417 BCX0\">Spa\u00df<\/span><\/span><\/h2>\n<p style=\"font-weight: 400;\"><span class=\"TextRun SCXW250913464 BCX0\" lang=\"NL-NL\" xml:lang=\"NL-NL\" data-contrast=\"auto\"><span class=\"NormalTextRun SCXW250913464 BCX0\">Stockholm<\/span> <span class=\"NormalTextRun SCXW250913464 BCX0\">Tagesbett <\/span> <span class=\"NormalTextRun SCXW250913464 BCX0\">l\u00e4sst Sie au\u00dfergew\u00f6hnlichen Luxus genie\u00dfen. Unbeschwert <\/span><span class=\"NormalTextRun SCXW250913464 BCX0\">, mit <\/span><span class=\"NormalTextRun SCXW250913464 BCX0\">grenzenlos<\/span> <span class=\"NormalTextRun SCXW250913464 BCX0\">Komfort<\/span><span class=\"NormalTextRun SCXW250913464 BCX0\">. Worauf warten Sie noch?<\/span><\/span><\/p>\n","protected":false},"excerpt":{"rendered":"<h3 style=\"font-weight: 400;\"><span class=\"TextRun SCXW71540007 BCX0\" lang=\"NL-NL\" xml:lang=\"NL-NL\" data-contrast=\"auto\"><span class=\"NormalTextRun SCXW71540007 BCX0\">Doppeltes Vergn\u00fcgen<\/span><\/span><\/h3>\n<p><span data-contrast=\"auto\">Zwei sch\u00f6ne Chaiselongues in Ihrem Garten oder auf Ihrer Terrasse f\u00fcr optimale Entspannung auf dem Stockholm Daybed. SUNS liefert Ihnen das Daybed Ihrer Tr\u00e4ume. <\/span> <span data-contrast=\"auto\">Das Daybed ist auf einem robusten, soliden und dennoch stilvollen Aluminiumrahmen aufgebaut. Die gro\u00dfz\u00fcgigen Matratzen und Kissen bieten gro\u00dfartigen Sitz- und Liegekomfort. Dank der Verwendung hochwertiger Materialien k\u00f6nnen Sie dieses Daybed das ganze Jahr \u00fcber im Freien stehen lassen.<\/span> <span data-contrast=\"auto\">Das Set ist in der beliebten modularen Stockholm-Linie entworfen. Das hei\u00dft, Sie k\u00f6nnen verschiedene Elemente zu Ihrer eigenen idealen Einrichtung kombinieren. SUNS bietet verschiedene modulare Konzepte unter dem Motto: You Create. Zus\u00e4tzlich zu diesem Tagesbett gibt es in derselben Produktlinie ein Lounge-Set <\/span><span data-contrast=\"auto\">und eine Sofagarnitur zur Verf\u00fcgung.<\/span><\/p>\n","protected":false},"featured_media":12711,"comment_status":"closed","ping_status":"closed","template":"","meta":{"_acf_changed":false},"product_brand":[],"product_cat":[631,629,632],"product_tag":[],"material":[],"class_list":{"0":"post-12884","1":"product","2":"type-product","3":"status-publish","4":"has-post-thumbnail","6":"product_cat-you-create","7":"product_cat-relax-de","8":"product_cat-tagesbetten","10":"first","11":"instock","12":"shipping-taxable","13":"product-type-simple"},"acf":[],"yoast_head":"<!-- This site is optimized with the Yoast SEO plugin v26.8 - https:\/\/yoast.com\/product\/yoast-seo-wordpress\/ -->\n<title>Entdecken Sie Stockholm Daybed | SUNS Outdoor Lifestyle<\/title>\n<meta name=\"description\" content=\"Sie suchen ein Stockholmer Tagesbett? SUNS bietet ein modulares Daybed mit robustem Aluminiumrahmen, gro\u00dfz\u00fcgigen Matratzen und Kissen. Perfekt f\u00fcr den Einsatz im Freien.\" \/>\n<meta name=\"robots\" content=\"index, follow, max-snippet:-1, max-image-preview:large, max-video-preview:-1\" \/>\n<link rel=\"canonical\" href=\"https:\/\/hello-suns.com\/de\/produkte\/stockholm-tagesbetten\/\" \/>\n<meta property=\"og:locale\" content=\"de_DE\" \/>\n<meta property=\"og:type\" content=\"article\" \/>\n<meta property=\"og:title\" content=\"Entdecken Sie Stockholm Daybed | SUNS Outdoor Lifestyle\" \/>\n<meta property=\"og:description\" content=\"Sie suchen ein Stockholmer Tagesbett? SUNS bietet ein modulares Daybed mit robustem Aluminiumrahmen, gro\u00dfz\u00fcgigen Matratzen und Kissen. Perfekt f\u00fcr den Einsatz im Freien.\" \/>\n<meta property=\"og:url\" content=\"https:\/\/hello-suns.com\/de\/produkte\/stockholm-tagesbetten\/\" \/>\n<meta property=\"og:site_name\" content=\"SUNS\" \/>\n<meta property=\"article:modified_time\" content=\"2026-02-04T10:20:44+00:00\" \/>\n<meta property=\"og:image\" content=\"https:\/\/hello-suns.com\/app\/uploads\/2025\/01\/01_Daybed_stockholm_slateofegrey_2500px-1-1024x683.png\" \/>\n\t<meta property=\"og:image:width\" content=\"1024\" \/>\n\t<meta property=\"og:image:height\" content=\"683\" \/>\n\t<meta property=\"og:image:type\" content=\"image\/png\" \/>\n<meta name=\"twitter:card\" content=\"summary_large_image\" \/>\n<meta name=\"twitter:label1\" content=\"Est. reading time\" \/>\n\t<meta name=\"twitter:data1\" content=\"2 minutes\" \/>\n<script type=\"application\/ld+json\" class=\"yoast-schema-graph\">{\"@context\":\"https:\/\/schema.org\",\"@graph\":[{\"@type\":\"WebPage\",\"@id\":\"https:\/\/hello-suns.com\/de\/produkte\/stockholm-tagesbetten\/\",\"url\":\"https:\/\/hello-suns.com\/de\/produkte\/stockholm-tagesbetten\/\",\"name\":\"Entdecken Sie Stockholm Daybed | SUNS Outdoor Lifestyle\",\"isPartOf\":{\"@id\":\"https:\/\/hello-suns.com\/de\/#website\"},\"primaryImageOfPage\":{\"@id\":\"https:\/\/hello-suns.com\/de\/produkte\/stockholm-tagesbetten\/#primaryimage\"},\"image\":{\"@id\":\"https:\/\/hello-suns.com\/de\/produkte\/stockholm-tagesbetten\/#primaryimage\"},\"thumbnailUrl\":\"https:\/\/hello-suns.com\/app\/uploads\/2025\/01\/01_Daybed_stockholm_slateofegrey_2500px-1.png\",\"datePublished\":\"2025-01-16T09:28:03+00:00\",\"dateModified\":\"2026-02-04T10:20:44+00:00\",\"description\":\"Sie suchen ein Stockholmer Tagesbett? SUNS bietet ein modulares Daybed mit robustem Aluminiumrahmen, gro\u00dfz\u00fcgigen Matratzen und Kissen. Perfekt f\u00fcr den Einsatz im Freien.\",\"breadcrumb\":{\"@id\":\"https:\/\/hello-suns.com\/de\/produkte\/stockholm-tagesbetten\/#breadcrumb\"},\"inLanguage\":\"de-DE\",\"potentialAction\":[{\"@type\":\"ReadAction\",\"target\":[\"https:\/\/hello-suns.com\/de\/produkte\/stockholm-tagesbetten\/\"]}]},{\"@type\":\"ImageObject\",\"inLanguage\":\"de-DE\",\"@id\":\"https:\/\/hello-suns.com\/de\/produkte\/stockholm-tagesbetten\/#primaryimage\",\"url\":\"https:\/\/hello-suns.com\/app\/uploads\/2025\/01\/01_Daybed_stockholm_slateofegrey_2500px-1.png\",\"contentUrl\":\"https:\/\/hello-suns.com\/app\/uploads\/2025\/01\/01_Daybed_stockholm_slateofegrey_2500px-1.png\",\"width\":2500,\"height\":1667},{\"@type\":\"BreadcrumbList\",\"@id\":\"https:\/\/hello-suns.com\/de\/produkte\/stockholm-tagesbetten\/#breadcrumb\",\"itemListElement\":[{\"@type\":\"ListItem\",\"position\":1,\"name\":\"\",\"item\":\"https:\/\/hello-suns.com\/de\/\"},{\"@type\":\"ListItem\",\"position\":2,\"name\":\"Produkte\",\"item\":\"https:\/\/hello-suns.com\/de\/produkte\/\"},{\"@type\":\"ListItem\",\"position\":3,\"name\":\"Stockholm\"}]},{\"@type\":\"WebSite\",\"@id\":\"https:\/\/hello-suns.com\/de\/#website\",\"url\":\"https:\/\/hello-suns.com\/de\/\",\"name\":\"SUNS\",\"description\":\"Outdoor Lifestyle\",\"potentialAction\":[{\"@type\":\"SearchAction\",\"target\":{\"@type\":\"EntryPoint\",\"urlTemplate\":\"https:\/\/hello-suns.com\/de\/?s={search_term_string}\"},\"query-input\":{\"@type\":\"PropertyValueSpecification\",\"valueRequired\":true,\"valueName\":\"search_term_string\"}}],\"inLanguage\":\"de-DE\"}]}<\/script>\n<!-- \/ Yoast SEO plugin. -->","yoast_head_json":{"title":"Entdecken Sie Stockholm Daybed | SUNS Outdoor Lifestyle","description":"Sie suchen ein Stockholmer Tagesbett? SUNS bietet ein modulares Daybed mit robustem Aluminiumrahmen, gro\u00dfz\u00fcgigen Matratzen und Kissen. Perfekt f\u00fcr den Einsatz im Freien.","robots":{"index":"index","follow":"follow","max-snippet":"max-snippet:-1","max-image-preview":"max-image-preview:large","max-video-preview":"max-video-preview:-1"},"canonical":"https:\/\/hello-suns.com\/de\/produkte\/stockholm-tagesbetten\/","og_locale":"de_DE","og_type":"article","og_title":"Entdecken Sie Stockholm Daybed | SUNS Outdoor Lifestyle","og_description":"Sie suchen ein Stockholmer Tagesbett? SUNS bietet ein modulares Daybed mit robustem Aluminiumrahmen, gro\u00dfz\u00fcgigen Matratzen und Kissen. Perfekt f\u00fcr den Einsatz im Freien.","og_url":"https:\/\/hello-suns.com\/de\/produkte\/stockholm-tagesbetten\/","og_site_name":"SUNS","article_modified_time":"2026-02-04T10:20:44+00:00","og_image":[{"width":1024,"height":683,"url":"https:\/\/hello-suns.com\/app\/uploads\/2025\/01\/01_Daybed_stockholm_slateofegrey_2500px-1-1024x683.png","type":"image\/png"}],"twitter_card":"summary_large_image","twitter_misc":{"Est. reading time":"2 minutes"},"schema":{"@context":"https:\/\/schema.org","@graph":[{"@type":"WebPage","@id":"https:\/\/hello-suns.com\/de\/produkte\/stockholm-tagesbetten\/","url":"https:\/\/hello-suns.com\/de\/produkte\/stockholm-tagesbetten\/","name":"Entdecken Sie Stockholm Daybed | SUNS Outdoor Lifestyle","isPartOf":{"@id":"https:\/\/hello-suns.com\/de\/#website"},"primaryImageOfPage":{"@id":"https:\/\/hello-suns.com\/de\/produkte\/stockholm-tagesbetten\/#primaryimage"},"image":{"@id":"https:\/\/hello-suns.com\/de\/produkte\/stockholm-tagesbetten\/#primaryimage"},"thumbnailUrl":"https:\/\/hello-suns.com\/app\/uploads\/2025\/01\/01_Daybed_stockholm_slateofegrey_2500px-1.png","datePublished":"2025-01-16T09:28:03+00:00","dateModified":"2026-02-04T10:20:44+00:00","description":"Sie suchen ein Stockholmer Tagesbett? SUNS bietet ein modulares Daybed mit robustem Aluminiumrahmen, gro\u00dfz\u00fcgigen Matratzen und Kissen. Perfekt f\u00fcr den Einsatz im Freien.","breadcrumb":{"@id":"https:\/\/hello-suns.com\/de\/produkte\/stockholm-tagesbetten\/#breadcrumb"},"inLanguage":"de-DE","potentialAction":[{"@type":"ReadAction","target":["https:\/\/hello-suns.com\/de\/produkte\/stockholm-tagesbetten\/"]}]},{"@type":"ImageObject","inLanguage":"de-DE","@id":"https:\/\/hello-suns.com\/de\/produkte\/stockholm-tagesbetten\/#primaryimage","url":"https:\/\/hello-suns.com\/app\/uploads\/2025\/01\/01_Daybed_stockholm_slateofegrey_2500px-1.png","contentUrl":"https:\/\/hello-suns.com\/app\/uploads\/2025\/01\/01_Daybed_stockholm_slateofegrey_2500px-1.png","width":2500,"height":1667},{"@type":"BreadcrumbList","@id":"https:\/\/hello-suns.com\/de\/produkte\/stockholm-tagesbetten\/#breadcrumb","itemListElement":[{"@type":"ListItem","position":1,"name":"","item":"https:\/\/hello-suns.com\/de\/"},{"@type":"ListItem","position":2,"name":"Produkte","item":"https:\/\/hello-suns.com\/de\/produkte\/"},{"@type":"ListItem","position":3,"name":"Stockholm"}]},{"@type":"WebSite","@id":"https:\/\/hello-suns.com\/de\/#website","url":"https:\/\/hello-suns.com\/de\/","name":"SUNS","description":"Outdoor Lifestyle","potentialAction":[{"@type":"SearchAction","target":{"@type":"EntryPoint","urlTemplate":"https:\/\/hello-suns.com\/de\/?s={search_term_string}"},"query-input":{"@type":"PropertyValueSpecification","valueRequired":true,"valueName":"search_term_string"}}],"inLanguage":"de-DE"}]}},"_links":{"self":[{"href":"https:\/\/hello-suns.com\/de\/wp-json\/wp\/v2\/product\/12884","targetHints":{"allow":["GET"]}}],"collection":[{"href":"https:\/\/hello-suns.com\/de\/wp-json\/wp\/v2\/product"}],"about":[{"href":"https:\/\/hello-suns.com\/de\/wp-json\/wp\/v2\/types\/product"}],"replies":[{"embeddable":true,"href":"https:\/\/hello-suns.com\/de\/wp-json\/wp\/v2\/comments?post=12884"}],"wp:featuredmedia":[{"embeddable":true,"href":"https:\/\/hello-suns.com\/de\/wp-json\/wp\/v2\/media\/12711"}],"wp:attachment":[{"href":"https:\/\/hello-suns.com\/de\/wp-json\/wp\/v2\/media?parent=12884"}],"wp:term":[{"taxonomy":"product_brand","embeddable":true,"href":"https:\/\/hello-suns.com\/de\/wp-json\/wp\/v2\/product_brand?post=12884"},{"taxonomy":"product_cat","embeddable":true,"href":"https:\/\/hello-suns.com\/de\/wp-json\/wp\/v2\/product_cat?post=12884"},{"taxonomy":"product_tag","embeddable":true,"href":"https:\/\/hello-suns.com\/de\/wp-json\/wp\/v2\/product_tag?post=12884"},{"taxonomy":"material","embeddable":true,"href":"https:\/\/hello-suns.com\/de\/wp-json\/wp\/v2\/material?post=12884"}],"curies":[{"name":"wp","href":"https:\/\/api.w.org\/{rel}","templated":true}]}}