{"id":12873,"date":"2025-01-16T10:34:37","date_gmt":"2025-01-16T09:34:37","guid":{"rendered":"https:\/\/hello-suns.com\/producten\/lido\/"},"modified":"2026-02-11T15:27:39","modified_gmt":"2026-02-11T14:27:39","slug":"lido","status":"publish","type":"product","link":"https:\/\/hello-suns.com\/de\/produkte\/lido\/","title":{"rendered":"Lido"},"content":{"rendered":"<h2 style=\"font-weight: 400;\">Luxuri\u00f6se Entspannung<\/h2>\n<p style=\"font-weight: 400;\">Eine charaktervolle Teakholzkonstruktion. Verstellbare R\u00fcckenlehne und ein gut gepolstertes Kissen. Die Liege Lido bietet Luxus und Komfort.<\/p>\n","protected":false},"excerpt":{"rendered":"<h3 style=\"font-weight: 400;\">Liege aus Teakholz<\/h3>\n<p style=\"font-weight: 400;\">Stilvolle Vollteak-Liege mit Strandcharakter. Die Liege Lido l\u00e4dt zu Luxus und Komfort ein. Dies ist die Liege, die Sie den ganzen Tag nicht mehr loswerden.<\/p>\n<p style=\"font-weight: 400;\">Die gro\u00dfz\u00fcgig gepolsterten Kissen sind mit unserem hochwertigen Outdoor-Stoff bezogen. Dieser hochwertige Stoff kombiniert witterungsbest\u00e4ndige Eigenschaften mit einem wunderbar weichen Griff. Die R\u00fcckenlehne ist nat\u00fcrlich verstellbar. Lido ist mit einem passenden Beistelltisch erh\u00e4ltlich.<\/p>\n","protected":false},"featured_media":12684,"comment_status":"closed","ping_status":"closed","template":"","meta":{"_acf_changed":false},"product_brand":[],"product_cat":[629,630],"product_tag":[],"material":[],"class_list":{"0":"post-12873","1":"product","2":"type-product","3":"status-publish","4":"has-post-thumbnail","6":"product_cat-relax-de","7":"product_cat-liegestuhle","9":"first","10":"instock","11":"shipping-taxable","12":"product-type-simple"},"acf":[],"yoast_head":"<!-- This site is optimized with the Yoast SEO plugin v26.8 - https:\/\/yoast.com\/product\/yoast-seo-wordpress\/ -->\n<title>Entdecken Sie Lido Lounger | SUNS Gartenm\u00f6bel<\/title>\n<meta name=\"description\" content=\"Suchen Sie eine Lido-Liege? SUNS bietet stilvolle Liegen aus Teakholz mit verstellbarer R\u00fcckenlehne und hochwertigen Outdoor-Stoffpolstern f\u00fcr ultimativen Komfort.\" \/>\n<meta name=\"robots\" content=\"index, follow, max-snippet:-1, max-image-preview:large, max-video-preview:-1\" \/>\n<link rel=\"canonical\" href=\"https:\/\/hello-suns.com\/de\/produkte\/lido\/\" \/>\n<meta property=\"og:locale\" content=\"de_DE\" \/>\n<meta property=\"og:type\" content=\"article\" \/>\n<meta property=\"og:title\" content=\"Entdecken Sie Lido Lounger | SUNS Gartenm\u00f6bel\" \/>\n<meta property=\"og:description\" content=\"Suchen Sie eine Lido-Liege? SUNS bietet stilvolle Liegen aus Teakholz mit verstellbarer R\u00fcckenlehne und hochwertigen Outdoor-Stoffpolstern f\u00fcr ultimativen Komfort.\" \/>\n<meta property=\"og:url\" content=\"https:\/\/hello-suns.com\/de\/produkte\/lido\/\" \/>\n<meta property=\"og:site_name\" content=\"SUNS\" \/>\n<meta property=\"article:modified_time\" content=\"2026-02-11T14:27:39+00:00\" \/>\n<meta property=\"og:image\" content=\"https:\/\/hello-suns.com\/app\/uploads\/2025\/01\/01_Lounger_SUNS_Lido_softgrey_1-1-1024x683.png\" \/>\n\t<meta property=\"og:image:width\" content=\"1024\" \/>\n\t<meta property=\"og:image:height\" content=\"683\" \/>\n\t<meta property=\"og:image:type\" content=\"image\/png\" \/>\n<meta name=\"twitter:card\" content=\"summary_large_image\" \/>\n<meta name=\"twitter:label1\" content=\"Est. reading time\" \/>\n\t<meta name=\"twitter:data1\" content=\"2 minutes\" \/>\n<script type=\"application\/ld+json\" class=\"yoast-schema-graph\">{\"@context\":\"https:\/\/schema.org\",\"@graph\":[{\"@type\":\"WebPage\",\"@id\":\"https:\/\/hello-suns.com\/de\/produkte\/lido\/\",\"url\":\"https:\/\/hello-suns.com\/de\/produkte\/lido\/\",\"name\":\"Entdecken Sie Lido Lounger | SUNS Gartenm\u00f6bel\",\"isPartOf\":{\"@id\":\"https:\/\/hello-suns.com\/de\/#website\"},\"primaryImageOfPage\":{\"@id\":\"https:\/\/hello-suns.com\/de\/produkte\/lido\/#primaryimage\"},\"image\":{\"@id\":\"https:\/\/hello-suns.com\/de\/produkte\/lido\/#primaryimage\"},\"thumbnailUrl\":\"https:\/\/hello-suns.com\/app\/uploads\/2025\/01\/01_Lounger_SUNS_Lido_softgrey_1-1.png\",\"datePublished\":\"2025-01-16T09:34:37+00:00\",\"dateModified\":\"2026-02-11T14:27:39+00:00\",\"description\":\"Suchen Sie eine Lido-Liege? SUNS bietet stilvolle Liegen aus Teakholz mit verstellbarer R\u00fcckenlehne und hochwertigen Outdoor-Stoffpolstern f\u00fcr ultimativen Komfort.\",\"breadcrumb\":{\"@id\":\"https:\/\/hello-suns.com\/de\/produkte\/lido\/#breadcrumb\"},\"inLanguage\":\"de-DE\",\"potentialAction\":[{\"@type\":\"ReadAction\",\"target\":[\"https:\/\/hello-suns.com\/de\/produkte\/lido\/\"]}]},{\"@type\":\"ImageObject\",\"inLanguage\":\"de-DE\",\"@id\":\"https:\/\/hello-suns.com\/de\/produkte\/lido\/#primaryimage\",\"url\":\"https:\/\/hello-suns.com\/app\/uploads\/2025\/01\/01_Lounger_SUNS_Lido_softgrey_1-1.png\",\"contentUrl\":\"https:\/\/hello-suns.com\/app\/uploads\/2025\/01\/01_Lounger_SUNS_Lido_softgrey_1-1.png\",\"width\":2500,\"height\":1667},{\"@type\":\"BreadcrumbList\",\"@id\":\"https:\/\/hello-suns.com\/de\/produkte\/lido\/#breadcrumb\",\"itemListElement\":[{\"@type\":\"ListItem\",\"position\":1,\"name\":\"\",\"item\":\"https:\/\/hello-suns.com\/de\/\"},{\"@type\":\"ListItem\",\"position\":2,\"name\":\"Produkte\",\"item\":\"https:\/\/hello-suns.com\/de\/produkte\/\"},{\"@type\":\"ListItem\",\"position\":3,\"name\":\"Lido\"}]},{\"@type\":\"WebSite\",\"@id\":\"https:\/\/hello-suns.com\/de\/#website\",\"url\":\"https:\/\/hello-suns.com\/de\/\",\"name\":\"SUNS\",\"description\":\"Outdoor Lifestyle\",\"potentialAction\":[{\"@type\":\"SearchAction\",\"target\":{\"@type\":\"EntryPoint\",\"urlTemplate\":\"https:\/\/hello-suns.com\/de\/?s={search_term_string}\"},\"query-input\":{\"@type\":\"PropertyValueSpecification\",\"valueRequired\":true,\"valueName\":\"search_term_string\"}}],\"inLanguage\":\"de-DE\"}]}<\/script>\n<!-- \/ Yoast SEO plugin. -->","yoast_head_json":{"title":"Entdecken Sie Lido Lounger | SUNS Gartenm\u00f6bel","description":"Suchen Sie eine Lido-Liege? SUNS bietet stilvolle Liegen aus Teakholz mit verstellbarer R\u00fcckenlehne und hochwertigen Outdoor-Stoffpolstern f\u00fcr ultimativen Komfort.","robots":{"index":"index","follow":"follow","max-snippet":"max-snippet:-1","max-image-preview":"max-image-preview:large","max-video-preview":"max-video-preview:-1"},"canonical":"https:\/\/hello-suns.com\/de\/produkte\/lido\/","og_locale":"de_DE","og_type":"article","og_title":"Entdecken Sie Lido Lounger | SUNS Gartenm\u00f6bel","og_description":"Suchen Sie eine Lido-Liege? SUNS bietet stilvolle Liegen aus Teakholz mit verstellbarer R\u00fcckenlehne und hochwertigen Outdoor-Stoffpolstern f\u00fcr ultimativen Komfort.","og_url":"https:\/\/hello-suns.com\/de\/produkte\/lido\/","og_site_name":"SUNS","article_modified_time":"2026-02-11T14:27:39+00:00","og_image":[{"width":1024,"height":683,"url":"https:\/\/hello-suns.com\/app\/uploads\/2025\/01\/01_Lounger_SUNS_Lido_softgrey_1-1-1024x683.png","type":"image\/png"}],"twitter_card":"summary_large_image","twitter_misc":{"Est. reading time":"2 minutes"},"schema":{"@context":"https:\/\/schema.org","@graph":[{"@type":"WebPage","@id":"https:\/\/hello-suns.com\/de\/produkte\/lido\/","url":"https:\/\/hello-suns.com\/de\/produkte\/lido\/","name":"Entdecken Sie Lido Lounger | SUNS Gartenm\u00f6bel","isPartOf":{"@id":"https:\/\/hello-suns.com\/de\/#website"},"primaryImageOfPage":{"@id":"https:\/\/hello-suns.com\/de\/produkte\/lido\/#primaryimage"},"image":{"@id":"https:\/\/hello-suns.com\/de\/produkte\/lido\/#primaryimage"},"thumbnailUrl":"https:\/\/hello-suns.com\/app\/uploads\/2025\/01\/01_Lounger_SUNS_Lido_softgrey_1-1.png","datePublished":"2025-01-16T09:34:37+00:00","dateModified":"2026-02-11T14:27:39+00:00","description":"Suchen Sie eine Lido-Liege? SUNS bietet stilvolle Liegen aus Teakholz mit verstellbarer R\u00fcckenlehne und hochwertigen Outdoor-Stoffpolstern f\u00fcr ultimativen Komfort.","breadcrumb":{"@id":"https:\/\/hello-suns.com\/de\/produkte\/lido\/#breadcrumb"},"inLanguage":"de-DE","potentialAction":[{"@type":"ReadAction","target":["https:\/\/hello-suns.com\/de\/produkte\/lido\/"]}]},{"@type":"ImageObject","inLanguage":"de-DE","@id":"https:\/\/hello-suns.com\/de\/produkte\/lido\/#primaryimage","url":"https:\/\/hello-suns.com\/app\/uploads\/2025\/01\/01_Lounger_SUNS_Lido_softgrey_1-1.png","contentUrl":"https:\/\/hello-suns.com\/app\/uploads\/2025\/01\/01_Lounger_SUNS_Lido_softgrey_1-1.png","width":2500,"height":1667},{"@type":"BreadcrumbList","@id":"https:\/\/hello-suns.com\/de\/produkte\/lido\/#breadcrumb","itemListElement":[{"@type":"ListItem","position":1,"name":"","item":"https:\/\/hello-suns.com\/de\/"},{"@type":"ListItem","position":2,"name":"Produkte","item":"https:\/\/hello-suns.com\/de\/produkte\/"},{"@type":"ListItem","position":3,"name":"Lido"}]},{"@type":"WebSite","@id":"https:\/\/hello-suns.com\/de\/#website","url":"https:\/\/hello-suns.com\/de\/","name":"SUNS","description":"Outdoor Lifestyle","potentialAction":[{"@type":"SearchAction","target":{"@type":"EntryPoint","urlTemplate":"https:\/\/hello-suns.com\/de\/?s={search_term_string}"},"query-input":{"@type":"PropertyValueSpecification","valueRequired":true,"valueName":"search_term_string"}}],"inLanguage":"de-DE"}]}},"_links":{"self":[{"href":"https:\/\/hello-suns.com\/de\/wp-json\/wp\/v2\/product\/12873","targetHints":{"allow":["GET"]}}],"collection":[{"href":"https:\/\/hello-suns.com\/de\/wp-json\/wp\/v2\/product"}],"about":[{"href":"https:\/\/hello-suns.com\/de\/wp-json\/wp\/v2\/types\/product"}],"replies":[{"embeddable":true,"href":"https:\/\/hello-suns.com\/de\/wp-json\/wp\/v2\/comments?post=12873"}],"wp:featuredmedia":[{"embeddable":true,"href":"https:\/\/hello-suns.com\/de\/wp-json\/wp\/v2\/media\/12684"}],"wp:attachment":[{"href":"https:\/\/hello-suns.com\/de\/wp-json\/wp\/v2\/media?parent=12873"}],"wp:term":[{"taxonomy":"product_brand","embeddable":true,"href":"https:\/\/hello-suns.com\/de\/wp-json\/wp\/v2\/product_brand?post=12873"},{"taxonomy":"product_cat","embeddable":true,"href":"https:\/\/hello-suns.com\/de\/wp-json\/wp\/v2\/product_cat?post=12873"},{"taxonomy":"product_tag","embeddable":true,"href":"https:\/\/hello-suns.com\/de\/wp-json\/wp\/v2\/product_tag?post=12873"},{"taxonomy":"material","embeddable":true,"href":"https:\/\/hello-suns.com\/de\/wp-json\/wp\/v2\/material?post=12873"}],"curies":[{"name":"wp","href":"https:\/\/api.w.org\/{rel}","templated":true}]}}