{"id":12858,"date":"2025-01-16T10:36:23","date_gmt":"2025-01-16T09:36:23","guid":{"rendered":"https:\/\/hello-suns.com\/producten\/matera\/"},"modified":"2026-02-05T16:26:52","modified_gmt":"2026-02-05T15:26:52","slug":"matera-stuehle","status":"publish","type":"product","link":"https:\/\/hello-suns.com\/de\/produkte\/matera-stuehle\/","title":{"rendered":"Matera"},"content":{"rendered":"<h2 style=\"font-weight: 400;\">F\u00fcr Abwechslung<\/h2>\n<p style=\"font-weight: 400;\">Verspielte Formen und sommerliche Farben: Der Matera Stuhl ist ein strahlender Auftritt an Ihrem Tisch. Kombinieren Sie nach Lust und Laune.<\/p>\n","protected":false},"excerpt":{"rendered":"<h3 style=\"font-weight: 400;\">Erstaunlich sommerlicher Sitzkomfort<\/h3>\n<p style=\"font-weight: 400;\">Der Stuhl Matera ist ein bequemer und charmanter Stuhl f\u00fcr den Tisch oder zum Verweilen. Die verspielte Kombination aus Aluminium und buntem Seil verleiht dem Stuhl einen sommerlichen Look. Mischen und kombinieren Sie die verschiedenen Farben und entdecken Sie Ihr ideales Arrangement. Ein zus\u00e4tzliches Sitzkissen ist f\u00fcr diesen Stuhl optional erh\u00e4ltlich. Matera l\u00e4sst sich leicht mit einem der verschiedenen SUNS-Tische kombinieren.<\/p>\n","protected":false},"featured_media":12860,"comment_status":"closed","ping_status":"closed","template":"","meta":{"_acf_changed":false},"product_brand":[],"product_cat":[628],"product_tag":[],"material":[],"class_list":{"0":"post-12858","1":"product","2":"type-product","3":"status-publish","4":"has-post-thumbnail","6":"product_cat-stuhle","8":"first","9":"instock","10":"shipping-taxable","11":"product-type-simple"},"acf":[],"yoast_head":"<!-- This site is optimized with the Yoast SEO plugin v26.8 - https:\/\/yoast.com\/product\/yoast-seo-wordpress\/ -->\n<title>Entdecken Sie Matera Stuhl | SUNS Outdoor Lifestyle<\/title>\n<meta name=\"description\" content=\"Sie suchen einen Matera-Stuhl? SUNS bietet bequeme Gartenst\u00fchle mit farbenfrohem Acrylseil und einem robusten Aluminiumrahmen, die perfekt f\u00fcr den Au\u00dfenbereich geeignet sind.\" \/>\n<meta name=\"robots\" content=\"index, follow, max-snippet:-1, max-image-preview:large, max-video-preview:-1\" \/>\n<link rel=\"canonical\" href=\"https:\/\/hello-suns.com\/de\/produkte\/matera-stuehle\/\" \/>\n<meta property=\"og:locale\" content=\"de_DE\" \/>\n<meta property=\"og:type\" content=\"article\" \/>\n<meta property=\"og:title\" content=\"Entdecken Sie Matera Stuhl | SUNS Outdoor Lifestyle\" \/>\n<meta property=\"og:description\" content=\"Sie suchen einen Matera-Stuhl? SUNS bietet bequeme Gartenst\u00fchle mit farbenfrohem Acrylseil und einem robusten Aluminiumrahmen, die perfekt f\u00fcr den Au\u00dfenbereich geeignet sind.\" \/>\n<meta property=\"og:url\" content=\"https:\/\/hello-suns.com\/de\/produkte\/matera-stuehle\/\" \/>\n<meta property=\"og:site_name\" content=\"SUNS\" \/>\n<meta property=\"article:modified_time\" content=\"2026-02-05T15:26:52+00:00\" \/>\n<meta property=\"og:image\" content=\"https:\/\/hello-suns.com\/app\/uploads\/2025\/01\/Matera-SUNS-Diningchair-MRG-NMW-Free-23-1.png\" \/>\n\t<meta property=\"og:image:width\" content=\"2500\" \/>\n\t<meta property=\"og:image:height\" content=\"1667\" \/>\n\t<meta property=\"og:image:type\" content=\"image\/png\" \/>\n<meta name=\"twitter:card\" content=\"summary_large_image\" \/>\n<meta name=\"twitter:label1\" content=\"Est. reading time\" \/>\n\t<meta name=\"twitter:data1\" content=\"2 minutes\" \/>\n<script type=\"application\/ld+json\" class=\"yoast-schema-graph\">{\"@context\":\"https:\/\/schema.org\",\"@graph\":[{\"@type\":\"WebPage\",\"@id\":\"https:\/\/hello-suns.com\/de\/produkte\/matera-stuehle\/\",\"url\":\"https:\/\/hello-suns.com\/de\/produkte\/matera-stuehle\/\",\"name\":\"Entdecken Sie Matera Stuhl | SUNS Outdoor Lifestyle\",\"isPartOf\":{\"@id\":\"https:\/\/hello-suns.com\/de\/#website\"},\"primaryImageOfPage\":{\"@id\":\"https:\/\/hello-suns.com\/de\/produkte\/matera-stuehle\/#primaryimage\"},\"image\":{\"@id\":\"https:\/\/hello-suns.com\/de\/produkte\/matera-stuehle\/#primaryimage\"},\"thumbnailUrl\":\"https:\/\/hello-suns.com\/app\/uploads\/2025\/01\/Matera-SUNS-Diningchair-MRG-NMW-Free-23-1.png\",\"datePublished\":\"2025-01-16T09:36:23+00:00\",\"dateModified\":\"2026-02-05T15:26:52+00:00\",\"description\":\"Sie suchen einen Matera-Stuhl? SUNS bietet bequeme Gartenst\u00fchle mit farbenfrohem Acrylseil und einem robusten Aluminiumrahmen, die perfekt f\u00fcr den Au\u00dfenbereich geeignet sind.\",\"breadcrumb\":{\"@id\":\"https:\/\/hello-suns.com\/de\/produkte\/matera-stuehle\/#breadcrumb\"},\"inLanguage\":\"de-DE\",\"potentialAction\":[{\"@type\":\"ReadAction\",\"target\":[\"https:\/\/hello-suns.com\/de\/produkte\/matera-stuehle\/\"]}]},{\"@type\":\"ImageObject\",\"inLanguage\":\"de-DE\",\"@id\":\"https:\/\/hello-suns.com\/de\/produkte\/matera-stuehle\/#primaryimage\",\"url\":\"https:\/\/hello-suns.com\/app\/uploads\/2025\/01\/Matera-SUNS-Diningchair-MRG-NMW-Free-23-1.png\",\"contentUrl\":\"https:\/\/hello-suns.com\/app\/uploads\/2025\/01\/Matera-SUNS-Diningchair-MRG-NMW-Free-23-1.png\",\"width\":2500,\"height\":1667},{\"@type\":\"BreadcrumbList\",\"@id\":\"https:\/\/hello-suns.com\/de\/produkte\/matera-stuehle\/#breadcrumb\",\"itemListElement\":[{\"@type\":\"ListItem\",\"position\":1,\"name\":\"\",\"item\":\"https:\/\/hello-suns.com\/de\/\"},{\"@type\":\"ListItem\",\"position\":2,\"name\":\"Produkte\",\"item\":\"https:\/\/hello-suns.com\/de\/produkte\/\"},{\"@type\":\"ListItem\",\"position\":3,\"name\":\"Matera\"}]},{\"@type\":\"WebSite\",\"@id\":\"https:\/\/hello-suns.com\/de\/#website\",\"url\":\"https:\/\/hello-suns.com\/de\/\",\"name\":\"SUNS\",\"description\":\"Outdoor Lifestyle\",\"potentialAction\":[{\"@type\":\"SearchAction\",\"target\":{\"@type\":\"EntryPoint\",\"urlTemplate\":\"https:\/\/hello-suns.com\/de\/?s={search_term_string}\"},\"query-input\":{\"@type\":\"PropertyValueSpecification\",\"valueRequired\":true,\"valueName\":\"search_term_string\"}}],\"inLanguage\":\"de-DE\"}]}<\/script>\n<!-- \/ Yoast SEO plugin. -->","yoast_head_json":{"title":"Entdecken Sie Matera Stuhl | SUNS Outdoor Lifestyle","description":"Sie suchen einen Matera-Stuhl? SUNS bietet bequeme Gartenst\u00fchle mit farbenfrohem Acrylseil und einem robusten Aluminiumrahmen, die perfekt f\u00fcr den Au\u00dfenbereich geeignet sind.","robots":{"index":"index","follow":"follow","max-snippet":"max-snippet:-1","max-image-preview":"max-image-preview:large","max-video-preview":"max-video-preview:-1"},"canonical":"https:\/\/hello-suns.com\/de\/produkte\/matera-stuehle\/","og_locale":"de_DE","og_type":"article","og_title":"Entdecken Sie Matera Stuhl | SUNS Outdoor Lifestyle","og_description":"Sie suchen einen Matera-Stuhl? SUNS bietet bequeme Gartenst\u00fchle mit farbenfrohem Acrylseil und einem robusten Aluminiumrahmen, die perfekt f\u00fcr den Au\u00dfenbereich geeignet sind.","og_url":"https:\/\/hello-suns.com\/de\/produkte\/matera-stuehle\/","og_site_name":"SUNS","article_modified_time":"2026-02-05T15:26:52+00:00","og_image":[{"width":2500,"height":1667,"url":"https:\/\/hello-suns.com\/app\/uploads\/2025\/01\/Matera-SUNS-Diningchair-MRG-NMW-Free-23-1.png","type":"image\/png"}],"twitter_card":"summary_large_image","twitter_misc":{"Est. reading time":"2 minutes"},"schema":{"@context":"https:\/\/schema.org","@graph":[{"@type":"WebPage","@id":"https:\/\/hello-suns.com\/de\/produkte\/matera-stuehle\/","url":"https:\/\/hello-suns.com\/de\/produkte\/matera-stuehle\/","name":"Entdecken Sie Matera Stuhl | SUNS Outdoor Lifestyle","isPartOf":{"@id":"https:\/\/hello-suns.com\/de\/#website"},"primaryImageOfPage":{"@id":"https:\/\/hello-suns.com\/de\/produkte\/matera-stuehle\/#primaryimage"},"image":{"@id":"https:\/\/hello-suns.com\/de\/produkte\/matera-stuehle\/#primaryimage"},"thumbnailUrl":"https:\/\/hello-suns.com\/app\/uploads\/2025\/01\/Matera-SUNS-Diningchair-MRG-NMW-Free-23-1.png","datePublished":"2025-01-16T09:36:23+00:00","dateModified":"2026-02-05T15:26:52+00:00","description":"Sie suchen einen Matera-Stuhl? SUNS bietet bequeme Gartenst\u00fchle mit farbenfrohem Acrylseil und einem robusten Aluminiumrahmen, die perfekt f\u00fcr den Au\u00dfenbereich geeignet sind.","breadcrumb":{"@id":"https:\/\/hello-suns.com\/de\/produkte\/matera-stuehle\/#breadcrumb"},"inLanguage":"de-DE","potentialAction":[{"@type":"ReadAction","target":["https:\/\/hello-suns.com\/de\/produkte\/matera-stuehle\/"]}]},{"@type":"ImageObject","inLanguage":"de-DE","@id":"https:\/\/hello-suns.com\/de\/produkte\/matera-stuehle\/#primaryimage","url":"https:\/\/hello-suns.com\/app\/uploads\/2025\/01\/Matera-SUNS-Diningchair-MRG-NMW-Free-23-1.png","contentUrl":"https:\/\/hello-suns.com\/app\/uploads\/2025\/01\/Matera-SUNS-Diningchair-MRG-NMW-Free-23-1.png","width":2500,"height":1667},{"@type":"BreadcrumbList","@id":"https:\/\/hello-suns.com\/de\/produkte\/matera-stuehle\/#breadcrumb","itemListElement":[{"@type":"ListItem","position":1,"name":"","item":"https:\/\/hello-suns.com\/de\/"},{"@type":"ListItem","position":2,"name":"Produkte","item":"https:\/\/hello-suns.com\/de\/produkte\/"},{"@type":"ListItem","position":3,"name":"Matera"}]},{"@type":"WebSite","@id":"https:\/\/hello-suns.com\/de\/#website","url":"https:\/\/hello-suns.com\/de\/","name":"SUNS","description":"Outdoor Lifestyle","potentialAction":[{"@type":"SearchAction","target":{"@type":"EntryPoint","urlTemplate":"https:\/\/hello-suns.com\/de\/?s={search_term_string}"},"query-input":{"@type":"PropertyValueSpecification","valueRequired":true,"valueName":"search_term_string"}}],"inLanguage":"de-DE"}]}},"_links":{"self":[{"href":"https:\/\/hello-suns.com\/de\/wp-json\/wp\/v2\/product\/12858","targetHints":{"allow":["GET"]}}],"collection":[{"href":"https:\/\/hello-suns.com\/de\/wp-json\/wp\/v2\/product"}],"about":[{"href":"https:\/\/hello-suns.com\/de\/wp-json\/wp\/v2\/types\/product"}],"replies":[{"embeddable":true,"href":"https:\/\/hello-suns.com\/de\/wp-json\/wp\/v2\/comments?post=12858"}],"wp:featuredmedia":[{"embeddable":true,"href":"https:\/\/hello-suns.com\/de\/wp-json\/wp\/v2\/media\/12860"}],"wp:attachment":[{"href":"https:\/\/hello-suns.com\/de\/wp-json\/wp\/v2\/media?parent=12858"}],"wp:term":[{"taxonomy":"product_brand","embeddable":true,"href":"https:\/\/hello-suns.com\/de\/wp-json\/wp\/v2\/product_brand?post=12858"},{"taxonomy":"product_cat","embeddable":true,"href":"https:\/\/hello-suns.com\/de\/wp-json\/wp\/v2\/product_cat?post=12858"},{"taxonomy":"product_tag","embeddable":true,"href":"https:\/\/hello-suns.com\/de\/wp-json\/wp\/v2\/product_tag?post=12858"},{"taxonomy":"material","embeddable":true,"href":"https:\/\/hello-suns.com\/de\/wp-json\/wp\/v2\/material?post=12858"}],"curies":[{"name":"wp","href":"https:\/\/api.w.org\/{rel}","templated":true}]}}