{"id":12799,"date":"2025-01-16T12:57:50","date_gmt":"2025-01-16T12:57:50","guid":{"rendered":"https:\/\/hello-suns.com\/producten\/sato-2\/"},"modified":"2025-05-23T09:30:05","modified_gmt":"2025-05-23T09:30:05","slug":"sato-2-liegestuehle","status":"publish","type":"product","link":"https:\/\/hello-suns.com\/de\/produkte\/sato-2-liegestuehle\/","title":{"rendered":"Sato"},"content":{"rendered":"<h2 style=\"font-weight: 400;\">Erhabenes Faulenzen im Stil<\/h2>\n<p style=\"font-weight: 400;\">Erleben Sie den ultimativen Komfort einer Liege, die Sie optimal unterst\u00fctzt und gleichzeitig ein auff\u00e4lliges Design bietet.<\/p>\n","protected":false},"excerpt":{"rendered":"<h3 style=\"font-weight: 400;\">Verspielter Rahmen, charakteristisches Geflecht<\/h3>\n<p style=\"font-weight: 400;\">F\u00fcr die Sato-Linie hat SUNS eine neue Verarbeitungstechnik entwickelt. Das Gestell dieser Liege ist mit einer sch\u00f6nen Flechtung versehen, die f\u00fcr optimalen Halt sorgt und gleichzeitig der Liege ihren eigenen Charakter verleiht. Das Beste aus zwei Welten!<\/p>\n<p style=\"font-weight: 400;\">Das Sato Liegekissen ist mit Quick Dry <b>Foam\u00ae<\/b> gef\u00fcllt, einem speziell entwickelten Schaumstoff, der aufgrund seiner offenen Struktur schnell trocknet. Die Premium-Polsterung ist wasserabweisend, wetterfest und leicht zu reinigen. Das verspielte Gestell ist vollst\u00e4ndig aus hochwertigem Aluminium gefertigt. So k\u00f6nnen Sie diese Liege das ganze Jahr \u00fcber drau\u00dfen stehen lassen. Eine Sofagarnitur, ein Sessel und ein niedriger Esszimmerstuhl sind ebenfalls in der Sato-Serie erh\u00e4ltlich.<\/p>\n","protected":false},"featured_media":12692,"comment_status":"closed","ping_status":"closed","template":"","meta":{"_acf_changed":false},"product_brand":[],"product_cat":[629,630],"product_tag":[],"material":[],"class_list":{"0":"post-12799","1":"product","2":"type-product","3":"status-publish","4":"has-post-thumbnail","6":"product_cat-relax-de","7":"product_cat-liegestuhle","9":"first","10":"instock","11":"shipping-taxable","12":"product-type-simple"},"acf":[],"yoast_head":"<!-- This site is optimized with the Yoast SEO plugin v26.8 - https:\/\/yoast.com\/product\/yoast-seo-wordpress\/ -->\n<title>Entdecken Sie Sato Lounger | SUNS Outdoor Lifestyle<\/title>\n<meta name=\"description\" content=\"SUNS bietet langlebige Liegen mit einem einzigartigen Rahmen und Quick Dry Foam\u00ae. Das stilvolle Design unserer Sato-Liege macht diese Liege perfekt f\u00fcr den Au\u00dfenbereich.\" \/>\n<meta name=\"robots\" content=\"index, follow, max-snippet:-1, max-image-preview:large, max-video-preview:-1\" \/>\n<link rel=\"canonical\" href=\"https:\/\/hello-suns.com\/de\/produkte\/sato-2-liegestuehle\/\" \/>\n<meta property=\"og:locale\" content=\"de_DE\" \/>\n<meta property=\"og:type\" content=\"article\" \/>\n<meta property=\"og:title\" content=\"Entdecken Sie Sato Lounger | SUNS Outdoor Lifestyle\" \/>\n<meta property=\"og:description\" content=\"SUNS bietet langlebige Liegen mit einem einzigartigen Rahmen und Quick Dry Foam\u00ae. Das stilvolle Design unserer Sato-Liege macht diese Liege perfekt f\u00fcr den Au\u00dfenbereich.\" \/>\n<meta property=\"og:url\" content=\"https:\/\/hello-suns.com\/de\/produkte\/sato-2-liegestuehle\/\" \/>\n<meta property=\"og:site_name\" content=\"SUNS\" \/>\n<meta property=\"article:modified_time\" content=\"2025-05-23T09:30:05+00:00\" \/>\n<meta property=\"og:image\" content=\"https:\/\/hello-suns.com\/app\/uploads\/2025\/01\/01_Sato-Termoli-SUNS-Lounger-CS-NG-25-1-1.png\" \/>\n\t<meta property=\"og:image:width\" content=\"2500\" \/>\n\t<meta property=\"og:image:height\" content=\"1667\" \/>\n\t<meta property=\"og:image:type\" content=\"image\/png\" \/>\n<meta name=\"twitter:card\" content=\"summary_large_image\" \/>\n<meta name=\"twitter:label1\" content=\"Est. reading time\" \/>\n\t<meta name=\"twitter:data1\" content=\"2 minutes\" \/>\n<script type=\"application\/ld+json\" class=\"yoast-schema-graph\">{\"@context\":\"https:\/\/schema.org\",\"@graph\":[{\"@type\":\"WebPage\",\"@id\":\"https:\/\/hello-suns.com\/de\/produkte\/sato-2-liegestuehle\/\",\"url\":\"https:\/\/hello-suns.com\/de\/produkte\/sato-2-liegestuehle\/\",\"name\":\"Entdecken Sie Sato Lounger | SUNS Outdoor Lifestyle\",\"isPartOf\":{\"@id\":\"https:\/\/hello-suns.com\/de\/#website\"},\"primaryImageOfPage\":{\"@id\":\"https:\/\/hello-suns.com\/de\/produkte\/sato-2-liegestuehle\/#primaryimage\"},\"image\":{\"@id\":\"https:\/\/hello-suns.com\/de\/produkte\/sato-2-liegestuehle\/#primaryimage\"},\"thumbnailUrl\":\"https:\/\/hello-suns.com\/app\/uploads\/2025\/01\/01_Sato-Termoli-SUNS-Lounger-CS-NG-25-1-1.png\",\"datePublished\":\"2025-01-16T12:57:50+00:00\",\"dateModified\":\"2025-05-23T09:30:05+00:00\",\"description\":\"SUNS bietet langlebige Liegen mit einem einzigartigen Rahmen und Quick Dry Foam\u00ae. Das stilvolle Design unserer Sato-Liege macht diese Liege perfekt f\u00fcr den Au\u00dfenbereich.\",\"breadcrumb\":{\"@id\":\"https:\/\/hello-suns.com\/de\/produkte\/sato-2-liegestuehle\/#breadcrumb\"},\"inLanguage\":\"de-DE\",\"potentialAction\":[{\"@type\":\"ReadAction\",\"target\":[\"https:\/\/hello-suns.com\/de\/produkte\/sato-2-liegestuehle\/\"]}]},{\"@type\":\"ImageObject\",\"inLanguage\":\"de-DE\",\"@id\":\"https:\/\/hello-suns.com\/de\/produkte\/sato-2-liegestuehle\/#primaryimage\",\"url\":\"https:\/\/hello-suns.com\/app\/uploads\/2025\/01\/01_Sato-Termoli-SUNS-Lounger-CS-NG-25-1-1.png\",\"contentUrl\":\"https:\/\/hello-suns.com\/app\/uploads\/2025\/01\/01_Sato-Termoli-SUNS-Lounger-CS-NG-25-1-1.png\",\"width\":2500,\"height\":1667},{\"@type\":\"BreadcrumbList\",\"@id\":\"https:\/\/hello-suns.com\/de\/produkte\/sato-2-liegestuehle\/#breadcrumb\",\"itemListElement\":[{\"@type\":\"ListItem\",\"position\":1,\"name\":\"\",\"item\":\"https:\/\/hello-suns.com\/de\/\"},{\"@type\":\"ListItem\",\"position\":2,\"name\":\"Produkte\",\"item\":\"https:\/\/hello-suns.com\/de\/produkte\/\"},{\"@type\":\"ListItem\",\"position\":3,\"name\":\"Sato\"}]},{\"@type\":\"WebSite\",\"@id\":\"https:\/\/hello-suns.com\/de\/#website\",\"url\":\"https:\/\/hello-suns.com\/de\/\",\"name\":\"SUNS\",\"description\":\"Outdoor Lifestyle\",\"potentialAction\":[{\"@type\":\"SearchAction\",\"target\":{\"@type\":\"EntryPoint\",\"urlTemplate\":\"https:\/\/hello-suns.com\/de\/?s={search_term_string}\"},\"query-input\":{\"@type\":\"PropertyValueSpecification\",\"valueRequired\":true,\"valueName\":\"search_term_string\"}}],\"inLanguage\":\"de-DE\"}]}<\/script>\n<!-- \/ Yoast SEO plugin. -->","yoast_head_json":{"title":"Entdecken Sie Sato Lounger | SUNS Outdoor Lifestyle","description":"SUNS bietet langlebige Liegen mit einem einzigartigen Rahmen und Quick Dry Foam\u00ae. Das stilvolle Design unserer Sato-Liege macht diese Liege perfekt f\u00fcr den Au\u00dfenbereich.","robots":{"index":"index","follow":"follow","max-snippet":"max-snippet:-1","max-image-preview":"max-image-preview:large","max-video-preview":"max-video-preview:-1"},"canonical":"https:\/\/hello-suns.com\/de\/produkte\/sato-2-liegestuehle\/","og_locale":"de_DE","og_type":"article","og_title":"Entdecken Sie Sato Lounger | SUNS Outdoor Lifestyle","og_description":"SUNS bietet langlebige Liegen mit einem einzigartigen Rahmen und Quick Dry Foam\u00ae. Das stilvolle Design unserer Sato-Liege macht diese Liege perfekt f\u00fcr den Au\u00dfenbereich.","og_url":"https:\/\/hello-suns.com\/de\/produkte\/sato-2-liegestuehle\/","og_site_name":"SUNS","article_modified_time":"2025-05-23T09:30:05+00:00","og_image":[{"width":2500,"height":1667,"url":"https:\/\/hello-suns.com\/app\/uploads\/2025\/01\/01_Sato-Termoli-SUNS-Lounger-CS-NG-25-1-1.png","type":"image\/png"}],"twitter_card":"summary_large_image","twitter_misc":{"Est. reading time":"2 minutes"},"schema":{"@context":"https:\/\/schema.org","@graph":[{"@type":"WebPage","@id":"https:\/\/hello-suns.com\/de\/produkte\/sato-2-liegestuehle\/","url":"https:\/\/hello-suns.com\/de\/produkte\/sato-2-liegestuehle\/","name":"Entdecken Sie Sato Lounger | SUNS Outdoor Lifestyle","isPartOf":{"@id":"https:\/\/hello-suns.com\/de\/#website"},"primaryImageOfPage":{"@id":"https:\/\/hello-suns.com\/de\/produkte\/sato-2-liegestuehle\/#primaryimage"},"image":{"@id":"https:\/\/hello-suns.com\/de\/produkte\/sato-2-liegestuehle\/#primaryimage"},"thumbnailUrl":"https:\/\/hello-suns.com\/app\/uploads\/2025\/01\/01_Sato-Termoli-SUNS-Lounger-CS-NG-25-1-1.png","datePublished":"2025-01-16T12:57:50+00:00","dateModified":"2025-05-23T09:30:05+00:00","description":"SUNS bietet langlebige Liegen mit einem einzigartigen Rahmen und Quick Dry Foam\u00ae. Das stilvolle Design unserer Sato-Liege macht diese Liege perfekt f\u00fcr den Au\u00dfenbereich.","breadcrumb":{"@id":"https:\/\/hello-suns.com\/de\/produkte\/sato-2-liegestuehle\/#breadcrumb"},"inLanguage":"de-DE","potentialAction":[{"@type":"ReadAction","target":["https:\/\/hello-suns.com\/de\/produkte\/sato-2-liegestuehle\/"]}]},{"@type":"ImageObject","inLanguage":"de-DE","@id":"https:\/\/hello-suns.com\/de\/produkte\/sato-2-liegestuehle\/#primaryimage","url":"https:\/\/hello-suns.com\/app\/uploads\/2025\/01\/01_Sato-Termoli-SUNS-Lounger-CS-NG-25-1-1.png","contentUrl":"https:\/\/hello-suns.com\/app\/uploads\/2025\/01\/01_Sato-Termoli-SUNS-Lounger-CS-NG-25-1-1.png","width":2500,"height":1667},{"@type":"BreadcrumbList","@id":"https:\/\/hello-suns.com\/de\/produkte\/sato-2-liegestuehle\/#breadcrumb","itemListElement":[{"@type":"ListItem","position":1,"name":"","item":"https:\/\/hello-suns.com\/de\/"},{"@type":"ListItem","position":2,"name":"Produkte","item":"https:\/\/hello-suns.com\/de\/produkte\/"},{"@type":"ListItem","position":3,"name":"Sato"}]},{"@type":"WebSite","@id":"https:\/\/hello-suns.com\/de\/#website","url":"https:\/\/hello-suns.com\/de\/","name":"SUNS","description":"Outdoor Lifestyle","potentialAction":[{"@type":"SearchAction","target":{"@type":"EntryPoint","urlTemplate":"https:\/\/hello-suns.com\/de\/?s={search_term_string}"},"query-input":{"@type":"PropertyValueSpecification","valueRequired":true,"valueName":"search_term_string"}}],"inLanguage":"de-DE"}]}},"_links":{"self":[{"href":"https:\/\/hello-suns.com\/de\/wp-json\/wp\/v2\/product\/12799","targetHints":{"allow":["GET"]}}],"collection":[{"href":"https:\/\/hello-suns.com\/de\/wp-json\/wp\/v2\/product"}],"about":[{"href":"https:\/\/hello-suns.com\/de\/wp-json\/wp\/v2\/types\/product"}],"replies":[{"embeddable":true,"href":"https:\/\/hello-suns.com\/de\/wp-json\/wp\/v2\/comments?post=12799"}],"wp:featuredmedia":[{"embeddable":true,"href":"https:\/\/hello-suns.com\/de\/wp-json\/wp\/v2\/media\/12692"}],"wp:attachment":[{"href":"https:\/\/hello-suns.com\/de\/wp-json\/wp\/v2\/media?parent=12799"}],"wp:term":[{"taxonomy":"product_brand","embeddable":true,"href":"https:\/\/hello-suns.com\/de\/wp-json\/wp\/v2\/product_brand?post=12799"},{"taxonomy":"product_cat","embeddable":true,"href":"https:\/\/hello-suns.com\/de\/wp-json\/wp\/v2\/product_cat?post=12799"},{"taxonomy":"product_tag","embeddable":true,"href":"https:\/\/hello-suns.com\/de\/wp-json\/wp\/v2\/product_tag?post=12799"},{"taxonomy":"material","embeddable":true,"href":"https:\/\/hello-suns.com\/de\/wp-json\/wp\/v2\/material?post=12799"}],"curies":[{"name":"wp","href":"https:\/\/api.w.org\/{rel}","templated":true}]}}