{"id":12798,"date":"2025-01-16T12:37:28","date_gmt":"2025-01-16T11:37:28","guid":{"rendered":"https:\/\/hello-suns.com\/producten\/vado\/"},"modified":"2026-02-11T08:56:25","modified_gmt":"2026-02-11T07:56:25","slug":"vado","status":"publish","type":"product","link":"https:\/\/hello-suns.com\/de\/produkte\/vado\/","title":{"rendered":"Vado"},"content":{"rendered":"<h2 style=\"font-weight: 400;\">Das Vergn\u00fcgen wird zum Gl\u00fcck nie benutzt<\/h2>\n<p style=\"font-weight: 400;\">Der Vado Stuhl \u00fcberrascht Sie jedes Mal mit einem wahnsinnigen Sitzkomfort. Sie erwarten ihn nicht, aber Sie verdienen ihn um so mehr.<\/p>\n","protected":false},"excerpt":{"rendered":"<h3 style=\"font-weight: 400;\">Hochwertiges Aluminium<\/h3>\n<p style=\"font-weight: 400;\">Vado ist ein verspielter und bequemer Stuhl, der sich durch seine Sitzfl\u00e4che und R\u00fcckenlehne aus geflochtenem Seil auszeichnet. Das organisch geformte Gestell ist aus schlankem Aluminium gefertigt und sehr robust. Diese Kombination sorgt f\u00fcr einen Stuhl, der jede Menge Komfort bietet und selbst in der ohnehin schon vielf\u00e4ltigen Kollektion von SUNS ein wenig anders ist.<\/p>\n","protected":false},"featured_media":12800,"comment_status":"closed","ping_status":"closed","template":"","meta":{"_acf_changed":false},"product_brand":[],"product_cat":[628],"product_tag":[],"material":[],"class_list":{"0":"post-12798","1":"product","2":"type-product","3":"status-publish","4":"has-post-thumbnail","6":"product_cat-stuhle","8":"first","9":"instock","10":"shipping-taxable","11":"product-type-simple"},"acf":[],"yoast_head":"<!-- This site is optimized with the Yoast SEO plugin v26.8 - https:\/\/yoast.com\/product\/yoast-seo-wordpress\/ -->\n<title>Entdecken Sie Vado Chair | SUNS Gartenm\u00f6bel<\/title>\n<meta name=\"description\" content=\"Suchen Sie einen Vado-Stuhl? SUNS bietet stilvolle St\u00fchle mit geflochtenem Seilsitz und robustem Aluminiumrahmen f\u00fcr optimalen Komfort und Design.\" \/>\n<meta name=\"robots\" content=\"index, follow, max-snippet:-1, max-image-preview:large, max-video-preview:-1\" \/>\n<link rel=\"canonical\" href=\"https:\/\/hello-suns.com\/de\/produkte\/vado\/\" \/>\n<meta property=\"og:locale\" content=\"de_DE\" \/>\n<meta property=\"og:type\" content=\"article\" \/>\n<meta property=\"og:title\" content=\"Entdecken Sie Vado Chair | SUNS Gartenm\u00f6bel\" \/>\n<meta property=\"og:description\" content=\"Suchen Sie einen Vado-Stuhl? SUNS bietet stilvolle St\u00fchle mit geflochtenem Seilsitz und robustem Aluminiumrahmen f\u00fcr optimalen Komfort und Design.\" \/>\n<meta property=\"og:url\" content=\"https:\/\/hello-suns.com\/de\/produkte\/vado\/\" \/>\n<meta property=\"og:site_name\" content=\"SUNS\" \/>\n<meta property=\"article:modified_time\" content=\"2026-02-11T07:56:25+00:00\" \/>\n<meta property=\"og:image\" content=\"https:\/\/hello-suns.com\/app\/uploads\/2025\/01\/01_Vado-SUNS-diningchair-CS-free-25-2500-02.png\" \/>\n\t<meta property=\"og:image:width\" content=\"2500\" \/>\n\t<meta property=\"og:image:height\" content=\"1667\" \/>\n\t<meta property=\"og:image:type\" content=\"image\/png\" \/>\n<meta name=\"twitter:card\" content=\"summary_large_image\" \/>\n<meta name=\"twitter:label1\" content=\"Est. reading time\" \/>\n\t<meta name=\"twitter:data1\" content=\"2 minutes\" \/>\n<script type=\"application\/ld+json\" class=\"yoast-schema-graph\">{\"@context\":\"https:\/\/schema.org\",\"@graph\":[{\"@type\":\"WebPage\",\"@id\":\"https:\/\/hello-suns.com\/de\/produkte\/vado\/\",\"url\":\"https:\/\/hello-suns.com\/de\/produkte\/vado\/\",\"name\":\"Entdecken Sie Vado Chair | SUNS Gartenm\u00f6bel\",\"isPartOf\":{\"@id\":\"https:\/\/hello-suns.com\/de\/#website\"},\"primaryImageOfPage\":{\"@id\":\"https:\/\/hello-suns.com\/de\/produkte\/vado\/#primaryimage\"},\"image\":{\"@id\":\"https:\/\/hello-suns.com\/de\/produkte\/vado\/#primaryimage\"},\"thumbnailUrl\":\"https:\/\/hello-suns.com\/app\/uploads\/2025\/01\/01_Vado-SUNS-diningchair-CS-free-25-2500-02.png\",\"datePublished\":\"2025-01-16T11:37:28+00:00\",\"dateModified\":\"2026-02-11T07:56:25+00:00\",\"description\":\"Suchen Sie einen Vado-Stuhl? SUNS bietet stilvolle St\u00fchle mit geflochtenem Seilsitz und robustem Aluminiumrahmen f\u00fcr optimalen Komfort und Design.\",\"breadcrumb\":{\"@id\":\"https:\/\/hello-suns.com\/de\/produkte\/vado\/#breadcrumb\"},\"inLanguage\":\"de-DE\",\"potentialAction\":[{\"@type\":\"ReadAction\",\"target\":[\"https:\/\/hello-suns.com\/de\/produkte\/vado\/\"]}]},{\"@type\":\"ImageObject\",\"inLanguage\":\"de-DE\",\"@id\":\"https:\/\/hello-suns.com\/de\/produkte\/vado\/#primaryimage\",\"url\":\"https:\/\/hello-suns.com\/app\/uploads\/2025\/01\/01_Vado-SUNS-diningchair-CS-free-25-2500-02.png\",\"contentUrl\":\"https:\/\/hello-suns.com\/app\/uploads\/2025\/01\/01_Vado-SUNS-diningchair-CS-free-25-2500-02.png\",\"width\":2500,\"height\":1667},{\"@type\":\"BreadcrumbList\",\"@id\":\"https:\/\/hello-suns.com\/de\/produkte\/vado\/#breadcrumb\",\"itemListElement\":[{\"@type\":\"ListItem\",\"position\":1,\"name\":\"\",\"item\":\"https:\/\/hello-suns.com\/de\/\"},{\"@type\":\"ListItem\",\"position\":2,\"name\":\"Produkte\",\"item\":\"https:\/\/hello-suns.com\/de\/produkte\/\"},{\"@type\":\"ListItem\",\"position\":3,\"name\":\"Vado\"}]},{\"@type\":\"WebSite\",\"@id\":\"https:\/\/hello-suns.com\/de\/#website\",\"url\":\"https:\/\/hello-suns.com\/de\/\",\"name\":\"SUNS\",\"description\":\"Outdoor Lifestyle\",\"potentialAction\":[{\"@type\":\"SearchAction\",\"target\":{\"@type\":\"EntryPoint\",\"urlTemplate\":\"https:\/\/hello-suns.com\/de\/?s={search_term_string}\"},\"query-input\":{\"@type\":\"PropertyValueSpecification\",\"valueRequired\":true,\"valueName\":\"search_term_string\"}}],\"inLanguage\":\"de-DE\"}]}<\/script>\n<!-- \/ Yoast SEO plugin. -->","yoast_head_json":{"title":"Entdecken Sie Vado Chair | SUNS Gartenm\u00f6bel","description":"Suchen Sie einen Vado-Stuhl? SUNS bietet stilvolle St\u00fchle mit geflochtenem Seilsitz und robustem Aluminiumrahmen f\u00fcr optimalen Komfort und Design.","robots":{"index":"index","follow":"follow","max-snippet":"max-snippet:-1","max-image-preview":"max-image-preview:large","max-video-preview":"max-video-preview:-1"},"canonical":"https:\/\/hello-suns.com\/de\/produkte\/vado\/","og_locale":"de_DE","og_type":"article","og_title":"Entdecken Sie Vado Chair | SUNS Gartenm\u00f6bel","og_description":"Suchen Sie einen Vado-Stuhl? SUNS bietet stilvolle St\u00fchle mit geflochtenem Seilsitz und robustem Aluminiumrahmen f\u00fcr optimalen Komfort und Design.","og_url":"https:\/\/hello-suns.com\/de\/produkte\/vado\/","og_site_name":"SUNS","article_modified_time":"2026-02-11T07:56:25+00:00","og_image":[{"width":2500,"height":1667,"url":"https:\/\/hello-suns.com\/app\/uploads\/2025\/01\/01_Vado-SUNS-diningchair-CS-free-25-2500-02.png","type":"image\/png"}],"twitter_card":"summary_large_image","twitter_misc":{"Est. reading time":"2 minutes"},"schema":{"@context":"https:\/\/schema.org","@graph":[{"@type":"WebPage","@id":"https:\/\/hello-suns.com\/de\/produkte\/vado\/","url":"https:\/\/hello-suns.com\/de\/produkte\/vado\/","name":"Entdecken Sie Vado Chair | SUNS Gartenm\u00f6bel","isPartOf":{"@id":"https:\/\/hello-suns.com\/de\/#website"},"primaryImageOfPage":{"@id":"https:\/\/hello-suns.com\/de\/produkte\/vado\/#primaryimage"},"image":{"@id":"https:\/\/hello-suns.com\/de\/produkte\/vado\/#primaryimage"},"thumbnailUrl":"https:\/\/hello-suns.com\/app\/uploads\/2025\/01\/01_Vado-SUNS-diningchair-CS-free-25-2500-02.png","datePublished":"2025-01-16T11:37:28+00:00","dateModified":"2026-02-11T07:56:25+00:00","description":"Suchen Sie einen Vado-Stuhl? SUNS bietet stilvolle St\u00fchle mit geflochtenem Seilsitz und robustem Aluminiumrahmen f\u00fcr optimalen Komfort und Design.","breadcrumb":{"@id":"https:\/\/hello-suns.com\/de\/produkte\/vado\/#breadcrumb"},"inLanguage":"de-DE","potentialAction":[{"@type":"ReadAction","target":["https:\/\/hello-suns.com\/de\/produkte\/vado\/"]}]},{"@type":"ImageObject","inLanguage":"de-DE","@id":"https:\/\/hello-suns.com\/de\/produkte\/vado\/#primaryimage","url":"https:\/\/hello-suns.com\/app\/uploads\/2025\/01\/01_Vado-SUNS-diningchair-CS-free-25-2500-02.png","contentUrl":"https:\/\/hello-suns.com\/app\/uploads\/2025\/01\/01_Vado-SUNS-diningchair-CS-free-25-2500-02.png","width":2500,"height":1667},{"@type":"BreadcrumbList","@id":"https:\/\/hello-suns.com\/de\/produkte\/vado\/#breadcrumb","itemListElement":[{"@type":"ListItem","position":1,"name":"","item":"https:\/\/hello-suns.com\/de\/"},{"@type":"ListItem","position":2,"name":"Produkte","item":"https:\/\/hello-suns.com\/de\/produkte\/"},{"@type":"ListItem","position":3,"name":"Vado"}]},{"@type":"WebSite","@id":"https:\/\/hello-suns.com\/de\/#website","url":"https:\/\/hello-suns.com\/de\/","name":"SUNS","description":"Outdoor Lifestyle","potentialAction":[{"@type":"SearchAction","target":{"@type":"EntryPoint","urlTemplate":"https:\/\/hello-suns.com\/de\/?s={search_term_string}"},"query-input":{"@type":"PropertyValueSpecification","valueRequired":true,"valueName":"search_term_string"}}],"inLanguage":"de-DE"}]}},"_links":{"self":[{"href":"https:\/\/hello-suns.com\/de\/wp-json\/wp\/v2\/product\/12798","targetHints":{"allow":["GET"]}}],"collection":[{"href":"https:\/\/hello-suns.com\/de\/wp-json\/wp\/v2\/product"}],"about":[{"href":"https:\/\/hello-suns.com\/de\/wp-json\/wp\/v2\/types\/product"}],"replies":[{"embeddable":true,"href":"https:\/\/hello-suns.com\/de\/wp-json\/wp\/v2\/comments?post=12798"}],"wp:featuredmedia":[{"embeddable":true,"href":"https:\/\/hello-suns.com\/de\/wp-json\/wp\/v2\/media\/12800"}],"wp:attachment":[{"href":"https:\/\/hello-suns.com\/de\/wp-json\/wp\/v2\/media?parent=12798"}],"wp:term":[{"taxonomy":"product_brand","embeddable":true,"href":"https:\/\/hello-suns.com\/de\/wp-json\/wp\/v2\/product_brand?post=12798"},{"taxonomy":"product_cat","embeddable":true,"href":"https:\/\/hello-suns.com\/de\/wp-json\/wp\/v2\/product_cat?post=12798"},{"taxonomy":"product_tag","embeddable":true,"href":"https:\/\/hello-suns.com\/de\/wp-json\/wp\/v2\/product_tag?post=12798"},{"taxonomy":"material","embeddable":true,"href":"https:\/\/hello-suns.com\/de\/wp-json\/wp\/v2\/material?post=12798"}],"curies":[{"name":"wp","href":"https:\/\/api.w.org\/{rel}","templated":true}]}}