{"id":12782,"date":"2025-01-16T12:41:44","date_gmt":"2025-01-16T11:41:44","guid":{"rendered":"https:\/\/hello-suns.com\/producten\/lucia\/"},"modified":"2026-02-04T09:01:17","modified_gmt":"2026-02-04T08:01:17","slug":"lucia-tagesbetten","status":"publish","type":"product","link":"https:\/\/hello-suns.com\/de\/produkte\/lucia-tagesbetten\/","title":{"rendered":"Lucia"},"content":{"rendered":"<h2 style=\"font-weight: 400;\">Entspannend pur gesungen<\/h2>\n<p>Entspannung mit Stil ist das Markenzeichen der Produktlinie Lucia. Und dieses Daybed h\u00e4lt genau das, was es verspricht. Solide und unvergleichlich komfortabel. Genie\u00dfen Sie puren Luxus in unverwechselbarem Stil.<\/p>\n","protected":false},"excerpt":{"rendered":"<h3>Daybed mit skurrilem Rohrrahmen<\/h3>\n<p>Lucia steht f\u00fcr Lounging auf h\u00f6chstem Niveau. Der markante Rohrrahmen aus Industriealuminium verleiht dem Daybed eine solide Konstruktion. Die gro\u00dfz\u00fcgige Polsterung sorgt f\u00fcr absoluten Komfort in jeder der Sitz-\/Liegepositionen.<\/p>\n<p>Lucia verf\u00fcgt nat\u00fcrlich \u00fcber eine hochwertige Sitzfl\u00e4che mit einem schnell trocknenden Kern. Die Sitzfl\u00e4che ist mit unserem hochwertigen Oberstoff bezogen, der Wetterbest\u00e4ndigkeit mit einem angenehm weichen Griff kombiniert.<\/p>\n<p>Das Tagesbett Lucia ist Teil des You Create-Programms von SUNS, bei dem Sie verschiedene Sitzelemente und Beistelltische kombinieren k\u00f6nnen, um Ihre ideale Einrichtung zu schaffen. Ein Sofaset (mit separaten Sitzelementen) und ein Loungeset sind ebenfalls in der Produktlinie Lucia erh\u00e4ltlich.<\/p>\n<p>&nbsp;<\/p>\n","protected":false},"featured_media":12713,"comment_status":"closed","ping_status":"closed","template":"","meta":{"_acf_changed":false},"product_brand":[],"product_cat":[629,632],"product_tag":[],"material":[],"class_list":{"0":"post-12782","1":"product","2":"type-product","3":"status-publish","4":"has-post-thumbnail","6":"product_cat-relax-de","7":"product_cat-tagesbetten","9":"first","10":"instock","11":"shipping-taxable","12":"product-type-simple"},"acf":[],"yoast_head":"<!-- This site is optimized with the Yoast SEO plugin v26.8 - https:\/\/yoast.com\/product\/yoast-seo-wordpress\/ -->\n<title>Entdecken Sie Lucia Daybed | SUNS Outdoor Lifestyle<\/title>\n<meta name=\"description\" content=\"Suchen Sie nach lucia daybed? SUNS bietet ein luxuri\u00f6ses Daybed mit industriellem Aluminiumrahmen, schnell trocknenden Kissen und hochwertigem Outdoor-Stoff f\u00fcr ultimativen Komfort und Stil.\" \/>\n<meta name=\"robots\" content=\"index, follow, max-snippet:-1, max-image-preview:large, max-video-preview:-1\" \/>\n<link rel=\"canonical\" href=\"https:\/\/hello-suns.com\/de\/produkte\/lucia-tagesbetten\/\" \/>\n<meta property=\"og:locale\" content=\"de_DE\" \/>\n<meta property=\"og:type\" content=\"article\" \/>\n<meta property=\"og:title\" content=\"Entdecken Sie Lucia Daybed | SUNS Outdoor Lifestyle\" \/>\n<meta property=\"og:description\" content=\"Suchen Sie nach lucia daybed? SUNS bietet ein luxuri\u00f6ses Daybed mit industriellem Aluminiumrahmen, schnell trocknenden Kissen und hochwertigem Outdoor-Stoff f\u00fcr ultimativen Komfort und Stil.\" \/>\n<meta property=\"og:url\" content=\"https:\/\/hello-suns.com\/de\/produkte\/lucia-tagesbetten\/\" \/>\n<meta property=\"og:site_name\" content=\"SUNS\" \/>\n<meta property=\"article:modified_time\" content=\"2026-02-04T08:01:17+00:00\" \/>\n<meta property=\"og:image\" content=\"https:\/\/hello-suns.com\/app\/uploads\/2025\/01\/01_Lucia-SUNS-doublelounger-CS-NG-Free-25-2500-1-1024x683.png\" \/>\n\t<meta property=\"og:image:width\" content=\"1024\" \/>\n\t<meta property=\"og:image:height\" content=\"683\" \/>\n\t<meta property=\"og:image:type\" content=\"image\/png\" \/>\n<meta name=\"twitter:card\" content=\"summary_large_image\" \/>\n<meta name=\"twitter:label1\" content=\"Est. reading time\" \/>\n\t<meta name=\"twitter:data1\" content=\"2 minutes\" \/>\n<script type=\"application\/ld+json\" class=\"yoast-schema-graph\">{\"@context\":\"https:\/\/schema.org\",\"@graph\":[{\"@type\":\"WebPage\",\"@id\":\"https:\/\/hello-suns.com\/de\/produkte\/lucia-tagesbetten\/\",\"url\":\"https:\/\/hello-suns.com\/de\/produkte\/lucia-tagesbetten\/\",\"name\":\"Entdecken Sie Lucia Daybed | SUNS Outdoor Lifestyle\",\"isPartOf\":{\"@id\":\"https:\/\/hello-suns.com\/de\/#website\"},\"primaryImageOfPage\":{\"@id\":\"https:\/\/hello-suns.com\/de\/produkte\/lucia-tagesbetten\/#primaryimage\"},\"image\":{\"@id\":\"https:\/\/hello-suns.com\/de\/produkte\/lucia-tagesbetten\/#primaryimage\"},\"thumbnailUrl\":\"https:\/\/hello-suns.com\/app\/uploads\/2025\/01\/01_Lucia-SUNS-doublelounger-CS-NG-Free-25-2500-1.png\",\"datePublished\":\"2025-01-16T11:41:44+00:00\",\"dateModified\":\"2026-02-04T08:01:17+00:00\",\"description\":\"Suchen Sie nach lucia daybed? SUNS bietet ein luxuri\u00f6ses Daybed mit industriellem Aluminiumrahmen, schnell trocknenden Kissen und hochwertigem Outdoor-Stoff f\u00fcr ultimativen Komfort und Stil.\",\"breadcrumb\":{\"@id\":\"https:\/\/hello-suns.com\/de\/produkte\/lucia-tagesbetten\/#breadcrumb\"},\"inLanguage\":\"de-DE\",\"potentialAction\":[{\"@type\":\"ReadAction\",\"target\":[\"https:\/\/hello-suns.com\/de\/produkte\/lucia-tagesbetten\/\"]}]},{\"@type\":\"ImageObject\",\"inLanguage\":\"de-DE\",\"@id\":\"https:\/\/hello-suns.com\/de\/produkte\/lucia-tagesbetten\/#primaryimage\",\"url\":\"https:\/\/hello-suns.com\/app\/uploads\/2025\/01\/01_Lucia-SUNS-doublelounger-CS-NG-Free-25-2500-1.png\",\"contentUrl\":\"https:\/\/hello-suns.com\/app\/uploads\/2025\/01\/01_Lucia-SUNS-doublelounger-CS-NG-Free-25-2500-1.png\",\"width\":2500,\"height\":1667},{\"@type\":\"BreadcrumbList\",\"@id\":\"https:\/\/hello-suns.com\/de\/produkte\/lucia-tagesbetten\/#breadcrumb\",\"itemListElement\":[{\"@type\":\"ListItem\",\"position\":1,\"name\":\"\",\"item\":\"https:\/\/hello-suns.com\/de\/\"},{\"@type\":\"ListItem\",\"position\":2,\"name\":\"Produkte\",\"item\":\"https:\/\/hello-suns.com\/de\/produkte\/\"},{\"@type\":\"ListItem\",\"position\":3,\"name\":\"Lucia\"}]},{\"@type\":\"WebSite\",\"@id\":\"https:\/\/hello-suns.com\/de\/#website\",\"url\":\"https:\/\/hello-suns.com\/de\/\",\"name\":\"SUNS\",\"description\":\"Outdoor Lifestyle\",\"potentialAction\":[{\"@type\":\"SearchAction\",\"target\":{\"@type\":\"EntryPoint\",\"urlTemplate\":\"https:\/\/hello-suns.com\/de\/?s={search_term_string}\"},\"query-input\":{\"@type\":\"PropertyValueSpecification\",\"valueRequired\":true,\"valueName\":\"search_term_string\"}}],\"inLanguage\":\"de-DE\"}]}<\/script>\n<!-- \/ Yoast SEO plugin. -->","yoast_head_json":{"title":"Entdecken Sie Lucia Daybed | SUNS Outdoor Lifestyle","description":"Suchen Sie nach lucia daybed? SUNS bietet ein luxuri\u00f6ses Daybed mit industriellem Aluminiumrahmen, schnell trocknenden Kissen und hochwertigem Outdoor-Stoff f\u00fcr ultimativen Komfort und Stil.","robots":{"index":"index","follow":"follow","max-snippet":"max-snippet:-1","max-image-preview":"max-image-preview:large","max-video-preview":"max-video-preview:-1"},"canonical":"https:\/\/hello-suns.com\/de\/produkte\/lucia-tagesbetten\/","og_locale":"de_DE","og_type":"article","og_title":"Entdecken Sie Lucia Daybed | SUNS Outdoor Lifestyle","og_description":"Suchen Sie nach lucia daybed? SUNS bietet ein luxuri\u00f6ses Daybed mit industriellem Aluminiumrahmen, schnell trocknenden Kissen und hochwertigem Outdoor-Stoff f\u00fcr ultimativen Komfort und Stil.","og_url":"https:\/\/hello-suns.com\/de\/produkte\/lucia-tagesbetten\/","og_site_name":"SUNS","article_modified_time":"2026-02-04T08:01:17+00:00","og_image":[{"width":1024,"height":683,"url":"https:\/\/hello-suns.com\/app\/uploads\/2025\/01\/01_Lucia-SUNS-doublelounger-CS-NG-Free-25-2500-1-1024x683.png","type":"image\/png"}],"twitter_card":"summary_large_image","twitter_misc":{"Est. reading time":"2 minutes"},"schema":{"@context":"https:\/\/schema.org","@graph":[{"@type":"WebPage","@id":"https:\/\/hello-suns.com\/de\/produkte\/lucia-tagesbetten\/","url":"https:\/\/hello-suns.com\/de\/produkte\/lucia-tagesbetten\/","name":"Entdecken Sie Lucia Daybed | SUNS Outdoor Lifestyle","isPartOf":{"@id":"https:\/\/hello-suns.com\/de\/#website"},"primaryImageOfPage":{"@id":"https:\/\/hello-suns.com\/de\/produkte\/lucia-tagesbetten\/#primaryimage"},"image":{"@id":"https:\/\/hello-suns.com\/de\/produkte\/lucia-tagesbetten\/#primaryimage"},"thumbnailUrl":"https:\/\/hello-suns.com\/app\/uploads\/2025\/01\/01_Lucia-SUNS-doublelounger-CS-NG-Free-25-2500-1.png","datePublished":"2025-01-16T11:41:44+00:00","dateModified":"2026-02-04T08:01:17+00:00","description":"Suchen Sie nach lucia daybed? SUNS bietet ein luxuri\u00f6ses Daybed mit industriellem Aluminiumrahmen, schnell trocknenden Kissen und hochwertigem Outdoor-Stoff f\u00fcr ultimativen Komfort und Stil.","breadcrumb":{"@id":"https:\/\/hello-suns.com\/de\/produkte\/lucia-tagesbetten\/#breadcrumb"},"inLanguage":"de-DE","potentialAction":[{"@type":"ReadAction","target":["https:\/\/hello-suns.com\/de\/produkte\/lucia-tagesbetten\/"]}]},{"@type":"ImageObject","inLanguage":"de-DE","@id":"https:\/\/hello-suns.com\/de\/produkte\/lucia-tagesbetten\/#primaryimage","url":"https:\/\/hello-suns.com\/app\/uploads\/2025\/01\/01_Lucia-SUNS-doublelounger-CS-NG-Free-25-2500-1.png","contentUrl":"https:\/\/hello-suns.com\/app\/uploads\/2025\/01\/01_Lucia-SUNS-doublelounger-CS-NG-Free-25-2500-1.png","width":2500,"height":1667},{"@type":"BreadcrumbList","@id":"https:\/\/hello-suns.com\/de\/produkte\/lucia-tagesbetten\/#breadcrumb","itemListElement":[{"@type":"ListItem","position":1,"name":"","item":"https:\/\/hello-suns.com\/de\/"},{"@type":"ListItem","position":2,"name":"Produkte","item":"https:\/\/hello-suns.com\/de\/produkte\/"},{"@type":"ListItem","position":3,"name":"Lucia"}]},{"@type":"WebSite","@id":"https:\/\/hello-suns.com\/de\/#website","url":"https:\/\/hello-suns.com\/de\/","name":"SUNS","description":"Outdoor Lifestyle","potentialAction":[{"@type":"SearchAction","target":{"@type":"EntryPoint","urlTemplate":"https:\/\/hello-suns.com\/de\/?s={search_term_string}"},"query-input":{"@type":"PropertyValueSpecification","valueRequired":true,"valueName":"search_term_string"}}],"inLanguage":"de-DE"}]}},"_links":{"self":[{"href":"https:\/\/hello-suns.com\/de\/wp-json\/wp\/v2\/product\/12782","targetHints":{"allow":["GET"]}}],"collection":[{"href":"https:\/\/hello-suns.com\/de\/wp-json\/wp\/v2\/product"}],"about":[{"href":"https:\/\/hello-suns.com\/de\/wp-json\/wp\/v2\/types\/product"}],"replies":[{"embeddable":true,"href":"https:\/\/hello-suns.com\/de\/wp-json\/wp\/v2\/comments?post=12782"}],"wp:featuredmedia":[{"embeddable":true,"href":"https:\/\/hello-suns.com\/de\/wp-json\/wp\/v2\/media\/12713"}],"wp:attachment":[{"href":"https:\/\/hello-suns.com\/de\/wp-json\/wp\/v2\/media?parent=12782"}],"wp:term":[{"taxonomy":"product_brand","embeddable":true,"href":"https:\/\/hello-suns.com\/de\/wp-json\/wp\/v2\/product_brand?post=12782"},{"taxonomy":"product_cat","embeddable":true,"href":"https:\/\/hello-suns.com\/de\/wp-json\/wp\/v2\/product_cat?post=12782"},{"taxonomy":"product_tag","embeddable":true,"href":"https:\/\/hello-suns.com\/de\/wp-json\/wp\/v2\/product_tag?post=12782"},{"taxonomy":"material","embeddable":true,"href":"https:\/\/hello-suns.com\/de\/wp-json\/wp\/v2\/material?post=12782"}],"curies":[{"name":"wp","href":"https:\/\/api.w.org\/{rel}","templated":true}]}}