{"id":12760,"date":"2025-01-16T13:16:23","date_gmt":"2025-01-16T12:16:23","guid":{"rendered":"https:\/\/hello-suns.com\/producten\/evora-aluminium\/"},"modified":"2026-02-11T14:50:17","modified_gmt":"2026-02-11T13:50:17","slug":"evora-aluminium-tagesbetten","status":"publish","type":"product","link":"https:\/\/hello-suns.com\/de\/produkte\/evora-aluminium-tagesbetten\/","title":{"rendered":"Evora | Aluminium"},"content":{"rendered":"<h2 style=\"font-weight: 400;\"><span class=\"TextRun SCXW161651029 BCX0\" lang=\"NL-NL\" xml:lang=\"NL-NL\" data-contrast=\"auto\"><span class=\"NormalTextRun SCXW161651029 BCX0\">Schaffen Sie Ihren eigenen Moment der Ruhe<\/span><\/span><\/h2>\n<p style=\"font-weight: 400;\"><span class=\"TextRun SCXW241614231 BCX0\" lang=\"NL-NL\" xml:lang=\"NL-NL\" data-contrast=\"auto\"><span class=\"NormalTextRun SCXW241614231 BCX0\">Lassen Sie sich angenehm \u00fcberraschen vom Komfort und dem geschmackvollen Design des <\/span><span class=\"NormalTextRun SCXW241614231 BCX0\">Evora<\/span><span class=\"NormalTextRun SCXW241614231 BCX0\">. Lassen Sie Ihrer Fantasie freien Lauf und stellen Sie Ihr ideales Lounge-Set zusammen. Schaffen Sie sich selbst einen Moment der Ruhe oder teilen Sie dieses Gef\u00fchl von purem Luxus mit Freunden. Nichts <\/span><span class=\"NormalTextRun ContextualSpellingAndGrammarErrorV2Themed SCXW241614231 BCX0\">halten<\/span><span class=\"NormalTextRun ContextualSpellingAndGrammarErrorV2Themed SCXW241614231 BCX0\">t<\/span><span class=\"NormalTextRun SCXW241614231 BCX0\"> Sie zu stoppen.<\/span><\/span><\/p>\n","protected":false},"excerpt":{"rendered":"<h3 style=\"font-weight: 400;\"><span class=\"TextRun SCXW212081713 BCX0\" lang=\"NL-NL\" xml:lang=\"NL-NL\" data-contrast=\"auto\"><span class=\"NormalTextRun SCXW212081713 BCX0\">Aluminium und <\/span><span class=\"NormalTextRun SCXW212081713 BCX0\">Komfort<\/span><span class=\"NormalTextRun SCXW212081713 BCX0\">eine perfekte Kombination<\/span><\/span><\/h3>\n<p><span data-contrast=\"auto\">Daybed Evora ist unsere n\u00e4chste Generation von Loungem\u00f6beln, die auf dem beliebten Portofino-Design basieren. Das Daybed besteht aus zwei Chaiselongues. Das Gestell ist aus glattem Aluminium gefertigt. Die luxuri\u00f6sen Kissen und die Sitzfl\u00e4che sind f\u00fcr optimalen Sitz-\/Liegekomfort reichlich gepolstert und mit einem hochwertigen wasserabweisenden und wetterfesten Stoff bezogen. <\/span> <span data-contrast=\"auto\">Dieses Tagesbett ist Teil des You Create Programms. <\/span><span data-contrast=\"auto\">Gut zu wissen: Der Evora ist mit Quick Dry Foam\u00ae ausgestattet. Dank eines innovativen Kerns mit offener Zellstruktur sind Kissen und Sitz schnell wieder trocken. Machen Sie sich also keine Sorgen \u00fcber einen Regenschauer. <\/span><\/p>\n<p>&nbsp;<\/p>\n<p>&nbsp;<\/p>\n","protected":false},"featured_media":12717,"comment_status":"closed","ping_status":"closed","template":"","meta":{"_acf_changed":false},"product_brand":[],"product_cat":[631,629,632],"product_tag":[],"material":[],"class_list":{"0":"post-12760","1":"product","2":"type-product","3":"status-publish","4":"has-post-thumbnail","6":"product_cat-you-create","7":"product_cat-relax-de","8":"product_cat-tagesbetten","10":"first","11":"instock","12":"shipping-taxable","13":"product-type-simple"},"acf":[],"yoast_head":"<!-- This site is optimized with the Yoast SEO plugin v26.8 - https:\/\/yoast.com\/product\/yoast-seo-wordpress\/ -->\n<title>Entdecken Sie Daybed Evora Aluminium | SUNS Outdoor Lifestyle<\/title>\n<meta name=\"description\" content=\"Suchen Sie nach daybed evora aluminium? SUNS bietet luxuri\u00f6se Tagesbetten mit Aluminiumrahmen und wasserabweisenden Kissen f\u00fcr ultimativen Komfort und Haltbarkeit.\" \/>\n<meta name=\"robots\" content=\"index, follow, max-snippet:-1, max-image-preview:large, max-video-preview:-1\" \/>\n<link rel=\"canonical\" href=\"https:\/\/hello-suns.com\/de\/produkte\/evora-aluminium-tagesbetten\/\" \/>\n<meta property=\"og:locale\" content=\"de_DE\" \/>\n<meta property=\"og:type\" content=\"article\" \/>\n<meta property=\"og:title\" content=\"Entdecken Sie Daybed Evora Aluminium | SUNS Outdoor Lifestyle\" \/>\n<meta property=\"og:description\" content=\"Suchen Sie nach daybed evora aluminium? SUNS bietet luxuri\u00f6se Tagesbetten mit Aluminiumrahmen und wasserabweisenden Kissen f\u00fcr ultimativen Komfort und Haltbarkeit.\" \/>\n<meta property=\"og:url\" content=\"https:\/\/hello-suns.com\/de\/produkte\/evora-aluminium-tagesbetten\/\" \/>\n<meta property=\"og:site_name\" content=\"SUNS\" \/>\n<meta property=\"article:modified_time\" content=\"2026-02-11T13:50:17+00:00\" \/>\n<meta property=\"og:image\" content=\"https:\/\/hello-suns.com\/app\/uploads\/2025\/01\/Evora-SUNS-Daybed-MB-NMW-ALU-Free-22-1-1-1024x683.png\" \/>\n\t<meta property=\"og:image:width\" content=\"1024\" \/>\n\t<meta property=\"og:image:height\" content=\"683\" \/>\n\t<meta property=\"og:image:type\" content=\"image\/png\" \/>\n<meta name=\"twitter:card\" content=\"summary_large_image\" \/>\n<meta name=\"twitter:label1\" content=\"Est. reading time\" \/>\n\t<meta name=\"twitter:data1\" content=\"2 minutes\" \/>\n<script type=\"application\/ld+json\" class=\"yoast-schema-graph\">{\"@context\":\"https:\/\/schema.org\",\"@graph\":[{\"@type\":\"WebPage\",\"@id\":\"https:\/\/hello-suns.com\/de\/produkte\/evora-aluminium-tagesbetten\/\",\"url\":\"https:\/\/hello-suns.com\/de\/produkte\/evora-aluminium-tagesbetten\/\",\"name\":\"Entdecken Sie Daybed Evora Aluminium | SUNS Outdoor Lifestyle\",\"isPartOf\":{\"@id\":\"https:\/\/hello-suns.com\/de\/#website\"},\"primaryImageOfPage\":{\"@id\":\"https:\/\/hello-suns.com\/de\/produkte\/evora-aluminium-tagesbetten\/#primaryimage\"},\"image\":{\"@id\":\"https:\/\/hello-suns.com\/de\/produkte\/evora-aluminium-tagesbetten\/#primaryimage\"},\"thumbnailUrl\":\"https:\/\/hello-suns.com\/app\/uploads\/2025\/01\/Evora-SUNS-Daybed-MB-NMW-ALU-Free-22-1-1.png\",\"datePublished\":\"2025-01-16T12:16:23+00:00\",\"dateModified\":\"2026-02-11T13:50:17+00:00\",\"description\":\"Suchen Sie nach daybed evora aluminium? SUNS bietet luxuri\u00f6se Tagesbetten mit Aluminiumrahmen und wasserabweisenden Kissen f\u00fcr ultimativen Komfort und Haltbarkeit.\",\"breadcrumb\":{\"@id\":\"https:\/\/hello-suns.com\/de\/produkte\/evora-aluminium-tagesbetten\/#breadcrumb\"},\"inLanguage\":\"de-DE\",\"potentialAction\":[{\"@type\":\"ReadAction\",\"target\":[\"https:\/\/hello-suns.com\/de\/produkte\/evora-aluminium-tagesbetten\/\"]}]},{\"@type\":\"ImageObject\",\"inLanguage\":\"de-DE\",\"@id\":\"https:\/\/hello-suns.com\/de\/produkte\/evora-aluminium-tagesbetten\/#primaryimage\",\"url\":\"https:\/\/hello-suns.com\/app\/uploads\/2025\/01\/Evora-SUNS-Daybed-MB-NMW-ALU-Free-22-1-1.png\",\"contentUrl\":\"https:\/\/hello-suns.com\/app\/uploads\/2025\/01\/Evora-SUNS-Daybed-MB-NMW-ALU-Free-22-1-1.png\",\"width\":2500,\"height\":1667},{\"@type\":\"BreadcrumbList\",\"@id\":\"https:\/\/hello-suns.com\/de\/produkte\/evora-aluminium-tagesbetten\/#breadcrumb\",\"itemListElement\":[{\"@type\":\"ListItem\",\"position\":1,\"name\":\"\",\"item\":\"https:\/\/hello-suns.com\/de\/\"},{\"@type\":\"ListItem\",\"position\":2,\"name\":\"Produkte\",\"item\":\"https:\/\/hello-suns.com\/de\/produkte\/\"},{\"@type\":\"ListItem\",\"position\":3,\"name\":\"Evora | Aluminium\"}]},{\"@type\":\"WebSite\",\"@id\":\"https:\/\/hello-suns.com\/de\/#website\",\"url\":\"https:\/\/hello-suns.com\/de\/\",\"name\":\"SUNS\",\"description\":\"Outdoor Lifestyle\",\"potentialAction\":[{\"@type\":\"SearchAction\",\"target\":{\"@type\":\"EntryPoint\",\"urlTemplate\":\"https:\/\/hello-suns.com\/de\/?s={search_term_string}\"},\"query-input\":{\"@type\":\"PropertyValueSpecification\",\"valueRequired\":true,\"valueName\":\"search_term_string\"}}],\"inLanguage\":\"de-DE\"}]}<\/script>\n<!-- \/ Yoast SEO plugin. -->","yoast_head_json":{"title":"Entdecken Sie Daybed Evora Aluminium | SUNS Outdoor Lifestyle","description":"Suchen Sie nach daybed evora aluminium? SUNS bietet luxuri\u00f6se Tagesbetten mit Aluminiumrahmen und wasserabweisenden Kissen f\u00fcr ultimativen Komfort und Haltbarkeit.","robots":{"index":"index","follow":"follow","max-snippet":"max-snippet:-1","max-image-preview":"max-image-preview:large","max-video-preview":"max-video-preview:-1"},"canonical":"https:\/\/hello-suns.com\/de\/produkte\/evora-aluminium-tagesbetten\/","og_locale":"de_DE","og_type":"article","og_title":"Entdecken Sie Daybed Evora Aluminium | SUNS Outdoor Lifestyle","og_description":"Suchen Sie nach daybed evora aluminium? SUNS bietet luxuri\u00f6se Tagesbetten mit Aluminiumrahmen und wasserabweisenden Kissen f\u00fcr ultimativen Komfort und Haltbarkeit.","og_url":"https:\/\/hello-suns.com\/de\/produkte\/evora-aluminium-tagesbetten\/","og_site_name":"SUNS","article_modified_time":"2026-02-11T13:50:17+00:00","og_image":[{"width":1024,"height":683,"url":"https:\/\/hello-suns.com\/app\/uploads\/2025\/01\/Evora-SUNS-Daybed-MB-NMW-ALU-Free-22-1-1-1024x683.png","type":"image\/png"}],"twitter_card":"summary_large_image","twitter_misc":{"Est. reading time":"2 minutes"},"schema":{"@context":"https:\/\/schema.org","@graph":[{"@type":"WebPage","@id":"https:\/\/hello-suns.com\/de\/produkte\/evora-aluminium-tagesbetten\/","url":"https:\/\/hello-suns.com\/de\/produkte\/evora-aluminium-tagesbetten\/","name":"Entdecken Sie Daybed Evora Aluminium | SUNS Outdoor Lifestyle","isPartOf":{"@id":"https:\/\/hello-suns.com\/de\/#website"},"primaryImageOfPage":{"@id":"https:\/\/hello-suns.com\/de\/produkte\/evora-aluminium-tagesbetten\/#primaryimage"},"image":{"@id":"https:\/\/hello-suns.com\/de\/produkte\/evora-aluminium-tagesbetten\/#primaryimage"},"thumbnailUrl":"https:\/\/hello-suns.com\/app\/uploads\/2025\/01\/Evora-SUNS-Daybed-MB-NMW-ALU-Free-22-1-1.png","datePublished":"2025-01-16T12:16:23+00:00","dateModified":"2026-02-11T13:50:17+00:00","description":"Suchen Sie nach daybed evora aluminium? SUNS bietet luxuri\u00f6se Tagesbetten mit Aluminiumrahmen und wasserabweisenden Kissen f\u00fcr ultimativen Komfort und Haltbarkeit.","breadcrumb":{"@id":"https:\/\/hello-suns.com\/de\/produkte\/evora-aluminium-tagesbetten\/#breadcrumb"},"inLanguage":"de-DE","potentialAction":[{"@type":"ReadAction","target":["https:\/\/hello-suns.com\/de\/produkte\/evora-aluminium-tagesbetten\/"]}]},{"@type":"ImageObject","inLanguage":"de-DE","@id":"https:\/\/hello-suns.com\/de\/produkte\/evora-aluminium-tagesbetten\/#primaryimage","url":"https:\/\/hello-suns.com\/app\/uploads\/2025\/01\/Evora-SUNS-Daybed-MB-NMW-ALU-Free-22-1-1.png","contentUrl":"https:\/\/hello-suns.com\/app\/uploads\/2025\/01\/Evora-SUNS-Daybed-MB-NMW-ALU-Free-22-1-1.png","width":2500,"height":1667},{"@type":"BreadcrumbList","@id":"https:\/\/hello-suns.com\/de\/produkte\/evora-aluminium-tagesbetten\/#breadcrumb","itemListElement":[{"@type":"ListItem","position":1,"name":"","item":"https:\/\/hello-suns.com\/de\/"},{"@type":"ListItem","position":2,"name":"Produkte","item":"https:\/\/hello-suns.com\/de\/produkte\/"},{"@type":"ListItem","position":3,"name":"Evora | Aluminium"}]},{"@type":"WebSite","@id":"https:\/\/hello-suns.com\/de\/#website","url":"https:\/\/hello-suns.com\/de\/","name":"SUNS","description":"Outdoor Lifestyle","potentialAction":[{"@type":"SearchAction","target":{"@type":"EntryPoint","urlTemplate":"https:\/\/hello-suns.com\/de\/?s={search_term_string}"},"query-input":{"@type":"PropertyValueSpecification","valueRequired":true,"valueName":"search_term_string"}}],"inLanguage":"de-DE"}]}},"_links":{"self":[{"href":"https:\/\/hello-suns.com\/de\/wp-json\/wp\/v2\/product\/12760","targetHints":{"allow":["GET"]}}],"collection":[{"href":"https:\/\/hello-suns.com\/de\/wp-json\/wp\/v2\/product"}],"about":[{"href":"https:\/\/hello-suns.com\/de\/wp-json\/wp\/v2\/types\/product"}],"replies":[{"embeddable":true,"href":"https:\/\/hello-suns.com\/de\/wp-json\/wp\/v2\/comments?post=12760"}],"wp:featuredmedia":[{"embeddable":true,"href":"https:\/\/hello-suns.com\/de\/wp-json\/wp\/v2\/media\/12717"}],"wp:attachment":[{"href":"https:\/\/hello-suns.com\/de\/wp-json\/wp\/v2\/media?parent=12760"}],"wp:term":[{"taxonomy":"product_brand","embeddable":true,"href":"https:\/\/hello-suns.com\/de\/wp-json\/wp\/v2\/product_brand?post=12760"},{"taxonomy":"product_cat","embeddable":true,"href":"https:\/\/hello-suns.com\/de\/wp-json\/wp\/v2\/product_cat?post=12760"},{"taxonomy":"product_tag","embeddable":true,"href":"https:\/\/hello-suns.com\/de\/wp-json\/wp\/v2\/product_tag?post=12760"},{"taxonomy":"material","embeddable":true,"href":"https:\/\/hello-suns.com\/de\/wp-json\/wp\/v2\/material?post=12760"}],"curies":[{"name":"wp","href":"https:\/\/api.w.org\/{rel}","templated":true}]}}