{"id":12743,"date":"2025-01-16T12:52:43","date_gmt":"2025-01-16T12:52:43","guid":{"rendered":"https:\/\/hello-suns.com\/producten\/noli\/"},"modified":"2025-06-02T14:47:55","modified_gmt":"2025-06-02T14:47:55","slug":"noli-stuehle","status":"publish","type":"product","link":"https:\/\/hello-suns.com\/de\/produkte\/noli-stuehle\/","title":{"rendered":"Noli"},"content":{"rendered":"<h2 style=\"font-weight: 400;\">Komfort mit Fingerspitzengef\u00fchl<\/h2>\n<p style=\"font-weight: 400;\">Noli zeigt, dass Komfort nicht kompliziert sein muss. Ein eleganter Stahlrahmen, ein stilvoller Seilsitz und feine Kissen. Was brauchen Sie mehr?<\/p>\n","protected":false},"excerpt":{"rendered":"<h3 style=\"font-weight: 400;\">Bequemer Stuhl<\/h3>\n<p style=\"font-weight: 400;\">Der Noli Stuhl ist ein stilvoller und bequemer Stuhl. Der Stuhl hat eine bequeme Sitzfl\u00e4che und ein Fischgr\u00e4tengeflecht aus hochwertigem Acrylseil. Dies verleiht dem Stuhl ein elegantes Aussehen und einen angenehmen Sitzkomfort. Das Gestell aus rostfreiem Stahl hat sch\u00f6ne Rundungen und ist in zwei Farben erh\u00e4ltlich: Camel sand und Matt royal grey. Der Noli Stuhl l\u00e4sst sich hervorragend mit den verschiedenen Tischen von SUNS kombinieren, wie z.B. dem Basta Tisch.<\/p>\n","protected":false},"featured_media":12753,"comment_status":"closed","ping_status":"closed","template":"","meta":{"_acf_changed":false},"product_brand":[],"product_cat":[628],"product_tag":[],"material":[],"class_list":{"0":"post-12743","1":"product","2":"type-product","3":"status-publish","4":"has-post-thumbnail","6":"product_cat-stuhle","8":"first","9":"instock","10":"shipping-taxable","11":"product-type-simple"},"acf":[],"yoast_head":"<!-- This site is optimized with the Yoast SEO plugin v26.8 - https:\/\/yoast.com\/product\/yoast-seo-wordpress\/ -->\n<title>Entdecken Sie Noli Chair | SUNS Outdoor Lifestyle<\/title>\n<meta name=\"description\" content=\"Suchen Sie einen Noli-Stuhl? SUNS bietet stilvolle Gartenst\u00fchle mit hochwertigem Acryl-Seilgeflecht und einem Gestell aus Edelstahl. Perfekt f\u00fcr den Komfort.\" \/>\n<meta name=\"robots\" content=\"index, follow, max-snippet:-1, max-image-preview:large, max-video-preview:-1\" \/>\n<link rel=\"canonical\" href=\"https:\/\/hello-suns.com\/de\/produkte\/noli-stuehle\/\" \/>\n<meta property=\"og:locale\" content=\"de_DE\" \/>\n<meta property=\"og:type\" content=\"article\" \/>\n<meta property=\"og:title\" content=\"Entdecken Sie Noli Chair | SUNS Outdoor Lifestyle\" \/>\n<meta property=\"og:description\" content=\"Suchen Sie einen Noli-Stuhl? SUNS bietet stilvolle Gartenst\u00fchle mit hochwertigem Acryl-Seilgeflecht und einem Gestell aus Edelstahl. Perfekt f\u00fcr den Komfort.\" \/>\n<meta property=\"og:url\" content=\"https:\/\/hello-suns.com\/de\/produkte\/noli-stuehle\/\" \/>\n<meta property=\"og:site_name\" content=\"SUNS\" \/>\n<meta property=\"article:modified_time\" content=\"2025-06-02T14:47:55+00:00\" \/>\n<meta property=\"og:image\" content=\"https:\/\/hello-suns.com\/app\/uploads\/2025\/01\/01_Noli-SUNS-Dining-chair-CS-FIW-CS-NG-Free-23-1-2500-pix-2.png\" \/>\n\t<meta property=\"og:image:width\" content=\"2500\" \/>\n\t<meta property=\"og:image:height\" content=\"1667\" \/>\n\t<meta property=\"og:image:type\" content=\"image\/png\" \/>\n<meta name=\"twitter:card\" content=\"summary_large_image\" \/>\n<meta name=\"twitter:label1\" content=\"Est. reading time\" \/>\n\t<meta name=\"twitter:data1\" content=\"2 minutes\" \/>\n<script type=\"application\/ld+json\" class=\"yoast-schema-graph\">{\"@context\":\"https:\/\/schema.org\",\"@graph\":[{\"@type\":\"WebPage\",\"@id\":\"https:\/\/hello-suns.com\/de\/produkte\/noli-stuehle\/\",\"url\":\"https:\/\/hello-suns.com\/de\/produkte\/noli-stuehle\/\",\"name\":\"Entdecken Sie Noli Chair | SUNS Outdoor Lifestyle\",\"isPartOf\":{\"@id\":\"https:\/\/hello-suns.com\/de\/#website\"},\"primaryImageOfPage\":{\"@id\":\"https:\/\/hello-suns.com\/de\/produkte\/noli-stuehle\/#primaryimage\"},\"image\":{\"@id\":\"https:\/\/hello-suns.com\/de\/produkte\/noli-stuehle\/#primaryimage\"},\"thumbnailUrl\":\"https:\/\/hello-suns.com\/app\/uploads\/2025\/01\/01_Noli-SUNS-Dining-chair-CS-FIW-CS-NG-Free-23-1-2500-pix-2.png\",\"datePublished\":\"2025-01-16T12:52:43+00:00\",\"dateModified\":\"2025-06-02T14:47:55+00:00\",\"description\":\"Suchen Sie einen Noli-Stuhl? SUNS bietet stilvolle Gartenst\u00fchle mit hochwertigem Acryl-Seilgeflecht und einem Gestell aus Edelstahl. Perfekt f\u00fcr den Komfort.\",\"breadcrumb\":{\"@id\":\"https:\/\/hello-suns.com\/de\/produkte\/noli-stuehle\/#breadcrumb\"},\"inLanguage\":\"de-DE\",\"potentialAction\":[{\"@type\":\"ReadAction\",\"target\":[\"https:\/\/hello-suns.com\/de\/produkte\/noli-stuehle\/\"]}]},{\"@type\":\"ImageObject\",\"inLanguage\":\"de-DE\",\"@id\":\"https:\/\/hello-suns.com\/de\/produkte\/noli-stuehle\/#primaryimage\",\"url\":\"https:\/\/hello-suns.com\/app\/uploads\/2025\/01\/01_Noli-SUNS-Dining-chair-CS-FIW-CS-NG-Free-23-1-2500-pix-2.png\",\"contentUrl\":\"https:\/\/hello-suns.com\/app\/uploads\/2025\/01\/01_Noli-SUNS-Dining-chair-CS-FIW-CS-NG-Free-23-1-2500-pix-2.png\",\"width\":2500,\"height\":1667},{\"@type\":\"BreadcrumbList\",\"@id\":\"https:\/\/hello-suns.com\/de\/produkte\/noli-stuehle\/#breadcrumb\",\"itemListElement\":[{\"@type\":\"ListItem\",\"position\":1,\"name\":\"\",\"item\":\"https:\/\/hello-suns.com\/de\/\"},{\"@type\":\"ListItem\",\"position\":2,\"name\":\"Produkte\",\"item\":\"https:\/\/hello-suns.com\/de\/produkte\/\"},{\"@type\":\"ListItem\",\"position\":3,\"name\":\"Noli\"}]},{\"@type\":\"WebSite\",\"@id\":\"https:\/\/hello-suns.com\/de\/#website\",\"url\":\"https:\/\/hello-suns.com\/de\/\",\"name\":\"SUNS\",\"description\":\"Outdoor Lifestyle\",\"potentialAction\":[{\"@type\":\"SearchAction\",\"target\":{\"@type\":\"EntryPoint\",\"urlTemplate\":\"https:\/\/hello-suns.com\/de\/?s={search_term_string}\"},\"query-input\":{\"@type\":\"PropertyValueSpecification\",\"valueRequired\":true,\"valueName\":\"search_term_string\"}}],\"inLanguage\":\"de-DE\"}]}<\/script>\n<!-- \/ Yoast SEO plugin. -->","yoast_head_json":{"title":"Entdecken Sie Noli Chair | SUNS Outdoor Lifestyle","description":"Suchen Sie einen Noli-Stuhl? SUNS bietet stilvolle Gartenst\u00fchle mit hochwertigem Acryl-Seilgeflecht und einem Gestell aus Edelstahl. Perfekt f\u00fcr den Komfort.","robots":{"index":"index","follow":"follow","max-snippet":"max-snippet:-1","max-image-preview":"max-image-preview:large","max-video-preview":"max-video-preview:-1"},"canonical":"https:\/\/hello-suns.com\/de\/produkte\/noli-stuehle\/","og_locale":"de_DE","og_type":"article","og_title":"Entdecken Sie Noli Chair | SUNS Outdoor Lifestyle","og_description":"Suchen Sie einen Noli-Stuhl? SUNS bietet stilvolle Gartenst\u00fchle mit hochwertigem Acryl-Seilgeflecht und einem Gestell aus Edelstahl. Perfekt f\u00fcr den Komfort.","og_url":"https:\/\/hello-suns.com\/de\/produkte\/noli-stuehle\/","og_site_name":"SUNS","article_modified_time":"2025-06-02T14:47:55+00:00","og_image":[{"width":2500,"height":1667,"url":"https:\/\/hello-suns.com\/app\/uploads\/2025\/01\/01_Noli-SUNS-Dining-chair-CS-FIW-CS-NG-Free-23-1-2500-pix-2.png","type":"image\/png"}],"twitter_card":"summary_large_image","twitter_misc":{"Est. reading time":"2 minutes"},"schema":{"@context":"https:\/\/schema.org","@graph":[{"@type":"WebPage","@id":"https:\/\/hello-suns.com\/de\/produkte\/noli-stuehle\/","url":"https:\/\/hello-suns.com\/de\/produkte\/noli-stuehle\/","name":"Entdecken Sie Noli Chair | SUNS Outdoor Lifestyle","isPartOf":{"@id":"https:\/\/hello-suns.com\/de\/#website"},"primaryImageOfPage":{"@id":"https:\/\/hello-suns.com\/de\/produkte\/noli-stuehle\/#primaryimage"},"image":{"@id":"https:\/\/hello-suns.com\/de\/produkte\/noli-stuehle\/#primaryimage"},"thumbnailUrl":"https:\/\/hello-suns.com\/app\/uploads\/2025\/01\/01_Noli-SUNS-Dining-chair-CS-FIW-CS-NG-Free-23-1-2500-pix-2.png","datePublished":"2025-01-16T12:52:43+00:00","dateModified":"2025-06-02T14:47:55+00:00","description":"Suchen Sie einen Noli-Stuhl? SUNS bietet stilvolle Gartenst\u00fchle mit hochwertigem Acryl-Seilgeflecht und einem Gestell aus Edelstahl. Perfekt f\u00fcr den Komfort.","breadcrumb":{"@id":"https:\/\/hello-suns.com\/de\/produkte\/noli-stuehle\/#breadcrumb"},"inLanguage":"de-DE","potentialAction":[{"@type":"ReadAction","target":["https:\/\/hello-suns.com\/de\/produkte\/noli-stuehle\/"]}]},{"@type":"ImageObject","inLanguage":"de-DE","@id":"https:\/\/hello-suns.com\/de\/produkte\/noli-stuehle\/#primaryimage","url":"https:\/\/hello-suns.com\/app\/uploads\/2025\/01\/01_Noli-SUNS-Dining-chair-CS-FIW-CS-NG-Free-23-1-2500-pix-2.png","contentUrl":"https:\/\/hello-suns.com\/app\/uploads\/2025\/01\/01_Noli-SUNS-Dining-chair-CS-FIW-CS-NG-Free-23-1-2500-pix-2.png","width":2500,"height":1667},{"@type":"BreadcrumbList","@id":"https:\/\/hello-suns.com\/de\/produkte\/noli-stuehle\/#breadcrumb","itemListElement":[{"@type":"ListItem","position":1,"name":"","item":"https:\/\/hello-suns.com\/de\/"},{"@type":"ListItem","position":2,"name":"Produkte","item":"https:\/\/hello-suns.com\/de\/produkte\/"},{"@type":"ListItem","position":3,"name":"Noli"}]},{"@type":"WebSite","@id":"https:\/\/hello-suns.com\/de\/#website","url":"https:\/\/hello-suns.com\/de\/","name":"SUNS","description":"Outdoor Lifestyle","potentialAction":[{"@type":"SearchAction","target":{"@type":"EntryPoint","urlTemplate":"https:\/\/hello-suns.com\/de\/?s={search_term_string}"},"query-input":{"@type":"PropertyValueSpecification","valueRequired":true,"valueName":"search_term_string"}}],"inLanguage":"de-DE"}]}},"_links":{"self":[{"href":"https:\/\/hello-suns.com\/de\/wp-json\/wp\/v2\/product\/12743","targetHints":{"allow":["GET"]}}],"collection":[{"href":"https:\/\/hello-suns.com\/de\/wp-json\/wp\/v2\/product"}],"about":[{"href":"https:\/\/hello-suns.com\/de\/wp-json\/wp\/v2\/types\/product"}],"replies":[{"embeddable":true,"href":"https:\/\/hello-suns.com\/de\/wp-json\/wp\/v2\/comments?post=12743"}],"wp:featuredmedia":[{"embeddable":true,"href":"https:\/\/hello-suns.com\/de\/wp-json\/wp\/v2\/media\/12753"}],"wp:attachment":[{"href":"https:\/\/hello-suns.com\/de\/wp-json\/wp\/v2\/media?parent=12743"}],"wp:term":[{"taxonomy":"product_brand","embeddable":true,"href":"https:\/\/hello-suns.com\/de\/wp-json\/wp\/v2\/product_brand?post=12743"},{"taxonomy":"product_cat","embeddable":true,"href":"https:\/\/hello-suns.com\/de\/wp-json\/wp\/v2\/product_cat?post=12743"},{"taxonomy":"product_tag","embeddable":true,"href":"https:\/\/hello-suns.com\/de\/wp-json\/wp\/v2\/product_tag?post=12743"},{"taxonomy":"material","embeddable":true,"href":"https:\/\/hello-suns.com\/de\/wp-json\/wp\/v2\/material?post=12743"}],"curies":[{"name":"wp","href":"https:\/\/api.w.org\/{rel}","templated":true}]}}