{"id":12662,"date":"2025-01-16T15:38:36","date_gmt":"2025-01-16T14:38:36","guid":{"rendered":"https:\/\/hello-suns.com\/producten\/senese\/"},"modified":"2026-03-09T10:31:53","modified_gmt":"2026-03-09T09:31:53","slug":"senese-stuehle","status":"publish","type":"product","link":"https:\/\/hello-suns.com\/de\/produkte\/senese-stuehle\/","title":{"rendered":"Senese"},"content":{"rendered":"<h2 style=\"font-weight: 400;\">Stilvolles Vergn\u00fcgen<\/h2>\n<p style=\"font-weight: 400;\">Mit seiner klassischen Form, der eleganten Seilstruktur und der gro\u00dfz\u00fcgigen Sitzfl\u00e4che strahlt der Stuhl Senese unaufdringliche Klasse aus. Seine weichen Linien und sein handgefertigtes Geflecht machen ihn zu einem zeitlosen Blickfang f\u00fcr jeden Esstisch, bequem genug f\u00fcr lange Sommerabende im Freien.<\/p>\n","protected":false},"excerpt":{"rendered":"<div>\n<h2>Elegante Kombination aus Teakholz und Tauwerk<\/h2>\n<\/div>\n<div>\n<p>Senese kombiniert die W\u00e4rme von zertifiziertes Teakholz mit raffiniertem Seil und weichen, hochwertigen Stoffen. Das langlebige Teakholz bildet eine solide Basis, die im Laufe der Jahre einen charakteristischen warmen Grauton entwickelt: die Signatur echter Naturmaterialien.<\/p>\n<\/div>\n<div>\n<p>Das markante Seilwerk ist in zwei Ausf\u00fchrungen erh\u00e4ltlich, die jeweils eine eigene Atmosph\u00e4re vermitteln. Die Version mit Camel Sand Seil und Stoff Natural Gravel strahlt nat\u00fcrliche Eleganz aus, w\u00e4hrend die Version mit dem neuen, volleren Nebliges Seil und die Muschel-Boucl\u00e9 hat stattdessen einen moderneren, luxuri\u00f6seren Look.<\/p>\n<\/div>\n<div>\n<p>Die gro\u00dfz\u00fcgige Sitzfl\u00e4che und das weiche Kissen laden Sie zu langen, bequemen Abendessen ein. Die schnelltrocknende Polsterung und hochwertiger Oberstoff machen Senese au\u00dferdem widerstandsf\u00e4hig gegen Wind und Wetter. So k\u00f6nnen Sie diesen stilvollen Stuhl das ganze Jahr \u00fcber genie\u00dfen. Tag ein, Tag aus, Saison f\u00fcr Saison.<\/p>\n<\/div>\n","protected":false},"featured_media":59531,"comment_status":"closed","ping_status":"closed","template":"","meta":{"_acf_changed":false},"product_brand":[],"product_cat":[628],"product_tag":[],"material":[],"class_list":{"0":"post-12662","1":"product","2":"type-product","3":"status-publish","4":"has-post-thumbnail","6":"product_cat-stuhle","8":"first","9":"instock","10":"shipping-taxable","11":"product-type-simple"},"acf":[],"yoast_head":"<!-- This site is optimized with the Yoast SEO plugin v26.8 - https:\/\/yoast.com\/product\/yoast-seo-wordpress\/ -->\n<title>Entdecken Sie Senese Stuhl | SUNS Outdoor Lifestyle<\/title>\n<meta name=\"description\" content=\"Suchen Sie einen Suns-Stuhl? SUNS bietet elegante St\u00fchle mit einem Gestell aus Teakholz und Fischgr\u00e4tengeflecht f\u00fcr ultimativen Komfort und Langlebigkeit das ganze Jahr \u00fcber.\" \/>\n<meta name=\"robots\" content=\"index, follow, max-snippet:-1, max-image-preview:large, max-video-preview:-1\" \/>\n<link rel=\"canonical\" href=\"https:\/\/hello-suns.com\/de\/produkte\/senese-stuehle\/\" \/>\n<meta property=\"og:locale\" content=\"de_DE\" \/>\n<meta property=\"og:type\" content=\"article\" \/>\n<meta property=\"og:title\" content=\"Entdecken Sie Senese Stuhl | SUNS Outdoor Lifestyle\" \/>\n<meta property=\"og:description\" content=\"Suchen Sie einen Suns-Stuhl? SUNS bietet elegante St\u00fchle mit einem Gestell aus Teakholz und Fischgr\u00e4tengeflecht f\u00fcr ultimativen Komfort und Langlebigkeit das ganze Jahr \u00fcber.\" \/>\n<meta property=\"og:url\" content=\"https:\/\/hello-suns.com\/de\/produkte\/senese-stuehle\/\" \/>\n<meta property=\"og:site_name\" content=\"SUNS\" \/>\n<meta property=\"article:modified_time\" content=\"2026-03-09T09:31:53+00:00\" \/>\n<meta property=\"og:image\" content=\"https:\/\/hello-suns.com\/app\/uploads\/2025\/01\/Senese-SUNS-Diningchair-TK-MR-SSB-Free-26-1.png\" \/>\n\t<meta property=\"og:image:width\" content=\"3840\" \/>\n\t<meta property=\"og:image:height\" content=\"2560\" \/>\n\t<meta property=\"og:image:type\" content=\"image\/png\" \/>\n<meta name=\"twitter:card\" content=\"summary_large_image\" \/>\n<meta name=\"twitter:label1\" content=\"Est. reading time\" \/>\n\t<meta name=\"twitter:data1\" content=\"2 minutes\" \/>\n<script type=\"application\/ld+json\" class=\"yoast-schema-graph\">{\"@context\":\"https:\/\/schema.org\",\"@graph\":[{\"@type\":\"WebPage\",\"@id\":\"https:\/\/hello-suns.com\/de\/produkte\/senese-stuehle\/\",\"url\":\"https:\/\/hello-suns.com\/de\/produkte\/senese-stuehle\/\",\"name\":\"Entdecken Sie Senese Stuhl | SUNS Outdoor Lifestyle\",\"isPartOf\":{\"@id\":\"https:\/\/hello-suns.com\/de\/#website\"},\"primaryImageOfPage\":{\"@id\":\"https:\/\/hello-suns.com\/de\/produkte\/senese-stuehle\/#primaryimage\"},\"image\":{\"@id\":\"https:\/\/hello-suns.com\/de\/produkte\/senese-stuehle\/#primaryimage\"},\"thumbnailUrl\":\"https:\/\/hello-suns.com\/app\/uploads\/2025\/01\/Senese-SUNS-Diningchair-TK-MR-SSB-Free-26-1.png\",\"datePublished\":\"2025-01-16T14:38:36+00:00\",\"dateModified\":\"2026-03-09T09:31:53+00:00\",\"description\":\"Suchen Sie einen Suns-Stuhl? SUNS bietet elegante St\u00fchle mit einem Gestell aus Teakholz und Fischgr\u00e4tengeflecht f\u00fcr ultimativen Komfort und Langlebigkeit das ganze Jahr \u00fcber.\",\"breadcrumb\":{\"@id\":\"https:\/\/hello-suns.com\/de\/produkte\/senese-stuehle\/#breadcrumb\"},\"inLanguage\":\"de-DE\",\"potentialAction\":[{\"@type\":\"ReadAction\",\"target\":[\"https:\/\/hello-suns.com\/de\/produkte\/senese-stuehle\/\"]}]},{\"@type\":\"ImageObject\",\"inLanguage\":\"de-DE\",\"@id\":\"https:\/\/hello-suns.com\/de\/produkte\/senese-stuehle\/#primaryimage\",\"url\":\"https:\/\/hello-suns.com\/app\/uploads\/2025\/01\/Senese-SUNS-Diningchair-TK-MR-SSB-Free-26-1.png\",\"contentUrl\":\"https:\/\/hello-suns.com\/app\/uploads\/2025\/01\/Senese-SUNS-Diningchair-TK-MR-SSB-Free-26-1.png\",\"width\":3840,\"height\":2560},{\"@type\":\"BreadcrumbList\",\"@id\":\"https:\/\/hello-suns.com\/de\/produkte\/senese-stuehle\/#breadcrumb\",\"itemListElement\":[{\"@type\":\"ListItem\",\"position\":1,\"name\":\"\",\"item\":\"https:\/\/hello-suns.com\/de\/\"},{\"@type\":\"ListItem\",\"position\":2,\"name\":\"Produkte\",\"item\":\"https:\/\/hello-suns.com\/de\/produkte\/\"},{\"@type\":\"ListItem\",\"position\":3,\"name\":\"Senese\"}]},{\"@type\":\"WebSite\",\"@id\":\"https:\/\/hello-suns.com\/de\/#website\",\"url\":\"https:\/\/hello-suns.com\/de\/\",\"name\":\"SUNS\",\"description\":\"Outdoor Lifestyle\",\"potentialAction\":[{\"@type\":\"SearchAction\",\"target\":{\"@type\":\"EntryPoint\",\"urlTemplate\":\"https:\/\/hello-suns.com\/de\/?s={search_term_string}\"},\"query-input\":{\"@type\":\"PropertyValueSpecification\",\"valueRequired\":true,\"valueName\":\"search_term_string\"}}],\"inLanguage\":\"de-DE\"}]}<\/script>\n<!-- \/ Yoast SEO plugin. -->","yoast_head_json":{"title":"Entdecken Sie Senese Stuhl | SUNS Outdoor Lifestyle","description":"Suchen Sie einen Suns-Stuhl? SUNS bietet elegante St\u00fchle mit einem Gestell aus Teakholz und Fischgr\u00e4tengeflecht f\u00fcr ultimativen Komfort und Langlebigkeit das ganze Jahr \u00fcber.","robots":{"index":"index","follow":"follow","max-snippet":"max-snippet:-1","max-image-preview":"max-image-preview:large","max-video-preview":"max-video-preview:-1"},"canonical":"https:\/\/hello-suns.com\/de\/produkte\/senese-stuehle\/","og_locale":"de_DE","og_type":"article","og_title":"Entdecken Sie Senese Stuhl | SUNS Outdoor Lifestyle","og_description":"Suchen Sie einen Suns-Stuhl? SUNS bietet elegante St\u00fchle mit einem Gestell aus Teakholz und Fischgr\u00e4tengeflecht f\u00fcr ultimativen Komfort und Langlebigkeit das ganze Jahr \u00fcber.","og_url":"https:\/\/hello-suns.com\/de\/produkte\/senese-stuehle\/","og_site_name":"SUNS","article_modified_time":"2026-03-09T09:31:53+00:00","og_image":[{"width":3840,"height":2560,"url":"https:\/\/hello-suns.com\/app\/uploads\/2025\/01\/Senese-SUNS-Diningchair-TK-MR-SSB-Free-26-1.png","type":"image\/png"}],"twitter_card":"summary_large_image","twitter_misc":{"Est. reading time":"2 minutes"},"schema":{"@context":"https:\/\/schema.org","@graph":[{"@type":"WebPage","@id":"https:\/\/hello-suns.com\/de\/produkte\/senese-stuehle\/","url":"https:\/\/hello-suns.com\/de\/produkte\/senese-stuehle\/","name":"Entdecken Sie Senese Stuhl | SUNS Outdoor Lifestyle","isPartOf":{"@id":"https:\/\/hello-suns.com\/de\/#website"},"primaryImageOfPage":{"@id":"https:\/\/hello-suns.com\/de\/produkte\/senese-stuehle\/#primaryimage"},"image":{"@id":"https:\/\/hello-suns.com\/de\/produkte\/senese-stuehle\/#primaryimage"},"thumbnailUrl":"https:\/\/hello-suns.com\/app\/uploads\/2025\/01\/Senese-SUNS-Diningchair-TK-MR-SSB-Free-26-1.png","datePublished":"2025-01-16T14:38:36+00:00","dateModified":"2026-03-09T09:31:53+00:00","description":"Suchen Sie einen Suns-Stuhl? SUNS bietet elegante St\u00fchle mit einem Gestell aus Teakholz und Fischgr\u00e4tengeflecht f\u00fcr ultimativen Komfort und Langlebigkeit das ganze Jahr \u00fcber.","breadcrumb":{"@id":"https:\/\/hello-suns.com\/de\/produkte\/senese-stuehle\/#breadcrumb"},"inLanguage":"de-DE","potentialAction":[{"@type":"ReadAction","target":["https:\/\/hello-suns.com\/de\/produkte\/senese-stuehle\/"]}]},{"@type":"ImageObject","inLanguage":"de-DE","@id":"https:\/\/hello-suns.com\/de\/produkte\/senese-stuehle\/#primaryimage","url":"https:\/\/hello-suns.com\/app\/uploads\/2025\/01\/Senese-SUNS-Diningchair-TK-MR-SSB-Free-26-1.png","contentUrl":"https:\/\/hello-suns.com\/app\/uploads\/2025\/01\/Senese-SUNS-Diningchair-TK-MR-SSB-Free-26-1.png","width":3840,"height":2560},{"@type":"BreadcrumbList","@id":"https:\/\/hello-suns.com\/de\/produkte\/senese-stuehle\/#breadcrumb","itemListElement":[{"@type":"ListItem","position":1,"name":"","item":"https:\/\/hello-suns.com\/de\/"},{"@type":"ListItem","position":2,"name":"Produkte","item":"https:\/\/hello-suns.com\/de\/produkte\/"},{"@type":"ListItem","position":3,"name":"Senese"}]},{"@type":"WebSite","@id":"https:\/\/hello-suns.com\/de\/#website","url":"https:\/\/hello-suns.com\/de\/","name":"SUNS","description":"Outdoor Lifestyle","potentialAction":[{"@type":"SearchAction","target":{"@type":"EntryPoint","urlTemplate":"https:\/\/hello-suns.com\/de\/?s={search_term_string}"},"query-input":{"@type":"PropertyValueSpecification","valueRequired":true,"valueName":"search_term_string"}}],"inLanguage":"de-DE"}]}},"_links":{"self":[{"href":"https:\/\/hello-suns.com\/de\/wp-json\/wp\/v2\/product\/12662","targetHints":{"allow":["GET"]}}],"collection":[{"href":"https:\/\/hello-suns.com\/de\/wp-json\/wp\/v2\/product"}],"about":[{"href":"https:\/\/hello-suns.com\/de\/wp-json\/wp\/v2\/types\/product"}],"replies":[{"embeddable":true,"href":"https:\/\/hello-suns.com\/de\/wp-json\/wp\/v2\/comments?post=12662"}],"wp:featuredmedia":[{"embeddable":true,"href":"https:\/\/hello-suns.com\/de\/wp-json\/wp\/v2\/media\/59531"}],"wp:attachment":[{"href":"https:\/\/hello-suns.com\/de\/wp-json\/wp\/v2\/media?parent=12662"}],"wp:term":[{"taxonomy":"product_brand","embeddable":true,"href":"https:\/\/hello-suns.com\/de\/wp-json\/wp\/v2\/product_brand?post=12662"},{"taxonomy":"product_cat","embeddable":true,"href":"https:\/\/hello-suns.com\/de\/wp-json\/wp\/v2\/product_cat?post=12662"},{"taxonomy":"product_tag","embeddable":true,"href":"https:\/\/hello-suns.com\/de\/wp-json\/wp\/v2\/product_tag?post=12662"},{"taxonomy":"material","embeddable":true,"href":"https:\/\/hello-suns.com\/de\/wp-json\/wp\/v2\/material?post=12662"}],"curies":[{"name":"wp","href":"https:\/\/api.w.org\/{rel}","templated":true}]}}